{"id":41395,"date":"2025-03-17T09:44:54","date_gmt":"2025-03-17T09:44:54","guid":{"rendered":"https:\/\/ayaneo.co\/product\/ayaneo-multi-station-grafit-fekete\/"},"modified":"2026-01-06T00:28:27","modified_gmt":"2026-01-06T00:28:27","slug":"ayaneo-multi-station-grafit-fekete","status":"publish","type":"product","link":"https:\/\/ayaneo.co\/hu\/product\/ayaneo-multi-station-grafit-fekete\/","title":{"rendered":"AYANEO MULTI STATION &#8211; grafit fekete"},"content":{"rendered":"\n<p><span data-contrast=\"none\">Az <strong>AYANEO Multi Docking Station<\/strong> egy k\u00f6nnyen haszn\u00e1lhat\u00f3, t\u00f6bb b\u0151v\u00edt\u0151porttal ell\u00e1tott dokkol\u00f3rendszerrel <strong>szabad\u00edtja fel<\/strong> az AYA NEO teljes potenci\u00e1lj\u00e1t.  <\/span><\/p>\n\n<p><span data-contrast=\"none\">Az AYANEO Multi <strong>Docking Station grafit<\/strong> fekete <strong>sz\u00ednben kaphat\u00f3<\/strong>. <strong>T\u00e1mogatja az \u00f6sszes AYANEO modellt<\/strong> egy szabadalmaztatott <strong>alapdug\u00f3val,<\/strong> amely mozgathat\u00f3, hogy alkalmazkodjon az egyes modellek USB Type-C portj\u00e1nak kiss\u00e9 elt\u00e9r\u0151 hely\u00e9hez.   <\/span><\/p>\n\n<p><span data-contrast=\"none\"><strong> A<\/strong> k\u00f6r\u00fclbel\u00fcl<strong> 5,9 x 2,7 x 1,45 h\u00fcvelyk (15,1 x 7,0 x 3,7 cm)<\/strong> m\u00e9ret\u0171<strong> \u00e9s k\u00f6r\u00fclbel\u00fcl 200 g s\u00faly\u00fa AYANEO Multi Docking Station minim\u00e1lis helyet foglal el az asztalon,<\/strong> mik\u00f6zben biztons\u00e1gban marad az asztalon, mik\u00f6zben nyolc b\u0151v\u00edt\u0151portot t\u00e1mogat.<\/span><span data-ccp-props=\"{\"> <\/span><\/p>\n\n<p><span data-contrast=\"none\">Az AYANEO Multi Docking Station h\u00e1toldal\u00e1n balr\u00f3l jobbra egy <\/span><a href=\"https:\/\/en.wikipedia.org\/wiki\/USB-C\" target=\"_blank\" rel=\"noopener\"><span data-contrast=\"none\">C-t\u00edpus\u00fa USB<\/span><\/a><span data-contrast=\"none\">  port, amely perif\u00e9ri\u00e1khoz, p\u00e9ld\u00e1ul k\u00fcls\u0151 merevlemezhez haszn\u00e1lhat\u00f3. K\u00e9t   <\/span><a href=\"https:\/\/www.viewsonic.com\/library\/tech\/usb-c-usb-b-and-usb-a-whats-the-difference\/\" target=\"_blank\" rel=\"noopener\"><span data-contrast=\"none\">USB-A<\/span><\/a><span data-contrast=\"none\">  portok, amelyek p\u00e9ld\u00e1ul eg\u00e9r \u00e9s billenty\u0171zet sz\u00e1m\u00e1ra haszn\u00e1lhat\u00f3k. A m\u00e1sodik USB Type-C port a dokkol\u00f3\u00e1llom\u00e1s t\u00e1pell\u00e1t\u00e1s\u00e1ra szolg\u00e1l, \u00e9s a csatlakoztatott AYANEO modelleket is t\u00f6ltheti. <\/span><span data-ccp-props=\"{\"> <\/span><\/p>\n\n<p><span data-contrast=\"none\">A <\/span><a href=\"https:\/\/en.wikipedia.org\/wiki\/HDMI\" target=\"_blank\" rel=\"noopener\"><span data-contrast=\"none\">HDMI<\/span><\/a><span data-contrast=\"none\">  2.0b port az AYANEO k\u00e9sz\u00fcl\u00e9kr\u0151l a TV vagy monitor fel\u00e9 t\u00f6rt\u00e9n\u0151 videokimenetre haszn\u00e1lhat\u00f3. <strong>Ak\u00e1r 4K felbont\u00e1st is t\u00e1mogat 60 Hz-en.<\/strong> A Gigabit   <\/span><a href=\"https:\/\/en.wikipedia.org\/wiki\/Ethernet\" target=\"_blank\" rel=\"noopener\"><span data-contrast=\"none\">ethernet<\/span><\/a><span data-contrast=\"none\"> port biztos\u00edtja a biztons\u00e1gos \u00e9s nagy sebess\u00e9g\u0171 adat\u00e1tvitelt az AYANEO Multi Docking Stationr\u0151l \u00e9s az AYANEO Multi Docking Stationre.<\/span><span data-ccp-props=\"{\"> <\/span><\/p>\n\n<p><span data-contrast=\"none\">Az AYANEO Multi Docking Station jobb oldal\u00e1n egy Micro SD k\u00e1rtya \u00e9s egy SD k\u00e1rtya foglalat tal\u00e1lhat\u00f3.<\/span><span data-ccp-props=\"{\"> <\/span><\/p>\n\n<p><span data-contrast=\"none\">Az AYANEO Multi Docking Station kompatibilis az <strong>\u00f6sszes AYANEO modellel, bele\u00e9rtve a k\u00f6vetkez\u0151ket is <\/strong><\/span><strong><a href=\"https:\/\/droix.co.uk\/product\/ayaneo-2\/\" target=\"_blank\" rel=\"noopener\">AYANEO 2,<\/a> AYANEO Geek, AYANEO <a href=\"https:\/\/droix.co.uk\/product\/ayaneo-air\/\" target=\"_blank\" rel=\"noopener\">Air PRO, AYANEO NEXT<\/a>, <a href=\"https:\/\/droix.co.uk\/product\/ayaneo-next\/\" target=\"_blank\" rel=\"noopener\">AYANEO Next<\/a> PRO, <a href=\"https:\/\/droix.co.uk\/product\/ayaneo-next-pro\/\" target=\"_blank\" rel=\"noopener\">AYANEO 2021 \u00e9s<\/a> <a href=\"https:\/\/droix.co.uk\/product\/ayaneo-next\/\" target=\"_blank\" rel=\"noopener\">AYANEO 2021 Pro.<\/a> <\/strong> <\/p>\n\n<p><span data-contrast=\"none\">Az <strong>AYANEO Multi Docking Station t\u00f6k\u00e9letes kieg\u00e9sz\u00edt\u0151je az AYAYNEO-nak,<\/strong> amely j\u00e1t\u00e9kk\u00e9zisz\u00e1m\u00edt\u00f3g\u00e9pb\u0151l egy nagy teljes\u00edtm\u00e9ny\u0171 asztali PC-szer\u0171 megold\u00e1ss\u00e1 alak\u00edtja \u00e1t, minden sz\u00fcks\u00e9ges csatlakoz\u00e1si lehet\u0151s\u00e9ggel.<\/span><span data-ccp-props=\"{\"> <\/span><\/p>\n\n<p>Az <a href=\"https:\/\/droix.co.uk\/blogs\/ayaneo-docking-station-review\/\" target=\"_blank\" rel=\"noopener\">AYANEO Multi Docking Station \u00e9rt\u00e9kel\u00e9s\u00e9t itt olvashatja .<\/a><\/p>\n\n<figure class=\"wp-block-image aligncenter\"><img decoding=\"async\" src=\"https:\/\/droix.net\/wp-content\/uploads\/2022\/12\/8fb77202211071909143194ready.jpg\" alt=\"\" class=\"wp-image-88164\"\/><\/figure>\n\n<figure class=\"wp-block-image aligncenter\"><img decoding=\"async\" src=\"https:\/\/droix.net\/wp-content\/uploads\/2022\/12\/ea565202211071908508498ready.jpg\" alt=\"\" class=\"wp-image-88174\"\/><\/figure>\n\n<p><\/p>\n","protected":false},"excerpt":{"rendered":"<ul>\n<li><b>Hivatalos AYANEO term\u00e9k<\/b><\/li>\n<li><strong>Kompatibilis az<\/strong> <strong>\u00f6sszes AYANEO k\u00e9zi<\/strong><strong>k\u00e9sz\u00fcl\u00e9kkel<\/strong> <\/li>\n<li><b>Exkluz\u00edv szabadalmaztatott alapdug\u00f3<\/b><\/li>\n<li><strong>Ak\u00e1r 8 b\u0151v\u00edt\u0151port<\/strong> <\/li>\n<li>MicroSD k\u00e1rtyahely<\/li>\n<\/ul>\n[cg_accordion title=\"FIZET\u00c9SI INFORM\u00c1CI\u00d3K\"]<\/p>\n<p>A leg\u00fajabb technol\u00f3gi\u00e1t haszn\u00e1ljuk a fizet\u00e9s feldolgoz\u00e1s\u00e1ban, amely lehet\u0151v\u00e9 teszi, hogy az Apple Pay, a Google Pay, a bankk\u00e1rtya\/hitelk\u00e1rtya, a PayPal vagy a BNPL m\u00f3dszerek, mint p\u00e9ld\u00e1ul a Klarna, az Affirm vagy az AfterPay seg\u00edts\u00e9g\u00e9vel fizessen ki gyorsan \u00e9s biztons\u00e1gosan.[\/cg_accordion]\n[cg_accordion title=\"GARANCIA\"]<\/p>\n<p>1 \u00e9v garancia a <a href=\"https:\/\/droix.net\/\" target=\"_blank\" rel=\"nofollow noopener\">DROIX Global- t\u00f3l az \u00d6n nyugalma \u00e9rdek\u00e9ben<\/a> [\/cg_accordion]\n[cg_accordion title=\"MIN\u0150S\u00c9GBIZTOS\u00cdT\u00c1S \u00c9S SZ\u00c1LL\u00cdT\u00c1S EL\u0150TTI TESZTEL\u00c9S\"]<\/p>\n<p>A legmagasabb sz\u00ednvonal\u00fa \u00fcgyf\u00e9l-el\u00e9gedetts\u00e9g biztos\u00edt\u00e1sa: Minden k\u00e9sz\u00fcl\u00e9ket szigor\u00fa tesztel\u00e9snek \u00e9s t\u00f6bbpontos min\u0151s\u00e9gbiztos\u00edt\u00e1si ellen\u0151rz\u00e9snek vetnek al\u00e1, miel\u0151tt kisz\u00e1ll\u00edt\u00e1sra ker\u00fcl. Elk\u00f6telezett csapatunk ellen\u0151rzi a teljes\u00edtm\u00e9nyt, a funkcionalit\u00e1st \u00e9s az alkatr\u00e9szek \u00e9ps\u00e9g\u00e9t, hogy garant\u00e1ljuk, hogy az AYANEO k\u00e9sz\u00fcl\u00e9k meg\u00e9rkez\u00e9sekor t\u00f6k\u00e9letes m\u0171k\u00f6d\u00e9si \u00e1llapotban van, \u00edgy biztos\u00edtva \u00d6nnek a bizalmat \u00e9s a nyugalmat. [\/cg_accordion]\n[cg_accordion title=\"\u00c1RK\u00c9PZ\u00c9S, AD\u00d3K \u00c9S SZ\u00c1LL\u00cdT\u00c1S\"]<\/p>\n<p><strong><u>Megjegyz\u00e9s:<\/u><\/strong><\/p>\n<ul>\n<li>Egyes\u00fclt \u00c1llamok \u00dcgyfelek: A felt\u00fcntetett \u00e1r NEM tartalmazza az ad\u00f3t \u00e9s a v\u00e1mokat. A v\u00e1mkezel\u00e9s \u00e9s a kapcsol\u00f3d\u00f3 ad\u00f3k\/v\u00e1mok megfizet\u00e9se az \u00fcgyfelet terheli. <\/li>\n<li>EU-s \u00fcgyfelek: A felt\u00fcntetett \u00e1r tartalmazza az alkalmazand\u00f3 ad\u00f3t, amely az \u00d6n orsz\u00e1g\u00e1t\u00f3l f\u00fcgg\u0151en ak\u00e1r 25% is lehet.<\/li>\n<li>Kanadai \u00fcgyfelek: A felt\u00fcntetett \u00e1r tartalmazza az alkalmazand\u00f3 ad\u00f3kat, amelyek az \u00d6n tartom\u00e1ny\u00e1t\u00f3l f\u00fcgg\u0151en tartalmazhatj\u00e1k az 5%-os GST-t \u00e9s tov\u00e1bbi tartom\u00e1nyi forgalmi ad\u00f3kat (PST), harmoniz\u00e1lt forgalmi ad\u00f3t (HST) vagy qu\u00e9beci forgalmi ad\u00f3t (QST).<\/li>\n<\/ul>\n<p><strong>CSAK EU-s \u00fcgyfelek sz\u00e1m\u00e1ra:<\/strong> Express DDP (Delivered Duty Paid). Ez azt jelenti: <\/p>\n<ul>\n<li>A term\u00e9k oldal\u00e1n felt\u00fcntetett \u00e1r tartalmazza az \u00f6sszes v\u00e1mot \u00e9s ad\u00f3t.<\/li>\n<li>A k\u00e9zbes\u00edt\u00e9skor nem kell tov\u00e1bbi d\u00edjakat fizetnie.<\/li>\n<li>Abban a ritka esetben, ha a v\u00e1mkezel\u00e9ssel kapcsolatos probl\u00e9m\u00e1k mer\u00fclnek fel, csapatunk az \u00d6n nev\u00e9ben elv\u00e9gzi a v\u00e1mkezel\u00e9si folyamatot, hogy biztos\u00edtsa a z\u00f6kken\u0151mentes sz\u00e1ll\u00edt\u00e1st.<\/li>\n<p>Fontos inform\u00e1ci\u00f3k a visszak\u00fcld\u00e9sr\u0151l:<\/p>\n<li>Ha \u00fagy d\u00f6nt, hogy visszak\u00fcldi megrendel\u00e9s\u00e9t vagy visszat\u00e9r\u00edt\u00e9st k\u00e9r, k\u00e9rj\u00fck, vegye figyelembe, hogy a DDP felt\u00e9telei szerint az \u00d6n nev\u00e9ben kifizetett ad\u00f3k \u00e9s v\u00e1mok nem t\u00e9r\u00edthet\u0151k vissza.<\/li>\n<p>R\u00e9szletes <a href=\"https:\/\/ayaneo.co\/hu\/szolgaltatasi-feltetelek\/\" target=\"_blank\" rel=\"nofollow noopener\">inform\u00e1ci\u00f3k\u00e9rt k\u00e9rj\u00fck, olvassa el a Felhaszn\u00e1l\u00e1si Felt\u00e9teleinket<\/a>.\n<\/ul>\n<p>[\/cg_accordion]\n[cg_accordion title=\"\u00dcGYF\u00c9LSZOLG\u00c1LAT\"]<\/p>\n<p>K\u00e9rd\u00e9se van? Egy r\u00f6vid sz\u00f6veges \u00fczenetben megoldjuk a probl\u00e9m\u00e1j\u00e1t! [\/cg_accordion]\n[cg_accordion title=\"A CSOMAG TARTALMAZZA\"]<\/p>\n<ul>\n<li>1x AYANEO dokkol\u00f3 \u00e1llom\u00e1s<\/li>\n<\/ul>\n<p>[\/cg_accordion]\n","protected":false},"featured_media":41396,"template":"","meta":{"_acf_changed":false},"product_brand":[],"product_cat":[4933],"product_tag":[],"class_list":{"0":"post-41395","1":"product","2":"type-product","3":"status-publish","4":"has-post-thumbnail","6":"product_cat-tartozekok","7":"product_shipping_class-low-end","8":"pa_accessory-type-dokkolo-allomas","9":"pa_brand-ayaneo","10":"pa_compatible-with-ayaneo-2","11":"pa_compatible-with-ayaneo-2021","12":"pa_compatible-with-ayaneo-3","13":"pa_compatible-with-ayaneo-air","14":"pa_compatible-with-ayaneo-geek","16":"first","17":"instock","18":"taxable","19":"shipping-taxable","20":"purchasable","21":"product-type-simple"},"acf":[],"_links":{"self":[{"href":"https:\/\/ayaneo.co\/hu\/wp-json\/wp\/v2\/product\/41395","targetHints":{"allow":["GET"]}}],"collection":[{"href":"https:\/\/ayaneo.co\/hu\/wp-json\/wp\/v2\/product"}],"about":[{"href":"https:\/\/ayaneo.co\/hu\/wp-json\/wp\/v2\/types\/product"}],"wp:featuredmedia":[{"embeddable":true,"href":"https:\/\/ayaneo.co\/hu\/wp-json\/wp\/v2\/media\/41396"}],"wp:attachment":[{"href":"https:\/\/ayaneo.co\/hu\/wp-json\/wp\/v2\/media?parent=41395"}],"wp:term":[{"taxonomy":"product_brand","embeddable":true,"href":"https:\/\/ayaneo.co\/hu\/wp-json\/wp\/v2\/product_brand?post=41395"},{"taxonomy":"product_cat","embeddable":true,"href":"https:\/\/ayaneo.co\/hu\/wp-json\/wp\/v2\/product_cat?post=41395"},{"taxonomy":"product_tag","embeddable":true,"href":"https:\/\/ayaneo.co\/hu\/wp-json\/wp\/v2\/product_tag?post=41395"}],"curies":[{"name":"wp","href":"https:\/\/api.w.org\/{rel}","templated":true}]}}