{"id":41413,"date":"2025-03-18T15:51:48","date_gmt":"2025-03-18T15:51:48","guid":{"rendered":"https:\/\/ayaneo.co\/product\/ayaneo-pocket-micro-bor-tok\/"},"modified":"2025-12-02T18:10:46","modified_gmt":"2025-12-02T18:10:46","slug":"ayaneo-pocket-micro-bor-tok","status":"publish","type":"product","link":"https:\/\/ayaneo.co\/hu\/product\/ayaneo-pocket-micro-bor-tok\/","title":{"rendered":"AYANEO Pocket Micro b\u0151r tok"},"content":{"rendered":"\n<p>Adja meg <strong>AYANEO Pocket k\u00e9sz\u00fcl\u00e9k\u00e9nek a<\/strong> meg\u00e9rdemelt v\u00e9delmet ezzel a <strong>luxus b\u0151r tokkal!<\/strong> A <strong>t\u00f6k\u00e9letes illeszked\u00e9sre<\/strong> tervezett tok egyes\u00edti <strong>az eleganci\u00e1t, a tart\u00f3ss\u00e1got \u00e9s a hordozhat\u00f3s\u00e1got, hogy<\/strong> biztons\u00e1gban <strong>tartsa k\u00e9sz\u00fcl\u00e9k\u00e9t<\/strong> <strong>,<\/strong> mik\u00f6zben eleg\u00e1ns, professzion\u00e1lis megjelen\u00e9st biztos\u00edt.<\/p>\n\n<h2 class=\"wp-block-heading\" id=\"h-key-features\"><strong>Kulcsfontoss\u00e1g\u00fa jellemz\u0151k:<\/strong><\/h2>\n\n<p><strong>Pr\u00e9mium b\u0151r anyag &#8211;<\/strong> Kiv\u00e1l\u00f3 min\u0151s\u00e9g\u0171 b\u0151rb\u0151l k\u00e9sz\u00fclt, kifinomult, tart\u00f3s kivitelben.<\/p>\n\n<p><strong>T\u00f6k\u00e9letes illeszked\u00e9s \u00e9s biztons\u00e1gos v\u00e9delem &#8211;<\/strong> Az AYANEO Pocket Micro k\u00e9sz\u00fcl\u00e9kre szabott, <strong>k\u00e9nyelmes illeszked\u00e9st<\/strong> biztos\u00edt <strong>, amely<\/strong> meg\u00f3vja k\u00e9sz\u00fcl\u00e9k\u00e9t a karcol\u00e1sokt\u00f3l, port\u00f3l \u00e9s kisebb \u00fct\u00e9sekt\u0151l.<\/p>\n\n<p><strong>Puha bels\u0151 b\u00e9l\u00e9s &#8211;<\/strong> K\u00edm\u00e9letes a k\u00e9sz\u00fcl\u00e9k k\u00e9perny\u0151j\u00e9hez \u00e9s test\u00e9hez, megel\u0151zve a nem k\u00edv\u00e1nt nyomokat.<\/p>\n\n<p><strong>K\u00f6nny\u0171 \u00e9s hordozhat\u00f3 &#8211;<\/strong> A v\u00e9kony kialak\u00edt\u00e1s megk\u00f6nny\u00edti a sz\u00e1ll\u00edt\u00e1st, mik\u00f6zben maxim\u00e1lis v\u00e9delmet ny\u00fajt.<\/p>\n\n<p><strong>M\u00e1gneses z\u00e1r\u00e1s az extra biztons\u00e1g\u00e9rt &#8211;<\/strong> Biztos\u00edtja, hogy a k\u00e9sz\u00fcl\u00e9k biztons\u00e1gosan a hely\u00e9n maradjon, mik\u00f6zben gyors hozz\u00e1f\u00e9r\u00e9st biztos\u00edt.<\/p>\n\n<p>Dobja fel <strong>AYANEO Pocket Micro<\/strong> k\u00e9sz\u00fcl\u00e9k\u00e9t <strong>ezzel a<\/strong> <strong>st\u00edlusos \u00e9s funkcion\u00e1lis b\u0151r tokkal &#8211;<\/strong> <strong>v\u00e9delem egy csipetnyi eleganci\u00e1val!<\/strong> <\/p>\n\n<p><\/p>\n","protected":false},"excerpt":{"rendered":"<ul>\n<li><strong>Hivatalos AYANEO<\/strong> Pocket Micro Micro v\u00e9d\u0151b\u0151r tok<\/li>\n<li><strong>Pr\u00e9mium b\u0151r &#8211;<\/strong> Eleg\u00e1ns, tart\u00f3s \u00e9s hossz\u00fa \u00e9lettartam\u00fa.<\/li>\n<li><strong>Puha bels\u0151 b\u00e9l\u00e9s &#8211;<\/strong> V\u00e9d a karcol\u00e1sok \u00e9s a por ellen.<\/li>\n<li><strong>K\u00f6nny\u0171 \u00e9s hordozhat\u00f3 &#8211;<\/strong> K\u00f6nnyen hordozhat\u00f3 t\u00e9rfogat n\u00e9lk\u00fcl.<\/li>\n<li><strong>M\u00e1gneses z\u00e1r\u00f3d\u00e1s &#8211;<\/strong> Biztons\u00e1gos \u00e9s k\u00e9nyelmes hozz\u00e1f\u00e9r\u00e9s.<\/li>\n<\/ul>\n[cg_accordion title=\"FIZET\u00c9SI INFORM\u00c1CI\u00d3K\"]<\/p>\n<p>A leg\u00fajabb technol\u00f3gi\u00e1t haszn\u00e1ljuk a fizet\u00e9s feldolgoz\u00e1s\u00e1ban, amely lehet\u0151v\u00e9 teszi, hogy az Apple Pay, a Google Pay, a bankk\u00e1rtya\/hitelk\u00e1rtya, a PayPal vagy a BNPL m\u00f3dszerek, mint p\u00e9ld\u00e1ul a Klarna, az Affirm vagy az AfterPay seg\u00edts\u00e9g\u00e9vel fizessen ki gyorsan \u00e9s biztons\u00e1gosan.[\/cg_accordion]\n[cg_accordion title=\"GARANCIA\"]<\/p>\n<p>1 \u00e9v garancia a <a href=\"https:\/\/droix.net\/\" target=\"_blank\" rel=\"nofollow noopener\">DROIX Global- t\u00f3l az \u00d6n nyugalma \u00e9rdek\u00e9ben<\/a> [\/cg_accordion]\n[cg_accordion title=\"MIN\u0150S\u00c9GBIZTOS\u00cdT\u00c1S \u00c9S SZ\u00c1LL\u00cdT\u00c1S EL\u0150TTI TESZTEL\u00c9S\"]<\/p>\n<p>A legmagasabb sz\u00ednvonal\u00fa \u00fcgyf\u00e9l-el\u00e9gedetts\u00e9g biztos\u00edt\u00e1sa: Minden k\u00e9sz\u00fcl\u00e9ket szigor\u00fa tesztel\u00e9snek \u00e9s t\u00f6bbpontos min\u0151s\u00e9gbiztos\u00edt\u00e1si ellen\u0151rz\u00e9snek vetnek al\u00e1, miel\u0151tt kisz\u00e1ll\u00edt\u00e1sra ker\u00fcl. Elk\u00f6telezett csapatunk ellen\u0151rzi a teljes\u00edtm\u00e9nyt, a funkcionalit\u00e1st \u00e9s az alkatr\u00e9szek \u00e9ps\u00e9g\u00e9t, hogy garant\u00e1ljuk, hogy az AYANEO k\u00e9sz\u00fcl\u00e9k meg\u00e9rkez\u00e9sekor t\u00f6k\u00e9letes m\u0171k\u00f6d\u00e9si \u00e1llapotban van, \u00edgy biztos\u00edtva \u00d6nnek a bizalmat \u00e9s a nyugalmat. [\/cg_accordion]\n[cg_accordion title=\"\u00c1RK\u00c9PZ\u00c9S, AD\u00d3K \u00c9S SZ\u00c1LL\u00cdT\u00c1S\"]<\/p>\n<p><strong><u>Megjegyz\u00e9s:<\/u><\/strong><\/p>\n<ul>\n<li>Egyes\u00fclt \u00c1llamok \u00dcgyfelek: A felt\u00fcntetett \u00e1r NEM tartalmazza az ad\u00f3t \u00e9s a v\u00e1mokat. A v\u00e1mkezel\u00e9s \u00e9s a kapcsol\u00f3d\u00f3 ad\u00f3k\/v\u00e1mok megfizet\u00e9se az \u00fcgyfelet terheli. <\/li>\n<li>EU-s \u00fcgyfelek: A felt\u00fcntetett \u00e1r tartalmazza az alkalmazand\u00f3 ad\u00f3t, amely az \u00d6n orsz\u00e1g\u00e1t\u00f3l f\u00fcgg\u0151en ak\u00e1r 25% is lehet.<\/li>\n<li>Kanadai \u00fcgyfelek: A felt\u00fcntetett \u00e1r tartalmazza az alkalmazand\u00f3 ad\u00f3kat, amelyek az \u00d6n tartom\u00e1ny\u00e1t\u00f3l f\u00fcgg\u0151en tartalmazhatj\u00e1k az 5%-os GST-t \u00e9s tov\u00e1bbi tartom\u00e1nyi forgalmi ad\u00f3kat (PST), harmoniz\u00e1lt forgalmi ad\u00f3t (HST) vagy qu\u00e9beci forgalmi ad\u00f3t (QST).<\/li>\n<\/ul>\n<p><strong>CSAK EU-s \u00fcgyfelek sz\u00e1m\u00e1ra:<\/strong> Express DDP (Delivered Duty Paid). Ez azt jelenti: <\/p>\n<ul>\n<li>A term\u00e9k oldal\u00e1n felt\u00fcntetett \u00e1r tartalmazza az \u00f6sszes v\u00e1mot \u00e9s ad\u00f3t.<\/li>\n<li>A k\u00e9zbes\u00edt\u00e9skor nem kell tov\u00e1bbi d\u00edjakat fizetnie.<\/li>\n<li>Abban a ritka esetben, ha a v\u00e1mkezel\u00e9ssel kapcsolatos probl\u00e9m\u00e1k mer\u00fclnek fel, csapatunk az \u00d6n nev\u00e9ben elv\u00e9gzi a v\u00e1mkezel\u00e9si folyamatot, hogy biztos\u00edtsa a z\u00f6kken\u0151mentes sz\u00e1ll\u00edt\u00e1st.<\/li>\n<p>Fontos inform\u00e1ci\u00f3k a visszak\u00fcld\u00e9sr\u0151l:<\/p>\n<li>Ha \u00fagy d\u00f6nt, hogy visszak\u00fcldi megrendel\u00e9s\u00e9t vagy visszat\u00e9r\u00edt\u00e9st k\u00e9r, k\u00e9rj\u00fck, vegye figyelembe, hogy a DDP felt\u00e9telei szerint az \u00d6n nev\u00e9ben kifizetett ad\u00f3k \u00e9s v\u00e1mok nem t\u00e9r\u00edthet\u0151k vissza.<\/li>\n<p>R\u00e9szletes <a href=\"https:\/\/ayaneo.co\/hu\/szolgaltatasi-feltetelek\/\" target=\"_blank\" rel=\"nofollow noopener\">inform\u00e1ci\u00f3k\u00e9rt k\u00e9rj\u00fck, olvassa el a Felhaszn\u00e1l\u00e1si Felt\u00e9teleinket<\/a>.\n<\/ul>\n<p>[\/cg_accordion]\n[cg_accordion title=\"\u00dcGYF\u00c9LSZOLG\u00c1LAT\"]<\/p>\n<p>K\u00e9rd\u00e9se van? Egy r\u00f6vid sz\u00f6veges \u00fczenetben megoldjuk a probl\u00e9m\u00e1j\u00e1t! [\/cg_accordion]\n[cg_accordion title=\"A CSOMAG TARTALMAZZA\"]<\/p>\n<ul>\n<li>1x AYANEO Pocket Micro b\u0151r tok<\/li>\n<\/ul>\n<p>[\/cg_accordion]\n","protected":false},"featured_media":41414,"template":"","meta":{"_acf_changed":false},"product_brand":[],"product_cat":[4933],"product_tag":[],"class_list":{"0":"post-41413","1":"product","2":"type-product","3":"status-publish","4":"has-post-thumbnail","6":"product_cat-tartozekok","7":"product_shipping_class-low-end","8":"pa_accessory-type-vedo-tok","9":"pa_brand-ayaneo","11":"first","12":"outofstock","13":"sale","14":"taxable","15":"shipping-taxable","16":"purchasable","17":"product-type-variable"},"acf":[],"_links":{"self":[{"href":"https:\/\/ayaneo.co\/hu\/wp-json\/wp\/v2\/product\/41413","targetHints":{"allow":["GET"]}}],"collection":[{"href":"https:\/\/ayaneo.co\/hu\/wp-json\/wp\/v2\/product"}],"about":[{"href":"https:\/\/ayaneo.co\/hu\/wp-json\/wp\/v2\/types\/product"}],"wp:featuredmedia":[{"embeddable":true,"href":"https:\/\/ayaneo.co\/hu\/wp-json\/wp\/v2\/media\/41414"}],"wp:attachment":[{"href":"https:\/\/ayaneo.co\/hu\/wp-json\/wp\/v2\/media?parent=41413"}],"wp:term":[{"taxonomy":"product_brand","embeddable":true,"href":"https:\/\/ayaneo.co\/hu\/wp-json\/wp\/v2\/product_brand?post=41413"},{"taxonomy":"product_cat","embeddable":true,"href":"https:\/\/ayaneo.co\/hu\/wp-json\/wp\/v2\/product_cat?post=41413"},{"taxonomy":"product_tag","embeddable":true,"href":"https:\/\/ayaneo.co\/hu\/wp-json\/wp\/v2\/product_tag?post=41413"}],"curies":[{"name":"wp","href":"https:\/\/api.w.org\/{rel}","templated":true}]}}