{"id":41462,"date":"2025-03-27T09:55:33","date_gmt":"2025-03-27T09:55:33","guid":{"rendered":"https:\/\/ayaneo.co\/product\/ayaneo-air-pro\/"},"modified":"2025-12-02T18:11:47","modified_gmt":"2025-12-02T18:11:47","slug":"ayaneo-air-pro","status":"publish","type":"product","link":"https:\/\/ayaneo.co\/hu\/product\/ayaneo-air-pro\/","title":{"rendered":"AYANEO AIR PRO"},"content":{"rendered":"\n<h2 class=\"wp-block-heading\">AYANEO Air<\/h2>\n\n<figure class=\"wp-block-image\"><img decoding=\"async\" src=\"https:\/\/droix.net\/wp-content\/uploads\/2022\/10\/TEXT.png\" alt=\"\" title=\"AYA NEO AIR PRO 1\"\/><\/figure>\n\n<figure class=\"wp-block-image\"><img decoding=\"async\" src=\"https:\/\/droix.net\/wp-content\/uploads\/2022\/10\/cpu-perf.png\" alt=\"\" title=\"AYA NEO AIR PRO 2\"\/><\/figure>\n\n<h2 class=\"wp-block-heading\">Er\u0151teljes CPU<\/h2>\n\n<figure class=\"wp-block-image\"><img decoding=\"async\" src=\"https:\/\/droix.net\/wp-content\/uploads\/2022\/10\/oled.png\" alt=\"\" title=\"AYA NEO AIR PRO 3\"\/><\/figure>\n\n<h2 class=\"wp-block-heading\">\u00c9les OLED k\u00e9perny\u0151<\/h2>\n\n<figure class=\"wp-block-image\"><img decoding=\"async\" src=\"https:\/\/droix.net\/wp-content\/uploads\/2022\/10\/controller.png\" alt=\"\" title=\"AYA NEO AIR PRO 4\"\/><\/figure>\n\n<h2 class=\"wp-block-heading\">J\u00e1t\u00e9kvez\u00e9rl\u0151k<\/h2>\n\n<figure class=\"wp-block-image\"><img decoding=\"async\" src=\"https:\/\/droix.net\/wp-content\/uploads\/2022\/10\/hall-joystick.png\" alt=\"\" title=\"AYA NEO AIR PRO 5\"\/><\/figure>\n\n<h2 class=\"wp-block-heading\">HALL Joystickok<\/h2>\n\n<figure class=\"wp-block-image\"><img decoding=\"async\" src=\"https:\/\/droix.net\/wp-content\/uploads\/2022\/10\/light.png\" alt=\"\" title=\"AYA NEO AIR PRO 6\"\/><\/figure>\n\n<h2 class=\"wp-block-heading\">K\u00f6nny\u0171s\u00faly\u00fa<\/h2>\n\n<figure class=\"wp-block-image\"><img decoding=\"async\" src=\"https:\/\/droix.net\/wp-content\/uploads\/2022\/10\/lightweight.png\" alt=\"\" title=\"AYA NEO AIR PRO 7\"\/><\/figure>\n\n<h2 class=\"wp-block-heading\">Hordozhat\u00f3<\/h2>\n\n<figure class=\"wp-block-image\"><img decoding=\"async\" src=\"https:\/\/droix.net\/wp-content\/uploads\/2022\/10\/ayaspace.png\" alt=\"\" title=\"AYA NEO AIR PRO 8\"\/><\/figure>\n\n<h2 class=\"wp-block-heading\">AYASpace<\/h2>\n\n<figure class=\"wp-block-image\"><img decoding=\"async\" src=\"https:\/\/droix.net\/wp-content\/uploads\/2022\/10\/storage-expansion.png\" alt=\"\" title=\"AYA NEO AIR PRO 9\"\/><\/figure>\n\n<h2 class=\"wp-block-heading\">B\u0151v\u00edthet\u0151 t\u00e1rol\u00f3<\/h2>\n\n<h2 class=\"wp-block-heading\">AYANEO Air<\/h2>\n\n<h2 class=\"wp-block-heading\">18mm<\/h2>\n\n<h2 class=\"wp-block-heading\">AYANEO Air Pro<\/h2>\n\n<h2 class=\"wp-block-heading\">21,6 mm<\/h2>\n\n<figure class=\"wp-block-image\"><img decoding=\"async\" src=\"https:\/\/droix.net\/wp-content\/uploads\/2022\/10\/1.png\" alt=\"\" title=\"AYA NEO AIR PRO 10\"\/><\/figure>\n\n<figure class=\"wp-block-image\"><img decoding=\"async\" src=\"https:\/\/droix.net\/wp-content\/uploads\/2022\/10\/2.png\" alt=\"\" title=\"AYA NEO AIR PRO 11\"\/><\/figure>\n\n<figure class=\"wp-block-image\"><img decoding=\"async\" src=\"https:\/\/droix.net\/wp-content\/uploads\/2022\/10\/6.png\" alt=\"\" title=\"AYA NEO AIR PRO 12\"\/><\/figure>\n\n<figure class=\"wp-block-image\"><img decoding=\"async\" src=\"https:\/\/droix.net\/wp-content\/uploads\/2022\/10\/3.png\" alt=\"\" title=\"AYA NEO AIR PRO 13\"\/><\/figure>\n\n<figure class=\"wp-block-image\"><img decoding=\"async\" src=\"https:\/\/droix.net\/wp-content\/uploads\/2022\/10\/8.png\" alt=\"\" title=\"AYA NEO AIR PRO 14\"\/><\/figure>\n\n<figure class=\"wp-block-image\"><img decoding=\"async\" src=\"https:\/\/droix.net\/wp-content\/uploads\/2022\/10\/4.png\" alt=\"\" title=\"AYA NEO AIR PRO 15\"\/><\/figure>\n\n<figure class=\"wp-block-image\"><img decoding=\"async\" src=\"https:\/\/droix.net\/wp-content\/uploads\/2022\/10\/5.png\" alt=\"\" title=\"AYA NEO AIR PRO 16\"\/><\/figure>\n\n<figure class=\"wp-block-image\"><img decoding=\"async\" src=\"https:\/\/droix.net\/wp-content\/uploads\/elementor\/thumbs\/7-q8z5dcnq498hbirw1mfy0omf1l06qm1syszlslccn4.png\" alt=\"7.png\" title=\"7.png\"\/><\/figure>\n\n<figure class=\"wp-block-image\"><img decoding=\"async\" src=\"https:\/\/droix.net\/wp-content\/uploads\/elementor\/thumbs\/9-q8z5dcnq498hbirw1mfy0omf1l06qm1syszlslccn4.png\" alt=\"9.png\" title=\"9.png\"\/><\/figure>\n\n<h2 class=\"wp-block-heading\">\u00c9lvezze a j\u00e1t\u00e9kokat az \u00e9les OLED kijelz\u0151n kereszt\u00fcl<\/h2>\n\n<h2 class=\"wp-block-heading\">5,5&#8243;-os AMOLED k\u00e9perny\u0151vel, nagy sz\u00ednsk\u00e1l\u00e1j\u00fa sz\u00ednsk\u00e1l\u00e1val.<\/h2>\n\n<h2 class=\"wp-block-heading\">A sz\u00e9les sz\u00ednsk\u00e1la hat\u00e1s, NTSC 109%, a kijelz\u0151t val\u00f3s\u00e1gh\u0171bb\u00e9 teszi.<br\/>Az ak\u00e1r 100000:1 kontrasztar\u00e1nynak k\u00f6sz\u00f6nhet\u0151en a sz\u00ednek gazdagabbak \u00e9s \u00e9l\u00e9nkebbek.<br\/>\u00c9lvezze a tiszta feket\u00e9ket \u00e9s a nagy kontraszt\u00fa k\u00e9peket kedvenc c\u00edmeib\u0151l. Az AYANEO Air rendelkezik a legmagasabb PPI-vel, amely egy windowsos j\u00e1t\u00e9kk\u00e9zisz\u00e1m\u00edt\u00f3g\u00e9pben megtal\u00e1lhat\u00f3, 404 pixel per inch \u00e9rt\u00e9kkel. <\/h2>\n\n<figure class=\"wp-block-image\"><img decoding=\"async\" src=\"https:\/\/droix.net\/wp-content\/uploads\/2022\/10\/oled-info-1024x309.png\" alt=\"\" title=\"AYA NEO AIR PRO 17\"\/><\/figure>\n\n<h2 class=\"wp-block-heading\">Ultra-v\u00e9kony \u00e9s k\u00f6nny\u0171<\/h2>\n\n<h2 class=\"wp-block-heading\">Az AYANEO Air-t a hordozhat\u00f3s\u00e1got szem el\u0151tt tartva fejlesztett\u00fck ki, \u00e9s ennek \u00e9rdek\u00e9ben nagyj\u00e1b\u00f3l 3500 alkatr\u00e9szt kellett kombin\u00e1lnunk \u00e9s t\u00f6m\u00f6r\u00edten\u00fcnk ebbe a Windows Gaming Handheldbe.<br\/>Ebben az ultrahordozhat\u00f3 j\u00e1t\u00e9kk\u00e9zisz\u00e1m\u00edt\u00f3g\u00e9pben olyan hardvert tal\u00e1lsz, amelyet egy laptopra \u00e9rdemesnek tartanak.<br\/>\u00c9s hogy becsomagoljuk ezt a gy\u00f6ny\u00f6r\u0171 csomagot, a v\u00e9gfelhaszn\u00e1l\u00f3 sz\u00e1m\u00e1ra mind\u00f6ssze 2 csavar l\u00e1that\u00f3.<\/h2>\n\n<h2 class=\"wp-block-heading\">A hordozhat\u00f3 k\u00e9zisz\u00e1m\u00edt\u00f3g\u00e9pek \u00fajragondol\u00e1sa<\/h2>\n\n<h2 class=\"wp-block-heading\">S\u00falya mind\u00f6ssze 398g*<\/h2>\n\n<figure class=\"wp-block-image\"><img decoding=\"async\" src=\"https:\/\/droix.net\/wp-content\/uploads\/2022\/10\/ayaneo_air-vs-switch.png\" alt=\"\" title=\"AYA NEO AIR PRO 18\"\/><\/figure>\n\n<h2 class=\"wp-block-heading\">AYANEO Air Lite* &#8211; 398g<br\/>AYANEO Air Standard &#8211; 398g<br\/>AYANEO Air Pro &#8211; 440g<\/h2>\n\n<h2 class=\"wp-block-heading\">Jelent\u0151sen kisebb, mint a Steam Deck<br\/>\u00c9s m\u00e9g kisebb, mint a Switch.<\/h2>\n\n<figure class=\"wp-block-image\"><img decoding=\"async\" src=\"https:\/\/droix.net\/wp-content\/uploads\/2022\/10\/ayaneo-sd-switch.png\" alt=\"\" title=\"AYA NEO AIR PRO 19\"\/><\/figure>\n\n<h2 class=\"wp-block-heading\">398g AYANEO Air<\/h2>\n\n<h2 class=\"wp-block-heading\">223.9\u00d789.4x18mm<\/h2>\n\n<h2 class=\"wp-block-heading\">420g Nintendo Switch<\/h2>\n\n<h2 class=\"wp-block-heading\">242x102x13.9mm<\/h2>\n\n<h2 class=\"wp-block-heading\">669g Steam Deck<\/h2>\n\n<h2 class=\"wp-block-heading\">298x117x20mm<\/h2>\n\n<h2 class=\"wp-block-heading\">AAA j\u00e1t\u00e9kok \u00fatk\u00f6zben?<\/h2>\n\n<h2 class=\"wp-block-heading\">Az AYANEO Air a RED erej\u00e9vel \u00e9rkezik, az AMD Ryzen 5 5560U vagy az 5825U (csak az AYANEO Air Pro-ban kaphat\u00f3) processzorral.<br\/>Ezek az APU-k nem csak j\u00e1t\u00e9kra alkalmasak, de alacsonyabb energiafelv\u00e9telt is biztos\u00edtanak, \u00edgy hosszabb ideig j\u00e1tszhat kedvenc j\u00e1t\u00e9kaival.<\/h2>\n\n<figure class=\"wp-block-image\"><img decoding=\"async\" src=\"https:\/\/droix.net\/wp-content\/uploads\/2022\/10\/cpu-1-1-300x300.png\" alt=\"\" title=\"AYA NEO AIR PRO 20\"\/><\/figure>\n\n<h2 class=\"wp-block-heading\">A TSMC \u00e1ltal alkalmazott 7nn elj\u00e1r\u00e1snak k\u00f6sz\u00f6nhet\u0151en az AYANEO Air kevesebb energi\u00e1t fogyaszt, mik\u00f6zben nagy teljes\u00edtm\u00e9nyt ny\u00fajt kedvenc c\u00edmeiben.<\/h2>\n\n<figure class=\"wp-block-image\"><img decoding=\"async\" src=\"https:\/\/droix.net\/wp-content\/uploads\/2022\/10\/cpu-2-1-300x300.png\" alt=\"\" title=\"AYA NEO AIR PRO 21\"\/><\/figure>\n\n<h2 class=\"wp-block-heading\">A csak az AYANEO Air Pro modellben el\u00e9rhet\u0151 AMD Ryzen 7 5825U APU 100 MHz-cel magasabb \u00f3rajelen fut, mint az 5800U, \u00e9s t\u00f6k\u00e9letes az \u00fatk\u00f6zbeni j\u00e1t\u00e9khoz.<\/h2>\n\n<h2 class=\"wp-block-heading\">Tudj meg t\u00f6bbet kedvenc j\u00e1t\u00e9kaidr\u00f3l<\/h2>\n\n<figure class=\"wp-block-image\"><img decoding=\"async\" src=\"https:\/\/droix.net\/wp-content\/uploads\/2022\/08\/games-1.png\" alt=\"games-1\" title=\"AYA NEO AIR PRO 22\"\/><\/figure>\n\n<figure class=\"wp-block-image\"><img decoding=\"async\" src=\"https:\/\/droix.net\/wp-content\/uploads\/2022\/08\/games-2.png\" alt=\"games-2\" title=\"AYA NEO AIR PRO 23\"\/><\/figure>\n\n<figure class=\"wp-block-image\"><img decoding=\"async\" src=\"https:\/\/droix.net\/wp-content\/uploads\/elementor\/thumbs\/ayaneo-master-q8z5dcnq497mmmrgjif980vegtbvts312kqur5jx8g.png\" alt=\"ayaneo-master.png\" title=\"ayaneo-master.png\"\/><\/figure>\n\n<h2 class=\"wp-block-heading\">L\u00e9gy mester a csatat\u00e9ren, a GuliKit seg\u00edts\u00e9g\u00e9vel.<\/h2>\n\n<h2 class=\"wp-block-heading\">Az AYANEO, a GuliKit-tel egy\u00fcttm\u0171k\u00f6dve elk\u00f6telezett azir\u00e1nt, hogy a legjobb j\u00e1t\u00e9k\u00e9lm\u00e9nyt ny\u00fajtsa \u00d6nnek. Ez a PC Gaming Handheld az els\u0151 modell, amely a kiv\u00e1l\u00f3 min\u0151s\u00e9g\u0171 GuliKit joystickokkal van felszerelve. <\/h2>\n\n<figure class=\"wp-block-image\"><img decoding=\"async\" src=\"https:\/\/droix.net\/wp-content\/uploads\/elementor\/thumbs\/gulikit-logo-q8z5dcnq497ijbaloaorilpee1n1klosjvnack8xkw.png\" alt=\"gulikit-logo.png\" title=\"gulikit-logo.png\"\/><\/figure>\n\n<figure class=\"wp-block-image\"><img decoding=\"async\" src=\"https:\/\/droix.net\/wp-content\/uploads\/2022\/10\/ayaneo-joystick-device.png\" alt=\"\" title=\"AYA NEO AIR PRO 24\"\/><\/figure>\n\n<h2 class=\"wp-block-heading\">Nincs holtz\u00f3na Joystickok<\/h2>\n\n<h2 class=\"wp-block-heading\">A bels\u0151 \u00e9s k\u00fcls\u0151 k\u00f6r\u00f6k 100%-ban mentesek a &#8222;holt z\u00f3n\u00e1t\u00f3l&#8221;<br\/>Ez t\u00f6k\u00e9letes az FPS j\u00e1t\u00e9kokhoz.<\/h2>\n\n<h2 class=\"wp-block-heading\">Trigger \u00e9rz\u00e9kenys\u00e9g be\u00e1ll\u00edt\u00e1sa<\/h2>\n\n<h2 class=\"wp-block-heading\">Az AYA Space haszn\u00e1lat\u00e1val k\u00f6nnyen szab\u00e1lyozhatja a ravasz nyom\u00f3\u00fctem\u00e9t. Ez lehet\u0151v\u00e9 teszi, hogy a teljes hat\u00e1s \u00e9rdek\u00e9ben 50%-ban megnyomja a ravaszt. <\/h2>\n\n<h2 class=\"wp-block-heading\">Nulla energiaell\u00e1t\u00e1s k\u00e9szenl\u00e9ti \u00e1llapotban<\/h2>\n\n<h2 class=\"wp-block-heading\">Az AYA Space-en bel\u00fcl kikapcsolhatja a vez\u00e9rl\u0151ket, ami energi\u00e1t takar\u00edt meg.<\/h2>\n\n<h2 class=\"wp-block-heading\">A-B X-Y billenty\u0171csere<\/h2>\n\n<h2 class=\"wp-block-heading\">Hozz\u00e1szokott a jap\u00e1n elrendez\u00e9shez? Semmi gond! Az AYA Space seg\u00edts\u00e9g\u00e9vel megcser\u00e9lheti az elrendez\u00e9st.  <\/h2>\n\n<figure class=\"wp-block-image\"><img decoding=\"async\" src=\"https:\/\/droix.net\/wp-content\/uploads\/2022\/10\/11.png\" alt=\"\" title=\"AYA NEO AIR PRO 25\"\/><\/figure>\n\n<h2 class=\"wp-block-heading\">Nincs sodr\u00f3d\u00e1s<\/h2>\n\n<h2 class=\"wp-block-heading\">Az AYANEO Air joystickjei elektrom\u00e1gneses hint\u00e1z\u00f3kat haszn\u00e1lnak, hogy biztos\u00edts\u00e1k a joystick sodr\u00f3d\u00e1s\u00e1nak elker\u00fcl\u00e9s\u00e9t.<\/h2>\n\n<figure class=\"wp-block-image\"><img decoding=\"async\" src=\"https:\/\/droix.net\/wp-content\/uploads\/2022\/10\/22.png\" alt=\"\" title=\"AYA NEO AIR PRO 26\"\/><\/figure>\n\n<h2 class=\"wp-block-heading\">Nincs holt z\u00f3na<\/h2>\n\n<h2 class=\"wp-block-heading\">Az AYANEO Air joystickjai nem rendelkeznek holtz\u00f3n\u00e1val a joystickok k\u00f6z\u00e9ps\u0151 \u00e9s k\u00fcls\u0151 gy\u0171r\u0171in.<\/h2>\n\n<figure class=\"wp-block-image\"><img decoding=\"async\" src=\"https:\/\/droix.net\/wp-content\/uploads\/2022\/10\/33.png\" alt=\"\" title=\"AYA NEO AIR PRO 27\"\/><\/figure>\n\n<h2 class=\"wp-block-heading\">Nagy pontoss\u00e1g<\/h2>\n\n<h2 class=\"wp-block-heading\">Lehet\u0151v\u00e9 teszi a nehezen el\u00e9rhet\u0151 l\u00f6v\u00e9seket az FPS-j\u00e1t\u00e9kokban, \u00e9s a j\u00e1rm\u0171 z\u00f6kken\u0151mentes ir\u00e1ny\u00edt\u00e1s\u00e1t a vezet\u0151s j\u00e1t\u00e9kokban.<\/h2>\n\n<figure class=\"wp-block-image\"><img decoding=\"async\" src=\"https:\/\/droix.net\/wp-content\/uploads\/2022\/10\/44.png\" alt=\"\" title=\"AYA NEO AIR PRO 28\"\/><\/figure>\n\n<h2 class=\"wp-block-heading\">Hossz\u00fa \u00e9lettartam<\/h2>\n\n<h2 class=\"wp-block-heading\">A Hall joystickok \u00e9lettartama 5 milli\u00f3 haszn\u00e1lat. Ez biztos\u00edtja, hogy az AYANEO Air viselkedik <\/h2>\n\n<h2 class=\"wp-block-heading\">KIZ\u00c1R\u00d3LAG az AYANEO k\u00e9sz\u00fcl\u00e9kek sz\u00e1m\u00e1ra<\/h2>\n\n<h2 class=\"wp-block-heading\">AYA Space<\/h2>\n\n<h2 class=\"wp-block-heading\">Az AYA Space lehet\u0151v\u00e9 teszi kedvenc j\u00e1t\u00e9kaid kezel\u00e9s\u00e9t \u00e9s elind\u00edt\u00e1s\u00e1t m\u00e1sodpercek alatt.<br\/>Az AYA Space seg\u00edts\u00e9g\u00e9vel j\u00e1t\u00e9konk\u00e9nti teljes\u00edtm\u00e9nyprofilokat \u00e1ll\u00edthatsz be, \u00e9s vez\u00e9relheted a k\u00e9sz\u00fcl\u00e9k f\u0151 funkci\u00f3it.<br\/>Az AYANEO Air egy k\u00fcl\u00f6n AYA Space gombbal rendelkezik, amely k\u00f6nnyen el\u0151h\u00edvja az overlay-t, \u00e9s lehet\u0151v\u00e9 teszi a f\u00e9nyer\u0151, a hanger\u0151 \u00e9s a TDP be\u00e1ll\u00edt\u00e1s\u00e1t &#8211; mindezt egyetlen gombnyom\u00e1ssal.<\/h2>\n\n<figure class=\"wp-block-image\"><img decoding=\"async\" src=\"https:\/\/droix.net\/wp-content\/uploads\/2022\/10\/ayaspace-ui-768x625.png\" alt=\"\" title=\"AYA NEO AIR PRO 29\"\/><\/figure>\n\n<h2 class=\"wp-block-heading\">Nagy sebess\u00e9g\u0171 t\u00e1rol\u00e1s, legyen az bels\u0151 vagy k\u00fcls\u0151 t\u00e1rol\u00f3<\/h2>\n\n<h2 class=\"wp-block-heading\">Bels\u0151 SSD<\/h2>\n\n<h2 class=\"wp-block-heading\">Be\u00e9p\u00edtett nagysebess\u00e9g\u0171 NVMe SSD ak\u00e1r 2 TB kapacit\u00e1ssal<\/h2>\n\n<figure class=\"wp-block-image\"><img decoding=\"async\" src=\"https:\/\/droix.net\/wp-content\/uploads\/2022\/10\/storage-1.png\" alt=\"\" title=\"AYA NEO AIR PRO 30\"\/><\/figure>\n\n<h2 class=\"wp-block-heading\">TF\/Micro SD k\u00e1rtyahely<\/h2>\n\n<h2 class=\"wp-block-heading\">Lehet\u0151v\u00e9 teszi a bels\u0151 mem\u00f3ria egyszer\u0171 friss\u00edt\u00e9s\u00e9t.<\/h2>\n\n<figure class=\"wp-block-image\"><img decoding=\"async\" src=\"https:\/\/droix.net\/wp-content\/uploads\/2022\/10\/storage-2.png\" alt=\"\" title=\"AYA NEO AIR PRO 31\"\/><\/figure>\n\n<figure class=\"wp-block-image\"><img decoding=\"async\" src=\"https:\/\/droix.net\/wp-content\/uploads\/2022\/10\/multi-use.jpg\" alt=\"\" title=\"AYA NEO AIR PRO 32\"\/><\/figure>\n","protected":false},"excerpt":{"rendered":"<ul>\n<li>AMD <strong>Ryzen 5 5560U \/<\/strong> AMD <strong>Ryzen 7 5825U<\/strong><\/li>\n<li><strong>16GB LPDDR4x<\/strong> @ 4266Mhz<\/li>\n<li><strong>ak\u00e1r 1TB nagy sebess\u00e9g\u0171<\/strong> PCI-E M <strong>.2 2280 SSD<\/strong> <\/li>\n<li><strong>5,5&#8243; OLED \u00e9rint\u0151k\u00e9perny\u0151<\/strong> <\/li>\n<li><strong>WiFi 6 \u00e9s<\/strong> <strong>Bluetooth 5.2 t\u00e1mogat\u00e1s<\/strong> <\/li>\n<\/ul>\n[cg_accordion title=\"Garancia\"]<\/p>\n<p>Az AYANEO AIR PRO-t <a href=\"https:\/\/droix.net\/\">DROIX Global<\/a> 1 \u00e9v garanci\u00e1val t\u00e1mogatja. [\/cg_accordion]\n[cg_accordion title=\"\u00c1rak, ad\u00f3k \u00e9s sz\u00e1ll\u00edt\u00e1s\"]<\/p>\n<p><strong><u>Megjegyz\u00e9s:<\/u><\/strong><\/p>\n<ul>\n<li>Egyes\u00fclt \u00c1llamok \u00dcgyfelek: A felt\u00fcntetett \u00e1r tartalmazza az \u00d6n \u00e1llam\u00e1nak megfelel\u0151 ad\u00f3t.<\/li>\n<li>EU-s \u00fcgyfelek: A felt\u00fcntetett \u00e1r tartalmazza az alkalmazand\u00f3 ad\u00f3t, amely az \u00d6n orsz\u00e1g\u00e1t\u00f3l f\u00fcgg\u0151en ak\u00e1r 25% is lehet.<\/li>\n<li>Kanadai \u00fcgyfelek: A felt\u00fcntetett \u00e1r tartalmazza az alkalmazand\u00f3 ad\u00f3kat, amelyek az \u00d6n tartom\u00e1ny\u00e1t\u00f3l f\u00fcgg\u0151en tartalmazhatj\u00e1k az 5%-os GST-t \u00e9s tov\u00e1bbi tartom\u00e1nyi forgalmi ad\u00f3kat (PST), harmoniz\u00e1lt forgalmi ad\u00f3t (HST) vagy qu\u00e9beci forgalmi ad\u00f3t (QST).<\/li>\n<\/ul>\n<p>[\/cg_accordion]\n[cg_accordion title=\"Sz\u00e1ll\u00edt\u00e1s \u00e9s visszak\u00fcld\u00e9s\"]<\/p>\n<p><a href=\"https:\/\/droix.net\/\" target=\"_blank\" rel=\"nofollow noopener\">A DROIX,<\/a> a hivatalos AYANEO forgalmaz\u00f3 szervez\u00e9s\u00e9ben a DHL Express DDP (Delivered Duty Paid) seg\u00edts\u00e9g\u00e9vel sz\u00e1ll\u00edtjuk. Ez azt jelenti, hogy: <\/p>\n<p>Express DDP (Delivered Duty Paid). Ez azt jelenti: <\/p>\n<ul>\n<li>A term\u00e9k oldal\u00e1n felt\u00fcntetett \u00e1r tartalmazza az \u00f6sszes v\u00e1mot \u00e9s ad\u00f3t.<\/li>\n<li>A k\u00e9zbes\u00edt\u00e9skor nem kell tov\u00e1bbi d\u00edjakat fizetnie.<\/li>\n<li>Abban a ritka esetben, ha a v\u00e1mkezel\u00e9ssel kapcsolatos probl\u00e9m\u00e1k mer\u00fclnek fel, csapatunk az \u00d6n nev\u00e9ben elv\u00e9gzi a v\u00e1mkezel\u00e9si folyamatot, hogy biztos\u00edtsa a z\u00f6kken\u0151mentes sz\u00e1ll\u00edt\u00e1st.<\/li>\n<p>Fontos inform\u00e1ci\u00f3k a visszak\u00fcld\u00e9sr\u0151l:<\/p>\n<li>Ha \u00fagy d\u00f6nt, hogy visszak\u00fcldi megrendel\u00e9s\u00e9t vagy visszat\u00e9r\u00edt\u00e9st k\u00e9r, k\u00e9rj\u00fck, vegye figyelembe, hogy a DDP felt\u00e9telei szerint az \u00d6n nev\u00e9ben kifizetett ad\u00f3k \u00e9s v\u00e1mok nem t\u00e9r\u00edthet\u0151k vissza.<\/li>\n<p>R\u00e9szletes <a href=\"https:\/\/ayaneo.co\/hu\/szolgaltatasi-feltetelek\/\" target=\"_blank\" rel=\"nofollow noopener\">inform\u00e1ci\u00f3k\u00e9rt k\u00e9rj\u00fck, olvassa el a Felhaszn\u00e1l\u00e1si Felt\u00e9teleinket<\/a>.\n<\/ul>\n<p>[\/cg_accordion]\n[cg_accordion title=\"\u00dcgyf\u00e9lszolg\u00e1lat\"]<\/p>\n<p>K\u00e9rd\u00e9se van? Egy r\u00f6vid sz\u00f6veges \u00fczenetben megoldjuk a probl\u00e9m\u00e1j\u00e1t! [\/cg_accordion]\n[cg_accordion title=\"A csomag tartalmazza\"]<\/p>\n<ul>\n<li>1x AYANEO AIR PRO j\u00e1t\u00e9k k\u00e9zi sz\u00e1m\u00edt\u00f3g\u00e9p<\/li>\n<li>1x USB Type-C k\u00e1bel<\/li>\n<li>1x h\u00e1l\u00f3zati adapter<\/li>\n<li>1x Felhaszn\u00e1l\u00f3i k\u00e9zik\u00f6nyv<\/li>\n<\/ul>\n<p>[\/cg_accordion]\n","protected":false},"featured_media":41463,"template":"","meta":{"_acf_changed":false},"product_brand":[],"product_cat":[4807],"product_tag":[],"class_list":{"0":"post-41462","1":"product","2":"type-product","3":"status-publish","4":"has-post-thumbnail","6":"product_cat-kezi-jatek-pc-k","7":"product_shipping_class-premium","8":"pa_brand-ayaneo","9":"pa_graphics-gpu-model-radeon-graphics","10":"pa_operating-system-windows-11-home","11":"pa_processor-cpu-brand-amd","13":"first","14":"outofstock","15":"taxable","16":"shipping-taxable","17":"purchasable","18":"product-type-variable"},"acf":[],"_links":{"self":[{"href":"https:\/\/ayaneo.co\/hu\/wp-json\/wp\/v2\/product\/41462","targetHints":{"allow":["GET"]}}],"collection":[{"href":"https:\/\/ayaneo.co\/hu\/wp-json\/wp\/v2\/product"}],"about":[{"href":"https:\/\/ayaneo.co\/hu\/wp-json\/wp\/v2\/types\/product"}],"wp:featuredmedia":[{"embeddable":true,"href":"https:\/\/ayaneo.co\/hu\/wp-json\/wp\/v2\/media\/41463"}],"wp:attachment":[{"href":"https:\/\/ayaneo.co\/hu\/wp-json\/wp\/v2\/media?parent=41462"}],"wp:term":[{"taxonomy":"product_brand","embeddable":true,"href":"https:\/\/ayaneo.co\/hu\/wp-json\/wp\/v2\/product_brand?post=41462"},{"taxonomy":"product_cat","embeddable":true,"href":"https:\/\/ayaneo.co\/hu\/wp-json\/wp\/v2\/product_cat?post=41462"},{"taxonomy":"product_tag","embeddable":true,"href":"https:\/\/ayaneo.co\/hu\/wp-json\/wp\/v2\/product_tag?post=41462"}],"curies":[{"name":"wp","href":"https:\/\/api.w.org\/{rel}","templated":true}]}}