{"id":41510,"date":"2025-03-24T16:59:03","date_gmt":"2025-03-24T16:59:03","guid":{"rendered":"https:\/\/ayaneo.co\/product\/ayaneo-3-kepernyovedo-kristalytiszta-vedelem-a-kijelzodnek\/"},"modified":"2025-12-11T00:05:14","modified_gmt":"2025-12-11T00:05:14","slug":"ayaneo-3-kepernyovedo-kristalytiszta-vedelem-a-kijelzodnek","status":"publish","type":"product","link":"https:\/\/ayaneo.co\/hu\/product\/ayaneo-3-kepernyovedo-kristalytiszta-vedelem-a-kijelzodnek\/","title":{"rendered":"AYANEO 3 k\u00e9perny\u0151v\u00e9d\u0151 &#8211; Krist\u00e1lytiszta v\u00e9delem a kijelz\u0151dnek!"},"content":{"rendered":"\n<p>Tartsa hib\u00e1tlanul az <strong>AYANEO 3 k\u00e9perny\u0151j\u00e9t<\/strong> ezzel <strong>a kiv\u00e1l\u00f3 min\u0151s\u00e9g\u0171 k\u00e9perny\u0151v\u00e9d\u0151vel!<\/strong> <strong>A maxim\u00e1lis tisztas\u00e1g, karc\u00e1ll\u00f3s\u00e1g \u00e9s egyszer\u0171 felhelyez\u00e9s<\/strong> \u00e9rdek\u00e9ben tervezett <strong>v\u00e9d\u0151f\u00f3lia<\/strong> biztos\u00edtja <strong>, hogy<\/strong> j\u00e1t\u00e9k\u00e9lm\u00e9nye z\u00f6kken\u0151mentes \u00e9s zavartalan maradjon <strong>.<\/strong><\/p>\n\n<h2 class=\"wp-block-heading\"><strong>Kulcsfontoss\u00e1g\u00fa jellemz\u0151k:<\/strong><\/h2>\n\n<p><strong>Ultra-tiszta HD kijelz\u0151 &#8211;<\/strong> Fenntartja <strong>a val\u00f3di sz\u00ednpontoss\u00e1got<\/strong> \u00e9s az \u00e9les k\u00e9pi megjelen\u00edt\u00e9st a mag\u00e1val ragad\u00f3 \u00e9lm\u00e9ny \u00e9rdek\u00e9ben.<\/p>\n\n<p><strong>Karcol\u00e1s- \u00e9s \u00fct\u00e9s\u00e1ll\u00f3 &#8211;<\/strong> V\u00e9di a k\u00e9perny\u0151t a karcol\u00e1sokt\u00f3l, a lees\u00e9st\u0151l \u00e9s a mindennapi kop\u00e1st\u00f3l.  <\/p>\n\n<p><strong>Pontos illeszked\u00e9s \u00e9s egyszer\u0171 telep\u00edt\u00e9s &#8211;<\/strong> Kifejezetten az <strong>AYANEO 3<\/strong> sz\u00e1m\u00e1ra tervezt\u00e9k, \u00edgy biztos\u00edtva a z\u00f6kken\u0151mentes, bubor\u00e9kmentes felhelyez\u00e9st.<\/p>\n\n<p><strong>Ujjlenyomat- \u00e9s folt\u00e1ll\u00f3 &#8211;<\/strong> Az oleof\u00f3b bevonat tasz\u00edtja az ujjlenyomatokat \u00e9s foltokat a tiszta megjelen\u00e9s \u00e9rdek\u00e9ben.<\/p>\n\n<p><strong>Bubor\u00e9kmentes tapad\u00e1s &#8211;<\/strong> K\u00f6nnyen, l\u00e9gbubor\u00e9kok n\u00e9lk\u00fcl alkalmazhat\u00f3, \u00edgy <strong>minden<\/strong> alkalommal <strong>sima fel\u00fcletet<\/strong> biztos\u00edt.<\/p>\n\n<p>V\u00e9dje <strong>AYANEO 3<\/strong> k\u00e9sz\u00fcl\u00e9k\u00e9t ezzel a <strong>pr\u00e9mium k\u00e9perny\u0151v\u00e9d\u0151vel, \u00e9s<\/strong> <strong>j\u00e1tsszon magabiztosan!<\/strong><\/p>\n\n<p><\/p>\n","protected":false},"excerpt":{"rendered":"<ul>\n<li><strong>Hivatalos AYANEO<\/strong> 3 k\u00e9perny\u0151v\u00e9d\u0151<\/li>\n<li><strong>Ultra-Clear HD &#8211;<\/strong> Meg\u0151rzi a k\u00e9perny\u0151 min\u0151s\u00e9g\u00e9t \u00e9s a sz\u00ednpontoss\u00e1got.<\/li>\n<li><strong>Karcol\u00e1s- \u00e9s \u00fct\u00e9s\u00e1ll\u00f3 &#8211;<\/strong> V\u00e9d a s\u00e9r\u00fcl\u00e9sek ellen.<\/li>\n<li><strong>Szennyez\u0151d\u00e9s- \u00e9s ujjlenyomat-ellen\u00e1ll\u00f3 &#8211;<\/strong> Tiszt\u00e1n tartja a k\u00e9perny\u0151t.<\/li>\n<li><strong>T\u00f6k\u00e9letes illeszked\u00e9s &#8211;<\/strong> Kiz\u00e1r\u00f3lag az AYANEO 3 sz\u00e1m\u00e1ra tervezt\u00e9k.<\/li>\n<\/ul>\n[cg_accordion title=\"FIZET\u00c9SI INFORM\u00c1CI\u00d3K\"]<\/p>\n<p>A leg\u00fajabb technol\u00f3gi\u00e1t haszn\u00e1ljuk a fizet\u00e9s feldolgoz\u00e1s\u00e1ban, amely lehet\u0151v\u00e9 teszi, hogy az Apple Pay, a Google Pay, a bankk\u00e1rtya\/hitelk\u00e1rtya, a PayPal vagy a BNPL m\u00f3dszerek, mint p\u00e9ld\u00e1ul a Klarna, az Affirm vagy az AfterPay seg\u00edts\u00e9g\u00e9vel fizessen ki gyorsan \u00e9s biztons\u00e1gosan.[\/cg_accordion]\n[cg_accordion title=\"GARANCIA\"]<\/p>\n<p>1 \u00e9v garancia a <a href=\"https:\/\/droix.net\/\" target=\"_blank\" rel=\"nofollow noopener\">DROIX Global- t\u00f3l az \u00d6n nyugalma \u00e9rdek\u00e9ben<\/a> [\/cg_accordion]\n[cg_accordion title=\"MIN\u0150S\u00c9GBIZTOS\u00cdT\u00c1S \u00c9S SZ\u00c1LL\u00cdT\u00c1S EL\u0150TTI TESZTEL\u00c9S\"]<\/p>\n<p>A legmagasabb sz\u00ednvonal\u00fa \u00fcgyf\u00e9l-el\u00e9gedetts\u00e9g biztos\u00edt\u00e1sa: Minden k\u00e9sz\u00fcl\u00e9ket szigor\u00fa tesztel\u00e9snek \u00e9s t\u00f6bbpontos min\u0151s\u00e9gbiztos\u00edt\u00e1si ellen\u0151rz\u00e9snek vetnek al\u00e1, miel\u0151tt kisz\u00e1ll\u00edt\u00e1sra ker\u00fcl. Elk\u00f6telezett csapatunk ellen\u0151rzi a teljes\u00edtm\u00e9nyt, a funkcionalit\u00e1st \u00e9s az alkatr\u00e9szek \u00e9ps\u00e9g\u00e9t, hogy garant\u00e1ljuk, hogy az AYANEO k\u00e9sz\u00fcl\u00e9k meg\u00e9rkez\u00e9sekor t\u00f6k\u00e9letes m\u0171k\u00f6d\u00e9si \u00e1llapotban van, \u00edgy biztos\u00edtva \u00d6nnek a bizalmat \u00e9s a nyugalmat. [\/cg_accordion]\n[cg_accordion title=\"\u00c1RK\u00c9PZ\u00c9S, AD\u00d3K \u00c9S SZ\u00c1LL\u00cdT\u00c1S\"]<\/p>\n<p><strong><u>Megjegyz\u00e9s:<\/u><\/strong><\/p>\n<ul>\n<li>Egyes\u00fclt \u00c1llamok \u00dcgyfelek: A felt\u00fcntetett \u00e1r NEM tartalmazza az ad\u00f3t \u00e9s a v\u00e1mokat. A v\u00e1mkezel\u00e9s \u00e9s a kapcsol\u00f3d\u00f3 ad\u00f3k\/v\u00e1mok megfizet\u00e9se az \u00fcgyfelet terheli. <\/li>\n<li>EU-s \u00fcgyfelek: A felt\u00fcntetett \u00e1r tartalmazza az alkalmazand\u00f3 ad\u00f3t, amely az \u00d6n orsz\u00e1g\u00e1t\u00f3l f\u00fcgg\u0151en ak\u00e1r 25% is lehet.<\/li>\n<li>Kanadai \u00fcgyfelek: A felt\u00fcntetett \u00e1r tartalmazza az alkalmazand\u00f3 ad\u00f3kat, amelyek az \u00d6n tartom\u00e1ny\u00e1t\u00f3l f\u00fcgg\u0151en tartalmazhatj\u00e1k az 5%-os GST-t \u00e9s tov\u00e1bbi tartom\u00e1nyi forgalmi ad\u00f3kat (PST), harmoniz\u00e1lt forgalmi ad\u00f3t (HST) vagy qu\u00e9beci forgalmi ad\u00f3t (QST).<\/li>\n<\/ul>\n<p><strong>CSAK EU-s \u00fcgyfelek sz\u00e1m\u00e1ra:<\/strong> Express DDP (Delivered Duty Paid). Ez azt jelenti: <\/p>\n<ul>\n<li>A term\u00e9k oldal\u00e1n felt\u00fcntetett \u00e1r tartalmazza az \u00f6sszes v\u00e1mot \u00e9s ad\u00f3t.<\/li>\n<li>A k\u00e9zbes\u00edt\u00e9skor nem kell tov\u00e1bbi d\u00edjakat fizetnie.<\/li>\n<li>Abban a ritka esetben, ha a v\u00e1mkezel\u00e9ssel kapcsolatos probl\u00e9m\u00e1k mer\u00fclnek fel, csapatunk az \u00d6n nev\u00e9ben elv\u00e9gzi a v\u00e1mkezel\u00e9si folyamatot, hogy biztos\u00edtsa a z\u00f6kken\u0151mentes sz\u00e1ll\u00edt\u00e1st.<\/li>\n<p>Fontos inform\u00e1ci\u00f3k a visszak\u00fcld\u00e9sr\u0151l:<\/p>\n<li>Ha \u00fagy d\u00f6nt, hogy visszak\u00fcldi megrendel\u00e9s\u00e9t vagy visszat\u00e9r\u00edt\u00e9st k\u00e9r, k\u00e9rj\u00fck, vegye figyelembe, hogy a DDP felt\u00e9telei szerint az \u00d6n nev\u00e9ben kifizetett ad\u00f3k \u00e9s v\u00e1mok nem t\u00e9r\u00edthet\u0151k vissza.<\/li>\n<p>R\u00e9szletes <a href=\"https:\/\/ayaneo.co\/hu\/szolgaltatasi-feltetelek\/\" target=\"_blank\" rel=\"nofollow noopener\">inform\u00e1ci\u00f3k\u00e9rt k\u00e9rj\u00fck, olvassa el a Felhaszn\u00e1l\u00e1si Felt\u00e9teleinket<\/a>.\n<\/ul>\n<p>[\/cg_accordion]\n[cg_accordion title=\"\u00dcGYF\u00c9LSZOLG\u00c1LAT\"]<\/p>\n<p>K\u00e9rd\u00e9se van? Egy r\u00f6vid sz\u00f6veges \u00fczenetben megoldjuk a probl\u00e9m\u00e1j\u00e1t! [\/cg_accordion]\n[cg_accordion title=\"A CSOMAG TARTALMAZZA\"]<\/p>\n<ul>\n<li>1x AYANEO 3 k\u00e9perny\u0151v\u00e9d\u0151<\/li>\n<\/ul>\n<p>[\/cg_accordion]\n","protected":false},"featured_media":45863,"template":"","meta":{"_acf_changed":false},"product_brand":[],"product_cat":[4933],"product_tag":[],"class_list":{"0":"post-41510","1":"product","2":"type-product","3":"status-publish","4":"has-post-thumbnail","6":"product_cat-tartozekok","7":"product_shipping_class-low-end","8":"pa_accessory-type-kepernyovedo","9":"pa_brand-ayaneo","11":"first","12":"instock","13":"sale","14":"taxable","15":"shipping-taxable","16":"purchasable","17":"product-type-simple"},"acf":[],"_links":{"self":[{"href":"https:\/\/ayaneo.co\/hu\/wp-json\/wp\/v2\/product\/41510","targetHints":{"allow":["GET"]}}],"collection":[{"href":"https:\/\/ayaneo.co\/hu\/wp-json\/wp\/v2\/product"}],"about":[{"href":"https:\/\/ayaneo.co\/hu\/wp-json\/wp\/v2\/types\/product"}],"wp:featuredmedia":[{"embeddable":true,"href":"https:\/\/ayaneo.co\/hu\/wp-json\/wp\/v2\/media\/45863"}],"wp:attachment":[{"href":"https:\/\/ayaneo.co\/hu\/wp-json\/wp\/v2\/media?parent=41510"}],"wp:term":[{"taxonomy":"product_brand","embeddable":true,"href":"https:\/\/ayaneo.co\/hu\/wp-json\/wp\/v2\/product_brand?post=41510"},{"taxonomy":"product_cat","embeddable":true,"href":"https:\/\/ayaneo.co\/hu\/wp-json\/wp\/v2\/product_cat?post=41510"},{"taxonomy":"product_tag","embeddable":true,"href":"https:\/\/ayaneo.co\/hu\/wp-json\/wp\/v2\/product_tag?post=41510"}],"curies":[{"name":"wp","href":"https:\/\/api.w.org\/{rel}","templated":true}]}}