{"id":41637,"date":"2025-05-08T13:01:34","date_gmt":"2025-05-08T13:01:34","guid":{"rendered":"https:\/\/ayaneo.co\/product\/ayaneo-ag01-starship-grafikus-dokkolo\/"},"modified":"2026-01-06T00:31:38","modified_gmt":"2026-01-06T00:31:38","slug":"ayaneo-ag01-starship-grafikus-dokkolo","status":"publish","type":"product","link":"https:\/\/ayaneo.co\/hu\/product\/ayaneo-ag01-starship-grafikus-dokkolo\/","title":{"rendered":"AYANEO AG01 Starship grafikus dokkol\u00f3"},"content":{"rendered":"\n<figure class=\"wp-block-video\"><video height=\"1080\" style=\"aspect-ratio: 1920 \/ 1080;\" width=\"1920\" controls=\"\" poster=\"https:\/\/ayaneo.co\/wp-content\/uploads\/2025\/05\/maxresdefault-4.jpg\" src=\"https:\/\/ayaneo.co\/wp-content\/uploads\/2025\/05\/AYANEO-AG01-Starship-Graphic-Dock_-Salute-to-The-Era-of-Space-Science-Explore-The-Gaming-World.mp4\"><\/video><\/figure>\n\n<h2 class=\"wp-block-heading\" id=\"h-introducing-the-ayaneo-ag01-starship-graphics-dock-power-precision-and-portability-redefined\">Bemutatjuk az AYANEO AG01 Starship grafikus dokkol\u00f3t: Teljes\u00edtm\u00e9ny, precizit\u00e1s \u00e9s hordozhat\u00f3s\u00e1g \u00fajra\u00e9rtelmezve<\/h2>\n\n<p>Az <strong>AYANEO AG01 Starship Graphics Dock<\/strong> a k\u00fcls\u0151 GPU-megold\u00e1sok \u00faj korszak\u00e1t <strong>ind\u00edtja<\/strong> el, a j\u00e1t\u00e9kosok, alkot\u00f3k \u00e9s szakemberek sz\u00e1m\u00e1ra, akiknek a teljes\u00edtm\u00e9nye nem maradhat el a csillagos teljes\u00edtm\u00e9nyt\u0151l. A futurisztikus ipari formatervez\u00e9ssel, a cs\u00facskateg\u00f3ri\u00e1s AMD Radeon RX 7600M XT GPU-val, valamint a Windows \u00e9s Linux rendszerekkel val\u00f3 robusztus kompatibilit\u00e1ssal az AG01 nem csup\u00e1n egy kieg\u00e9sz\u00edt\u0151 &#8211; hanem a kompromisszumok n\u00e9lk\u00fcli, asztali kateg\u00f3ri\u00e1j\u00fa teljes\u00edtm\u00e9nyt ny\u00fajtja \u00fatk\u00f6zben is.   <\/p>\n\n<figure class=\"wp-block-image size-full\"><a href=\"https:\/\/ayaneo.co\/wp-content\/uploads\/2025\/05\/AYANEO-AG01-GRAPHICS_DOCK-MARKETING-IMAGE-DONE-1-1024x576-1.jpg\"><img fetchpriority=\"high\" decoding=\"async\" width=\"1024\" height=\"576\" src=\"https:\/\/ayaneo.co\/wp-content\/uploads\/2025\/05\/AYANEO-AG01-GRAPHICS_DOCK-MARKETING-IMAGE-DONE-1-1024x576-1.jpg\" alt=\"S&#xF6;t&#xE9;t sci-fi t&#xE9;m&#xE1;j&#xFA; prom&#xF3;ci&#xF3;s k&#xE9;p az AYANEO AG01-r&#x151;l, amelyen a fels&#x151; ventil&#xE1;torgy&#x171;r&#x171; narancss&#xE1;rg&#xE1;n izzik, &#xE9;s a k&#xE9;sz&#xFC;l&#xE9;k sziluettje r&#xE9;szben megvil&#xE1;g&#xED;tva, ami egy &#x171;rb&#xE9;li l&#xE1;tv&#xE1;nyt sugall.\" class=\"wp-image-37414\" srcset=\"https:\/\/ayaneo.co\/wp-content\/uploads\/2025\/05\/AYANEO-AG01-GRAPHICS_DOCK-MARKETING-IMAGE-DONE-1-1024x576-1.jpg 1024w, https:\/\/ayaneo.co\/wp-content\/uploads\/2025\/05\/AYANEO-AG01-GRAPHICS_DOCK-MARKETING-IMAGE-DONE-1-1024x576-1-300x169.jpg 300w, https:\/\/ayaneo.co\/wp-content\/uploads\/2025\/05\/AYANEO-AG01-GRAPHICS_DOCK-MARKETING-IMAGE-DONE-1-1024x576-1-768x432.jpg 768w, https:\/\/ayaneo.co\/wp-content\/uploads\/2025\/05\/AYANEO-AG01-GRAPHICS_DOCK-MARKETING-IMAGE-DONE-1-1024x576-1-990x557.jpg 990w, https:\/\/ayaneo.co\/wp-content\/uploads\/2025\/05\/AYANEO-AG01-GRAPHICS_DOCK-MARKETING-IMAGE-DONE-1-1024x576-1-441x248.jpg 441w, https:\/\/ayaneo.co\/wp-content\/uploads\/2025\/05\/AYANEO-AG01-GRAPHICS_DOCK-MARKETING-IMAGE-DONE-1-1024x576-1-600x338.jpg 600w, https:\/\/ayaneo.co\/wp-content\/uploads\/2025\/05\/AYANEO-AG01-GRAPHICS_DOCK-MARKETING-IMAGE-DONE-1-1024x576-1-150x84.jpg 150w\" sizes=\"(max-width: 1024px) 100vw, 1024px\" \/><\/a><\/figure>\n\n<p>Az OCuLink \u00e9s az USB4 interf\u00e9szek \u00e9lvonalbeli integr\u00e1ci\u00f3ja az egyik legsokoldal\u00fabb eGPU dokkol\u00f3v\u00e1 teszi a ma kaphat\u00f3 eGPU dokkol\u00f3k k\u00f6z\u00f6tt. Ak\u00e1r a k\u00e9zi konzolok magasabb k\u00e9pkockasebess\u00e9g\u00e9r\u0151l, ak\u00e1r egy kompakt laptop termel\u00e9kenys\u00e9g\u00e9nek n\u00f6vel\u00e9s\u00e9r\u0151l van sz\u00f3, az AG01 kompakt helyig\u00e9nye pr\u00e9mium grafikus teljes\u00edtm\u00e9nyt biztos\u00edt a mobilit\u00e1s fel\u00e1ldoz\u00e1sa n\u00e9lk\u00fcl. \u00dcdv\u00f6z\u00f6lj\u00fck a k\u00fcls\u0151 GPU-k k\u00f6vetkez\u0151 gener\u00e1ci\u00f3j\u00e1ban &#8211; mer\u00e9sz, gy\u00f6ny\u00f6r\u0171 \u00e9s harcra k\u00e9sz.  <\/p>\n\n<hr class=\"wp-block-separator has-alpha-channel-opacity\"\/>\n\n<h2 class=\"wp-block-heading\" id=\"h-ayaneo-ag01-starship-grade-external-gpu-dock\">AYANEO AG01 &#8211; Csillaghaj\u00f3 min\u0151s\u00e9g\u0171 k\u00fcls\u0151 GPU dokkol\u00f3<\/h2>\n\n<p>Az <strong>AG01 Starship Graphics Dock a<\/strong> modern m\u00e9rn\u00f6ki \u00e9s m\u0171v\u00e9szi tervez\u00e9s remekm\u0171ve. A futurisztikus \u0171rhaj\u00f3k eszt\u00e9tik\u00e1ja \u00e1ltal inspir\u00e1lt, mind\u00f6ssze 18 cm sz\u00e9les \u00e9s 900 g alatti s\u00faly\u00fa v\u00e1zban egyes\u00edti a hordozhat\u00f3s\u00e1got \u00e9s a teljes\u00edtm\u00e9nyt. A rendk\u00edv\u00fcl hat\u00e9kony, turbinaszer\u0171 h\u0171t\u0151rendszerrel \u00e9s l\u00e9gcsatorn\u00e1kkal meger\u0151s\u00edtett h\u0151kialak\u00edt\u00e1s hossz\u00fa t\u00e1v\u00fa teljes\u00edtm\u00e9nyt biztos\u00edt, m\u00e9g intenz\u00edv j\u00e1t\u00e9k vagy renderel\u00e9s k\u00f6zben is.  <\/p>\n\n<figure class=\"wp-block-image size-full\"><a href=\"https:\/\/ayaneo.co\/wp-content\/uploads\/2025\/05\/AYANEO-AG01-GRAPHICS_DOCK-MARKETING-IMAGE-DONE-2-1024x855-1.jpg\"><img decoding=\"async\" width=\"1024\" height=\"855\" src=\"https:\/\/ayaneo.co\/wp-content\/uploads\/2025\/05\/AYANEO-AG01-GRAPHICS_DOCK-MARKETING-IMAGE-DONE-2-1024x855-1.jpg\" alt=\"Az AYANEO AG01 futurisztikus r&#xE1;csos elrendez&#xE9;sben bemutatott jellemz&#x151;i, k&#xF6;zt&#xFC;k az RX 7600M XT chip, az RGB vil&#xE1;g&#xED;t&#xE1;s, a testreszabhat&#xF3; n&#xE9;vt&#xE1;bla, a h&#x171;t&#x151;rendszer &#xE9;s az I\/O b&#x151;v&#xED;t&#xE9;si lehet&#x151;s&#xE9;gek.\" class=\"wp-image-37415\" srcset=\"https:\/\/ayaneo.co\/wp-content\/uploads\/2025\/05\/AYANEO-AG01-GRAPHICS_DOCK-MARKETING-IMAGE-DONE-2-1024x855-1.jpg 1024w, https:\/\/ayaneo.co\/wp-content\/uploads\/2025\/05\/AYANEO-AG01-GRAPHICS_DOCK-MARKETING-IMAGE-DONE-2-1024x855-1-300x250.jpg 300w, https:\/\/ayaneo.co\/wp-content\/uploads\/2025\/05\/AYANEO-AG01-GRAPHICS_DOCK-MARKETING-IMAGE-DONE-2-1024x855-1-768x641.jpg 768w, https:\/\/ayaneo.co\/wp-content\/uploads\/2025\/05\/AYANEO-AG01-GRAPHICS_DOCK-MARKETING-IMAGE-DONE-2-1024x855-1-990x827.jpg 990w, https:\/\/ayaneo.co\/wp-content\/uploads\/2025\/05\/AYANEO-AG01-GRAPHICS_DOCK-MARKETING-IMAGE-DONE-2-1024x855-1-441x368.jpg 441w, https:\/\/ayaneo.co\/wp-content\/uploads\/2025\/05\/AYANEO-AG01-GRAPHICS_DOCK-MARKETING-IMAGE-DONE-2-1024x855-1-600x501.jpg 600w, https:\/\/ayaneo.co\/wp-content\/uploads\/2025\/05\/AYANEO-AG01-GRAPHICS_DOCK-MARKETING-IMAGE-DONE-2-1024x855-1-150x125.jpg 150w\" sizes=\"(max-width: 1024px) 100vw, 1024px\" \/><\/a><\/figure>\n\n<p>Az RDNA3 architekt\u00far\u00e1n alapul\u00f3 <strong>AMD Radeon RX 7600M XT GPU-val<\/strong> felszerelve az AG01 kiv\u00e9teles hat\u00e9konys\u00e1ggal t\u00e1mogatja a cs\u00facskateg\u00f3ri\u00e1s AAA-j\u00e1t\u00e9kokat, a vide\u00f3szerkeszt\u00e9st \u00e9s a 3D renderel\u00e9st. Ide\u00e1lis t\u00e1rsa az olyan hordozhat\u00f3 j\u00e1t\u00e9keszk\u00f6z\u00f6knek, mint az AYANEO 2S, a KUN, s\u0151t az OCuLink \u00e9s az USB4 seg\u00edts\u00e9g\u00e9vel m\u00e9g a nem-AYANEO eszk\u00f6z\u00f6knek is, bele\u00e9rtve a Steam Deck, a ROG Ally \u00e9s m\u00e9g sok m\u00e1st. <\/p>\n\n<hr class=\"wp-block-separator has-alpha-channel-opacity\"\/>\n\n<h2 class=\"wp-block-heading\" id=\"h-performance-that-launches-beyond-limits\">Hat\u00e1rokon t\u00falmutat\u00f3 teljes\u00edtm\u00e9ny<\/h2>\n\n<p><strong>Grafikai er\u0151m\u0171:<\/strong> 32 sz\u00e1m\u00edt\u00e1si egys\u00e9ggel, 8 GB GDDR6 mem\u00f3ri\u00e1val \u00e9s 2300 MHz-es maxim\u00e1lis \u00f3rajelen <strong>t\u00f6rt\u00e9n<\/strong> \u0151 gyors\u00edt\u00e1ssal. Ez az er\u0151m\u0171 g\u00f6rd\u00fcl\u00e9keny 1080p-s, s\u0151t 1440p-s j\u00e1t\u00e9kot biztos\u00edt, \u00e9s kiv\u00e1l\u00f3an teljes\u00edt a nagy teljes\u00edtm\u00e9ny\u0171 alkalmaz\u00e1sokban, az AAA c\u00edmekt\u0151l kezdve a GPU-gyors\u00edtott kreat\u00edv munkafolyamatokig. <\/p>\n\n<p><strong>Fejlett h\u0171t\u0151rendszer:<\/strong> A hagyom\u00e1nyos eGPU-kkal ellent\u00e9tben az AG01 egyed\u00fcl\u00e1ll\u00f3an megtervezett h\u0171t\u0151rendszerrel rendelkezik, kett\u0151s l\u00e9gbe\u00f6ml\u0151ny\u00edl\u00e1ssal \u00e9s nagy hat\u00e9konys\u00e1g\u00fa ventil\u00e1torral. Ez a kialak\u00edt\u00e1s maximaliz\u00e1lja a l\u00e9g\u00e1raml\u00e1st, mik\u00f6zben alacsony zajszintet biztos\u00edt, \u00edgy hosszan tart\u00f3 munkamenetek sor\u00e1n is fenntarthat\u00f3 teljes\u00edtm\u00e9nyt biztos\u00edt. <\/p>\n\n<hr class=\"wp-block-separator has-alpha-channel-opacity\"\/>\n\n<h2 class=\"wp-block-heading\" id=\"h-seamless-connectivity\">Z\u00f6kken\u0151mentes \u00f6sszekapcsolhat\u00f3s\u00e1g<\/h2>\n\n<figure class=\"wp-block-image size-full\"><a href=\"https:\/\/ayaneo.co\/wp-content\/uploads\/2025\/05\/AYANEO-AG01-GRAPHICS_DOCK-MARKETING-IMAGE-DONE-3-1024x576-1.jpg\"><img decoding=\"async\" width=\"1024\" height=\"576\" src=\"https:\/\/ayaneo.co\/wp-content\/uploads\/2025\/05\/AYANEO-AG01-GRAPHICS_DOCK-MARKETING-IMAGE-DONE-3-1024x576-1.jpg\" alt=\"Az AYANEO AG01 grafikus dokkol&#xF3; h&#xE1;ts&#xF3; I\/O elrendez&#xE9;s&#xE9;t bemutat&#xF3; &#xE1;bra, amely a DP 2.0, HDMI 2.1, OCuLink, USB4, DC, RJ45 &#xE9;s USB 3.2 Gen 2 portokat jel&#xF6;li.\" class=\"wp-image-37416\" srcset=\"https:\/\/ayaneo.co\/wp-content\/uploads\/2025\/05\/AYANEO-AG01-GRAPHICS_DOCK-MARKETING-IMAGE-DONE-3-1024x576-1.jpg 1024w, https:\/\/ayaneo.co\/wp-content\/uploads\/2025\/05\/AYANEO-AG01-GRAPHICS_DOCK-MARKETING-IMAGE-DONE-3-1024x576-1-300x169.jpg 300w, https:\/\/ayaneo.co\/wp-content\/uploads\/2025\/05\/AYANEO-AG01-GRAPHICS_DOCK-MARKETING-IMAGE-DONE-3-1024x576-1-768x432.jpg 768w, https:\/\/ayaneo.co\/wp-content\/uploads\/2025\/05\/AYANEO-AG01-GRAPHICS_DOCK-MARKETING-IMAGE-DONE-3-1024x576-1-990x557.jpg 990w, https:\/\/ayaneo.co\/wp-content\/uploads\/2025\/05\/AYANEO-AG01-GRAPHICS_DOCK-MARKETING-IMAGE-DONE-3-1024x576-1-441x248.jpg 441w, https:\/\/ayaneo.co\/wp-content\/uploads\/2025\/05\/AYANEO-AG01-GRAPHICS_DOCK-MARKETING-IMAGE-DONE-3-1024x576-1-600x338.jpg 600w, https:\/\/ayaneo.co\/wp-content\/uploads\/2025\/05\/AYANEO-AG01-GRAPHICS_DOCK-MARKETING-IMAGE-DONE-3-1024x576-1-150x84.jpg 150w\" sizes=\"(max-width: 1024px) 100vw, 1024px\" \/><\/a><\/figure>\n\n<p><strong>OCuLink \u00e9s USB4 k\u00e9sz:<\/strong> Az AG01 t\u00e1mogatja <strong>az OCuLink SFF-8612 \u00e9s az USB4 szabv\u00e1nyt<\/strong> az alacsony k\u00e9sleltet\u00e9s\u0171 \u00e9s nagy s\u00e1vsz\u00e9less\u00e9g\u0171 kapcsolatokhoz, \u00edgy sz\u00e9les k\u00f6r\u0171 kompatibilit\u00e1st <strong>biztos\u00edt<\/strong> a hordozhat\u00f3 sz\u00e1m\u00edt\u00f3g\u00e9pek \u00e9s laptopok sz\u00e1m\u00e1ra. Az OCuLink kiv\u00e1l\u00f3 GPU-teljes\u00edtm\u00e9nyt biztos\u00edt a hagyom\u00e1nyos Thunderbolt-kapcsolatok sz\u0171k keresztmetszeteinek megker\u00fcl\u00e9s\u00e9vel, \u00edgy a komoly j\u00e1t\u00e9kosok \u00e9s alkot\u00f3k els\u0151 sz\u00e1m\u00fa v\u00e1laszt\u00e1sa. <\/p>\n\n<p><strong>Sokoldal\u00fa eszk\u00f6zt\u00e1mogat\u00e1s:<\/strong> Ak\u00e1r AYANEO k\u00e9zisz\u00e1m\u00edt\u00f3g\u00e9phez, Steam Deckhez vagy kompakt Windows\/Linux g\u00e9phez csatlakozik, az AG01 k\u00f6nnyen alkalmazkodik. T\u00e1mogatja a plug-and-play funkcionalit\u00e1st, a legt\u00f6bb rendszer eset\u00e9ben nincs sz\u00fcks\u00e9g BIOS-be\u00e1ll\u00edt\u00e1sokra. <\/p>\n\n<hr class=\"wp-block-separator has-alpha-channel-opacity\"\/>\n\n<h2 class=\"wp-block-heading\" id=\"h-built-to-travel-designed-to-impress\">Utaz\u00e1sra tervezve, leny\u0171g\u00f6zni tervezve<\/h2>\n\n<p><strong>Kompakt \u00e9s k\u00f6nny\u0171:<\/strong> A mind\u00f6ssze 18 cm x 6,3 cm x 3 cm-es m\u00e9retekkel \u00e9s 869 g-os t\u00f6meggel az AG01 az egyik legkisebb nagy teljes\u00edtm\u00e9ny\u0171 eGPU-dokkol\u00f3 a vil\u00e1gon. T\u00e9rhat\u00e1s\u00fa diz\u00e1jnja az \u00edr\u00f3asztalon vagy a m\u0171szaki t\u00e1sk\u00e1ban is mutat\u00f3s darabk\u00e9nt funkcion\u00e1l. <\/p>\n\n<p><strong>Pr\u00e9mium anyagok:<\/strong> A v\u00e1z rep\u00fcl\u0151g\u00e9pipari min\u0151s\u00e9g\u0171 alum\u00ednium\u00f6tv\u00f6zetb\u0151l k\u00e9sz\u00fclt, amely a tart\u00f3ss\u00e1got a h\u0151hat\u00e9konys\u00e1ggal \u00e9s az eleg\u00e1ns eszt\u00e9tik\u00e1val \u00f6tv\u00f6zi.<\/p>\n\n<figure class=\"wp-block-image size-full\"><a href=\"https:\/\/ayaneo.co\/wp-content\/uploads\/2025\/05\/AYANEO-AG01-GRAPHICS_DOCK-MARKETING-IMAGE-DONE-8-1024x576-1.jpg\"><img loading=\"lazy\" decoding=\"async\" width=\"1024\" height=\"576\" src=\"https:\/\/ayaneo.co\/wp-content\/uploads\/2025\/05\/AYANEO-AG01-GRAPHICS_DOCK-MARKETING-IMAGE-DONE-8-1024x576-1.jpg\" alt=\"Dr&#xE1;mai l&#xE1;tv&#xE1;ny az AYANEO AG01 k&#xE9;t f&#xE9;mb&#x151;l k&#xE9;sz&#xFC;lt v&#xE1;zdarabj&#xE1;nak k&#xF6;z&#xE9;ps&#x151; sz&#xE9;tv&#xE1;laszt&#xE1;sa, kiemelve a finoman megmunk&#xE1;lt f&#xE9;mtestet a csillagos &#x171;r h&#xE1;tt&#xE9;r el&#x151;tt.\" class=\"wp-image-37417\" srcset=\"https:\/\/ayaneo.co\/wp-content\/uploads\/2025\/05\/AYANEO-AG01-GRAPHICS_DOCK-MARKETING-IMAGE-DONE-8-1024x576-1.jpg 1024w, https:\/\/ayaneo.co\/wp-content\/uploads\/2025\/05\/AYANEO-AG01-GRAPHICS_DOCK-MARKETING-IMAGE-DONE-8-1024x576-1-300x169.jpg 300w, https:\/\/ayaneo.co\/wp-content\/uploads\/2025\/05\/AYANEO-AG01-GRAPHICS_DOCK-MARKETING-IMAGE-DONE-8-1024x576-1-768x432.jpg 768w, https:\/\/ayaneo.co\/wp-content\/uploads\/2025\/05\/AYANEO-AG01-GRAPHICS_DOCK-MARKETING-IMAGE-DONE-8-1024x576-1-990x557.jpg 990w, https:\/\/ayaneo.co\/wp-content\/uploads\/2025\/05\/AYANEO-AG01-GRAPHICS_DOCK-MARKETING-IMAGE-DONE-8-1024x576-1-441x248.jpg 441w, https:\/\/ayaneo.co\/wp-content\/uploads\/2025\/05\/AYANEO-AG01-GRAPHICS_DOCK-MARKETING-IMAGE-DONE-8-1024x576-1-600x338.jpg 600w, https:\/\/ayaneo.co\/wp-content\/uploads\/2025\/05\/AYANEO-AG01-GRAPHICS_DOCK-MARKETING-IMAGE-DONE-8-1024x576-1-150x84.jpg 150w\" sizes=\"(max-width: 1024px) 100vw, 1024px\" \/><\/a><\/figure>\n\n<hr class=\"wp-block-separator has-alpha-channel-opacity\"\/>\n\n<h2 class=\"wp-block-heading\" id=\"h-user-experience\">Felhaszn\u00e1l\u00f3i \u00e9lm\u00e9ny<\/h2>\n\n<p>Az AG01 \u00faj m\u00e9rc\u00e9t \u00e1ll\u00edt fel a felhaszn\u00e1l\u00f3bar\u00e1t teljes\u00edtm\u00e9ny ter\u00e9n. A Windows \u00e9s Linux illeszt\u0151program n\u00e9lk\u00fcli t\u00e1mogat\u00e1sa, a z\u00f6kken\u0151mentes eszk\u00f6zkompatibilit\u00e1s \u00e9s a plug-and-play be\u00e1ll\u00edt\u00e1s ide\u00e1lis a kezd\u0151k \u00e9s a technik\u00e1ban j\u00e1rtas rajong\u00f3k sz\u00e1m\u00e1ra egyar\u00e1nt. Legyen sz\u00f3 streamingr\u0151l, tervez\u00e9sr\u0151l, j\u00e1t\u00e9kr\u00f3l vagy t\u00f6bb k\u00e9perny\u0151 k\u00f6z\u00f6tti t\u00f6bbfeladatos munk\u00e1r\u00f3l, az AG01 z\u00f6kken\u0151mentes \u00e9s mag\u00e1val ragad\u00f3 \u00e9lm\u00e9nyt ny\u00fajt.  <\/p>\n\n<hr class=\"wp-block-separator has-alpha-channel-opacity\"\/>\n\n<h2 class=\"wp-block-heading\" id=\"h-conclusion\">K\u00f6vetkeztet\u00e9s<\/h2>\n\n<p>Az <strong>AYANEO AG01 Starship Graphics Dock t\u00f6bb<\/strong> mint egy k\u00fcls\u0151 GPU &#8211; ez egy ugr\u00e1s a j\u00f6v\u0151be, ahol a hordozhat\u00f3s\u00e1g tal\u00e1lkozik az igazi asztali szint\u0171 teljes\u00edtm\u00e9nnyel. Radeon RX 7600M XT motorj\u00e1val, kett\u0151s interf\u00e9szes csatlakoztathat\u00f3s\u00e1g\u00e1val \u00e9s m\u0171v\u00e9szi kialak\u00edt\u00e1s\u00e1val az AG01 \u00fajradefini\u00e1lja a hordozhat\u00f3 sz\u00e1m\u00edt\u00e1stechnika lehet\u0151s\u00e9geit. <\/p>\n\n<p>Rendelje el\u0151 az AG01-et most, \u00e9s legyen r\u00e9sze a j\u00e1t\u00e9kosok \u00e9s alkot\u00f3k \u00faj gener\u00e1ci\u00f3j\u00e1nak, akik kompromisszumok n\u00e9lk\u00fcli teljes\u00edtm\u00e9nyt haszn\u00e1lnak, b\u00e1rhov\u00e1 is mennek.  <strong>Az AYANEO-n\u00e1l a csillagok csak a kezdet.<\/strong><\/p>\n","protected":false},"excerpt":{"rendered":"<ul>\n<li><strong>Radeon\u2122 RX 7600M XT GPU<\/strong> RDNA 3 architekt\u00far\u00e1val<\/li>\n<li><strong>Kett\u0151s interf\u00e9sz:<\/strong> (C-t\u00edpus\u00fa, 65W PD)<\/li>\n<li><strong>Kompakt \u00e9s k\u00f6nny\u0171:<\/strong> Hordozhat\u00f3 csillaghaj\u00f3 ihlette design<\/li>\n<li><strong>Optimaliz\u00e1lt h\u0171t\u00e9s:<\/strong> Nagy hat\u00e9konys\u00e1g\u00fa turbinaventil\u00e1tor-rendszer<\/li>\n<li><strong>Kompatibilis a k\u00f6vetkez\u0151kkel:<\/strong> AYANEO 2S, KUN, FLIP DS, ROG Ally, Steam Deck<\/li>\n<\/ul>\n[cg_accordion title=\"FIZET\u00c9SI INFORM\u00c1CI\u00d3K\"]<\/p>\n<p>A leg\u00fajabb technol\u00f3gi\u00e1t haszn\u00e1ljuk a fizet\u00e9s feldolgoz\u00e1s\u00e1ban, amely lehet\u0151v\u00e9 teszi, hogy az Apple Pay, a Google Pay, a bankk\u00e1rtya\/hitelk\u00e1rtya, a PayPal vagy a BNPL m\u00f3dszerek, mint p\u00e9ld\u00e1ul a Klarna, az Affirm vagy az AfterPay seg\u00edts\u00e9g\u00e9vel fizessen ki gyorsan \u00e9s biztons\u00e1gosan.[\/cg_accordion]\n[cg_accordion title=\"GARANCIA\"]<\/p>\n<p>1 \u00e9v garancia a <a href=\"https:\/\/droix.net\/\" target=\"_blank\" rel=\"nofollow noopener\">DROIX Global- t\u00f3l az \u00d6n nyugalma \u00e9rdek\u00e9ben<\/a> [\/cg_accordion]\n[cg_accordion title=\"MIN\u0150S\u00c9GBIZTOS\u00cdT\u00c1S \u00c9S SZ\u00c1LL\u00cdT\u00c1S EL\u0150TTI TESZTEL\u00c9S\"]<\/p>\n<p>A legmagasabb sz\u00ednvonal\u00fa \u00fcgyf\u00e9l-el\u00e9gedetts\u00e9g biztos\u00edt\u00e1sa: Minden k\u00e9sz\u00fcl\u00e9ket szigor\u00fa tesztel\u00e9snek \u00e9s t\u00f6bbpontos min\u0151s\u00e9gbiztos\u00edt\u00e1si ellen\u0151rz\u00e9snek vetnek al\u00e1, miel\u0151tt kisz\u00e1ll\u00edt\u00e1sra ker\u00fcl. Elk\u00f6telezett csapatunk ellen\u0151rzi a teljes\u00edtm\u00e9nyt, a funkcionalit\u00e1st \u00e9s az alkatr\u00e9szek \u00e9ps\u00e9g\u00e9t, hogy garant\u00e1ljuk, hogy az AYANEO k\u00e9sz\u00fcl\u00e9k meg\u00e9rkez\u00e9sekor t\u00f6k\u00e9letes m\u0171k\u00f6d\u00e9si \u00e1llapotban van, \u00edgy biztos\u00edtva \u00d6nnek a bizalmat \u00e9s a nyugalmat. [\/cg_accordion]\n[cg_accordion title=\"\u00c1RK\u00c9PZ\u00c9S, AD\u00d3K \u00c9S SZ\u00c1LL\u00cdT\u00c1S\"]<\/p>\n<p><strong><u>Megjegyz\u00e9s:<\/u><\/strong><\/p>\n<ul>\n<li>Egyes\u00fclt \u00c1llamok \u00dcgyfelek: A felt\u00fcntetett \u00e1r NEM tartalmazza az ad\u00f3t \u00e9s a v\u00e1mokat. A v\u00e1mkezel\u00e9s \u00e9s a kapcsol\u00f3d\u00f3 ad\u00f3k\/v\u00e1mok megfizet\u00e9se az \u00fcgyfelet terheli. <\/li>\n<li>EU-s \u00fcgyfelek: A felt\u00fcntetett \u00e1r tartalmazza az alkalmazand\u00f3 ad\u00f3t, amely az \u00d6n orsz\u00e1g\u00e1t\u00f3l f\u00fcgg\u0151en ak\u00e1r 25% is lehet.<\/li>\n<li>Kanadai \u00fcgyfelek: A felt\u00fcntetett \u00e1r tartalmazza az alkalmazand\u00f3 ad\u00f3kat, amelyek az \u00d6n tartom\u00e1ny\u00e1t\u00f3l f\u00fcgg\u0151en tartalmazhatj\u00e1k az 5%-os GST-t \u00e9s tov\u00e1bbi tartom\u00e1nyi forgalmi ad\u00f3kat (PST), harmoniz\u00e1lt forgalmi ad\u00f3t (HST) vagy qu\u00e9beci forgalmi ad\u00f3t (QST).<\/li>\n<\/ul>\n<p><strong>CSAK EU-s \u00fcgyfelek sz\u00e1m\u00e1ra:<\/strong> Express DDP (Delivered Duty Paid). Ez azt jelenti: <\/p>\n<ul>\n<li>A term\u00e9k oldal\u00e1n felt\u00fcntetett \u00e1r tartalmazza az \u00f6sszes v\u00e1mot \u00e9s ad\u00f3t.<\/li>\n<li>A k\u00e9zbes\u00edt\u00e9skor nem kell tov\u00e1bbi d\u00edjakat fizetnie.<\/li>\n<li>Abban a ritka esetben, ha a v\u00e1mkezel\u00e9ssel kapcsolatos probl\u00e9m\u00e1k mer\u00fclnek fel, csapatunk az \u00d6n nev\u00e9ben elv\u00e9gzi a v\u00e1mkezel\u00e9si folyamatot, hogy biztos\u00edtsa a z\u00f6kken\u0151mentes sz\u00e1ll\u00edt\u00e1st.<\/li>\n<p>Fontos inform\u00e1ci\u00f3k a visszak\u00fcld\u00e9sr\u0151l:<\/p>\n<li>Ha \u00fagy d\u00f6nt, hogy visszak\u00fcldi megrendel\u00e9s\u00e9t vagy visszat\u00e9r\u00edt\u00e9st k\u00e9r, k\u00e9rj\u00fck, vegye figyelembe, hogy a DDP felt\u00e9telei szerint az \u00d6n nev\u00e9ben kifizetett ad\u00f3k \u00e9s v\u00e1mok nem t\u00e9r\u00edthet\u0151k vissza.<\/li>\n<p>R\u00e9szletes <a href=\"https:\/\/ayaneo.co\/terms-of-service-2\/\" target=\"_blank\" rel=\"nofollow noopener\">inform\u00e1ci\u00f3k\u00e9rt k\u00e9rj\u00fck, olvassa el a Felhaszn\u00e1l\u00e1si Felt\u00e9teleinket<\/a>.\n<\/ul>\n<p>[\/cg_accordion]\n[cg_accordion title=\"\u00dcGYF\u00c9LSZOLG\u00c1LAT\"]<\/p>\n<p>K\u00e9rd\u00e9se van? Egy r\u00f6vid sz\u00f6veges \u00fczenetben megoldjuk a probl\u00e9m\u00e1j\u00e1t! [\/cg_accordion]\n[cg_accordion title=\"A CSOMAG TARTALMAZZA\"]<\/p>\n<ul>\n<li>1x AYANEO AG01 Starship grafikus dokkol\u00f3<\/li>\n<li>1x USB Type-C k\u00e1bel<\/li>\n<li>1x Felhaszn\u00e1l\u00f3i k\u00e9zik\u00f6nyv<\/li>\n<\/ul>\n<p>[\/cg_accordion]\n","protected":false},"featured_media":41638,"template":"","meta":{"_acf_changed":false},"product_brand":[],"product_cat":[4933],"product_tag":[],"class_list":{"0":"post-41637","1":"product","2":"type-product","3":"status-publish","4":"has-post-thumbnail","6":"product_cat-tartozekok","7":"product_shipping_class-premium","8":"pa_brand-ayaneo","9":"pa_graphics-gpu-model-radeon-rx-7600m-xt","11":"first","12":"outofstock","13":"sale","14":"taxable","15":"shipping-taxable","16":"purchasable","17":"product-type-variable","18":"has-default-attributes"},"acf":[],"_links":{"self":[{"href":"https:\/\/ayaneo.co\/hu\/wp-json\/wp\/v2\/product\/41637","targetHints":{"allow":["GET"]}}],"collection":[{"href":"https:\/\/ayaneo.co\/hu\/wp-json\/wp\/v2\/product"}],"about":[{"href":"https:\/\/ayaneo.co\/hu\/wp-json\/wp\/v2\/types\/product"}],"wp:featuredmedia":[{"embeddable":true,"href":"https:\/\/ayaneo.co\/hu\/wp-json\/wp\/v2\/media\/41638"}],"wp:attachment":[{"href":"https:\/\/ayaneo.co\/hu\/wp-json\/wp\/v2\/media?parent=41637"}],"wp:term":[{"taxonomy":"product_brand","embeddable":true,"href":"https:\/\/ayaneo.co\/hu\/wp-json\/wp\/v2\/product_brand?post=41637"},{"taxonomy":"product_cat","embeddable":true,"href":"https:\/\/ayaneo.co\/hu\/wp-json\/wp\/v2\/product_cat?post=41637"},{"taxonomy":"product_tag","embeddable":true,"href":"https:\/\/ayaneo.co\/hu\/wp-json\/wp\/v2\/product_tag?post=41637"}],"curies":[{"name":"wp","href":"https:\/\/api.w.org\/{rel}","templated":true}]}}