{"id":41824,"date":"2025-06-27T08:57:04","date_gmt":"2025-06-27T08:57:04","guid":{"rendered":"https:\/\/ayaneo.co\/product\/ayaneo-pocket-dmg-tok\/"},"modified":"2025-12-02T18:18:14","modified_gmt":"2025-12-02T18:18:14","slug":"ayaneo-pocket-dmg-tok","status":"publish","type":"product","link":"https:\/\/ayaneo.co\/hu\/product\/ayaneo-pocket-dmg-tok\/","title":{"rendered":"AYANEO Pocket DMG tok"},"content":{"rendered":"\n<h2 class=\"wp-block-heading\" id=\"h-product-overview\">Term\u00e9k \u00e1ttekint\u00e9se:<\/h2>\n\n<p>Az <strong>AYANEO Pocket DMG tok a<\/strong> t\u00f6k\u00e9letes kieg\u00e9sz\u00edt\u0151 a st\u00edlus \u00e9s a v\u00e9delem \u00e9rt\u00e9k\u00e9t k\u00e9pvisel\u0151 j\u00e1t\u00e9kosok sz\u00e1m\u00e1ra. Ez a tok az AYANEO Pocket DMG konzolhoz illeszkedik, \u00e9s a pr\u00e9mium min\u0151s\u00e9g\u0171 anyagokat kompakt form\u00e1val \u00f6tv\u00f6zi, \u00edgy j\u00e1t\u00e9kk\u00e9sz\u00fcl\u00e9ke biztons\u00e1gban marad, b\u00e1rhov\u00e1 is megy. <\/p>\n\n<hr class=\"wp-block-separator has-alpha-channel-opacity\"\/>\n\n<h2 class=\"wp-block-heading\" id=\"h-key-features\">Kulcsfontoss\u00e1g\u00fa jellemz\u0151k:<\/h2>\n\n<p><strong>Kompakt kialak\u00edt\u00e1s<\/strong> az AYANEO Pocket DMG-hez <strong>igaz\u00edtva<\/strong>.<\/p>\n\n<p>Tart\u00f3s anyagok a <strong>fokozott v\u00e9delem<\/strong> \u00e9rdek\u00e9ben <strong>.<\/strong><\/p>\n\n<p>K\u00f6nny\u0171 \u00e9s hordozhat\u00f3 az <strong>\u00fatk\u00f6zbeni k\u00e9nyelem<\/strong> \u00e9rdek\u00e9ben <strong>.<\/strong><\/p>\n\n<p>Puha bels\u0151 b\u00e9l\u00e9s a <strong>karcol\u00e1sok megel\u0151z\u00e9s\u00e9re.<\/strong><\/p>\n\n<p>Eleg\u00e1ns \u00e9s st\u00edlusos k\u00fcls\u0151 a <strong>modern eszt\u00e9tik\u00e1\u00e9rt.<\/strong><\/p>\n\n<hr class=\"wp-block-separator has-alpha-channel-opacity\"\/>\n\n<h2 class=\"wp-block-heading\" id=\"h-why-choose-the-ayaneo-pocket-micro-case\">Mi\u00e9rt v\u00e1lassza az AYANEO Pocket DMG tokot?<\/h2>\n\n<p>V\u00e9dje befektet\u00e9s\u00e9t az AYANEO Pocket DMG tokkal, amelyet \u00fagy terveztek, hogy meg\u00f3vja konzolj\u00e1t a karcol\u00e1sokt\u00f3l, port\u00f3l \u00e9s kisebb \u00fct\u00e9sekt\u0151l. K\u00f6nny\u0171 \u00e9s kompakt kialak\u00edt\u00e1sa ide\u00e1lis \u00fatit\u00e1rss\u00e1 teszi, ak\u00e1r egy bar\u00e1ti j\u00e1t\u00e9kra indulsz, ak\u00e1r \u00fatra viszed a konzolodat. <\/p>\n\n<hr class=\"wp-block-separator has-alpha-channel-opacity\"\/>\n\n<h3 class=\"wp-block-heading\" id=\"h-specifications\">Specifik\u00e1ci\u00f3k:<\/h3>\n\n<ul class=\"wp-block-list\">\n<li><strong>Anyag:<\/strong> Sz\u00f6vet vagy m\u0171b\u0151r<\/li>\n\n\n\n<li><strong>Kompatibilit\u00e1s:<\/strong> AYANEO Pocket DMG konzol<\/li>\n\n\n\n<li><strong>Jellemz\u0151k:<\/strong> Karc\u00e1ll\u00f3, k\u00f6nny\u0171 \u00e9s hordozhat\u00f3.<\/li>\n<\/ul>\n\n<p>Emelje j\u00e1t\u00e9k\u00e9lm\u00e9ny\u00e9t az AYANEO Pocket DMG tokkal &#8211; a v\u00e9delem \u00e9s a hordozhat\u00f3s\u00e1g t\u00f6k\u00e9letes kever\u00e9ke!<\/p>\n\n<p><\/p>\n","protected":false},"excerpt":{"rendered":"<ul>\n<li><strong>Kompakt kialak\u00edt\u00e1s<\/strong> az AYANEO Pocket DMG-hez <strong>igaz\u00edtva<\/strong>.<\/li>\n<li>Tart\u00f3s anyagok a <strong>fokozott v\u00e9delem<\/strong> \u00e9rdek\u00e9ben <strong>.<\/strong><\/li>\n<li>K\u00f6nny\u0171 \u00e9s hordozhat\u00f3 az <strong>\u00fatk\u00f6zbeni k\u00e9nyelem<\/strong> \u00e9rdek\u00e9ben <strong>.<\/strong><\/li>\n<li>Puha bels\u0151 b\u00e9l\u00e9s a <strong>karcol\u00e1sok megel\u0151z\u00e9s\u00e9re.<\/strong><\/li>\n<li>Eleg\u00e1ns \u00e9s st\u00edlusos k\u00fcls\u0151 a <strong>modern eszt\u00e9tik\u00e1\u00e9rt.<\/strong><\/li>\n<\/ul>\n[cg_accordion title=\"FIZET\u00c9SI INFORM\u00c1CI\u00d3K\"]<\/p>\n<p>A leg\u00fajabb technol\u00f3gi\u00e1t haszn\u00e1ljuk a fizet\u00e9s feldolgoz\u00e1s\u00e1ban, amely lehet\u0151v\u00e9 teszi, hogy az Apple Pay, a Google Pay, a bankk\u00e1rtya\/hitelk\u00e1rtya, a PayPal vagy a BNPL m\u00f3dszerek, mint p\u00e9ld\u00e1ul a Klarna, az Affirm vagy az AfterPay seg\u00edts\u00e9g\u00e9vel fizessen ki gyorsan \u00e9s biztons\u00e1gosan.[\/cg_accordion]\n[cg_accordion title=\"GARANCIA\"]<\/p>\n<p>1 \u00e9v garancia a <a href=\"https:\/\/droix.net\/\" target=\"_blank\" rel=\"nofollow noopener\">DROIX Global- t\u00f3l az \u00d6n nyugalma \u00e9rdek\u00e9ben<\/a> [\/cg_accordion]\n[cg_accordion title=\"\u00c1RK\u00c9PZ\u00c9S, AD\u00d3K \u00c9S SZ\u00c1LL\u00cdT\u00c1S\"]<\/p>\n<p><strong><u>Megjegyz\u00e9s:<\/u><\/strong><\/p>\n<ul>\n<li>Egyes\u00fclt \u00c1llamok \u00dcgyfelek: A felt\u00fcntetett \u00e1r NEM tartalmazza az ad\u00f3t \u00e9s a v\u00e1mokat. A v\u00e1mkezel\u00e9s \u00e9s a kapcsol\u00f3d\u00f3 ad\u00f3k\/v\u00e1mok megfizet\u00e9se az \u00fcgyfelet terheli. <\/li>\n<li>EU-s \u00fcgyfelek: A felt\u00fcntetett \u00e1r tartalmazza az alkalmazand\u00f3 ad\u00f3t, amely az \u00d6n orsz\u00e1g\u00e1t\u00f3l f\u00fcgg\u0151en ak\u00e1r 25% is lehet.<\/li>\n<li>Kanadai \u00fcgyfelek: A felt\u00fcntetett \u00e1r tartalmazza az alkalmazand\u00f3 ad\u00f3kat, amelyek az \u00d6n tartom\u00e1ny\u00e1t\u00f3l f\u00fcgg\u0151en tartalmazhatj\u00e1k az 5%-os GST-t \u00e9s tov\u00e1bbi tartom\u00e1nyi forgalmi ad\u00f3kat (PST), harmoniz\u00e1lt forgalmi ad\u00f3t (HST) vagy qu\u00e9beci forgalmi ad\u00f3t (QST).<\/li>\n<\/ul>\n<p><strong>CSAK EU-s \u00fcgyfelek sz\u00e1m\u00e1ra:<\/strong> Express DDP (Delivered Duty Paid). Ez azt jelenti: <\/p>\n<ul>\n<li>A term\u00e9k oldal\u00e1n felt\u00fcntetett \u00e1r tartalmazza az \u00f6sszes v\u00e1mot \u00e9s ad\u00f3t.<\/li>\n<li>A k\u00e9zbes\u00edt\u00e9skor nem kell tov\u00e1bbi d\u00edjakat fizetnie.<\/li>\n<li>Abban a ritka esetben, ha a v\u00e1mkezel\u00e9ssel kapcsolatos probl\u00e9m\u00e1k mer\u00fclnek fel, csapatunk az \u00d6n nev\u00e9ben elv\u00e9gzi a v\u00e1mkezel\u00e9si folyamatot, hogy biztos\u00edtsa a z\u00f6kken\u0151mentes sz\u00e1ll\u00edt\u00e1st.<\/li>\n<p>Fontos inform\u00e1ci\u00f3k a visszak\u00fcld\u00e9sr\u0151l:<\/p>\n<li>Ha \u00fagy d\u00f6nt, hogy visszak\u00fcldi megrendel\u00e9s\u00e9t vagy visszat\u00e9r\u00edt\u00e9st k\u00e9r, k\u00e9rj\u00fck, vegye figyelembe, hogy a DDP felt\u00e9telei szerint az \u00d6n nev\u00e9ben kifizetett ad\u00f3k \u00e9s v\u00e1mok nem t\u00e9r\u00edthet\u0151k vissza.<\/li>\n<p>R\u00e9szletes <a href=\"https:\/\/ayaneo.co\/hu\/szolgaltatasi-feltetelek\/\" target=\"_blank\" rel=\"nofollow noopener\">inform\u00e1ci\u00f3k\u00e9rt k\u00e9rj\u00fck, olvassa el a Felhaszn\u00e1l\u00e1si Felt\u00e9teleinket<\/a>.\n<\/ul>\n<p>[\/cg_accordion]\n[cg_accordion title=\"\u00dcGYF\u00c9LSZOLG\u00c1LAT\"]<\/p>\n<p>K\u00e9rd\u00e9se van? Egy r\u00f6vid sz\u00f6veges \u00fczenetben megoldjuk a probl\u00e9m\u00e1j\u00e1t!<br \/>\n[\/cg_accordion]\n[cg_accordion title=\"A csomag tartalmazza\"]<\/p>\n<ul>\n<li>1x AYANEO Pocket DMG tok<\/li>\n<\/ul>\n<p>[\/cg_accordion]\n","protected":false},"featured_media":41826,"template":"","meta":{"_acf_changed":false},"product_brand":[],"product_cat":[4933],"product_tag":[],"class_list":{"0":"post-41824","1":"product","2":"type-product","3":"status-publish","4":"has-post-thumbnail","6":"product_cat-tartozekok","7":"product_shipping_class-low-end","8":"pa_accessory-type-vedo-tok","9":"pa_brand-ayaneo","11":"first","12":"instock","13":"sale","14":"taxable","15":"shipping-taxable","16":"purchasable","17":"product-type-simple"},"acf":[],"_links":{"self":[{"href":"https:\/\/ayaneo.co\/hu\/wp-json\/wp\/v2\/product\/41824","targetHints":{"allow":["GET"]}}],"collection":[{"href":"https:\/\/ayaneo.co\/hu\/wp-json\/wp\/v2\/product"}],"about":[{"href":"https:\/\/ayaneo.co\/hu\/wp-json\/wp\/v2\/types\/product"}],"wp:featuredmedia":[{"embeddable":true,"href":"https:\/\/ayaneo.co\/hu\/wp-json\/wp\/v2\/media\/41826"}],"wp:attachment":[{"href":"https:\/\/ayaneo.co\/hu\/wp-json\/wp\/v2\/media?parent=41824"}],"wp:term":[{"taxonomy":"product_brand","embeddable":true,"href":"https:\/\/ayaneo.co\/hu\/wp-json\/wp\/v2\/product_brand?post=41824"},{"taxonomy":"product_cat","embeddable":true,"href":"https:\/\/ayaneo.co\/hu\/wp-json\/wp\/v2\/product_cat?post=41824"},{"taxonomy":"product_tag","embeddable":true,"href":"https:\/\/ayaneo.co\/hu\/wp-json\/wp\/v2\/product_tag?post=41824"}],"curies":[{"name":"wp","href":"https:\/\/api.w.org\/{rel}","templated":true}]}}