{"id":42354,"date":"2025-01-23T09:43:09","date_gmt":"2025-01-23T09:43:09","guid":{"rendered":"https:\/\/ayaneo.co\/product\/ayaneo-pocket-bor-dmg-tok\/"},"modified":"2025-12-04T10:05:35","modified_gmt":"2025-12-04T10:05:35","slug":"ayaneo-pocket-bor-dmg-tok","status":"publish","type":"product","link":"https:\/\/ayaneo.co\/hu\/product\/ayaneo-pocket-bor-dmg-tok\/","title":{"rendered":"AYANEO Pocket b\u0151r DMG tok"},"content":{"rendered":"\n<h2 class=\"wp-block-heading\" id=\"h-product-overview\">Term\u00e9k \u00e1ttekint\u00e9se:<\/h2>\n\n<p>Az <strong>AYANEO Pocket DMG tok<\/strong> a st\u00edlus \u00e9s a funkcionalit\u00e1s t\u00f6k\u00e9letes kever\u00e9ke, <strong>amelyet<\/strong> kiz\u00e1r\u00f3lag az AYANEO Pocket DMG konzolhoz terveztek. A pr\u00e9mium min\u0151s\u00e9g\u0171 b\u0151rb\u0151l k\u00e9sz\u00fclt tok a retro j\u00e1t\u00e9keszt\u00e9tika el\u0151tt tiszteleg, mik\u00f6zben modern v\u00e9delmet ny\u00fajt a k\u00e9zi eszk\u00f6z\u00f6dnek. <\/p>\n\n<hr class=\"wp-block-separator has-alpha-channel-opacity\"\/>\n\n<h2 class=\"wp-block-heading\" id=\"h-key-features\">Kulcsfontoss\u00e1g\u00fa jellemz\u0151k:<\/h2>\n\n<p><strong>Retro-ihlet\u00e9s\u0171 diz\u00e1jn<\/strong><br\/>A tok diz\u00e1jnja a klasszikus j\u00e1t\u00e9kokb\u00f3l mer\u00edt ihletet, \u00edgy a nosztalgikus hangulatot kedvel\u0151 j\u00e1t\u00e9kosok sz\u00e1m\u00e1ra kihagyhatatlan kieg\u00e9sz\u00edt\u0151.<\/p>\n\n<p> <strong>Pr\u00e9mium b\u0151rszerkezet<\/strong><br\/>A kiv\u00e1l\u00f3 min\u0151s\u00e9g\u0171 b\u0151rb\u0151l k\u00e9sz\u00fclt tok eleg\u00e1ns \u00e9s tart\u00f3s megold\u00e1st k\u00edn\u00e1l, hogy meg\u00f3vja k\u00e9sz\u00fcl\u00e9k\u00e9t a karcol\u00e1sokt\u00f3l, port\u00f3l \u00e9s kisebb \u00fct\u00e9sekt\u0151l.<\/p>\n\n<p><strong>Kompakt \u00e9s hordozhat\u00f3<\/strong><br\/>Az AYANEO Pocket DMG t\u00f6k\u00e9letes m\u00e9ret\u0171, karcs\u00fa profilja k\u00f6nny\u0171 hordozhat\u00f3s\u00e1got biztos\u00edt an\u00e9lk\u00fcl, hogy kompromisszumot k\u00f6tne a v\u00e9delem ter\u00e9n.<\/p>\n\n<p><strong>M\u00e1gneses lez\u00e1r\u00e1s<\/strong><br\/>A be\u00e9p\u00edtett m\u00e1gneses z\u00e1rral r\u00f6gz\u00edtheti k\u00e9sz\u00fcl\u00e9k\u00e9t, \u00edgy konzolja biztons\u00e1gban marad utaz\u00e1s vagy t\u00e1rol\u00e1s k\u00f6zben.<\/p>\n\n<p> <strong>Eleg\u00e1ns sz\u00ednv\u00e1laszt\u00e9k<\/strong><br\/>T\u00f6bbf\u00e9le retro-ihlet\u00e9s\u0171 \u00e1rnyalatban kaphat\u00f3, hogy illeszkedjen a j\u00e1t\u00e9kst\u00edlusodhoz.<\/p>\n\n<hr class=\"wp-block-separator has-alpha-channel-opacity\"\/>\n\n<h2 class=\"wp-block-heading\" id=\"h-why-choose-the-ayaneo-dmg-case\">Mi\u00e9rt v\u00e1lassza az AYANEO Pocket DMG tokot?<\/h2>\n\n<p>Ak\u00e1r a retro j\u00e1t\u00e9kok szerelmese vagy, ak\u00e1r egyszer\u0171en csak egy st\u00edlusos m\u00f3dot keresel konzolod v\u00e9delm\u00e9re, az AYANEO DMG Case p\u00e1ratlan min\u0151s\u00e9get \u00e9s id\u0151tlen diz\u00e1jnt k\u00edn\u00e1l. Pontos illeszked\u00e9se \u00e9s pr\u00e9mium min\u0151s\u00e9g\u0171 anyagai biztos\u00edtj\u00e1k, hogy k\u00e9sz\u00fcl\u00e9ke mindig v\u00e9dve legyen, \u00e9s b\u00e1rmikor \u00e9s b\u00e1rhol k\u00e9szen \u00e1lljon a j\u00e1t\u00e9kra.   <\/p>\n\n<hr class=\"wp-block-separator has-alpha-channel-opacity\"\/>\n\n<h3 class=\"wp-block-heading\" id=\"h-specifications\">Specifik\u00e1ci\u00f3k:<\/h3>\n\n<ul class=\"wp-block-list\">\n<li><strong>Anyag:<\/strong> Pr\u00e9mium b\u0151r<\/li>\n\n\n\n<li><strong>Kompatibilit\u00e1s:<\/strong> AYANEO Pocket DMG konzol<\/li>\n\n\n\n<li><strong>Z\u00e1r\u00e1si t\u00edpus:<\/strong> M\u00e1gneses<\/li>\n\n\n\n<li><strong>M\u00e9retek:<\/strong> Testre szabottan a k\u00e9sz\u00fcl\u00e9khez igaz\u00edtva<\/li>\n<\/ul>\n\n<p>Friss\u00edtse j\u00e1t\u00e9k\u00e9lm\u00e9ny\u00e9t m\u00e9g ma az AYANEO Pocket DMG tokkal &#8211; ahol a retro hangulat tal\u00e1lkozik a modern v\u00e9delemmel!<\/p>\n\n<p><\/p>\n","protected":false},"excerpt":{"rendered":"<ul>\n<li><strong>Hivatalos AYANEO<\/strong> Pocket DMG b\u0151r tok<\/li>\n<li>Retro ihlet\u00e9s\u0171 design <strong>nosztalgikus j\u00e1t\u00e9kosoknak.<\/strong><\/li>\n<li>Pr\u00e9mium b\u0151rszerkezet a <strong>tart\u00f3s v\u00e9delem\u00e9rt<\/strong>.<\/li>\n<li>M\u00e1gneses z\u00e1r <strong>a biztons\u00e1gos \u00e9s k\u00f6nny\u0171 hozz\u00e1f\u00e9r\u00e9s\u00e9rt.<\/strong><\/li>\n<li>Kompakt \u00e9s k\u00f6nny\u0171, hogy <strong>\u00fatk\u00f6zben is k\u00e9nyelmes legyen.<\/strong><\/li>\n<\/ul>\n[cg_accordion title=\"FIZET\u00c9SI INFORM\u00c1CI\u00d3K\"]<\/p>\n<p>A leg\u00fajabb technol\u00f3gi\u00e1t haszn\u00e1ljuk a fizet\u00e9s feldolgoz\u00e1s\u00e1ban, amely lehet\u0151v\u00e9 teszi, hogy az Apple Pay, a Google Pay, a bankk\u00e1rtya\/hitelk\u00e1rtya, a PayPal vagy a BNPL m\u00f3dszerek, mint p\u00e9ld\u00e1ul a Klarna, az Affirm vagy az AfterPay seg\u00edts\u00e9g\u00e9vel fizessen ki gyorsan \u00e9s biztons\u00e1gosan.[\/cg_accordion]\n[cg_accordion title=\"GARANCIA\"]<\/p>\n<p>1 \u00e9v garancia a <a href=\"https:\/\/droix.net\/\" target=\"_blank\" rel=\"nofollow noopener\">DROIX Global- t\u00f3l az \u00d6n nyugalma \u00e9rdek\u00e9ben<\/a> [\/cg_accordion]\n[cg_accordion title=\"MIN\u0150S\u00c9GBIZTOS\u00cdT\u00c1S \u00c9S SZ\u00c1LL\u00cdT\u00c1S EL\u0150TTI TESZTEL\u00c9S\"]<\/p>\n<p>A legmagasabb sz\u00ednvonal\u00fa \u00fcgyf\u00e9l-el\u00e9gedetts\u00e9g biztos\u00edt\u00e1sa: Minden k\u00e9sz\u00fcl\u00e9ket szigor\u00fa tesztel\u00e9snek \u00e9s t\u00f6bbpontos min\u0151s\u00e9gbiztos\u00edt\u00e1si ellen\u0151rz\u00e9snek vetnek al\u00e1, miel\u0151tt kisz\u00e1ll\u00edt\u00e1sra ker\u00fcl. Elk\u00f6telezett csapatunk ellen\u0151rzi a teljes\u00edtm\u00e9nyt, a funkcionalit\u00e1st \u00e9s az alkatr\u00e9szek \u00e9ps\u00e9g\u00e9t, hogy garant\u00e1ljuk, hogy az AYANEO k\u00e9sz\u00fcl\u00e9k meg\u00e9rkez\u00e9sekor t\u00f6k\u00e9letes m\u0171k\u00f6d\u00e9si \u00e1llapotban van, \u00edgy biztos\u00edtva \u00d6nnek a bizalmat \u00e9s a nyugalmat. [\/cg_accordion]\n[cg_accordion title=\"\u00c1RK\u00c9PZ\u00c9S, AD\u00d3K \u00c9S SZ\u00c1LL\u00cdT\u00c1S\"]<\/p>\n<p><strong><u>Megjegyz\u00e9s:<\/u><\/strong><\/p>\n<ul>\n<li>Egyes\u00fclt \u00c1llamok \u00dcgyfelek: A felt\u00fcntetett \u00e1r NEM tartalmazza az ad\u00f3t \u00e9s a v\u00e1mokat. A v\u00e1mkezel\u00e9s \u00e9s a kapcsol\u00f3d\u00f3 ad\u00f3k\/v\u00e1mok megfizet\u00e9se az \u00fcgyfelet terheli. <\/li>\n<li>EU-s \u00fcgyfelek: A felt\u00fcntetett \u00e1r tartalmazza az alkalmazand\u00f3 ad\u00f3t, amely az \u00d6n orsz\u00e1g\u00e1t\u00f3l f\u00fcgg\u0151en ak\u00e1r 25% is lehet.<\/li>\n<li>Kanadai \u00fcgyfelek: A felt\u00fcntetett \u00e1r tartalmazza az alkalmazand\u00f3 ad\u00f3kat, amelyek az \u00d6n tartom\u00e1ny\u00e1t\u00f3l f\u00fcgg\u0151en tartalmazhatj\u00e1k az 5%-os GST-t \u00e9s tov\u00e1bbi tartom\u00e1nyi forgalmi ad\u00f3kat (PST), harmoniz\u00e1lt forgalmi ad\u00f3t (HST) vagy qu\u00e9beci forgalmi ad\u00f3t (QST).<\/li>\n<\/ul>\n<p><strong>CSAK EU-s \u00fcgyfelek sz\u00e1m\u00e1ra:<\/strong> Express DDP (Delivered Duty Paid). Ez azt jelenti: <\/p>\n<ul>\n<li>A term\u00e9k oldal\u00e1n felt\u00fcntetett \u00e1r tartalmazza az \u00f6sszes v\u00e1mot \u00e9s ad\u00f3t.<\/li>\n<li>A k\u00e9zbes\u00edt\u00e9skor nem kell tov\u00e1bbi d\u00edjakat fizetnie.<\/li>\n<li>Abban a ritka esetben, ha a v\u00e1mkezel\u00e9ssel kapcsolatos probl\u00e9m\u00e1k mer\u00fclnek fel, csapatunk az \u00d6n nev\u00e9ben elv\u00e9gzi a v\u00e1mkezel\u00e9si folyamatot, hogy biztos\u00edtsa a z\u00f6kken\u0151mentes sz\u00e1ll\u00edt\u00e1st.<\/li>\n<p>Fontos inform\u00e1ci\u00f3k a visszak\u00fcld\u00e9sr\u0151l:<\/p>\n<li>Ha \u00fagy d\u00f6nt, hogy visszak\u00fcldi megrendel\u00e9s\u00e9t vagy visszat\u00e9r\u00edt\u00e9st k\u00e9r, k\u00e9rj\u00fck, vegye figyelembe, hogy a DDP felt\u00e9telei szerint az \u00d6n nev\u00e9ben kifizetett ad\u00f3k \u00e9s v\u00e1mok nem t\u00e9r\u00edthet\u0151k vissza.<\/li>\n<p>R\u00e9szletes <a href=\"https:\/\/ayaneo.co\/hu\/szolgaltatasi-feltetelek\/\" target=\"_blank\" rel=\"nofollow noopener\">inform\u00e1ci\u00f3k\u00e9rt k\u00e9rj\u00fck, olvassa el a Felhaszn\u00e1l\u00e1si Felt\u00e9teleinket<\/a>.\n<\/ul>\n<p>[\/cg_accordion]\n[cg_accordion title=\"\u00dcGYF\u00c9LSZOLG\u00c1LAT\"]<\/p>\n<p>K\u00e9rd\u00e9se van? Egy r\u00f6vid sz\u00f6veges \u00fczenetben megoldjuk a probl\u00e9m\u00e1j\u00e1t! [\/cg_accordion]\n[cg_accordion title=\"A CSOMAG TARTALMAZZA\"]<\/p>\n<ul>\n<li>1x AYANEO Pocket DMG tok<\/li>\n<\/ul>\n<p>[\/cg_accordion]\n","protected":false},"featured_media":42358,"template":"","meta":{"_acf_changed":false},"product_brand":[],"product_cat":[4933],"product_tag":[],"class_list":{"0":"post-42354","1":"product","2":"type-product","3":"status-publish","4":"has-post-thumbnail","6":"product_cat-tartozekok","7":"product_shipping_class-low-end","8":"pa_accessory-type-vedo-tok","9":"pa_brand-ayaneo","11":"first","12":"instock","13":"sale","14":"taxable","15":"shipping-taxable","16":"purchasable","17":"product-type-variable"},"acf":[],"_links":{"self":[{"href":"https:\/\/ayaneo.co\/hu\/wp-json\/wp\/v2\/product\/42354","targetHints":{"allow":["GET"]}}],"collection":[{"href":"https:\/\/ayaneo.co\/hu\/wp-json\/wp\/v2\/product"}],"about":[{"href":"https:\/\/ayaneo.co\/hu\/wp-json\/wp\/v2\/types\/product"}],"wp:featuredmedia":[{"embeddable":true,"href":"https:\/\/ayaneo.co\/hu\/wp-json\/wp\/v2\/media\/42358"}],"wp:attachment":[{"href":"https:\/\/ayaneo.co\/hu\/wp-json\/wp\/v2\/media?parent=42354"}],"wp:term":[{"taxonomy":"product_brand","embeddable":true,"href":"https:\/\/ayaneo.co\/hu\/wp-json\/wp\/v2\/product_brand?post=42354"},{"taxonomy":"product_cat","embeddable":true,"href":"https:\/\/ayaneo.co\/hu\/wp-json\/wp\/v2\/product_cat?post=42354"},{"taxonomy":"product_tag","embeddable":true,"href":"https:\/\/ayaneo.co\/hu\/wp-json\/wp\/v2\/product_tag?post=42354"}],"curies":[{"name":"wp","href":"https:\/\/api.w.org\/{rel}","templated":true}]}}