{"id":42458,"date":"2025-01-23T10:39:56","date_gmt":"2025-01-23T10:39:56","guid":{"rendered":"https:\/\/ayaneo.co\/product\/ayaneo-pocket-micro-kepernyovedo\/"},"modified":"2025-12-04T10:17:05","modified_gmt":"2025-12-04T10:17:05","slug":"ayaneo-pocket-micro-kepernyovedo","status":"publish","type":"product","link":"https:\/\/ayaneo.co\/hu\/product\/ayaneo-pocket-micro-kepernyovedo\/","title":{"rendered":"AYANEO Pocket Micro k\u00e9perny\u0151v\u00e9d\u0151"},"content":{"rendered":"\n<h2 class=\"wp-block-heading\">Term\u00e9k \u00e1ttekint\u00e9se:<\/h2>\n\n<p>Az <strong>AYANEO Pocket Micro k\u00e9perny\u0151v\u00e9d\u0151t \u00fagy tervezt\u00e9k<\/strong>, hogy megv\u00e9dje a konzol k\u00e9perny\u0151j\u00e9t, mik\u00f6zben meg\u0151rzi a krist\u00e1lytiszta kijelz\u0151 min\u0151s\u00e9g\u00e9t. Karc\u00e1ll\u00f3 \u00e9s maszatol\u00e1smentes tulajdons\u00e1gaival biztos\u00edtja a zavartalan j\u00e1t\u00e9kk\u00e9pet, mik\u00f6zben a k\u00e9perny\u0151t megv\u00e9di a mindennapi kop\u00e1st\u00f3l. <\/p>\n\n<ol class=\"wp-block-list\">\n<li><strong>Testre szabottan<\/strong> az AYANEO Pocket Micro <strong>sz\u00e1m\u00e1ra<\/strong>.<\/li>\n\n\n\n<li>Tart\u00f3s \u00e9s <strong>karc\u00e1ll\u00f3 fel\u00fclet.<\/strong><\/li>\n\n\n\n<li>Ultratiszta anyag <strong>az \u00e9l\u00e9nk j\u00e1t\u00e9kk\u00e9pek\u00e9rt.<\/strong><\/li>\n\n\n\n<li>Elken\u0151d\u00e9smentes bevonat a <strong>tiszta \u00e9s tiszta kijelz\u0151\u00e9rt.<\/strong><\/li>\n\n\n\n<li>Egyszer\u0171, bubor\u00e9kmentes telep\u00edt\u00e9s <strong>a probl\u00e9mamentes alkalmaz\u00e1s<\/strong> \u00e9rdek\u00e9ben <strong>.<\/strong><\/li>\n<\/ol>\n\n<h2 class=\"wp-block-heading\">Mi\u00e9rt v\u00e1lassza az AYANEO Pocket Micro k\u00e9perny\u0151v\u00e9d\u0151t?<\/h2>\n\n<p>V\u00e9dje j\u00e1t\u00e9kkonzolja k\u00e9perny\u0151j\u00e9t egy olyan v\u00e9d\u0151vel, amely biztos\u00edtja a tisztas\u00e1got \u00e9s a tart\u00f3ss\u00e1got. Az AYANEO Pocket Micro k\u00e9perny\u0151v\u00e9d\u0151 t\u00f6k\u00e9letes azoknak a j\u00e1t\u00e9kosoknak, akik szeretn\u00e9k \u00e9lvezni az \u00e9l\u00e9nk k\u00e9pi megjelen\u00edt\u00e9st, mik\u00f6zben konzoljukat meg\u00f3vj\u00e1k a karcol\u00e1sokt\u00f3l, foltokt\u00f3l \u00e9s ujjlenyomatokt\u00f3l. <\/p>\n\n<hr class=\"wp-block-separator has-alpha-channel-opacity\"\/>\n\n<h4 class=\"wp-block-heading\">Specifik\u00e1ci\u00f3k:<\/h4>\n\n<ul class=\"wp-block-list\">\n<li><strong>Anyag:<\/strong> f\u00f3lia: edzett \u00fcveg vagy pr\u00e9mium f\u00f3lia<\/li>\n\n\n\n<li><strong>Kompatibilit\u00e1s:<\/strong> AYANEO Pocket Micro konzol<\/li>\n\n\n\n<li><strong>Jellemz\u0151k:<\/strong> Bubor\u00e9kmentes felvitel: Karcol\u00e1smentes, maszatol\u00e1smentes, bubor\u00e9kmentes alkalmaz\u00e1s.<\/li>\n<\/ul>\n\n<p>Fokozza j\u00e1t\u00e9k\u00e9lm\u00e9ny\u00e9t az AYANEO Pocket Micro k\u00e9perny\u0151v\u00e9d\u0151vel &#8211; mert a konzolja a legjobbat \u00e9rdemli!<\/p>\n","protected":false},"excerpt":{"rendered":"<ul>\n<li><strong>Testre szabottan<\/strong> az AYANEO Pocket Micro <strong>sz\u00e1m\u00e1ra<\/strong>.<\/li>\n<li>Tart\u00f3s \u00e9s <strong>karc\u00e1ll\u00f3 fel\u00fclet.<\/strong><\/li>\n<li>Ultratiszta anyag <strong>az \u00e9l\u00e9nk j\u00e1t\u00e9kk\u00e9pek\u00e9rt.<\/strong><\/li>\n<li>Elken\u0151d\u00e9smentes bevonat a <strong>tiszta \u00e9s tiszta kijelz\u0151\u00e9rt.<\/strong><\/li>\n<li>Egyszer\u0171, bubor\u00e9kmentes telep\u00edt\u00e9s <strong>a probl\u00e9mamentes alkalmaz\u00e1s<\/strong> \u00e9rdek\u00e9ben <strong>.<\/strong><\/li>\n<\/ul>\n[cg_accordion title=\"FIZET\u00c9SI INFORM\u00c1CI\u00d3K\"]<\/p>\n<p>A leg\u00fajabb technol\u00f3gi\u00e1t haszn\u00e1ljuk a fizet\u00e9s feldolgoz\u00e1s\u00e1ban, amely lehet\u0151v\u00e9 teszi, hogy az Apple Pay, a Google Pay, a bankk\u00e1rtya\/hitelk\u00e1rtya, a PayPal vagy a BNPL m\u00f3dszerek, mint p\u00e9ld\u00e1ul a Klarna, az Affirm vagy az AfterPay seg\u00edts\u00e9g\u00e9vel fizessen ki gyorsan \u00e9s biztons\u00e1gosan.[\/cg_accordion]\n[cg_accordion title=\"GARANCIA\"]<\/p>\n<p>1 \u00e9v garancia a <a href=\"https:\/\/droix.net\/\" target=\"_blank\" rel=\"nofollow noopener\">DROIX Global- t\u00f3l az \u00d6n nyugalma \u00e9rdek\u00e9ben<\/a> [\/cg_accordion]\n[cg_accordion title=\"MIN\u0150S\u00c9GBIZTOS\u00cdT\u00c1S \u00c9S SZ\u00c1LL\u00cdT\u00c1S EL\u0150TTI TESZTEL\u00c9S\"]<\/p>\n<p>A legmagasabb sz\u00ednvonal\u00fa \u00fcgyf\u00e9l-el\u00e9gedetts\u00e9g biztos\u00edt\u00e1sa: Minden k\u00e9sz\u00fcl\u00e9ket szigor\u00fa tesztel\u00e9snek \u00e9s t\u00f6bbpontos min\u0151s\u00e9gbiztos\u00edt\u00e1si ellen\u0151rz\u00e9snek vetnek al\u00e1, miel\u0151tt kisz\u00e1ll\u00edt\u00e1sra ker\u00fcl. Elk\u00f6telezett csapatunk ellen\u0151rzi a teljes\u00edtm\u00e9nyt, a funkcionalit\u00e1st \u00e9s az alkatr\u00e9szek \u00e9ps\u00e9g\u00e9t, hogy garant\u00e1ljuk, hogy az AYANEO k\u00e9sz\u00fcl\u00e9k meg\u00e9rkez\u00e9sekor t\u00f6k\u00e9letes m\u0171k\u00f6d\u00e9si \u00e1llapotban van, \u00edgy biztos\u00edtva \u00d6nnek a bizalmat \u00e9s a nyugalmat. [\/cg_accordion]\n[cg_accordion title=\"\u00c1RK\u00c9PZ\u00c9S, AD\u00d3K \u00c9S SZ\u00c1LL\u00cdT\u00c1S\"]<\/p>\n<p><strong><u>Megjegyz\u00e9s:<\/u><\/strong><\/p>\n<ul>\n<li>Egyes\u00fclt \u00c1llamok \u00dcgyfelek: A felt\u00fcntetett \u00e1r NEM tartalmazza az ad\u00f3t \u00e9s a v\u00e1mokat. A v\u00e1mkezel\u00e9s \u00e9s a kapcsol\u00f3d\u00f3 ad\u00f3k\/v\u00e1mok megfizet\u00e9se az \u00fcgyfelet terheli. <\/li>\n<li>EU-s \u00fcgyfelek: A felt\u00fcntetett \u00e1r tartalmazza az alkalmazand\u00f3 ad\u00f3t, amely az \u00d6n orsz\u00e1g\u00e1t\u00f3l f\u00fcgg\u0151en ak\u00e1r 25% is lehet.<\/li>\n<li>Kanadai \u00fcgyfelek: A felt\u00fcntetett \u00e1r tartalmazza az alkalmazand\u00f3 ad\u00f3kat, amelyek az \u00d6n tartom\u00e1ny\u00e1t\u00f3l f\u00fcgg\u0151en tartalmazhatj\u00e1k az 5%-os GST-t \u00e9s tov\u00e1bbi tartom\u00e1nyi forgalmi ad\u00f3kat (PST), harmoniz\u00e1lt forgalmi ad\u00f3t (HST) vagy qu\u00e9beci forgalmi ad\u00f3t (QST).<\/li>\n<\/ul>\n<p><strong>CSAK EU-s \u00fcgyfelek sz\u00e1m\u00e1ra:<\/strong> Express DDP (Delivered Duty Paid). Ez azt jelenti: <\/p>\n<ul>\n<li>A term\u00e9k oldal\u00e1n felt\u00fcntetett \u00e1r tartalmazza az \u00f6sszes v\u00e1mot \u00e9s ad\u00f3t.<\/li>\n<li>A k\u00e9zbes\u00edt\u00e9skor nem kell tov\u00e1bbi d\u00edjakat fizetnie.<\/li>\n<li>Abban a ritka esetben, ha a v\u00e1mkezel\u00e9ssel kapcsolatos probl\u00e9m\u00e1k mer\u00fclnek fel, csapatunk az \u00d6n nev\u00e9ben elv\u00e9gzi a v\u00e1mkezel\u00e9si folyamatot, hogy biztos\u00edtsa a z\u00f6kken\u0151mentes sz\u00e1ll\u00edt\u00e1st.<\/li>\n<p>Fontos inform\u00e1ci\u00f3k a visszak\u00fcld\u00e9sr\u0151l:<\/p>\n<li>Ha \u00fagy d\u00f6nt, hogy visszak\u00fcldi megrendel\u00e9s\u00e9t vagy visszat\u00e9r\u00edt\u00e9st k\u00e9r, k\u00e9rj\u00fck, vegye figyelembe, hogy a DDP felt\u00e9telei szerint az \u00d6n nev\u00e9ben kifizetett ad\u00f3k \u00e9s v\u00e1mok nem t\u00e9r\u00edthet\u0151k vissza.<\/li>\n<p>R\u00e9szletes <a href=\"https:\/\/ayaneo.co\/hu\/szolgaltatasi-feltetelek\/\" target=\"_blank\" rel=\"nofollow noopener\">inform\u00e1ci\u00f3k\u00e9rt k\u00e9rj\u00fck, olvassa el a Felhaszn\u00e1l\u00e1si Felt\u00e9teleinket<\/a>.\n<\/ul>\n<p>[\/cg_accordion]\n[cg_accordion title=\"\u00dcGYF\u00c9LSZOLG\u00c1LAT\"]<\/p>\n<p>K\u00e9rd\u00e9se van? Egy r\u00f6vid sz\u00f6veges \u00fczenetben megoldjuk a probl\u00e9m\u00e1j\u00e1t! [\/cg_accordion]\n[cg_accordion title=\"A CSOMAG TARTALMAZZA\"]<\/p>\n<ul>\n<li>1x AYANEO Pocket Micro k\u00e9perny\u0151v\u00e9d\u0151<\/li>\n<\/ul>\n<p>[\/cg_accordion]\n","protected":false},"featured_media":42460,"template":"","meta":{"_acf_changed":false},"product_brand":[],"product_cat":[5470],"product_tag":[],"class_list":{"0":"post-42458","1":"product","2":"type-product","3":"status-publish","4":"has-post-thumbnail","6":"product_cat-nem-kategorizalt","7":"product_shipping_class-low-end","8":"pa_accessory-type-kepernyovedo","9":"pa_brand-ayaneo","11":"first","12":"outofstock","13":"sale","14":"taxable","15":"shipping-taxable","16":"purchasable","17":"product-type-variable","18":"has-default-attributes"},"acf":[],"_links":{"self":[{"href":"https:\/\/ayaneo.co\/hu\/wp-json\/wp\/v2\/product\/42458","targetHints":{"allow":["GET"]}}],"collection":[{"href":"https:\/\/ayaneo.co\/hu\/wp-json\/wp\/v2\/product"}],"about":[{"href":"https:\/\/ayaneo.co\/hu\/wp-json\/wp\/v2\/types\/product"}],"wp:featuredmedia":[{"embeddable":true,"href":"https:\/\/ayaneo.co\/hu\/wp-json\/wp\/v2\/media\/42460"}],"wp:attachment":[{"href":"https:\/\/ayaneo.co\/hu\/wp-json\/wp\/v2\/media?parent=42458"}],"wp:term":[{"taxonomy":"product_brand","embeddable":true,"href":"https:\/\/ayaneo.co\/hu\/wp-json\/wp\/v2\/product_brand?post=42458"},{"taxonomy":"product_cat","embeddable":true,"href":"https:\/\/ayaneo.co\/hu\/wp-json\/wp\/v2\/product_cat?post=42458"},{"taxonomy":"product_tag","embeddable":true,"href":"https:\/\/ayaneo.co\/hu\/wp-json\/wp\/v2\/product_tag?post=42458"}],"curies":[{"name":"wp","href":"https:\/\/api.w.org\/{rel}","templated":true}]}}