{"id":44805,"date":"2026-01-08T12:04:55","date_gmt":"2026-01-08T12:04:55","guid":{"rendered":"https:\/\/ayaneo.co\/product\/ayaneo-pocket-ds-kepernyovedo-csak-also-kepernyo\/"},"modified":"2026-04-08T09:14:56","modified_gmt":"2026-04-08T09:14:56","slug":"ayaneo-pocket-ds-kepernyovedo-csak-also-kepernyo","status":"publish","type":"product","link":"https:\/\/ayaneo.co\/hu\/product\/ayaneo-pocket-ds-kepernyovedo-csak-also-kepernyo\/","title":{"rendered":"AYANEO Pocket DS k\u00e9perny\u0151v\u00e9d\u0151 (csak als\u00f3 k\u00e9perny\u0151)"},"content":{"rendered":"\n<p>Az <strong>AYANEO Pocket DS k\u00e9perny\u0151v\u00e9d\u0151<\/strong> egy n\u00e9lk\u00fcl\u00f6zhetetlen kieg\u00e9sz\u00edt\u0151 <strong>, amelyet<\/strong> arra terveztek, hogy konzolod m\u00e1sodlagos kijelz\u0151j\u00e9t \u00e9rintetlen \u00e1llapotban tartsa. A nagy felbont\u00e1s\u00fa tisztas\u00e1g \u00e9s precizit\u00e1s \u00e9rdek\u00e9ben kifejlesztett v\u00e9d\u0151tok megv\u00e9di k\u00e9sz\u00fcl\u00e9k\u00e9t a mindennapi kop\u00e1st\u00f3l an\u00e9lk\u00fcl, hogy az \u00e9rint\u00e9s\u00e9rz\u00e9kenys\u00e9get vesz\u00e9lyeztetn\u00e9. <\/p>\n\n<h2 class=\"wp-block-heading\"><strong>&#x26a0;&#xfe0f; Fontos kompatibilit\u00e1si megjegyz\u00e9s<\/strong><\/h2>\n\n<p>Ezt a k\u00e9perny\u0151v\u00e9d\u0151t <strong>CSAK a 2. (als\u00f3) k\u00e9perny\u0151re<\/strong> tervezt\u00e9k <strong>.<\/strong> &gt; <strong>Az els\u0151 (fels\u0151) k\u00e9perny\u0151h\u00f6z:<\/strong> Nem \u00e1ll rendelkez\u00e9sre \u00e9s nem is aj\u00e1nlott v\u00e9d\u0151, mivel a hozz\u00e1adott vastags\u00e1g megakad\u00e1lyozn\u00e1 a k\u00e9sz\u00fcl\u00e9k megfelel\u0151 z\u00e1r\u00f3d\u00e1s\u00e1t.<\/p>\n\n<h2 class=\"wp-block-heading\">Mi\u00e9rt v\u00e1lassza az AYANEO Pocket DS k\u00e9perny\u0151v\u00e9d\u0151t?<\/h2>\n\n<p>Ak\u00e1r a men\u00fckben navig\u00e1lsz, ak\u00e1r a m\u00e1sodlagos kijelz\u0151n haszn\u00e1lod az \u00e9rint\u00e9sig\u00e9nyes vez\u00e9rl\u0151ket, ez a v\u00e9d\u0151 p\u00e1ratlan tart\u00f3ss\u00e1got biztos\u00edt. A prec\u00edz illeszked\u00e9snek \u00e9s a speci\u00e1lis bevonatnak k\u00f6sz\u00f6nhet\u0151en a j\u00e1t\u00e9k l\u00e1tv\u00e1nya krist\u00e1lytiszta marad, mik\u00f6zben a hardver v\u00e9dve marad a karcol\u00e1sokt\u00f3l \u00e9s az olajokt\u00f3l. <\/p>\n\n<h2 class=\"wp-block-heading\">M\u0171szaki adatok<\/h2>\n\n<ul class=\"wp-block-list\">\n<li><strong>Kompatibilit\u00e1s:<\/strong> AYANEO Pocket DS konzol (als\u00f3 k\u00e9perny\u0151)<\/li>\n\n\n\n<li><strong>Anyag:<\/strong> vagy kiv\u00e1l\u00f3 min\u0151s\u00e9g\u0171 f\u00f3lia<\/li>\n\n\n\n<li><strong>Fel\u00fclet:<\/strong> Karc\u00e1ll\u00f3, maszatol\u00e1smentes \u00e9s ultra-tiszta.<\/li>\n\n\n\n<li><strong>Telep\u00edt\u00e9s:<\/strong> Bubor\u00e9kmentes ragaszt\u00f3 a z\u00f6kken\u0151mentes felhelyez\u00e9s\u00e9rt<\/li>\n<\/ul>\n","protected":false},"excerpt":{"rendered":"<ul>\n<li><strong>Csak a 2. k\u00e9perny\u0151:<\/strong> Kifejezetten az als\u00f3 kijelz\u0151h\u00f6z igaz\u00edtva, hogy lehet\u0151v\u00e9 tegye a k\u00e9sz\u00fcl\u00e9k megfelel\u0151 lez\u00e1r\u00e1s\u00e1t.<\/li>\n<li><strong>Karcol\u00e1s elleni v\u00e9delem:<\/strong> Tart\u00f3s fel\u00fclet v\u00e9delmet ny\u00fajt a tollhaszn\u00e1lat \u00e9s a mindennapi kop\u00e1s ellen.<\/li>\n<li><strong>Krist\u00e1lytiszta:<\/strong> Az <strong>ultra-\u00e1tl\u00e1tsz\u00f3<\/strong> anyag \u00e9l\u00e9nk, zavartalan j\u00e1t\u00e9kk\u00e9pet biztos\u00edt.<\/li>\n<li><strong>Elmos\u00f3d\u00e1s\u00e1ll\u00f3:<\/strong> Olajf\u00f3b bevonat v\u00e9di az \u00e9rint\u0151k\u00e9perny\u0151t az ujjlenyomatokt\u00f3l \u00e9s az olajokt\u00f3l.<\/li>\n<li><strong>K\u00f6nny\u0171 alkalmaz\u00e1s:<\/strong> Gyors, bubor\u00e9kmentes telep\u00edt\u00e9s a z\u00f6kken\u0151mentes, professzion\u00e1lis illeszked\u00e9s\u00e9rt.<\/li>\n<\/ul>\n[cg_accordion title=\"FIZET\u00c9SI INFORM\u00c1CI\u00d3K\"]<\/p>\n<p>A leg\u00fajabb technol\u00f3gi\u00e1t haszn\u00e1ljuk a fizet\u00e9s feldolgoz\u00e1s\u00e1ban, amely lehet\u0151v\u00e9 teszi, hogy az Apple Pay, a Google Pay, a bankk\u00e1rtya\/hitelk\u00e1rtya, a PayPal vagy a BNPL m\u00f3dszerek, mint p\u00e9ld\u00e1ul a Klarna, az Affirm vagy az AfterPay seg\u00edts\u00e9g\u00e9vel fizessen ki gyorsan \u00e9s biztons\u00e1gosan.[\/cg_accordion]\n[cg_accordion title=\"GARANCIA\"]<\/p>\n<p>1 \u00e9v garancia a <a href=\"https:\/\/droix.net\/\" target=\"_blank\" rel=\"nofollow noopener\">DROIX Global- t\u00f3l az \u00d6n nyugalma \u00e9rdek\u00e9ben<\/a> [\/cg_accordion]\n[cg_accordion title=\"MIN\u0150S\u00c9GBIZTOS\u00cdT\u00c1S \u00c9S SZ\u00c1LL\u00cdT\u00c1S EL\u0150TTI TESZTEL\u00c9S\"]<\/p>\n<p>A legmagasabb sz\u00ednvonal\u00fa \u00fcgyf\u00e9l-el\u00e9gedetts\u00e9g biztos\u00edt\u00e1sa: Minden k\u00e9sz\u00fcl\u00e9ket szigor\u00fa tesztel\u00e9snek \u00e9s t\u00f6bbpontos min\u0151s\u00e9gbiztos\u00edt\u00e1si ellen\u0151rz\u00e9snek vetnek al\u00e1, miel\u0151tt kisz\u00e1ll\u00edt\u00e1sra ker\u00fcl. Elk\u00f6telezett csapatunk ellen\u0151rzi a teljes\u00edtm\u00e9nyt, a funkcionalit\u00e1st \u00e9s az alkatr\u00e9szek \u00e9ps\u00e9g\u00e9t, hogy garant\u00e1ljuk, hogy az AYANEO k\u00e9sz\u00fcl\u00e9k meg\u00e9rkez\u00e9sekor t\u00f6k\u00e9letes m\u0171k\u00f6d\u00e9si \u00e1llapotban van, \u00edgy biztos\u00edtva \u00d6nnek a bizalmat \u00e9s a nyugalmat. [\/cg_accordion]\n[cg_accordion title=\"\u00c1RK\u00c9PZ\u00c9S, AD\u00d3K \u00c9S SZ\u00c1LL\u00cdT\u00c1S\"]<\/p>\n<p><strong><u>Megjegyz\u00e9s:<\/u><\/strong><\/p>\n<ul>\n<li>Egyes\u00fclt \u00c1llamok \u00dcgyfelek: A felt\u00fcntetett \u00e1r NEM tartalmazza az ad\u00f3t \u00e9s a v\u00e1mokat. A v\u00e1mkezel\u00e9s \u00e9s a kapcsol\u00f3d\u00f3 ad\u00f3k\/v\u00e1mok megfizet\u00e9se az \u00fcgyfelet terheli. <\/li>\n<li>EU-s \u00fcgyfelek: A felt\u00fcntetett \u00e1r tartalmazza az alkalmazand\u00f3 ad\u00f3t, amely az \u00d6n orsz\u00e1g\u00e1t\u00f3l f\u00fcgg\u0151en ak\u00e1r 25% is lehet.<\/li>\n<li>Kanadai \u00fcgyfelek: A felt\u00fcntetett \u00e1r tartalmazza az alkalmazand\u00f3 ad\u00f3kat, amelyek az \u00d6n tartom\u00e1ny\u00e1t\u00f3l f\u00fcgg\u0151en tartalmazhatj\u00e1k az 5%-os GST-t \u00e9s tov\u00e1bbi tartom\u00e1nyi forgalmi ad\u00f3kat (PST), harmoniz\u00e1lt forgalmi ad\u00f3t (HST) vagy qu\u00e9beci forgalmi ad\u00f3t (QST).<\/li>\n<\/ul>\n<p>USA-beli \u00fcgyfeleink sz\u00e1m\u00e1ra: DAP (Delivered At Place). B\u00e1r az \u00fcgyfelek felel\u0151sek az alkalmazand\u00f3 tarif\u00e1k megfizet\u00e9s\u00e9\u00e9rt, mi az Egyes\u00fclt Kir\u00e1lys\u00e1gb\u00f3l t\u00f6rt\u00e9n\u0151 sz\u00e1ll\u00edt\u00e1sban szerzett sz\u00e9lesk\u00f6r\u0171 tapasztalatainkra t\u00e1maszkodva biztos\u00edtjuk, hogy a lehet\u0151 legkevesebb d\u00edjat kelljen fizetnie. Nyilv\u00e1ntart\u00e1sunk alapj\u00e1n ezek a d\u00edjak \u00e1ltal\u00e1ban nem haladj\u00e1k meg a term\u00e9k \u00e9rt\u00e9k\u00e9nek 10%-\u00e1t.  <\/p>\n<p><strong>CSAK EU-s \u00fcgyfelek sz\u00e1m\u00e1ra:<\/strong> Express DDP (Delivered Duty Paid). Ez azt jelenti: <\/p>\n<ul>\n<li>A term\u00e9k oldal\u00e1n felt\u00fcntetett \u00e1r tartalmazza az \u00f6sszes v\u00e1mot \u00e9s ad\u00f3t.<\/li>\n<li>A k\u00e9zbes\u00edt\u00e9skor nem kell tov\u00e1bbi d\u00edjakat fizetnie.<\/li>\n<li>Abban a ritka esetben, ha a v\u00e1mkezel\u00e9ssel kapcsolatos probl\u00e9m\u00e1k mer\u00fclnek fel, csapatunk az \u00d6n nev\u00e9ben elv\u00e9gzi a v\u00e1mkezel\u00e9si folyamatot, hogy biztos\u00edtsa a z\u00f6kken\u0151mentes sz\u00e1ll\u00edt\u00e1st.<\/li>\n<p>Fontos inform\u00e1ci\u00f3k a visszak\u00fcld\u00e9sr\u0151l:<\/p>\n<li>Ha \u00fagy d\u00f6nt, hogy visszak\u00fcldi megrendel\u00e9s\u00e9t vagy visszat\u00e9r\u00edt\u00e9st k\u00e9r, k\u00e9rj\u00fck, vegye figyelembe, hogy a DDP felt\u00e9telei szerint az \u00d6n nev\u00e9ben kifizetett ad\u00f3k \u00e9s v\u00e1mok nem t\u00e9r\u00edthet\u0151k vissza.<\/li>\n<p>R\u00e9szletes <a href=\"https:\/\/ayaneo.co\/hu\/szolgaltatasi-feltetelek\/\" target=\"_blank\" rel=\"nofollow noopener\">inform\u00e1ci\u00f3k\u00e9rt k\u00e9rj\u00fck, olvassa el a Felhaszn\u00e1l\u00e1si Felt\u00e9teleinket<\/a>.\n<\/ul>\n<p>[\/cg_accordion]\n[cg_accordion title=\"\u00dcGYF\u00c9LSZOLG\u00c1LAT\"]<\/p>\n<p>K\u00e9rd\u00e9se van? Egy r\u00f6vid sz\u00f6veges \u00fczenetben megoldjuk a probl\u00e9m\u00e1j\u00e1t! [\/cg_accordion]\n[cg_accordion title=\"A CSOMAG TARTALMAZZA\"]<\/p>\n<ul>\n<li>1x AYANEO Pocket DS k\u00e9perny\u0151v\u00e9d\u0151<\/li>\n<\/ul>\n<p>[\/cg_accordion]\n","protected":false},"featured_media":43476,"template":"","meta":{"_acf_changed":false},"product_brand":[],"product_cat":[4933],"product_tag":[],"class_list":{"0":"post-44805","1":"product","2":"type-product","3":"status-publish","4":"has-post-thumbnail","6":"product_cat-tartozekok","7":"product_shipping_class-low-end","8":"pa_accessory-type-kepernyovedo","9":"pa_brand-ayaneo","11":"first","12":"instock","13":"sale","14":"taxable","15":"shipping-taxable","16":"purchasable","17":"product-type-simple"},"acf":[],"_links":{"self":[{"href":"https:\/\/ayaneo.co\/hu\/wp-json\/wp\/v2\/product\/44805","targetHints":{"allow":["GET"]}}],"collection":[{"href":"https:\/\/ayaneo.co\/hu\/wp-json\/wp\/v2\/product"}],"about":[{"href":"https:\/\/ayaneo.co\/hu\/wp-json\/wp\/v2\/types\/product"}],"wp:featuredmedia":[{"embeddable":true,"href":"https:\/\/ayaneo.co\/hu\/wp-json\/wp\/v2\/media\/43476"}],"wp:attachment":[{"href":"https:\/\/ayaneo.co\/hu\/wp-json\/wp\/v2\/media?parent=44805"}],"wp:term":[{"taxonomy":"product_brand","embeddable":true,"href":"https:\/\/ayaneo.co\/hu\/wp-json\/wp\/v2\/product_brand?post=44805"},{"taxonomy":"product_cat","embeddable":true,"href":"https:\/\/ayaneo.co\/hu\/wp-json\/wp\/v2\/product_cat?post=44805"},{"taxonomy":"product_tag","embeddable":true,"href":"https:\/\/ayaneo.co\/hu\/wp-json\/wp\/v2\/product_tag?post=44805"}],"curies":[{"name":"wp","href":"https:\/\/api.w.org\/{rel}","templated":true}]}}