{"id":44906,"date":"2026-02-03T13:07:54","date_gmt":"2026-02-03T13:07:54","guid":{"rendered":"https:\/\/ayaneo.co\/product\/biwin-mini-ssd\/"},"modified":"2026-02-12T09:58:32","modified_gmt":"2026-02-12T09:58:32","slug":"biwin-mini-ssd","status":"publish","type":"product","link":"https:\/\/ayaneo.co\/hu\/product\/biwin-mini-ssd\/","title":{"rendered":"BIWIN Mini SSD"},"content":{"rendered":"\n<h2 class=\"wp-block-heading\">BIWIN Mini SSD: A t\u00e1rol\u00e1si teljes\u00edtm\u00e9ny \u00faj korszaka<\/h2>\n\n<p>A BIWIN <strong>Mini SSD<\/strong> igazi er\u0151m\u0171k\u00e9nt <strong>jelenik meg<\/strong> a hordozhat\u00f3 t\u00e1rol\u00f3k rendk\u00edv\u00fcl versenyk\u00e9pes vil\u00e1g\u00e1ban, elit teljes\u00edtm\u00e9nyt \u00e9s strapab\u00edr\u00f3 tart\u00f3ss\u00e1got k\u00edn\u00e1lva, hogy minden ig\u00e9nyes felhaszn\u00e1l\u00f3nak megfeleljen. Ez az eszk\u00f6z a kompromisszumok n\u00e9lk\u00fcli sebess\u00e9gr\u0151l tesz tan\u00fabizonys\u00e1got, \u00e9s ugr\u00e1sszer\u0171 fejl\u0151d\u00e9st jelent az ultrakompakt t\u00e1rol\u00e1si technol\u00f3gi\u00e1ban. A BIWIN Mini SSD diz\u00e1jn \u00e9s teljes\u00edtm\u00e9ny csod\u00e1ja, amely z\u00e1szl\u00f3shaj\u00f3 szint\u0171 adat\u00e9lm\u00e9nyt, p\u00e1ratlan hordozhat\u00f3s\u00e1got \u00e9s egy sor innovat\u00edv funkci\u00f3t k\u00edn\u00e1l, amelyek a piac cs\u00facs\u00e1ra emelik. Az elit sebess\u00e9get \u00e9s pr\u00e9mium kateg\u00f3ri\u00e1s, funkci\u00f3gazdag megold\u00e1st ig\u00e9nyl\u0151 szakemberek \u00e9s rajong\u00f3k sz\u00e1m\u00e1ra k\u00e9sz\u00fclt meghajt\u00f3 az \u00fatk\u00f6zbeni adatkezel\u00e9s hat\u00e1rait d\u00f6nt\u00f6geti.   <\/p>\n\n<p>A BIWIN Mini SSD az innov\u00e1ci\u00f3 tit\u00e1nja a cs\u00facskateg\u00f3ri\u00e1s, kompakt t\u00e1rol\u00f3eszk\u00f6z\u00f6k ter\u00fclet\u00e9n. Az \u00e9lvonalbeli <strong>PCIe Gen4x2 \u00e9s<\/strong> <strong>NVMe 1.4 technol\u00f3gi\u00e1val<\/strong> m\u0171k\u00f6d\u0151 Mini SSD l\u00e9legzetel\u00e1ll\u00edt\u00f3 teljes\u00edtm\u00e9nyt ny\u00fajt, <strong>ak\u00e1r<\/strong> 3700 MB\/s szekvenci\u00e1lis olvas\u00e1si <strong>\u00e9s<\/strong> 3400 MB\/s <strong>\u00edr\u00e1si sebess\u00e9ggel<\/strong>. Ez a sebess\u00e9g let\u00f6ri a hagyom\u00e1nyos microSD-k\u00e1rty\u00e1k teljes\u00edtm\u00e9ny\u00e9nek fels\u0151 hat\u00e1r\u00e1t, \u00e9s a Mini SSD-t kiv\u00e1l\u00f3, nagy sebess\u00e9g\u0171 helyettes\u00edt\u0151 eszk\u00f6zk\u00e9nt poz\u00edcion\u00e1lja. Ezt a teljes\u00edtm\u00e9nyt egy ultrakompakt &#8211; mind\u00f6ssze <strong>15,0 mm \u00d7 17,0 mm \u00d7 1,4 mm-es &#8211;<\/strong>testben helyezt\u00e9k el <strong>, amit<\/strong> <a href=\"https:\/\/en.wikipedia.org\/wiki\/Land_grid_array\" target=\"_blank\" rel=\"noopener nofollow\" title=\"\">a<\/a> <strong>fejlett<\/strong>LGA (Land Grid Array) csomagol\u00e1s <strong>tett lehet\u0151v\u00e9<\/strong> .    <\/p>\n\n<p><strong>A<\/strong> nagy kapacit\u00e1s\u00fa <strong>, 512 GB, 1 TB \u00e9s 2 TB kapacit\u00e1s\u00fa<\/strong> v\u00e1ltozatokban el\u00e9rhet\u0151 <strong>Mini<\/strong> SSD kiv\u00e9teles t\u00e1rhelyet biztos\u00edt az olyan ig\u00e9nyes munkaterhel\u00e9sekhez, mint a felh\u0151alap\u00fa egy\u00fcttm\u0171k\u00f6d\u00e9s \u00e9s a val\u00f3s idej\u0171 adatfeldolgoz\u00e1s.<\/p>\n\n<h2 class=\"wp-block-heading\"><strong>Megjegyz\u00e9s a k\u00e9zi sz\u00e1m\u00edt\u00f3g\u00e9pek teljes\u00edtm\u00e9ny\u00e9r\u0151l<\/strong><\/h2>\n\n<p>A speci\u00e1lis hosteszk\u00f6z\u00f6k felhaszn\u00e1l\u00f3i sz\u00e1m\u00e1ra fontos megjegyezni, hogy b\u00e1r a Mini SSD elm\u00e9leti cs\u00facssebess\u00e9ge 3700 MB\/s, a val\u00f3s teljes\u00edtm\u00e9ny\u00e9t a hosteszk\u00f6z slot specifik\u00e1ci\u00f3i korl\u00e1tozz\u00e1k. P\u00e9ld\u00e1ul a kompatibilis j\u00e1t\u00e9kk\u00e9zisz\u00e1m\u00edt\u00f3g\u00e9pekbe telep\u00edtve a meghajt\u00f3 sebess\u00e9ge \u00e1ltal\u00e1ban korl\u00e1tozott, mivel az eszk\u00f6z mini PCIe 4&#215;1 <strong>konfigur\u00e1ci\u00f3t<\/strong> haszn\u00e1l <strong>(<\/strong> a teljes 4&#215;2-es specifik\u00e1ci\u00f3 <strong>helyett<\/strong> ). A CrystalDiskMark tesztel\u00e9se alapj\u00e1n a felhaszn\u00e1l\u00f3k \u00e1tlagosan 1700 <strong>MB\/s<\/strong> k\u00f6r\u00fcli olvas\u00e1si \u00e9s \u00edr\u00e1si sebess\u00e9gre sz\u00e1m\u00edthatnak. Ez m\u00e9g mindig megb\u00edzhat\u00f3, nagy sebess\u00e9g\u0171 teljes\u00edtm\u00e9nyt biztos\u00edt, amely messze meghaladja a microSD alternat\u00edv\u00e1kat, b\u00e1r nem felt\u00e9tlen\u00fcl t\u00fckr\u00f6zi a meghajt\u00f3 abszol\u00fat maxim\u00e1lis elm\u00e9leti potenci\u00e1lj\u00e1t.   <\/p>\n\n<p>A kompromisszumok n\u00e9lk\u00fcli megb\u00edzhat\u00f3s\u00e1gra tervezett k\u00e9sz\u00fcl\u00e9k robusztus fel\u00e9p\u00edt\u00e9s\u0171, IP68-as <strong>min\u0151s\u00edt\u00e9s\u0171, \u00e1tfog\u00f3<\/strong> por- \u00e9s <strong>v\u00edzv\u00e9delemmel<\/strong> rendelkezik, \u00edgy a legmostoh\u00e1bb k\u00f6r\u00fclm\u00e9nyek k\u00f6z\u00f6tt is ellen\u00e1ll. A leny\u0171g\u00f6z\u0151 adatmegb\u00edzhat\u00f3s\u00e1got a fejlett firmware biztos\u00edtja, bele\u00e9rtve a dinamikus SLC gyors\u00edt\u00f3t\u00e1raz\u00e1st \u00e9s a kop\u00e1skiegyenl\u00edt\u00e9st, m\u00edg a tart\u00f3ss\u00e1got az LGA-csomagol\u00e1s er\u0151s\u00edti, amely lehet\u0151v\u00e9 teszi, hogy ak\u00e1r 3 m\u00e9teres magass\u00e1gb\u00f3l t\u00f6rt\u00e9n\u0151 leejt\u00e9st is t\u00fal\u00e9ljen. A sokoldal\u00fa, modul\u00e1ris foglalat\u00fa kialak\u00edt\u00e1snak k\u00f6sz\u00f6nhet\u0151en tart\u00f3s \u00e9s j\u00f6v\u0151be mutat\u00f3 t\u00e1rs a mobileszk\u00f6z\u00f6kben, j\u00e1t\u00e9kk\u00e9zisz\u00e1m\u00edt\u00f3g\u00e9pekben (p\u00e9ld\u00e1ul a GPD WIN 5 \u00e9s a ONEXPLAYER Super X) \u00e9s az edge computingban val\u00f3 alkalmaz\u00e1sokhoz.  <\/p>\n","protected":false},"excerpt":{"rendered":"\n<ul>\n<li>Interf\u00e9sz: NVMe 1.4** protokollal <strong>rendelkez\u0151 PCIe Gen4x2<\/strong> <\/li>\n<li>Formafaktor: <strong>(<\/strong> 15,0 mm \u00d7 17,0 mm \u00d7 1,4 mm)<\/li>\n<li>Teljes\u00edtm\u00e9ny: Ak\u00e1r **3,700 MB\/s olvas\u00e1s** \/ Ak\u00e1r **3,400 MB\/s \u00edr\u00e1s**<\/li>\n<li>Kapacit\u00e1s: 512 GB, 1TB vagy 2TB 3D TLC NAND<\/li>\n<li>Tart\u00f3ss\u00e1g: <strong>IP68 por-<\/strong> \u00e9s v\u00edz\u00e1ll\u00f3s\u00e1g \/ **3 m\u00e9teres zuhan\u00e1s** t\u00fal\u00e9l\u00e9s<\/li>\n<li>Technol\u00f3gia: Dinamikus **SLC Caching** \u00e9s **Wear Leveling**<\/li>\n<\/ul>\n[cg_accordion title=\"FIZET\u00c9SI INFORM\u00c1CI\u00d3K\"]<\/p>\n<p>A leg\u00fajabb technol\u00f3gi\u00e1t haszn\u00e1ljuk a fizet\u00e9s feldolgoz\u00e1s\u00e1ban, amely lehet\u0151v\u00e9 teszi, hogy az Apple Pay, a Google Pay, a bankk\u00e1rtya\/hitelk\u00e1rtya, a PayPal vagy a BNPL m\u00f3dszerek, mint p\u00e9ld\u00e1ul a Klarna, az Affirm vagy az AfterPay seg\u00edts\u00e9g\u00e9vel fizessen ki gyorsan \u00e9s biztons\u00e1gosan.[\/cg_accordion]\n[cg_accordion title=\"GARANCIA\"]<\/p>\n<p>1 \u00e9v garancia a <a href=\"https:\/\/droix.net\/\" target=\"_blank\" rel=\"nofollow noopener\">DROIX Global- t\u00f3l az \u00d6n nyugalma \u00e9rdek\u00e9ben<\/a> [\/cg_accordion]\n[cg_accordion title=\"MIN\u0150S\u00c9GBIZTOS\u00cdT\u00c1S \u00c9S SZ\u00c1LL\u00cdT\u00c1S EL\u0150TTI TESZTEL\u00c9S\"]<\/p>\n<p>A legmagasabb sz\u00ednvonal\u00fa \u00fcgyf\u00e9l-el\u00e9gedetts\u00e9g biztos\u00edt\u00e1sa: Minden k\u00e9sz\u00fcl\u00e9ket szigor\u00fa tesztel\u00e9snek \u00e9s t\u00f6bbpontos min\u0151s\u00e9gbiztos\u00edt\u00e1si ellen\u0151rz\u00e9snek vetnek al\u00e1, miel\u0151tt kisz\u00e1ll\u00edt\u00e1sra ker\u00fcl. Elk\u00f6telezett csapatunk ellen\u0151rzi a teljes\u00edtm\u00e9nyt, a funkcionalit\u00e1st \u00e9s az alkatr\u00e9szek \u00e9ps\u00e9g\u00e9t, hogy garant\u00e1ljuk, hogy az AYANEO k\u00e9sz\u00fcl\u00e9k meg\u00e9rkez\u00e9sekor t\u00f6k\u00e9letes m\u0171k\u00f6d\u00e9si \u00e1llapotban van, \u00edgy biztos\u00edtva \u00d6nnek a bizalmat \u00e9s a nyugalmat. [\/cg_accordion]\n[cg_accordion title=\"\u00c1RK\u00c9PZ\u00c9S, AD\u00d3K \u00c9S SZ\u00c1LL\u00cdT\u00c1S\"]<\/p>\n<p><strong><u>Megjegyz\u00e9s:<\/u><\/strong><\/p>\n<ul>\n<li>Egyes\u00fclt \u00c1llamok \u00dcgyfelek: A felt\u00fcntetett \u00e1r NEM tartalmazza az ad\u00f3t \u00e9s a v\u00e1mokat. A v\u00e1mkezel\u00e9s \u00e9s a kapcsol\u00f3d\u00f3 ad\u00f3k\/v\u00e1mok megfizet\u00e9se az \u00fcgyfelet terheli. <\/li>\n<li>EU-s \u00fcgyfelek: A felt\u00fcntetett \u00e1r tartalmazza az alkalmazand\u00f3 ad\u00f3t, amely az \u00d6n orsz\u00e1g\u00e1t\u00f3l f\u00fcgg\u0151en ak\u00e1r 25% is lehet.<\/li>\n<li>Kanadai \u00fcgyfelek: A felt\u00fcntetett \u00e1r tartalmazza az alkalmazand\u00f3 ad\u00f3kat, amelyek az \u00d6n tartom\u00e1ny\u00e1t\u00f3l f\u00fcgg\u0151en tartalmazhatj\u00e1k az 5%-os GST-t \u00e9s tov\u00e1bbi tartom\u00e1nyi forgalmi ad\u00f3kat (PST), harmoniz\u00e1lt forgalmi ad\u00f3t (HST) vagy qu\u00e9beci forgalmi ad\u00f3t (QST).<\/li>\n<\/ul>\n<p>USA-beli \u00fcgyfeleink sz\u00e1m\u00e1ra: DAP (Delivered At Place). B\u00e1r az \u00fcgyfelek felel\u0151sek az alkalmazand\u00f3 tarif\u00e1k megfizet\u00e9s\u00e9\u00e9rt, mi az Egyes\u00fclt Kir\u00e1lys\u00e1gb\u00f3l t\u00f6rt\u00e9n\u0151 sz\u00e1ll\u00edt\u00e1sban szerzett sz\u00e9lesk\u00f6r\u0171 tapasztalatainkra t\u00e1maszkodva biztos\u00edtjuk, hogy a lehet\u0151 legkevesebb d\u00edjat kelljen fizetnie. Nyilv\u00e1ntart\u00e1sunk alapj\u00e1n ezek a d\u00edjak \u00e1ltal\u00e1ban nem haladj\u00e1k meg a term\u00e9k \u00e9rt\u00e9k\u00e9nek 10%-\u00e1t.  <\/p>\n<p><strong>CSAK EU-s \u00fcgyfelek sz\u00e1m\u00e1ra:<\/strong> Express DDP (Delivered Duty Paid). Ez azt jelenti: <\/p>\n<ul>\n<li>A term\u00e9k oldal\u00e1n felt\u00fcntetett \u00e1r tartalmazza az \u00f6sszes v\u00e1mot \u00e9s ad\u00f3t.<\/li>\n<li>A k\u00e9zbes\u00edt\u00e9skor nem kell tov\u00e1bbi d\u00edjakat fizetnie.<\/li>\n<li>Abban a ritka esetben, ha a v\u00e1mkezel\u00e9ssel kapcsolatos probl\u00e9m\u00e1k mer\u00fclnek fel, csapatunk az \u00d6n nev\u00e9ben elv\u00e9gzi a v\u00e1mkezel\u00e9si folyamatot, hogy biztos\u00edtsa a z\u00f6kken\u0151mentes sz\u00e1ll\u00edt\u00e1st.<\/li>\n<p>Fontos inform\u00e1ci\u00f3k a visszak\u00fcld\u00e9sr\u0151l:<\/p>\n<li>Ha \u00fagy d\u00f6nt, hogy visszak\u00fcldi megrendel\u00e9s\u00e9t vagy visszat\u00e9r\u00edt\u00e9st k\u00e9r, k\u00e9rj\u00fck, vegye figyelembe, hogy a DDP felt\u00e9telei szerint az \u00d6n nev\u00e9ben kifizetett ad\u00f3k \u00e9s v\u00e1mok nem t\u00e9r\u00edthet\u0151k vissza.<\/li>\n<p>R\u00e9szletes <a href=\"https:\/\/ayaneo.co\/hu\/szolgaltatasi-feltetelek\/\" target=\"_blank\" rel=\"nofollow noopener\">inform\u00e1ci\u00f3k\u00e9rt k\u00e9rj\u00fck, olvassa el a Felhaszn\u00e1l\u00e1si Felt\u00e9teleinket<\/a>.\n<\/ul>\n<p>[\/cg_accordion]\n[cg_accordion title=\"\u00dcGYF\u00c9LSZOLG\u00c1LAT\"]<\/p>\n<p>K\u00e9rd\u00e9se van? Egy r\u00f6vid sz\u00f6veges \u00fczenetben megoldjuk a probl\u00e9m\u00e1j\u00e1t! [\/cg_accordion]\n[cg_accordion title=\"A CSOMAG TARTALMAZZA\"]<\/p>\n<ul>\n<li>1x BIWIN Mini SSD<\/li>\n<\/ul>\n<p>[\/cg_accordion]\n","protected":false},"featured_media":44140,"template":"","meta":{"_acf_changed":false},"product_brand":[],"product_cat":[4933],"product_tag":[],"class_list":{"0":"post-44906","1":"product","2":"type-product","3":"status-publish","4":"has-post-thumbnail","6":"product_cat-tartozekok","7":"product_shipping_class-low-end","8":"pa_brand-biwin","10":"first","11":"instock","12":"taxable","13":"shipping-taxable","14":"purchasable","15":"product-type-variable","16":"has-default-attributes"},"acf":[],"_links":{"self":[{"href":"https:\/\/ayaneo.co\/hu\/wp-json\/wp\/v2\/product\/44906","targetHints":{"allow":["GET"]}}],"collection":[{"href":"https:\/\/ayaneo.co\/hu\/wp-json\/wp\/v2\/product"}],"about":[{"href":"https:\/\/ayaneo.co\/hu\/wp-json\/wp\/v2\/types\/product"}],"wp:featuredmedia":[{"embeddable":true,"href":"https:\/\/ayaneo.co\/hu\/wp-json\/wp\/v2\/media\/44140"}],"wp:attachment":[{"href":"https:\/\/ayaneo.co\/hu\/wp-json\/wp\/v2\/media?parent=44906"}],"wp:term":[{"taxonomy":"product_brand","embeddable":true,"href":"https:\/\/ayaneo.co\/hu\/wp-json\/wp\/v2\/product_brand?post=44906"},{"taxonomy":"product_cat","embeddable":true,"href":"https:\/\/ayaneo.co\/hu\/wp-json\/wp\/v2\/product_cat?post=44906"},{"taxonomy":"product_tag","embeddable":true,"href":"https:\/\/ayaneo.co\/hu\/wp-json\/wp\/v2\/product_tag?post=44906"}],"curies":[{"name":"wp","href":"https:\/\/api.w.org\/{rel}","templated":true}]}}