{"id":47532,"date":"2026-03-06T12:40:46","date_gmt":"2026-03-06T12:40:46","guid":{"rendered":"https:\/\/ayaneo.co\/product\/premium-4k-60hz-es-usb-c-tipusu-hdmi-adapter-kabelhez\/"},"modified":"2026-04-25T23:13:35","modified_gmt":"2026-04-25T23:13:35","slug":"premium-4k-60hz-es-usb-c-tipusu-hdmi-adapter-kabelhez","status":"publish","type":"product","link":"https:\/\/ayaneo.co\/hu\/product\/premium-4k-60hz-es-usb-c-tipusu-hdmi-adapter-kabelhez\/","title":{"rendered":"Pr\u00e9mium 4K 60Hz-es USB C-t\u00edpus\u00fa HDMI adapter k\u00e1belhez"},"content":{"rendered":"\n<h2 class=\"wp-block-heading\">A v\u00e9gs\u0151 nagy felbont\u00e1s\u00fa megold\u00e1s<\/h2>\n\n<p>Tapasztalja meg a z\u00f6kken\u0151mentes csatlakoztathat\u00f3s\u00e1got a 4K 60Hz-es USB C-t\u00edpus\u00fa HDMI-adapterk\u00e1bellel, amely egy krist\u00e1lytiszta vizu\u00e1lis kimenetre tervezett pr\u00e9mium megold\u00e1s. Ez a nagy teljes\u00edtm\u00e9ny\u0171 k\u00e1bel lehet\u0151v\u00e9 teszi, hogy modern USB-C eszk\u00f6zeit k\u00f6zvetlen\u00fcl HDMI-kompatibilis kijelz\u0151kh\u00f6z csatlakoztassa, tov\u00e1bbi illeszt\u0151programok n\u00e9lk\u00fcl. Ak\u00e1r okostelefont, t\u00e1blag\u00e9pet vagy laptopot haszn\u00e1l, ez az adapter egyszer\u0171 \u00e9s k\u00e9nyelmes plug-and-play \u00e9lm\u00e9nyt biztos\u00edt.  <\/p>\n\n<h2 class=\"wp-block-heading\">Mi\u00e9rt v\u00e1lassza a 4K 60Hz-es USB C-t\u00edpus\u00fa HDMI adapterk\u00e1belt a be\u00e1ll\u00edt\u00e1sokhoz?<\/h2>\n\n<p>Ennek az usb c-r\u0151l hdmi-vezet\u00e9kre t\u00f6rt\u00e9n\u0151 \u00e1tvitel els\u0151dleges el\u0151nye a HDMI 2.0 szabv\u00e1nyok t\u00e1mogat\u00e1sa. Mivel 60 Hz-es friss\u00edt\u00e9si frekvenci\u00e1val t\u00e1mogatja a 4K felbont\u00e1st, a felhaszn\u00e1l\u00f3k hihetetlen\u00fcl sima mozg\u00e1st \u00e9s \u00e9les k\u00e9peket \u00e9lvezhetnek. M\u00edg a szabv\u00e1nyos adapterek gyakran 30 Hz-re korl\u00e1tozz\u00e1k, ez a 4K 60hz-es k\u00e1bel biztos\u00edtja a j\u00e1t\u00e9khoz \u00e9s a professzion\u00e1lis videoszerkeszt\u00e9shez sz\u00fcks\u00e9ges g\u00f6rd\u00fcl\u00e9keny teljes\u00edtm\u00e9nyt. Tov\u00e1bb\u00e1 a karcs\u00fa alum\u00ednium h\u00e1z kiv\u00e1l\u00f3 h\u0151elvezet\u00e9st biztos\u00edt, hogy a hossz\u00fa munkamenetek sor\u00e1n is stabil maradjon a kapcsolat.   <\/p>\n\n<h2 class=\"wp-block-heading\">Fejlett m\u0171szaki adatok \u00e9s Thunderbolt kompatibilit\u00e1s<\/h2>\n\n<p>Ami a technikai k\u00e9pess\u00e9geket illeti, a 4K 60Hz-es USB C-t\u00edpus\u00fa HDMI adapterk\u00e1bel kiv\u00e1l\u00f3 min\u0151s\u00e9g\u0171 HDMI <a href=\"https:\/\/en.wikipedia.org\/wiki\/HDMI\" target=\"_blank\" rel=\"noopener nofollow\" title=\"\">2.0 interf\u00e9sszel \u00e9s<\/a> robusztus C-t\u00edpus\u00fa csatlakoz\u00f3val rendelkezik. Ez a 4K 60hz-es k\u00e1bel teljes m\u00e9rt\u00e9kben kompatibilis a Thunderbolt 4 \u00e9s Thunderbolt 3 portokkal, \u00edgy z\u00f6kken\u0151mentesen m\u0171k\u00f6dik a leg\u00fajabb MacBook Pro \u00e9s a cs\u00facskateg\u00f3ri\u00e1s Windows laptopokkal. Mivel t\u00e1mogatja a DP Alt m\u00f3dot, a k\u00e1bel k\u00f6zvetlen videojelet biztos\u00edt, az usb c-r\u0151l hdmi multiport adapter t\u00f6meges haszn\u00e1lata n\u00e9lk\u00fcl.  <\/p>\n\n<p>Tov\u00e1bb\u00e1 a HDCP 2.2-nek val\u00f3 megfelel\u00e9s azt jelenti, hogy megszak\u00edt\u00e1s n\u00e9lk\u00fcl streamelhet titkos\u00edtott 4K tartalmakat olyan szolg\u00e1ltat\u00e1sokb\u00f3l, mint a Netflix vagy a Disney+. A 4K 60Hz-es USB C-t\u00edpus\u00fa HDMI-adapterk\u00e1bel a HDR10-et is t\u00e1mogatja a jobb sz\u00ednm\u00e9lys\u00e9g \u00e9s kontraszt \u00e9rdek\u00e9ben. Fizikai fel\u00e9p\u00edt\u00e9se 50 mm-es k\u00fcls\u0151 \u00e1tm\u00e9r\u0151vel rendelkezik a fokozott tart\u00f3ss\u00e1g \u00e9rdek\u00e9ben, az alum\u00ednium h\u00e1z pedig seg\u00edti a h\u0151szab\u00e1lyoz\u00e1st az intenz\u00edv munkamenetek sor\u00e1n.  <\/p>\n\n<h2 class=\"wp-block-heading\">Sz\u00e9les k\u00f6r\u0171 eszk\u00f6zkompatibilit\u00e1s \u00e9s csatlakoztathat\u00f3s\u00e1gi k\u00f6vetelm\u00e9nyek<\/h2>\n\n<p>A sokoldal\u00fas\u00e1gra tervezett 4K 60Hz-es USB C-t\u00edpus\u00fa HDMI-adapterk\u00e1bel a modern hardverek sz\u00e9les sk\u00e1l\u00e1j\u00e1val m\u0171k\u00f6dik. Haszn\u00e1lhatod az Apple MacBookokkal, iPad Pro modellekkel \u00e9s a Microsoft Surface sorozat\u00e1val. Emellett t\u00e1mogatja az olyan cs\u00facskateg\u00f3ri\u00e1s Android-k\u00e9sz\u00fcl\u00e9keket is, mint a Samsung Galaxy S22 \u00e9s Note 20. A 4K 60Hz-es USB Type C HDMI adapterk\u00e1belhez azonban olyan gazdaportra van sz\u00fcks\u00e9g, amely t\u00e1mogatja a videokimenetet. Nem kompatibilis az olyan k\u00e9sz\u00fcl\u00e9kekkel, mint a Samsung A sorozat vagy a r\u00e9gebbi iPhone-ok, amelyek nem t\u00e1mogatj\u00e1k a DP Alt Mode-ot.    <\/p>\n\n<h2 class=\"wp-block-heading\">Optimaliz\u00e1lja professzion\u00e1lis prezent\u00e1ci\u00f3it \u00e9s otthoni mozij\u00e1t<\/h2>\n\n<p>A 4K 60Hz-es USB C-t\u00edpus\u00fa HDMI-adapterk\u00e1bel t\u00e1rgyal\u00e1si asszisztensk\u00e9nt val\u00f3 haszn\u00e1lata lehet\u0151v\u00e9 teszi a k\u00e9perny\u0151 k\u00f6nnyed megoszt\u00e1s\u00e1t nagym\u00e9ret\u0171 kijelz\u0151k\u00f6n. K\u00f6vetkez\u00e9sk\u00e9ppen jelent\u00e9sei \u00e9s adatmegjelen\u00edt\u00e9sei \u00e9lesebbnek \u00e9s professzion\u00e1lisabbnak t\u0171nnek a hallgat\u00f3s\u00e1g sz\u00e1m\u00e1ra. Otthoni k\u00f6rnyezetben a 4K 60Hz-es USB C-t\u00edpus\u00fa HDMI-adapterk\u00e1bel \u00e1talak\u00edtja a mobil j\u00e1t\u00e9k\u00e9lm\u00e9nyt. A mobilgrafik\u00e1t val\u00f3s id\u0151ben vet\u00edti ki a t\u00e9v\u00e9re, ami sz\u00e9lesebb vizu\u00e1lis tartom\u00e1nyt biztos\u00edt dadog\u00e1s n\u00e9lk\u00fcl.   <\/p>\n\n<hr class=\"wp-block-separator has-alpha-channel-opacity\"\/>\n\n<h2 class=\"wp-block-heading\">Biztos\u00edtsa 4K 60Hz-es USB C-t\u00edpus\u00fa HDMI adapterk\u00e1bel\u00e9t m\u00e9g ma!<\/h2>\n\n<p>Ne el\u00e9gedjen meg a hom\u00e1lyos felbont\u00e1ssal vagy a lass\u00fa k\u00e9pfriss\u00edt\u00e9si sebess\u00e9ggel, ha m\u00e1r most friss\u00edtheti digit\u00e1lis \u00e9let\u00e9t. A 4K 60Hz-es USB C-t\u00edpus\u00fa HDMI-adapterk\u00e1bel HDMI-adapterk\u00e1bel ir\u00e1nti kereslet hihetetlen\u00fcl nagy a megb\u00edzhat\u00f3s\u00e1ga \u00e9s a kiv\u00e1l\u00f3 4K-kimenete miatt. Rendelje meg a saj\u00e1tj\u00e1t m\u00e9g ma, hogy garant\u00e1ltan id\u0151ben megkapja ezt a n\u00e9lk\u00fcl\u00f6zhetetlen technikai kieg\u00e9sz\u00edt\u0151t, \u00e9s elkezdje \u00e9lvezni a nagyfelbont\u00e1s\u00fa csatlakoztathat\u00f3s\u00e1g cs\u00facs\u00e1t. L\u00e1togasson el \u00e1ruh\u00e1zunkba most, hogy megragadja ezt az aj\u00e1nlatot, miel\u0151tt a k\u00e9szlet elfogy!   <\/p>\n","protected":false},"excerpt":{"rendered":"<ul>\n<li><strong>4K 60Hz UHD &#8211;<\/strong> Krist\u00e1lytiszta 4K felbont\u00e1s 60 k\u00e9p\/mp sebess\u00e9ggel a z\u00f6kken\u0151mentes, k\u00e9sleltet\u00e9smentes megtekint\u00e9s \u00e9rdek\u00e9ben.<\/li>\n<li><strong>HDMI 2.0 t\u00e1mogat\u00e1s &#8211; Nagy s\u00e1vsz\u00e9less\u00e9g\u0171<\/strong> interf\u00e9sz a HDR10 \u00e9s a digit\u00e1lis hang sz\u00e1m\u00e1ra.<\/li>\n<li><strong>Plug &amp; Play &#8211;<\/strong> Azonnali csatlakoztathat\u00f3s\u00e1g laptopokhoz \u00e9s telefonokhoz illeszt\u0151programok n\u00e9lk\u00fcl.<\/li>\n<li><strong>HDCP 2.2 kompatibilis &#8211;<\/strong> 4K tartalmak biztons\u00e1gos <strong>streamel\u00e9se<\/strong> a Netflix \u00e9s a Disney+ k\u00edn\u00e1lat\u00e1b\u00f3l.<\/li>\n<li><strong>Alum\u00ednium h\u00e9j &#8211;<\/strong> Tart\u00f3s h\u00e1z, amelyet a h\u0151elvezet\u00e9s optimaliz\u00e1l\u00e1s\u00e1ra terveztek.<\/li>\n<\/ul>\n[cg_accordion title=\"FIZET\u00c9SI INFORM\u00c1CI\u00d3K\"]<\/p>\n<p>A leg\u00fajabb technol\u00f3gi\u00e1t haszn\u00e1ljuk a fizet\u00e9s feldolgoz\u00e1s\u00e1ban, amely lehet\u0151v\u00e9 teszi, hogy az Apple Pay, a Google Pay, a bankk\u00e1rtya\/hitelk\u00e1rtya, a PayPal vagy a BNPL m\u00f3dszerek, mint p\u00e9ld\u00e1ul a Klarna, az Affirm vagy az AfterPay seg\u00edts\u00e9g\u00e9vel fizessen ki gyorsan \u00e9s biztons\u00e1gosan.[\/cg_accordion]\n[cg_accordion title=\"GARANCIA\"]<\/p>\n<p>1 \u00e9v garancia a <a href=\"https:\/\/droix.net\/\" target=\"_blank\" rel=\"nofollow noopener\">DROIX Global- t\u00f3l az \u00d6n nyugalma \u00e9rdek\u00e9ben<\/a> [\/cg_accordion]\n[cg_accordion title=\"MIN\u0150S\u00c9GBIZTOS\u00cdT\u00c1S \u00c9S SZ\u00c1LL\u00cdT\u00c1S EL\u0150TTI TESZTEL\u00c9S\"]<\/p>\n<p>A legmagasabb sz\u00ednvonal\u00fa \u00fcgyf\u00e9l-el\u00e9gedetts\u00e9g biztos\u00edt\u00e1sa: Minden k\u00e9sz\u00fcl\u00e9ket szigor\u00fa tesztel\u00e9snek \u00e9s t\u00f6bbpontos min\u0151s\u00e9gbiztos\u00edt\u00e1si ellen\u0151rz\u00e9snek vetnek al\u00e1, miel\u0151tt kisz\u00e1ll\u00edt\u00e1sra ker\u00fcl. Elk\u00f6telezett csapatunk ellen\u0151rzi a teljes\u00edtm\u00e9nyt, a funkcionalit\u00e1st \u00e9s az alkatr\u00e9szek \u00e9ps\u00e9g\u00e9t, hogy garant\u00e1ljuk, hogy az AYANEO k\u00e9sz\u00fcl\u00e9k meg\u00e9rkez\u00e9sekor t\u00f6k\u00e9letes m\u0171k\u00f6d\u00e9si \u00e1llapotban van, \u00edgy biztos\u00edtva \u00d6nnek a bizalmat \u00e9s a nyugalmat. [\/cg_accordion]\n[cg_accordion title=\"\u00c1RK\u00c9PZ\u00c9S, AD\u00d3K \u00c9S SZ\u00c1LL\u00cdT\u00c1S\"]<\/p>\n<p><strong><u>Megjegyz\u00e9s:<\/u><\/strong><\/p>\n<ul>\n<li>Egyes\u00fclt \u00c1llamok \u00dcgyfelek: A felt\u00fcntetett \u00e1r NEM tartalmazza az ad\u00f3t \u00e9s a v\u00e1mokat. A v\u00e1mkezel\u00e9s \u00e9s a kapcsol\u00f3d\u00f3 ad\u00f3k\/v\u00e1mok megfizet\u00e9se az \u00fcgyfelet terheli. <\/li>\n<li>EU-s \u00fcgyfelek: A felt\u00fcntetett \u00e1r tartalmazza az alkalmazand\u00f3 ad\u00f3t, amely az \u00d6n orsz\u00e1g\u00e1t\u00f3l f\u00fcgg\u0151en ak\u00e1r 25% is lehet.<\/li>\n<li>Kanadai \u00fcgyfelek: A felt\u00fcntetett \u00e1r tartalmazza az alkalmazand\u00f3 ad\u00f3kat, amelyek az \u00d6n tartom\u00e1ny\u00e1t\u00f3l f\u00fcgg\u0151en tartalmazhatj\u00e1k az 5%-os GST-t \u00e9s tov\u00e1bbi tartom\u00e1nyi forgalmi ad\u00f3kat (PST), harmoniz\u00e1lt forgalmi ad\u00f3t (HST) vagy qu\u00e9beci forgalmi ad\u00f3t (QST).<\/li>\n<\/ul>\n<p>USA-beli \u00fcgyfeleink sz\u00e1m\u00e1ra: DAP (Delivered At Place). B\u00e1r az \u00fcgyfelek felel\u0151sek az alkalmazand\u00f3 tarif\u00e1k megfizet\u00e9s\u00e9\u00e9rt, mi az Egyes\u00fclt Kir\u00e1lys\u00e1gb\u00f3l t\u00f6rt\u00e9n\u0151 sz\u00e1ll\u00edt\u00e1sban szerzett sz\u00e9lesk\u00f6r\u0171 tapasztalatainkra t\u00e1maszkodva biztos\u00edtjuk, hogy a lehet\u0151 legkevesebb d\u00edjat kelljen fizetnie. Nyilv\u00e1ntart\u00e1sunk alapj\u00e1n ezek a d\u00edjak \u00e1ltal\u00e1ban nem haladj\u00e1k meg a term\u00e9k \u00e9rt\u00e9k\u00e9nek 10%-\u00e1t.  <\/p>\n<p><strong>CSAK EU-s \u00fcgyfelek sz\u00e1m\u00e1ra:<\/strong> Express DDP (Delivered Duty Paid). Ez azt jelenti: <\/p>\n<ul>\n<li>A term\u00e9k oldal\u00e1n felt\u00fcntetett \u00e1r tartalmazza az \u00f6sszes v\u00e1mot \u00e9s ad\u00f3t.<\/li>\n<li>A k\u00e9zbes\u00edt\u00e9skor nem kell tov\u00e1bbi d\u00edjakat fizetnie.<\/li>\n<li>Abban a ritka esetben, ha a v\u00e1mkezel\u00e9ssel kapcsolatos probl\u00e9m\u00e1k mer\u00fclnek fel, csapatunk az \u00d6n nev\u00e9ben elv\u00e9gzi a v\u00e1mkezel\u00e9si folyamatot, hogy biztos\u00edtsa a z\u00f6kken\u0151mentes sz\u00e1ll\u00edt\u00e1st.<\/li>\n<p>Fontos inform\u00e1ci\u00f3k a visszak\u00fcld\u00e9sr\u0151l:<\/p>\n<li>Ha \u00fagy d\u00f6nt, hogy visszak\u00fcldi megrendel\u00e9s\u00e9t vagy visszat\u00e9r\u00edt\u00e9st k\u00e9r, k\u00e9rj\u00fck, vegye figyelembe, hogy a DDP felt\u00e9telei szerint az \u00d6n nev\u00e9ben kifizetett ad\u00f3k \u00e9s v\u00e1mok nem t\u00e9r\u00edthet\u0151k vissza.<\/li>\n<p>R\u00e9szletes <a href=\"https:\/\/ayaneo.co\/hu\/szolgaltatasi-feltetelek\/\" target=\"_blank\" rel=\"nofollow noopener\">inform\u00e1ci\u00f3k\u00e9rt k\u00e9rj\u00fck, olvassa el a Felhaszn\u00e1l\u00e1si Felt\u00e9teleinket<\/a>.\n<\/ul>\n<p>[\/cg_accordion]\n[cg_accordion title=\"\u00dcGYF\u00c9LSZOLG\u00c1LAT\"]<\/p>\n<p>K\u00e9rd\u00e9se van? Egy r\u00f6vid sz\u00f6veges \u00fczenetben megoldjuk a probl\u00e9m\u00e1j\u00e1t! [\/cg_accordion]\n[cg_accordion title=\"A CSOMAG TARTALMAZZA\"]<\/p>\n<ul>\n<li>1x Pr\u00e9mium 4K 60Hz USB C t\u00edpus\u00fa HDMI adapter k\u00e1belre<\/li>\n<\/ul>\n<p>[\/cg_accordion]\n","protected":false},"featured_media":45466,"template":"","meta":{"_acf_changed":false},"product_brand":[],"product_cat":[4933],"product_tag":[],"class_list":{"0":"post-47532","1":"product","2":"type-product","3":"status-publish","4":"has-post-thumbnail","6":"product_cat-tartozekok","7":"product_shipping_class-low-end","9":"first","10":"outofstock","11":"sale","12":"taxable","13":"shipping-taxable","14":"purchasable","15":"product-type-simple"},"acf":[],"_links":{"self":[{"href":"https:\/\/ayaneo.co\/hu\/wp-json\/wp\/v2\/product\/47532","targetHints":{"allow":["GET"]}}],"collection":[{"href":"https:\/\/ayaneo.co\/hu\/wp-json\/wp\/v2\/product"}],"about":[{"href":"https:\/\/ayaneo.co\/hu\/wp-json\/wp\/v2\/types\/product"}],"wp:featuredmedia":[{"embeddable":true,"href":"https:\/\/ayaneo.co\/hu\/wp-json\/wp\/v2\/media\/45466"}],"wp:attachment":[{"href":"https:\/\/ayaneo.co\/hu\/wp-json\/wp\/v2\/media?parent=47532"}],"wp:term":[{"taxonomy":"product_brand","embeddable":true,"href":"https:\/\/ayaneo.co\/hu\/wp-json\/wp\/v2\/product_brand?post=47532"},{"taxonomy":"product_cat","embeddable":true,"href":"https:\/\/ayaneo.co\/hu\/wp-json\/wp\/v2\/product_cat?post=47532"},{"taxonomy":"product_tag","embeddable":true,"href":"https:\/\/ayaneo.co\/hu\/wp-json\/wp\/v2\/product_tag?post=47532"}],"curies":[{"name":"wp","href":"https:\/\/api.w.org\/{rel}","templated":true}]}}