{"id":47618,"date":"2026-03-23T10:44:43","date_gmt":"2026-03-23T10:44:43","guid":{"rendered":"https:\/\/ayaneo.co\/product\/usb5-kabel-80gbps-240w-8k-60hz-thunderbolt-5-kompatibilis\/"},"modified":"2026-04-24T10:34:33","modified_gmt":"2026-04-24T10:34:33","slug":"usb5-kabel-80gbps-240w-8k-60hz-thunderbolt-5-kompatibilis","status":"publish","type":"product","link":"https:\/\/ayaneo.co\/hu\/product\/usb5-kabel-80gbps-240w-8k-60hz-thunderbolt-5-kompatibilis\/","title":{"rendered":"USB5 k\u00e1bel 80Gbps 240W | 8K 60Hz Thunderbolt 5 kompatibilis"},"content":{"rendered":"\n<h2 class=\"wp-block-heading\">USB5 k\u00e1bel 80Gbps 240W: A v\u00e9gs\u0151 Thunderbolt 5 megold\u00e1s profi munkafolyamatokhoz<\/h2>\n\n<p id=\"p-rc_98f34dcd8f33ef71-24\">Az <strong>USB5 Cable 80Gbps 240W<\/strong> monument\u00e1lis ugr\u00e1st <strong>jelent<\/strong> a csatlakoz\u00e1si technol\u00f3gi\u00e1ban az energiafelhaszn\u00e1l\u00f3k sz\u00e1m\u00e1ra. Mivel a modern hardverek soha nem l\u00e1tott sebess\u00e9get k\u00f6vetelnek, ezt a k\u00e1belt \u00fagy tervezt\u00e9k, hogy megfeleljen a leg\u00fajabb Thunderbolt 5 \u00e9s USB4 2.0 szabv\u00e1nyoknak. Hatalmas, 80 Gbps k\u00e9tir\u00e1ny\u00fa s\u00e1vsz\u00e9less\u00e9get biztos\u00edt, ami gyakorlatilag megdupl\u00e1zza a kor\u00e1bbi gener\u00e1ci\u00f3k teljes\u00edtm\u00e9ny\u00e9t.  <sup><\/sup>  K\u00f6vetkez\u00e9sk\u00e9ppen mostant\u00f3l hatalmas 8K videof\u00e1jlokat vagy projektk\u00f6nyvt\u00e1rakat is \u00e1tvihet a kor\u00e1bban sz\u00fcks\u00e9ges id\u0151 t\u00f6red\u00e9ke alatt.<\/p>\n\n<h2 class=\"wp-block-heading\">Hogyan optimaliz\u00e1lja az USB5 k\u00e1bel 80Gbps 240W a kijelz\u0151 be\u00e1ll\u00edt\u00e1sait?<\/h2>\n\n<p id=\"p-rc_98f34dcd8f33ef71-25\">A vizu\u00e1lis szakemberek sz\u00e1m\u00e1ra az <strong>USB5 k\u00e1bel 80Gbps 240W<\/strong> n\u00e9lk\u00fcl\u00f6zhetetlen eszk\u00f6z a nagy felbont\u00e1s\u00fa multitaskinghoz. Ez a k\u00e1bel t\u00e1mogatja a fejlett DisplayPort 2.1 protokollt, lehet\u0151v\u00e9 t\u00e9ve egyetlen 8K 60Hz-es kimenetet vagy ak\u00e1r kett\u0151s 8K konfigur\u00e1ci\u00f3t. <sup><\/sup>  Tov\u00e1bb\u00e1 az innovat\u00edv &#8222;Bandwidth Boost&#8221; technol\u00f3gia k\u00e9pes az adats\u00e1vok \u00fajrakonfigur\u00e1l\u00e1s\u00e1ra.<sup><\/sup>  Ez lehet\u0151v\u00e9 teszi, hogy a k\u00e1bel ak\u00e1r 120 Gbps sebess\u00e9get is ny\u00fajtson a kijelz\u0151s feladatokhoz, mik\u00f6zben az adatvisszat\u00e9r\u00edt\u00e9shez robusztus 40 Gbps sebess\u00e9get biztos\u00edt.<sup><\/sup><\/p>\n\n<p>A professzion\u00e1lis munkafolyamatokat jelent\u0151sen jav\u00edtja ez a rugalmass\u00e1g. Mik\u00f6zben egy nagy friss\u00edt\u00e9si sebess\u00e9g\u0171 monitort hajtanak, az USB5 <strong>k\u00e1bel 80Gbps 240W biztos\u00edtja<\/strong>, hogy a k\u00fcls\u0151 t\u00e1rol\u00f3 tov\u00e1bbra is reag\u00e1ljon. A PAM3 jelk\u00f3dol\u00e1s be\u00e9p\u00edt\u00e9s\u00e9nek k\u00f6sz\u00f6nhet\u0151en az adatintegrit\u00e1s m\u00e9g ilyen elk\u00e9peszt\u0151 sebess\u00e9gek mellett is megmarad. Ez\u00e9rt a vill\u00f3dz\u00f3 k\u00e9perny\u0151k \u00e9s az adatrong\u00e1l\u00f3d\u00e1s a m\u00falt probl\u00e9m\u00e1i lesznek.   <\/p>\n\n<h2 class=\"wp-block-heading\">P\u00e1ratlan 240W-os teljes\u00edtm\u00e9nylead\u00e1s \u00e9s \u00e9p\u00edt\u00e9si min\u0151s\u00e9g<\/h2>\n\n<p id=\"p-rc_98f34dcd8f33ef71-26\">A t\u00f6lt\u00e9si k\u00e9pess\u00e9gek radik\u00e1lisan javultak ezzel az \u00faj szabv\u00e1nnyal. Az <strong>USB5 Cable 80Gbps 240W t\u00e1mogatja<\/strong> a leg\u00fajabb PD 3.1 Extended Power Range (EPR) specifik\u00e1ci\u00f3kat.<sup><\/sup> Ez azt jelenti, hogy ak\u00e1r 240 W teljes\u00edtm\u00e9nyt is biztons\u00e1gosan tov\u00e1bb\u00edthat a k\u00e1belen kereszt\u00fcl az eszk\u00f6z\u00e9hez. Ennek eredm\u00e9nyek\u00e9ppen m\u00e9g a legnagyobb energiaig\u00e9ny\u0171 j\u00e1t\u00e9kos laptopok is teljes sebess\u00e9ggel t\u00f6lthet\u0151k, an\u00e9lk\u00fcl, hogy sz\u00fcks\u00e9g lenne egy saj\u00e1t fejleszt\u00e9s\u0171 &#8222;t\u00e9gla&#8221; csatlakoz\u00f3ra.  <\/p>\n\n<p id=\"p-rc_98f34dcd8f33ef71-27\">Az <strong>USB5 Cable 80Gbps 240W<\/strong> tervez\u00e9se sor\u00e1n egy\u00e9rtelm\u0171en a tart\u00f3ss\u00e1g volt a priorit\u00e1s <strong>.<\/strong> A bels\u0151 vezet\u00e9keket nagy s\u0171r\u0171s\u00e9g\u0171 fonott \u00f6tv\u00f6zetb\u0151l k\u00e9sz\u00fclt \u00e1rny\u00e9kol\u00e1s v\u00e9di, hogy minimaliz\u00e1lja az elektrom\u00e1gneses interferenci\u00e1t. <sup><\/sup>  Ezenk\u00edv\u00fcl a k\u00fcls\u0151 k\u00f6peny rugalmas TPE-b\u0151l k\u00e9sz\u00fclt, amely t\u00f6bb mint 2000 hajl\u00edt\u00e1si ciklust is kib\u00edr.<sup><\/sup>  Mivel a csatlakoz\u00f3k nikkelezettek, t\u00f6bb mint 10 000 behelyez\u00e9st b\u00edrnak el, \u00edgy \u00e9vekig megb\u00edzhat\u00f3 kapcsolatot biztos\u00edtanak.<\/p>\n\n<h2 class=\"wp-block-heading\">Biztos\u00edtsa a j\u00f6v\u0151be a felszerel\u00e9s\u00e9t az USB5 k\u00e1bel 80Gbps 240W-val<\/h2>\n\n<p id=\"p-rc_98f34dcd8f33ef71-28\">A kompatibilit\u00e1s soha nem jelent probl\u00e9m\u00e1t ezzel a sokoldal\u00fa tartoz\u00e9kkal. B\u00e1r a j\u00f6v\u0151nek k\u00e9sz\u00fclt, az USB5 <strong>Cable 80Gbps 240W teljesen<\/strong> kompatibilis a <a href=\"https:\/\/www.intel.com\/content\/www\/us\/en\/gaming\/resources\/upgrade-gaming-accessories-thunderbolt-4.html\" target=\"_blank\" rel=\"noopener nofollow\" title=\"\">Thunderbolt 4 \u00e9s<\/a><a href=\"https:\/\/www.thunderbolttechnology.net\/blog\/thunderbolt-3-usb-c-does-it-all\" target=\"_blank\" rel=\"noopener nofollow\" title=\"\"> Thunderbolt 3 eszk\u00f6z\u00f6kkel<\/a>. Emellett t\u00f6k\u00e9letesen m\u0171k\u00f6dik USB4, USB 3.2 \u00e9s szabv\u00e1nyos USB-C portokkal is. Ak\u00e1r egy korszer\u0171 eGPU-t csatlakoztat PCIe 4.0-n kereszt\u00fcl, ak\u00e1r egyszer\u0171en csak egy mobiltelefont szinkroniz\u00e1l, a teljes\u00edtm\u00e9ny mindig optimaliz\u00e1lt.   <\/p>\n\n<p>Ne hagyja, hogy a rosszabb min\u0151s\u00e9g\u0171 k\u00e1belez\u00e9s sz\u0171k\u00edtse a cs\u00facskateg\u00f3ri\u00e1s hardvert \u00e9s lelass\u00edtsa a kreat\u00edv folyamatot. Biztos\u00edtsa <strong>USB5 Cable 80Gbps 240W<\/strong> k\u00e1bel\u00e9t <strong>m\u00e9g ma<\/strong>, hogy garant\u00e1ltan az \u00e9lvonalban maradjon. Ennek a k\u00f6vetkez\u0151 gener\u00e1ci\u00f3s technol\u00f3gi\u00e1nak a k\u00e9szletei gyorsan mozognak, ez\u00e9rt cselekedjen most, hogy munka\u00e1llom\u00e1sa k\u00e9szen \u00e1lljon a 80 Gbps forradalomra. Tapasztalja meg a sebess\u00e9g \u00e9s a teljes\u00edtm\u00e9ny cs\u00facs\u00e1t, ha m\u00e9g ma megrendeli \u00e1ruh\u00e1zunkb\u00f3l!   <\/p>\n\n<p><\/p>\n","protected":false},"excerpt":{"rendered":"<ul>\n<li><strong>80 Gbps Pro Data &#8211;<\/strong> vill\u00e1mgyors k\u00e9tir\u00e1ny\u00fa adat\u00e1tvitel hatalmas f\u00e1jlok sz\u00e1m\u00e1ra.<\/li>\n<li><strong>240 W-os EPR t\u00f6lt\u00e9s &#8211;<\/strong> Teljes PD 3.1 t\u00e1mogat\u00e1s a nagy teljes\u00edtm\u00e9ny\u0171 laptopok sz\u00e1m\u00e1ra.<\/li>\n<li><strong>8K@60Hz vizu\u00e1lis megjelen\u00edt\u00e9s &#8211;<\/strong> Mag\u00e1val ragad\u00f3 8K vagy kett\u0151s 4K megjelen\u00edt\u00e9s a DisplayPort 2.1-en kereszt\u00fcl.<\/li>\n<li><strong>E-Mark Safety IC &#8211;<\/strong> Az intelligens chipset stabil, h\u0151szab\u00e1lyozott teljes\u00edtm\u00e9nyt biztos\u00edt.<\/li>\n<li><strong>Cink\u00f6tv\u00f6zet \u00e9s fonott szerkezet &#8211;<\/strong> Pr\u00e9mium meger\u0151s\u00edtett kialak\u00edt\u00e1s a maxim\u00e1lis tart\u00f3ss\u00e1g \u00e9rdek\u00e9ben.<\/li>\n<\/ul>\n[cg_accordion title=\"FIZET\u00c9SI INFORM\u00c1CI\u00d3K\"]<\/p>\n<p>A leg\u00fajabb technol\u00f3gi\u00e1t haszn\u00e1ljuk a fizet\u00e9s feldolgoz\u00e1s\u00e1ban, amely lehet\u0151v\u00e9 teszi, hogy az Apple Pay, a Google Pay, a bankk\u00e1rtya\/hitelk\u00e1rtya, a PayPal vagy a BNPL m\u00f3dszerek, mint p\u00e9ld\u00e1ul a Klarna, az Affirm vagy az AfterPay seg\u00edts\u00e9g\u00e9vel fizessen ki gyorsan \u00e9s biztons\u00e1gosan.[\/cg_accordion]\n[cg_accordion title=\"GARANCIA\"]<\/p>\n<p>1 \u00e9v garancia a <a href=\"https:\/\/droix.net\/\" target=\"_blank\" rel=\"nofollow noopener\">DROIX Global- t\u00f3l az \u00d6n nyugalma \u00e9rdek\u00e9ben<\/a> [\/cg_accordion]\n[cg_accordion title=\"MIN\u0150S\u00c9GBIZTOS\u00cdT\u00c1S \u00c9S SZ\u00c1LL\u00cdT\u00c1S EL\u0150TTI TESZTEL\u00c9S\"]<\/p>\n<p>A legmagasabb sz\u00ednvonal\u00fa \u00fcgyf\u00e9l-el\u00e9gedetts\u00e9g biztos\u00edt\u00e1sa: Minden k\u00e9sz\u00fcl\u00e9ket szigor\u00fa tesztel\u00e9snek \u00e9s t\u00f6bbpontos min\u0151s\u00e9gbiztos\u00edt\u00e1si ellen\u0151rz\u00e9snek vetnek al\u00e1, miel\u0151tt kisz\u00e1ll\u00edt\u00e1sra ker\u00fcl. Elk\u00f6telezett csapatunk ellen\u0151rzi a teljes\u00edtm\u00e9nyt, a funkcionalit\u00e1st \u00e9s az alkatr\u00e9szek \u00e9ps\u00e9g\u00e9t, hogy garant\u00e1ljuk, hogy az AYANEO k\u00e9sz\u00fcl\u00e9k meg\u00e9rkez\u00e9sekor t\u00f6k\u00e9letes m\u0171k\u00f6d\u00e9si \u00e1llapotban van, \u00edgy biztos\u00edtva \u00d6nnek a bizalmat \u00e9s a nyugalmat. [\/cg_accordion]\n[cg_accordion title=\"\u00c1RK\u00c9PZ\u00c9S, AD\u00d3K \u00c9S SZ\u00c1LL\u00cdT\u00c1S\"]<\/p>\n<p><strong><u>Megjegyz\u00e9s:<\/u><\/strong><\/p>\n<ul>\n<li>Egyes\u00fclt \u00c1llamok \u00dcgyfelek: A felt\u00fcntetett \u00e1r NEM tartalmazza az ad\u00f3t \u00e9s a v\u00e1mokat. A v\u00e1mkezel\u00e9s \u00e9s a kapcsol\u00f3d\u00f3 ad\u00f3k\/v\u00e1mok megfizet\u00e9se az \u00fcgyfelet terheli. <\/li>\n<li>EU-s \u00fcgyfelek: A felt\u00fcntetett \u00e1r tartalmazza az alkalmazand\u00f3 ad\u00f3t, amely az \u00d6n orsz\u00e1g\u00e1t\u00f3l f\u00fcgg\u0151en ak\u00e1r 25% is lehet.<\/li>\n<li>Kanadai \u00fcgyfelek: A felt\u00fcntetett \u00e1r tartalmazza az alkalmazand\u00f3 ad\u00f3kat, amelyek az \u00d6n tartom\u00e1ny\u00e1t\u00f3l f\u00fcgg\u0151en tartalmazhatj\u00e1k az 5%-os GST-t \u00e9s tov\u00e1bbi tartom\u00e1nyi forgalmi ad\u00f3kat (PST), harmoniz\u00e1lt forgalmi ad\u00f3t (HST) vagy qu\u00e9beci forgalmi ad\u00f3t (QST).<\/li>\n<\/ul>\n<p>USA-beli \u00fcgyfeleink sz\u00e1m\u00e1ra: DAP (Delivered At Place). B\u00e1r az \u00fcgyfelek felel\u0151sek az alkalmazand\u00f3 tarif\u00e1k megfizet\u00e9s\u00e9\u00e9rt, mi az Egyes\u00fclt Kir\u00e1lys\u00e1gb\u00f3l t\u00f6rt\u00e9n\u0151 sz\u00e1ll\u00edt\u00e1sban szerzett sz\u00e9lesk\u00f6r\u0171 tapasztalatainkra t\u00e1maszkodva biztos\u00edtjuk, hogy a lehet\u0151 legkevesebb d\u00edjat kelljen fizetnie. Nyilv\u00e1ntart\u00e1sunk alapj\u00e1n ezek a d\u00edjak \u00e1ltal\u00e1ban nem haladj\u00e1k meg a term\u00e9k \u00e9rt\u00e9k\u00e9nek 10%-\u00e1t.  <\/p>\n<p><strong>CSAK EU-s \u00fcgyfelek sz\u00e1m\u00e1ra:<\/strong> Express DDP (Delivered Duty Paid). Ez azt jelenti: <\/p>\n<ul>\n<li>A term\u00e9k oldal\u00e1n felt\u00fcntetett \u00e1r tartalmazza az \u00f6sszes v\u00e1mot \u00e9s ad\u00f3t.<\/li>\n<li>A k\u00e9zbes\u00edt\u00e9skor nem kell tov\u00e1bbi d\u00edjakat fizetnie.<\/li>\n<li>Abban a ritka esetben, ha a v\u00e1mkezel\u00e9ssel kapcsolatos probl\u00e9m\u00e1k mer\u00fclnek fel, csapatunk az \u00d6n nev\u00e9ben elv\u00e9gzi a v\u00e1mkezel\u00e9si folyamatot, hogy biztos\u00edtsa a z\u00f6kken\u0151mentes sz\u00e1ll\u00edt\u00e1st.<\/li>\n<p>Fontos inform\u00e1ci\u00f3k a visszak\u00fcld\u00e9sr\u0151l:<\/p>\n<li>Ha \u00fagy d\u00f6nt, hogy visszak\u00fcldi megrendel\u00e9s\u00e9t vagy visszat\u00e9r\u00edt\u00e9st k\u00e9r, k\u00e9rj\u00fck, vegye figyelembe, hogy a DDP felt\u00e9telei szerint az \u00d6n nev\u00e9ben kifizetett ad\u00f3k \u00e9s v\u00e1mok nem t\u00e9r\u00edthet\u0151k vissza.<\/li>\n<p>R\u00e9szletes <a href=\"https:\/\/ayaneo.co\/hu\/szolgaltatasi-feltetelek\/\" target=\"_blank\" rel=\"nofollow noopener\">inform\u00e1ci\u00f3k\u00e9rt k\u00e9rj\u00fck, olvassa el a Felhaszn\u00e1l\u00e1si Felt\u00e9teleinket<\/a>.\n<\/ul>\n<p>[\/cg_accordion]\n[cg_accordion title=\"\u00dcGYF\u00c9LSZOLG\u00c1LAT\"]<\/p>\n<p>K\u00e9rd\u00e9se van? Egy r\u00f6vid sz\u00f6veges \u00fczenetben megoldjuk a probl\u00e9m\u00e1j\u00e1t! [\/cg_accordion]\n[cg_accordion title=\"A CSOMAG TARTALMAZZA\"]<\/p>\n<ul>\n<li>1x USB5 Type-C k\u00e1bel | 80Gbps 240W (1m)<\/li>\n<\/ul>\n<p>[\/cg_accordion]\n","protected":false},"featured_media":45903,"template":"","meta":{"_acf_changed":false},"product_brand":[],"product_cat":[4933],"product_tag":[],"class_list":{"0":"post-47618","1":"product","2":"type-product","3":"status-publish","4":"has-post-thumbnail","6":"product_cat-tartozekok","7":"product_shipping_class-low-end","9":"first","10":"instock","11":"sale","12":"taxable","13":"shipping-taxable","14":"purchasable","15":"product-type-simple"},"acf":[],"_links":{"self":[{"href":"https:\/\/ayaneo.co\/hu\/wp-json\/wp\/v2\/product\/47618","targetHints":{"allow":["GET"]}}],"collection":[{"href":"https:\/\/ayaneo.co\/hu\/wp-json\/wp\/v2\/product"}],"about":[{"href":"https:\/\/ayaneo.co\/hu\/wp-json\/wp\/v2\/types\/product"}],"wp:featuredmedia":[{"embeddable":true,"href":"https:\/\/ayaneo.co\/hu\/wp-json\/wp\/v2\/media\/45903"}],"wp:attachment":[{"href":"https:\/\/ayaneo.co\/hu\/wp-json\/wp\/v2\/media?parent=47618"}],"wp:term":[{"taxonomy":"product_brand","embeddable":true,"href":"https:\/\/ayaneo.co\/hu\/wp-json\/wp\/v2\/product_brand?post=47618"},{"taxonomy":"product_cat","embeddable":true,"href":"https:\/\/ayaneo.co\/hu\/wp-json\/wp\/v2\/product_cat?post=47618"},{"taxonomy":"product_tag","embeddable":true,"href":"https:\/\/ayaneo.co\/hu\/wp-json\/wp\/v2\/product_tag?post=47618"}],"curies":[{"name":"wp","href":"https:\/\/api.w.org\/{rel}","templated":true}]}}