{"id":2258,"date":"2023-03-11T09:27:33","date_gmt":"2023-03-11T09:27:33","guid":{"rendered":"https:\/\/ayaneo.co\/politica-di-rimborso-e-restituzione\/"},"modified":"2025-03-21T16:28:20","modified_gmt":"2025-03-21T16:28:20","slug":"politica-di-rimborso-e-restituzione","status":"publish","type":"page","link":"https:\/\/ayaneo.co\/it\/politica-di-rimborso-e-restituzione\/","title":{"rendered":"Politica di rimborso e restituzione"},"content":{"rendered":"\n<p>I seguenti Termini e condizioni devono essere considerati in accordo (accoppiati), &#8220;come un tutt&#8217;uno\" con i <a href=\"https:\/\/ayaneo.co.uk\/refund_returns\/\" target=\"_blank\" rel=\"noreferrer noopener\">Termini di servizio<\/a>, l&#8217;<a href=\"https:\/\/ayaneo.co.uk\/privacy-policy\/\" target=\"_blank\" rel=\"noreferrer noopener\">Informativa sulla privacy<\/a> e l&#8217;<a href=\"https:\/\/ayaneo.co.uk\/cookies-policy\/\" target=\"_blank\" rel=\"noreferrer noopener\">Informativa sui cookie<\/a>.<\/p>\n\n<h3 class=\"wp-block-heading\" id=\"h-cancellations\">ANNULLAMENTI  <\/h3>\n\n<ol class=\"wp-block-list\">\n<li>Se non sei un Cliente Business, hai il diritto di annullare il contratto in qualsiasi momento fino al termine dei 30 giorni di calendario successivi al ricevimento della merce (vedi sotto).<\/li>\n\n\n\n<li>Per esercitare il tuo diritto di recesso, devi inviare una comunicazione scritta al Fornitore a mano, per posta, via e-mail, sui social media o tramite la pagina web, fornendo i dettagli della merce ordinata e (se del caso) della sua consegna. La notifica telefonica non \u00e8 sufficiente. <\/li>\n\n\n\n<li>Salvo nel caso di merce difettosa o descritta in modo errato, se eserciti il diritto di recesso dopo che la merce ti \u00e8 stata consegnata, sarai responsabile della restituzione della merce al Fornitore a tue spese. La merce dovr\u00e0 essere restituita all&#8217;indirizzo comunicato dal Fornitore. Dovrai prestare la dovuta attenzione affinch\u00e9 la merce non venga danneggiata nel frattempo o durante il trasporto.  \n<ol class=\"wp-block-list\">\n<li>In caso di merce difettosa o descritta in modo errato, il Fornitore, dopo aver ricevuto la notifica in conformit\u00e0 ai Termini e Condizioni, ritirer\u00e0 la merce presso di te o ti chieder\u00e0 di restituirla tu stesso, fornendoti un metodo di restituzione accettabile.  <\/li>\n<\/ol>\n<\/li>\n\n\n\n<li>Un ordine cancellato durante il trasporto comporter\u00e0 l&#8217;addebito della tariffa di cancellazione standard pi\u00f9 i costi di trasporto aggiuntivi a carico del cliente.<\/li>\n<\/ol>\n\n<h3 class=\"wp-block-heading\" id=\"h-returns\">RESTITUZIONI<\/h3>\n\n<ol class=\"wp-block-list\">\n<li>Gli articoli personalizzati non sono restituibili. Questo non pregiudica i tuoi diritti legali. <\/li>\n\n\n\n<li>I sistemi informatici costruiti su misura per il cliente sono esenti dal diritto di recesso ai sensi della normativa sulle vendite a distanza.<\/li>\n\n\n\n<li>Gli articoli devono essere nella confezione originale se questa fa parte della merce, ad esempio se si tratta di merce inscatolata). Hai l&#8217;obbligo legale di avere una ragionevole cura dei beni mentre sono in tuo possesso. Se non rispetti quest&#8217;obbligo, il Fornitore potr\u00e0 agire nei tuoi confronti per ottenere un risarcimento fino al 50% del valore (tassa di rifornimento). Questo vale per tutti i prodotti restituiti.   <\/li>\n\n\n\n<li>Dopo aver ricevuto un numero RMA e le istruzioni per la restituzione, il cliente dovr\u00e0 assicurarsi che l&#8217;articolo venga consegnato all&#8217;indirizzo del fornitore indicato nelle istruzioni per la restituzione. Il Fornitore non si assume alcuna responsabilit\u00e0 per articoli mancanti o consegnati in modo errato. Si consiglia di spedire tutti i resi al fornitore con un metodo tracciato, firmato e assicurato.  <\/li>\n\n\n\n<li>Ai sensi della <a href=\"https:\/\/www.legislation.gov.uk\/ukpga\/2015\/15\/contents\/enacted\" target=\"_blank\" rel=\"noreferrer noopener\">legge sui diritti dei consumatori del 2015<\/a>, il Fornitore non rimborser\u00e0 le spese di spedizione per la consegna speciale.<\/li>\n\n\n\n<li>Se viene citato un difetto con la richiesta di esercitare il diritto di recesso, e tale difetto non \u00e8 presente sul dispositivo, il Fornitore si riserva il diritto di trattenere un importo non superiore a 10 sterline, o al 5% del prodotto per l&#8217;etichetta prepagata fornita al Cliente.<\/li>\n\n\n\n<li>Se il rimborso \u00e8 dovuto all&#8217;utente, il Fornitore trasferir\u00e0 il denaro utilizzando lo stesso metodo originariamente utilizzato dall&#8217;utente per pagare l&#8217;acquisto. Se il Fornitore non pu\u00f2 effettuare il rimborso tramite il metodo di pagamento originale, sarai contattato per concordare un&#8217;alternativa. <\/li>\n\n\n\n<li>Nel caso in cui tu non abbia avuto una ragionevole cura della merce, il Fornitore si riserva il diritto di rifiutare il rimborso e di restituirti la merce a tue spese.<\/li>\n\n\n\n<li>I rimborsi non comprendono l&#8217;IVA all&#8217;importazione o i dazi gi\u00e0 pagati alle autorit\u00e0 competenti.<\/li>\n<\/ol>\n","protected":false},"excerpt":{"rendered":"<p>I seguenti Termini e condizioni devono essere considerati in accordo (accoppiati), &#8220;come un tutt&#8217;uno\" con i Termini di servizio, l&#8217;Informativa sulla privacy e l&#8217;Informativa sui cookie. ANNULLAMENTI RESTITUZIONI<\/p>\n","protected":false},"author":1,"featured_media":0,"parent":0,"menu_order":0,"comment_status":"closed","ping_status":"closed","template":"","meta":{"_acf_changed":false,"footnotes":""},"class_list":["post-2258","page","type-page","status-publish","hentry"],"acf":[],"_links":{"self":[{"href":"https:\/\/ayaneo.co\/it\/wp-json\/wp\/v2\/pages\/2258","targetHints":{"allow":["GET"]}}],"collection":[{"href":"https:\/\/ayaneo.co\/it\/wp-json\/wp\/v2\/pages"}],"about":[{"href":"https:\/\/ayaneo.co\/it\/wp-json\/wp\/v2\/types\/page"}],"author":[{"embeddable":true,"href":"https:\/\/ayaneo.co\/it\/wp-json\/wp\/v2\/users\/1"}],"replies":[{"embeddable":true,"href":"https:\/\/ayaneo.co\/it\/wp-json\/wp\/v2\/comments?post=2258"}],"version-history":[{"count":0,"href":"https:\/\/ayaneo.co\/it\/wp-json\/wp\/v2\/pages\/2258\/revisions"}],"wp:attachment":[{"href":"https:\/\/ayaneo.co\/it\/wp-json\/wp\/v2\/media?parent=2258"}],"curies":[{"name":"wp","href":"https:\/\/api.w.org\/{rel}","templated":true}]}}