{"id":11423,"date":"2025-03-20T10:53:25","date_gmt":"2025-03-20T10:53:25","guid":{"rendered":"https:\/\/ayaneo.co\/product\/ayaneo-cappucci-per-impugnatura-a-bastoncino-pocket-evo-precisione-e-comfort-migliorati\/"},"modified":"2025-12-09T00:32:35","modified_gmt":"2025-12-09T00:32:35","slug":"ayaneo-cappucci-per-impugnatura-a-bastoncino-pocket-evo-precisione-e-comfort-migliorati","status":"publish","type":"product","link":"https:\/\/ayaneo.co\/it\/product\/ayaneo-cappucci-per-impugnatura-a-bastoncino-pocket-evo-precisione-e-comfort-migliorati\/","title":{"rendered":"AYANEO 3 \/ Pocket EVO Thumb Stick Grip Caps - Precisione e comfort per ogni movimento!"},"content":{"rendered":"\n<p>Migliora la tua esperienza di gioco <strong>suAYANEO 3 e Pocket EVO<\/strong> con questi <strong>tappi per l&#8217;impugnatura della levetta del pollice<\/strong>! Progettati per <strong>migliorare la presa, il controllo e la durata nel tempo<\/strong>, questi tappi assicurano movimenti pi\u00f9 fluidi e precisi per una giocata senza precedenti.<\/p>\n\n<h2 class=\"wp-block-heading\"><strong>Caratteristiche principali:<\/strong><\/h2>\n\n<p><strong>Impugnatura e controllo migliorati<\/strong> - Offre una <strong>maggiore precisione<\/strong> e una superficie antiscivolo per movimenti accurati.<\/p>\n\n<p><strong>Design ergonomico e confortevole<\/strong> - Riduce l&#8217;affaticamento del pollice per sessioni di gioco prolungate.<\/p>\n\n<p><strong>Materiale in silicone premium<\/strong> - Il materiale resistente e di alta qualit\u00e0 garantisce una lunga durata e una sensazione di morbidezza.<\/p>\n\n<p><strong>Facile da installare e sicuro<\/strong> - Progettato su misura per <strong>AYANEO 3 e Pocket EVO<\/strong>, assicura un fissaggio aderente e antiscivolo.<\/p>\n\n<p><strong>Elegante e funzionale<\/strong> - \u00c8 disponibile nei <strong>colori bianco e nero<\/strong> per adattarsi alla tua configurazione di gioco e proteggere il tuo joystick dall&#8217;usura.<\/p>\n\n<p>Potenzia il tuo <strong>AYANEO 3 e Pocket EVO<\/strong> con questi <strong>tappi di alta qualit\u00e0 per<\/strong> una presa, un controllo e un comfort superiori!<\/p>\n","protected":false},"excerpt":{"rendered":"<ul>\n<li>Grip <strong>ufficiali<\/strong> AYANEO 3 \/ Pocket EVO<\/li>\n<li><strong>Impugnatura e precisione migliorate<\/strong> - Migliora l&#8217;accuratezza e il controllo.<\/li>\n<li><strong>Confortevole ed ergonomico<\/strong> - Riduce l&#8217;affaticamento per le sessioni di gioco pi\u00f9 lunghe.<\/li>\n<li><strong>Materiale in silicone duraturo<\/strong> - Lunga durata e resistenza all&#8217;usura.<\/li>\n<li><strong>Vestibilit\u00e0 perfetta<\/strong> - Progettato esclusivamente per AYANEO 3 e Pocket EVO.<\/li>\n<\/ul>\n[cg_accordion title=\"INFO SUL PAGAMENTO\"]<\/p>\n<p>Utilizziamo la pi\u00f9 recente tecnologia di elaborazione dei pagamenti, che ti permette di effettuare il checkout tramite Apple Pay, Google Pay, la tua carta di debito\/credito, PayPal o metodi BNPL come Klarna, Affirm o AfterPay per un&#8217;esperienza veloce e sicura.[\/cg_accordion]\n[cg_accordion title=\"GARANZIA\"]<\/p>\n<p>1 anno di garanzia da parte di <a href=\"https:\/\/droix.net\/\" target=\"_blank\" rel=\"nofollow noopener\">DROIX Global<\/a> per la tua tranquillit\u00e0[\/cg_accordion]\n[cg_accordion title=\"GARANZIA DI QUALIT\u00c0 E TEST PRE-SPEDIZIONE\"]<\/p>\n<p>Garantire la soddisfazione del cliente ai massimi livelli: Ogni dispositivo viene sottoposto a test rigorosi e a un controllo di qualit\u00e0 in pi\u00f9 punti prima di essere spedito. Il nostro team dedicato verifica le prestazioni, la funzionalit\u00e0 e l&#8217;integrit\u00e0 dei componenti per garantire che il tuo dispositivo AYANEO sia perfettamente funzionante al momento dell&#8217;arrivo, offrendoti fiducia e tranquillit\u00e0. [\/cg_accordion]\n[cg_accordion title=\"PREZZI, TASSE E SPEDIZIONE\"]<\/p>\n<p><strong><u>Nota:<\/u><\/strong><\/p>\n<ul>\n<li>Clienti degli Stati Uniti: Il prezzo esposto non include tasse e dazi. La responsabilit\u00e0 dello sdoganamento e del pagamento di eventuali tasse e dazi \u00e8 a carico del cliente. <\/li>\n<li>Clienti UE: Il prezzo indicato \u00e8 comprensivo dell&#8217;imposta applicabile, che pu\u00f2 arrivare al 25% a seconda del paese.<\/li>\n<li>Clienti del Canada: Il prezzo indicato \u00e8 comprensivo delle imposte applicabili, che possono includere il 5% di GST e ulteriori imposte provinciali sulle vendite (PST), l&#8217;imposta sulle vendite armonizzata (HST) o l&#8217;imposta sulle vendite del Quebec (QST), a seconda della tua provincia.<\/li>\n<\/ul>\n<p><strong>Solo per i clienti dell&#8217;UE:<\/strong> Express DDP (Delivered Duty Paid). Ci\u00f2 significa che: <\/p>\n<ul>\n<li>Tutti i dazi doganali e le tasse sono inclusi nel prezzo indicato nella pagina del prodotto.<\/li>\n<li>Non dovrai pagare alcun costo aggiuntivo alla consegna.<\/li>\n<li>Nel raro caso di problemi doganali, il nostro team si occuper\u00e0 del processo di sdoganamento per conto tuo per garantire una consegna senza problemi.<\/li>\n<p>Informazioni importanti sulla restituzione:<\/p>\n<li>Se decidi di restituire l&#8217;ordine o di richiedere un rimborso, tieni presente che le tasse e i dazi pagati a tuo nome secondo i termini del DDP non possono essere rimborsati.<\/li>\n<p>Per informazioni dettagliate, consulta i nostri <a href=\"https:\/\/ayaneo.co\/it\/termini-di-servizio\/\" target=\"_blank\" rel=\"nofollow noopener\">Termini e Condizioni<\/a>.\n<\/ul>\n<p>[\/cg_accordion]\n[cg_accordion title=\"ASSISTENZA CLIENTI\"]<\/p>\n<p>Hai una domanda? Basta un breve messaggio per risolvere il tuo problema! [\/cg_accordion]\n[cg_accordion title=\"IL PACCHETTO INCLUDE\"]<\/p>\n<ul>\n<li>1x AYANEO 3 &amp; Pocket EVO Grip Caps per il bastone del pollice<\/li>\n<\/ul>\n<p>[\/cg_accordion]\n","protected":false},"featured_media":11044,"template":"","meta":{"_acf_changed":false},"product_brand":[],"product_cat":[381],"product_tag":[],"class_list":{"0":"post-11423","1":"product","2":"type-product","3":"status-publish","4":"has-post-thumbnail","6":"product_cat-accessori","7":"product_shipping_class-low-end","9":"first","10":"instock","11":"sale","12":"taxable","13":"shipping-taxable","14":"purchasable","15":"product-type-simple"},"acf":[],"_links":{"self":[{"href":"https:\/\/ayaneo.co\/it\/wp-json\/wp\/v2\/product\/11423","targetHints":{"allow":["GET"]}}],"collection":[{"href":"https:\/\/ayaneo.co\/it\/wp-json\/wp\/v2\/product"}],"about":[{"href":"https:\/\/ayaneo.co\/it\/wp-json\/wp\/v2\/types\/product"}],"wp:featuredmedia":[{"embeddable":true,"href":"https:\/\/ayaneo.co\/it\/wp-json\/wp\/v2\/media\/11044"}],"wp:attachment":[{"href":"https:\/\/ayaneo.co\/it\/wp-json\/wp\/v2\/media?parent=11423"}],"wp:term":[{"taxonomy":"product_brand","embeddable":true,"href":"https:\/\/ayaneo.co\/it\/wp-json\/wp\/v2\/product_brand?post=11423"},{"taxonomy":"product_cat","embeddable":true,"href":"https:\/\/ayaneo.co\/it\/wp-json\/wp\/v2\/product_cat?post=11423"},{"taxonomy":"product_tag","embeddable":true,"href":"https:\/\/ayaneo.co\/it\/wp-json\/wp\/v2\/product_tag?post=11423"}],"curies":[{"name":"wp","href":"https:\/\/api.w.org\/{rel}","templated":true}]}}