{"id":11438,"date":"2025-03-18T15:51:48","date_gmt":"2025-03-18T15:51:48","guid":{"rendered":"https:\/\/ayaneo.co\/product\/ayaneo-custodia-in-pelle-pocket-micro\/"},"modified":"2025-12-02T18:10:46","modified_gmt":"2025-12-02T18:10:46","slug":"ayaneo-custodia-in-pelle-pocket-micro","status":"publish","type":"product","link":"https:\/\/ayaneo.co\/it\/product\/ayaneo-custodia-in-pelle-pocket-micro\/","title":{"rendered":"AYANEO Pocket Micro Custodia in pelle"},"content":{"rendered":"\n<p>Dai al tuo <strong>AYANEO Pocket Micro<\/strong> la protezione che merita con questa <strong>lussuosa custodia in pelle<\/strong>! Progettata per una <strong>vestibilit\u00e0 perfetta<\/strong>, questa custodia combina <strong>eleganza, durata e portabilit\u00e0<\/strong> per proteggere il tuo dispositivo mantenendo un look elegante e professionale.<\/p>\n\n<h2 class=\"wp-block-heading\" id=\"h-key-features\"><strong>Caratteristiche principali:<\/strong><\/h2>\n\n<p><strong>Materiale in pelle premium<\/strong> - Realizzato in pelle di alta qualit\u00e0 per una finitura sofisticata e resistente.<\/p>\n\n<p><strong>Vestibilit\u00e0 perfetta e protezione sicura<\/strong> - Realizzato su misura per AYANEO Pocket Micro, assicura una <strong>vestibilit\u00e0 aderente<\/strong> che protegge il tuo dispositivo da graffi, polvere e piccoli urti.<\/p>\n\n<p><strong>Morbida fodera interna<\/strong> - Delicata per lo schermo e il corpo del tuo dispositivo, evita qualsiasi segno indesiderato.<\/p>\n\n<p><strong>Leggero e portatile<\/strong> - Il design sottile lo rende facile da trasportare pur offrendo la massima protezione.<\/p>\n\n<p><strong>Chiusura magnetica per una maggiore sicurezza<\/strong> - Assicura che il tuo dispositivo rimanga saldamente in posizione pur consentendo un accesso rapido.<\/p>\n\n<p>Aggiorna il tuo <strong>AYANEO Pocket Micro<\/strong> con questa <strong>elegante e funzionale custodia in pelle<\/strong>: <strong>protezione con un tocco di eleganza!<\/strong> <\/p>\n\n<p><\/p>\n","protected":false},"excerpt":{"rendered":"<ul>\n<li>Custodia <strong>ufficiale<\/strong> in pelle protettiva AYANEO Pocket Micro<\/li>\n<li><strong>Pelle Premium<\/strong> - Elegante, resistente e di lunga durata.<\/li>\n<li><strong>Morbida fodera interna<\/strong> - Protegge da graffi e polvere.<\/li>\n<li><strong>Leggero e portatile<\/strong> - Facile da trasportare senza ingombro.<\/li>\n<li><strong>Chiusura magnetica<\/strong> - Accesso sicuro e comodo.<\/li>\n<\/ul>\n[cg_accordion title=\"INFO SUL PAGAMENTO\"]<\/p>\n<p>Utilizziamo la pi\u00f9 recente tecnologia di elaborazione dei pagamenti, che ti permette di effettuare il checkout tramite Apple Pay, Google Pay, la tua carta di debito\/credito, PayPal o metodi BNPL come Klarna, Affirm o AfterPay per un&#8217;esperienza veloce e sicura.[\/cg_accordion]\n[cg_accordion title=\"GARANZIA\"]<\/p>\n<p>1 anno di garanzia da parte di <a href=\"https:\/\/droix.net\/\" target=\"_blank\" rel=\"nofollow noopener\">DROIX Global<\/a> per la tua tranquillit\u00e0[\/cg_accordion]\n[cg_accordion title=\"GARANZIA DI QUALIT\u00c0 E TEST PRE-SPEDIZIONE\"]<\/p>\n<p>Garantire la soddisfazione del cliente ai massimi livelli: Ogni dispositivo viene sottoposto a test rigorosi e a un controllo di qualit\u00e0 in pi\u00f9 punti prima di essere spedito. Il nostro team dedicato verifica le prestazioni, la funzionalit\u00e0 e l&#8217;integrit\u00e0 dei componenti per garantire che il tuo dispositivo AYANEO sia perfettamente funzionante al momento dell&#8217;arrivo, offrendoti fiducia e tranquillit\u00e0. [\/cg_accordion]\n[cg_accordion title=\"PREZZI, TASSE E SPEDIZIONE\"]<\/p>\n<p><strong><u>Nota:<\/u><\/strong><\/p>\n<ul>\n<li>Clienti degli Stati Uniti: Il prezzo esposto non include tasse e dazi. La responsabilit\u00e0 dello sdoganamento e del pagamento di eventuali tasse e dazi \u00e8 a carico del cliente. <\/li>\n<li>Clienti UE: Il prezzo indicato \u00e8 comprensivo dell&#8217;imposta applicabile, che pu\u00f2 arrivare al 25% a seconda del paese.<\/li>\n<li>Clienti del Canada: Il prezzo indicato \u00e8 comprensivo delle imposte applicabili, che possono includere il 5% di GST e ulteriori imposte provinciali sulle vendite (PST), l&#8217;imposta sulle vendite armonizzata (HST) o l&#8217;imposta sulle vendite del Quebec (QST), a seconda della tua provincia.<\/li>\n<\/ul>\n<p><strong>Solo per i clienti dell&#8217;UE:<\/strong> Express DDP (Delivered Duty Paid). Ci\u00f2 significa che: <\/p>\n<ul>\n<li>Tutti i dazi doganali e le tasse sono inclusi nel prezzo indicato nella pagina del prodotto.<\/li>\n<li>Non dovrai pagare alcun costo aggiuntivo alla consegna.<\/li>\n<li>Nel raro caso di problemi doganali, il nostro team si occuper\u00e0 del processo di sdoganamento per conto tuo per garantire una consegna senza problemi.<\/li>\n<p>Informazioni importanti sulla restituzione:<\/p>\n<li>Se decidi di restituire l&#8217;ordine o di richiedere un rimborso, tieni presente che le tasse e i dazi pagati a tuo nome secondo i termini del DDP non possono essere rimborsati.<\/li>\n<p>Per informazioni dettagliate, consulta i nostri <a href=\"https:\/\/ayaneo.co\/it\/termini-di-servizio\/\" target=\"_blank\" rel=\"nofollow noopener\">Termini e Condizioni<\/a>.\n<\/ul>\n<p>[\/cg_accordion]\n[cg_accordion title=\"ASSISTENZA CLIENTI\"]<\/p>\n<p>Hai una domanda? Basta un breve messaggio per risolvere il tuo problema! [\/cg_accordion]\n[cg_accordion title=\"IL PACCHETTO INCLUDE\"]<\/p>\n<ul>\n<li>1x AYANEO Pocket Micro Custodia in pelle<\/li>\n<\/ul>\n<p>[\/cg_accordion]\n","protected":false},"featured_media":11029,"template":"","meta":{"_acf_changed":false},"product_brand":[],"product_cat":[381],"product_tag":[],"class_list":{"0":"post-11438","1":"product","2":"type-product","3":"status-publish","4":"has-post-thumbnail","6":"product_cat-accessori","7":"product_shipping_class-low-end","8":"pa_accessory-type-custodia-protettiva","9":"pa_brand-ayaneo","11":"first","12":"outofstock","13":"sale","14":"taxable","15":"shipping-taxable","16":"purchasable","17":"product-type-variable"},"acf":[],"_links":{"self":[{"href":"https:\/\/ayaneo.co\/it\/wp-json\/wp\/v2\/product\/11438","targetHints":{"allow":["GET"]}}],"collection":[{"href":"https:\/\/ayaneo.co\/it\/wp-json\/wp\/v2\/product"}],"about":[{"href":"https:\/\/ayaneo.co\/it\/wp-json\/wp\/v2\/types\/product"}],"wp:featuredmedia":[{"embeddable":true,"href":"https:\/\/ayaneo.co\/it\/wp-json\/wp\/v2\/media\/11029"}],"wp:attachment":[{"href":"https:\/\/ayaneo.co\/it\/wp-json\/wp\/v2\/media?parent=11438"}],"wp:term":[{"taxonomy":"product_brand","embeddable":true,"href":"https:\/\/ayaneo.co\/it\/wp-json\/wp\/v2\/product_brand?post=11438"},{"taxonomy":"product_cat","embeddable":true,"href":"https:\/\/ayaneo.co\/it\/wp-json\/wp\/v2\/product_cat?post=11438"},{"taxonomy":"product_tag","embeddable":true,"href":"https:\/\/ayaneo.co\/it\/wp-json\/wp\/v2\/product_tag?post=11438"}],"curies":[{"name":"wp","href":"https:\/\/api.w.org\/{rel}","templated":true}]}}