{"id":11523,"date":"2025-02-27T10:35:12","date_gmt":"2025-02-27T10:35:12","guid":{"rendered":"https:\/\/ayaneo.co\/product\/ayaneo-moduli-magici\/"},"modified":"2025-12-11T00:10:31","modified_gmt":"2025-12-11T00:10:31","slug":"ayaneo-moduli-magici","status":"publish","type":"product","link":"https:\/\/ayaneo.co\/it\/product\/ayaneo-moduli-magici\/","title":{"rendered":"AYANEO Moduli magici"},"content":{"rendered":"\n<h2 class=\"wp-block-heading\">AYANEO Magic Modules - Il futuro dei palmari modulari<\/h2>\n\n<p>I <strong>Magic Modules<\/strong> di <strong>AYANEO ridefiniscono il concetto di gioco portatile introducendo<\/strong> <strong>un vero e proprio ecosistema modulare<\/strong>, che permette agli utenti di <strong>migliorare e personalizzare l&#8217;esperienza di gioco su AYANEO 3<\/strong> con accessori intercambiabili e fissati magneticamente. Progettati per la flessibilit\u00e0, questi moduli <strong>ampliano le funzionalit\u00e0 senza compromettere la portabilit\u00e0<\/strong> e rappresentano una svolta per gli appassionati di tecnologia e per i giocatori. <\/p>\n\n<h2 class=\"wp-block-heading\"><strong>Modularit\u00e0 magnetica senza soluzione di continuit\u00e0<\/strong><\/h2>\n\n<p>Grazie all&#8217;<strong>innovativa interfaccia magnetica diAYANEO<\/strong>, la sostituzione dei moduli \u00e8 semplice e offre un&#8217;<strong>esperienza plug-and-play<\/strong> adatta alle tue esigenze. I moduli Magic di prima generazione offrono una serie di funzionalit\u00e0, dalle <strong>opzioni di ingresso migliorate<\/strong> alla <strong>connettivit\u00e0 estesa<\/strong>. <\/p>\n\n<h2 class=\"wp-block-heading\"><strong>Costruito per il futuro<\/strong><\/h2>\n\n<p>AYANEO \u00e8 la <strong>prima console portatile da gioco veramente modulare<\/strong>, che garantisce una <strong>versatilit\u00e0 a lungo termine<\/strong> grazie a un ecosistema in continua evoluzione di Magic Modules. Che tu sia un <strong>giocatore incallito<\/strong>, un <strong>professionista creativo<\/strong> o un <strong>appassionato di tecnologia<\/strong>, questi accessori ti permettono di <strong>adattare il tuo dispositivo a diversi scenari senza compromettere le prestazioni<\/strong>. <\/p>\n\n<h3 class=\"wp-block-heading\"><strong>Prendi il controllo della tua esperienza di gioco portatile con i Moduli Magici di AYANEO!<\/strong><\/h3>\n\n<p><\/p>\n","protected":false},"excerpt":{"rendered":"<ul>\n<li><strong>Design modulare<\/strong> - Sostituisci gli accessori senza fatica.<\/li>\n<li><strong>Attacco magnetico<\/strong> - Facile sostituzione plug-and-play.<\/li>\n<li><strong>Caratteristiche avanzate<\/strong> - Aggiorna gli ingressi e la connettivit\u00e0.<\/li>\n<li><strong>A prova di futuro<\/strong> - Espandibile con nuovi moduli.<\/li>\n<li><strong>Portatile e versatile<\/strong> - Personalizzazione senza ingombro.<\/li>\n<\/ul>\n[cg_accordion title=\"INFO SUL PAGAMENTO\"]<\/p>\n<p>Utilizziamo la pi\u00f9 recente tecnologia di elaborazione dei pagamenti, che ti permette di effettuare il checkout tramite Apple Pay, Google Pay, la tua carta di debito\/credito, PayPal o metodi BNPL come Klarna, Affirm o AfterPay per un&#8217;esperienza veloce e sicura.[\/cg_accordion]\n[cg_accordion title=\"GARANZIA\"]<\/p>\n<p>1 anno di garanzia da parte di <a href=\"https:\/\/droix.net\/\" target=\"_blank\" rel=\"nofollow noopener\">DROIX Global<\/a> per la tua tranquillit\u00e0[\/cg_accordion]\n[cg_accordion title=\"GARANZIA DI QUALIT\u00c0 E TEST PRE-SPEDIZIONE\"]<\/p>\n<p>Garantire la soddisfazione del cliente ai massimi livelli: Ogni dispositivo viene sottoposto a test rigorosi e a un controllo di qualit\u00e0 in pi\u00f9 punti prima di essere spedito. Il nostro team dedicato verifica le prestazioni, la funzionalit\u00e0 e l&#8217;integrit\u00e0 dei componenti per garantire che il tuo dispositivo AYANEO sia perfettamente funzionante al momento dell&#8217;arrivo, offrendoti fiducia e tranquillit\u00e0. [\/cg_accordion]\n[cg_accordion title=\"PREZZI, TASSE E SPEDIZIONE\"]<\/p>\n<p><strong><u>Nota:<\/u><\/strong><\/p>\n<ul>\n<li>Clienti degli Stati Uniti: Il prezzo esposto non include tasse e dazi. La responsabilit\u00e0 dello sdoganamento e del pagamento di eventuali tasse e dazi \u00e8 a carico del cliente. <\/li>\n<li>Clienti UE: Il prezzo indicato \u00e8 comprensivo dell&#8217;imposta applicabile, che pu\u00f2 arrivare al 25% a seconda del paese.<\/li>\n<li>Clienti del Canada: Il prezzo indicato \u00e8 comprensivo delle imposte applicabili, che possono includere il 5% di GST e ulteriori imposte provinciali sulle vendite (PST), l&#8217;imposta sulle vendite armonizzata (HST) o l&#8217;imposta sulle vendite del Quebec (QST), a seconda della tua provincia.<\/li>\n<\/ul>\n<p><strong>Solo per i clienti dell&#8217;UE:<\/strong> Express DDP (Delivered Duty Paid). Ci\u00f2 significa che: <\/p>\n<ul>\n<li>Tutti i dazi doganali e le tasse sono inclusi nel prezzo indicato nella pagina del prodotto.<\/li>\n<li>Non dovrai pagare alcun costo aggiuntivo alla consegna.<\/li>\n<li>Nel raro caso di problemi doganali, il nostro team si occuper\u00e0 del processo di sdoganamento per conto tuo per garantire una consegna senza problemi.<\/li>\n<p>Informazioni importanti sulla restituzione:<\/p>\n<li>Se decidi di restituire l&#8217;ordine o di richiedere un rimborso, tieni presente che le tasse e i dazi pagati a tuo nome secondo i termini del DDP non possono essere rimborsati.<\/li>\n<p>Per informazioni dettagliate, consulta i nostri <a href=\"https:\/\/ayaneo.co\/terms-of-service-2\/\" target=\"_blank\" rel=\"nofollow noopener\">Termini e Condizioni<\/a>.\n<\/ul>\n<p>[\/cg_accordion]\n[cg_accordion title=\"ASSISTENZA CLIENTI\"]<\/p>\n<p>Hai una domanda? Basta un breve messaggio per risolvere il tuo problema! [\/cg_accordion]\n[cg_accordion title=\"IL PACCHETTO INCLUDE\"]\n","protected":false},"featured_media":10198,"template":"","meta":{"_acf_changed":false},"product_brand":[],"product_cat":[381],"product_tag":[],"class_list":{"0":"post-11523","1":"product","2":"type-product","3":"status-publish","4":"has-post-thumbnail","6":"product_cat-accessori","7":"product_shipping_class-low-end","8":"pa_brand-ayaneo","9":"pa_compatible-with-ayaneo-3-it","11":"first","12":"instock","13":"sale","14":"taxable","15":"shipping-taxable","16":"purchasable","17":"product-type-variable","18":"has-default-attributes"},"acf":[],"_links":{"self":[{"href":"https:\/\/ayaneo.co\/it\/wp-json\/wp\/v2\/product\/11523","targetHints":{"allow":["GET"]}}],"collection":[{"href":"https:\/\/ayaneo.co\/it\/wp-json\/wp\/v2\/product"}],"about":[{"href":"https:\/\/ayaneo.co\/it\/wp-json\/wp\/v2\/types\/product"}],"wp:featuredmedia":[{"embeddable":true,"href":"https:\/\/ayaneo.co\/it\/wp-json\/wp\/v2\/media\/10198"}],"wp:attachment":[{"href":"https:\/\/ayaneo.co\/it\/wp-json\/wp\/v2\/media?parent=11523"}],"wp:term":[{"taxonomy":"product_brand","embeddable":true,"href":"https:\/\/ayaneo.co\/it\/wp-json\/wp\/v2\/product_brand?post=11523"},{"taxonomy":"product_cat","embeddable":true,"href":"https:\/\/ayaneo.co\/it\/wp-json\/wp\/v2\/product_cat?post=11523"},{"taxonomy":"product_tag","embeddable":true,"href":"https:\/\/ayaneo.co\/it\/wp-json\/wp\/v2\/product_tag?post=11523"}],"curies":[{"name":"wp","href":"https:\/\/api.w.org\/{rel}","templated":true}]}}