{"id":11542,"date":"2025-03-17T09:44:54","date_gmt":"2025-03-17T09:44:54","guid":{"rendered":"https:\/\/ayaneo.co\/product\/ayaneo-multi-station-nero-grafite\/"},"modified":"2026-01-06T00:28:33","modified_gmt":"2026-01-06T00:28:33","slug":"ayaneo-multi-station-nero-grafite","status":"publish","type":"product","link":"https:\/\/ayaneo.co\/it\/product\/ayaneo-multi-station-nero-grafite\/","title":{"rendered":"AYANEO MULTI STATION - Nero grafite"},"content":{"rendered":"\n<p><span data-contrast=\"none\">La <strong>Multi Docking Station<\/strong> di <strong>AYANEO sblocca tutto il potenziale del tuo AYA NEO con un sistema di docking facile da usare e con porte di espansione multiple.<\/strong>  <\/span><\/p>\n\n<p><span data-contrast=\"none\">La Multi <strong>Docking Station<\/strong> di AYANEO <strong>\u00e8 disponibile nel colore<\/strong> nero grafite. <strong>Supporta tutti i modelli AYANEO <\/strong> grazie a una base brevettata che pu\u00f2 essere spostata per adattarsi alle posizioni leggermente diverse delle porte USB Type-C di ogni modello.   <\/span><\/p>\n\n<p><span data-contrast=\"none\">Con dimensioni di circa<strong> 5,9 x 2,7 x 1,45 pollici (15,1 x 7,0 x 3,7 cm) e un peso di circa 200 g,<\/strong> la Multi Docking Station di AYANEO occupa uno spazio minimo sulla scrivania, rimanendo al contempo sicura e supportando otto porte di espansione.<\/span><span data-ccp-props=\"{\"> <\/span><\/p>\n\n<p><span data-contrast=\"none\">Sul retro di AYANEO Multi Docking Station, da sinistra a destra, c&#8217;\u00e8 un connettore <\/span><a href=\"https:\/\/en.wikipedia.org\/wiki\/USB-C\" target=\"_blank\" rel=\"noopener\"><span data-contrast=\"none\">USB Tipo-C<\/span><\/a><span data-contrast=\"none\">  che pu\u00f2 essere utilizzata per periferiche come un disco rigido esterno. Sono presenti due   <\/span><a href=\"https:\/\/www.viewsonic.com\/library\/tech\/usb-c-usb-b-and-usb-a-whats-the-difference\/\" target=\"_blank\" rel=\"noopener\"><span data-contrast=\"none\">USB-A<\/span><\/a><span data-contrast=\"none\">  che possono essere utilizzate, ad esempio, per mouse e tastiera. La seconda porta USB Type-C \u00e8 utilizzata per l&#8217;alimentazione della docking station e pu\u00f2 anche ricaricare i modelli AYANEO collegati. <\/span><span data-ccp-props=\"{\"> <\/span><\/p>\n\n<p><span data-contrast=\"none\">Il <\/span><a href=\"https:\/\/en.wikipedia.org\/wiki\/HDMI\" target=\"_blank\" rel=\"noopener\"><span data-contrast=\"none\">HDMI<\/span><\/a><span data-contrast=\"none\">  La porta 2.0b pu\u00f2 essere utilizzata per l&#8217;uscita video dal tuo AYANEO alla TV o al monitor. <strong>Supporta fino a 4K a 60Hz<\/strong>. La porta Gigabit   <\/span><a href=\"https:\/\/en.wikipedia.org\/wiki\/Ethernet\" target=\"_blank\" rel=\"noopener\"><span data-contrast=\"none\">ethernet<\/span><\/a><span data-contrast=\"none\"> La porta ethernet garantisce un trasferimento dati sicuro e ad alta velocit\u00e0 da e verso la Docking Station AYANEO Multi.<\/span><span data-ccp-props=\"{\"> <\/span><\/p>\n\n<p><span data-contrast=\"none\">Sul lato destro di AYANEO Multi Docking Station sono presenti gli slot per schede Micro SD e SD.<\/span><span data-ccp-props=\"{\"> <\/span><\/p>\n\n<p><span data-contrast=\"none\">La Multi Docking Station di AYANEO \u00e8 compatibile con <strong>tutti i modelli AYANEO, tra cui <\/strong><\/span><strong><a href=\"https:\/\/droix.co.uk\/product\/ayaneo-2\/\" target=\"_blank\" rel=\"noopener\">AYANEO 2<\/a>, AYANEO Geek, <a href=\"https:\/\/droix.co.uk\/product\/ayaneo-air\/\" target=\"_blank\" rel=\"noopener\">AYANEO Air PRO<\/a>, <a href=\"https:\/\/droix.co.uk\/product\/ayaneo-next\/\" target=\"_blank\" rel=\"noopener\">AYANEO NEXT<\/a>, <a href=\"https:\/\/droix.co.uk\/product\/ayaneo-next-pro\/\" target=\"_blank\" rel=\"noopener\">AYANEO Next PRO<\/a>, <a href=\"https:\/\/droix.co.uk\/product\/ayaneo-next\/\" target=\"_blank\" rel=\"noopener\">AYANEO 2021<\/a> e <a href=\"https:\/\/droix.co.uk\/product\/ayaneo-next-pro\/\" target=\"_blank\" rel=\"noopener\">AYANEO 2021 Pro<\/a>. <\/strong> <\/p>\n\n<p><span data-contrast=\"none\">La <strong>Multi Docking Station<\/strong> di <strong>AYANEO \u00e8 l&#8217;accessorio perfetto per il tuo AYAYNEO<\/strong>, che lo trasforma da palmare da gioco in una potente soluzione simile a un PC desktop con tutta la connettivit\u00e0 di cui hai bisogno.<\/span><span data-ccp-props=\"{\"> <\/span><\/p>\n\n<p>Puoi leggere la nostra <a href=\"https:\/\/droix.co.uk\/blogs\/ayaneo-docking-station-review\/\" target=\"_blank\" rel=\"noopener\">recensione diAYANEO Multi Docking Station qui<\/a>.<\/p>\n\n<figure class=\"wp-block-image aligncenter\"><img decoding=\"async\" src=\"https:\/\/droix.net\/wp-content\/uploads\/2022\/12\/8fb77202211071909143194ready.jpg\" alt=\"\" class=\"wp-image-88164\"\/><\/figure>\n\n<figure class=\"wp-block-image aligncenter\"><img decoding=\"async\" src=\"https:\/\/droix.net\/wp-content\/uploads\/2022\/12\/ea565202211071908508498ready.jpg\" alt=\"\" class=\"wp-image-88174\"\/><\/figure>\n\n<p><\/p>\n","protected":false},"excerpt":{"rendered":"<ul>\n<li><b>Prodotto ufficiale AYANEO <\/b><\/li>\n<li><strong>Compatibile<\/strong> con <strong>tutti i palmari AYANEO <\/strong><\/li>\n<li><b>Esclusivo tappo di base brevettato<\/b><\/li>\n<li><strong>Fino a 8<\/strong> porte di espansione<\/li>\n<li>Slot per scheda MicroSD<\/li>\n<\/ul>\n[cg_accordion title=\"INFO SUL PAGAMENTO\"]<\/p>\n<p>Utilizziamo la pi\u00f9 recente tecnologia di elaborazione dei pagamenti, che ti permette di effettuare il checkout tramite Apple Pay, Google Pay, la tua carta di debito\/credito, PayPal o metodi BNPL come Klarna, Affirm o AfterPay per un&#8217;esperienza veloce e sicura.[\/cg_accordion]\n[cg_accordion title=\"GARANZIA\"]<\/p>\n<p>1 anno di garanzia da parte di <a href=\"https:\/\/droix.net\/\" target=\"_blank\" rel=\"nofollow noopener\">DROIX Global<\/a> per la tua tranquillit\u00e0[\/cg_accordion]\n[cg_accordion title=\"GARANZIA DI QUALIT\u00c0 E TEST PRE-SPEDIZIONE\"]<\/p>\n<p>Garantire la soddisfazione del cliente ai massimi livelli: Ogni dispositivo viene sottoposto a test rigorosi e a un controllo di qualit\u00e0 in pi\u00f9 punti prima di essere spedito. Il nostro team dedicato verifica le prestazioni, la funzionalit\u00e0 e l&#8217;integrit\u00e0 dei componenti per garantire che il tuo dispositivo AYANEO sia perfettamente funzionante al momento dell&#8217;arrivo, offrendoti fiducia e tranquillit\u00e0. [\/cg_accordion]\n[cg_accordion title=\"PREZZI, TASSE E SPEDIZIONE\"]<\/p>\n<p><strong><u>Nota:<\/u><\/strong><\/p>\n<ul>\n<li>Clienti degli Stati Uniti: Il prezzo esposto non include tasse e dazi. La responsabilit\u00e0 dello sdoganamento e del pagamento di eventuali tasse e dazi \u00e8 a carico del cliente. <\/li>\n<li>Clienti UE: Il prezzo indicato \u00e8 comprensivo dell&#8217;imposta applicabile, che pu\u00f2 arrivare al 25% a seconda del paese.<\/li>\n<li>Clienti del Canada: Il prezzo indicato \u00e8 comprensivo delle imposte applicabili, che possono includere il 5% di GST e ulteriori imposte provinciali sulle vendite (PST), l&#8217;imposta sulle vendite armonizzata (HST) o l&#8217;imposta sulle vendite del Quebec (QST), a seconda della tua provincia.<\/li>\n<\/ul>\n<p><strong>Solo per i clienti dell&#8217;UE:<\/strong> Express DDP (Delivered Duty Paid). Ci\u00f2 significa che: <\/p>\n<ul>\n<li>Tutti i dazi doganali e le tasse sono inclusi nel prezzo indicato nella pagina del prodotto.<\/li>\n<li>Non dovrai pagare alcun costo aggiuntivo alla consegna.<\/li>\n<li>Nel raro caso di problemi doganali, il nostro team si occuper\u00e0 del processo di sdoganamento per conto tuo per garantire una consegna senza problemi.<\/li>\n<p>Informazioni importanti sulla restituzione:<\/p>\n<li>Se decidi di restituire l&#8217;ordine o di richiedere un rimborso, tieni presente che le tasse e i dazi pagati a tuo nome secondo i termini del DDP non possono essere rimborsati.<\/li>\n<p>Per informazioni dettagliate, consulta i nostri <a href=\"https:\/\/ayaneo.co\/it\/termini-di-servizio\/\" target=\"_blank\" rel=\"nofollow noopener\">Termini e Condizioni<\/a>.\n<\/ul>\n<p>[\/cg_accordion]\n[cg_accordion title=\"ASSISTENZA CLIENTI\"]<\/p>\n<p>Hai una domanda? Basta un breve messaggio per risolvere il tuo problema! [\/cg_accordion]\n[cg_accordion title=\"IL PACCHETTO INCLUDE\"]<\/p>\n<ul>\n<li>1x AYANEO Docking Station<\/li>\n<\/ul>\n<p>[\/cg_accordion]\n","protected":false},"featured_media":10688,"template":"","meta":{"_acf_changed":false},"product_brand":[],"product_cat":[381],"product_tag":[],"class_list":{"0":"post-11542","1":"product","2":"type-product","3":"status-publish","4":"has-post-thumbnail","6":"product_cat-accessori","7":"product_shipping_class-low-end","8":"pa_accessory-type-docking-station-it","9":"pa_brand-ayaneo","10":"pa_compatible-with-ayaneo-2-it","11":"pa_compatible-with-ayaneo-2021-it","12":"pa_compatible-with-ayaneo-3-it","13":"pa_compatible-with-ayaneo-air-it","14":"pa_compatible-with-ayaneo-geek-it","16":"first","17":"instock","18":"taxable","19":"shipping-taxable","20":"purchasable","21":"product-type-simple"},"acf":[],"_links":{"self":[{"href":"https:\/\/ayaneo.co\/it\/wp-json\/wp\/v2\/product\/11542","targetHints":{"allow":["GET"]}}],"collection":[{"href":"https:\/\/ayaneo.co\/it\/wp-json\/wp\/v2\/product"}],"about":[{"href":"https:\/\/ayaneo.co\/it\/wp-json\/wp\/v2\/types\/product"}],"wp:featuredmedia":[{"embeddable":true,"href":"https:\/\/ayaneo.co\/it\/wp-json\/wp\/v2\/media\/10688"}],"wp:attachment":[{"href":"https:\/\/ayaneo.co\/it\/wp-json\/wp\/v2\/media?parent=11542"}],"wp:term":[{"taxonomy":"product_brand","embeddable":true,"href":"https:\/\/ayaneo.co\/it\/wp-json\/wp\/v2\/product_brand?post=11542"},{"taxonomy":"product_cat","embeddable":true,"href":"https:\/\/ayaneo.co\/it\/wp-json\/wp\/v2\/product_cat?post=11542"},{"taxonomy":"product_tag","embeddable":true,"href":"https:\/\/ayaneo.co\/it\/wp-json\/wp\/v2\/product_tag?post=11542"}],"curies":[{"name":"wp","href":"https:\/\/api.w.org\/{rel}","templated":true}]}}