{"id":11577,"date":"2025-01-29T11:19:41","date_gmt":"2025-01-29T11:19:41","guid":{"rendered":"https:\/\/ayaneo.co\/product\/hub-usb-droix-nh8-con-nvme\/"},"modified":"2025-06-16T15:10:34","modified_gmt":"2025-06-16T15:10:34","slug":"hub-usb-droix-nh8-con-nvme","status":"publish","type":"product","link":"https:\/\/ayaneo.co\/it\/product\/hub-usb-droix-nh8-con-nvme\/","title":{"rendered":"Hub USB DroiX NH8 con NVMe"},"content":{"rendered":"\n<h2 class=\"wp-block-heading\"><strong>Hub DroiX NH8 con slot NVMe - L&#8217;ultimo hub di connettivit\u00e0 all-in-one!<\/strong><\/h2>\n\n<h4 class=\"wp-block-heading\"><strong>Gigabit Ethernet velocissimo<\/strong><\/h4>\n\n<p>Goditi una connettivit\u00e0 ad alta velocit\u00e0 e senza interruzioni con l&#8217;<strong>hub DroiX NH8<\/strong>! La sua <strong>porta Gigabit Ethernet 10\/100\/1000M<\/strong> garantisce una <strong>connessione a Internet stabile e senza ritardi, perfetta<\/strong>per i giochi, lo streaming e le attivit\u00e0 ad alta larghezza di banda. D\u00ec addio alle interruzioni del Wi-Fi e sperimenta <strong>prestazioni costanti e a velocit\u00e0 cablata<\/strong>. <\/p>\n\n<h4 class=\"wp-block-heading\"><strong>Uscita video 4K mozzafiato<\/strong><\/h4>\n\n<p>Eleva la tua esperienza visiva con il <strong>supporto HDMI 2.0<\/strong>, che offre una <strong>risoluzione<\/strong> fino a <strong>4096&#215;2160 a 60Hz<\/strong>. Sia che tu stia <strong>guardando un film, presentando un lavoro o giocando in alta definizione<\/strong>, potrai godere di immagini ultra nitide, colori vibranti e <strong>movimenti morbidi come l&#8217;olio<\/strong>. <\/p>\n\n<h4 class=\"wp-block-heading\"><strong>Espandi il tuo spazio di archiviazione con facilit\u00e0<\/strong><\/h4>\n\n<p>Sei a corto di spazio? L&#8217;<strong>hub DroiX NH8<\/strong> \u00e8 dotato di uno <strong>slot PCIe NVMe integrato<\/strong> che offre un&#8217;espansione dell&#8217;archiviazione fulminea. Ideale per i <strong>trasferimenti di dati ad alta velocit\u00e0, per i file di grandi dimensioni e per le applicazioni ad alte prestazioni<\/strong>, questa funzione consente al tuo sistema di funzionare in modo efficiente.  <\/p>\n\n<h4 class=\"wp-block-heading\"><strong>Trasferimenti di dati potenziati<\/strong><\/h4>\n\n<p>Trasferisci file di grandi dimensioni in un attimo con la <strong>porta USB Tipo-A 3.0<\/strong>. Che tu stia eseguendo il backup dei dati, sincronizzando i dispositivi o <strong>alimentando le periferiche<\/strong>, sperimenta una <strong>velocit\u00e0 di trasferimento dei dati<\/strong> che ottimizza il tuo flusso di lavoro. <\/p>\n\n<h4 class=\"wp-block-heading\"><strong>Compatibilit\u00e0 USB Type-C universale<\/strong><\/h4>\n\n<p>Dotato di una <strong>versatile connessione USB Type-C<\/strong>, l&#8217;<strong>hub NH8<\/strong> garantisce <strong>un&#8217;ampia compatibilit\u00e0 con i dispositivi<\/strong>. Con un unico cavo potrai usufruire di <strong>un trasferimento dati veloce, di un&#8217;alimentazione efficiente e di una connettivit\u00e0 senza problemi<\/strong> tra <strong>laptop, mini PC, dispositivi di gioco e altro ancora<\/strong>. <\/p>\n\n<h4 class=\"wp-block-heading\"><strong>Accesso ai media senza sforzo<\/strong><\/h4>\n\n<p>Grazie al <strong>lettore di schede SD e Micro SD integrato<\/strong>, l&#8217;<strong>hub DroiX NH8<\/strong> semplifica l&#8217;<strong>accesso, il trasferimento e il backup dei tuoi file<\/strong>. Che si tratti di foto, video o documenti importanti, puoi accedere rapidamente ai tuoi file multimediali senza bisogno di altri adattatori. <\/p>\n\n<h4 class=\"wp-block-heading\"><strong>Versatilit\u00e0 e prestazioni ineguagliabili<\/strong><\/h4>\n\n<p>Progettato per <strong>PC, laptop, mini PC e palmari da gioco<\/strong>, l&#8217;<strong>hub DroiX NH8<\/strong> \u00e8 pi\u00f9 di un semplice accessorio: \u00e8 una <strong>soluzione di connettivit\u00e0 essenziale<\/strong>. <strong>Compatto, potente e affidabile<\/strong>, \u00e8 lo <strong>strumento definitivo<\/strong> per il lavoro, l&#8217;intrattenimento e tutto il resto.<\/p>\n\n<h3 class=\"wp-block-heading\"><strong>Potenzia la tua connettivit\u00e0 con l&#8217;hub DroiX NH8!<\/strong><\/h3>\n\n<p>Prova <strong>prestazioni e convenienza di altissimo livello<\/strong> con un hub costruito per la <strong>velocit\u00e0, l&#8217;efficienza e la versatilit\u00e0<\/strong>. <strong>Semplifica la tua configurazione e potenzia il tuo flusso di lavoro oggi stesso!<\/strong><\/p>\n\n<p>Per una configurazione passo-passo, consulta la nostra <strong>guida &#8220;Come iniziare con l&#8217;hub USB DroiX NH8<\/strong>&#8220;.<\/p>\n\n<p><\/p>\n","protected":false},"excerpt":{"rendered":"<ul>\n<li>Hub USB DroiX<strong> NH8 <\/strong>con NVMe<\/li>\n<li><strong>10\/100\/1000M<\/strong> Gigabit Ethernet<\/li>\n<li><strong>Slot PCIe NVMe integrato<\/strong> per l&#8217;espansione dell&#8217;archiviazione<\/li>\n<li><strong>Uscita display 4K<\/strong> via HDMI<\/li>\n<li><strong>Slot per schede MicroSD \/ SD<\/strong> - Fino a 5Gbps<\/li>\n<\/ul>\n[cg_accordion title=\"INFO SUL PAGAMENTO\"]<\/p>\n<p>Utilizziamo la pi\u00f9 recente tecnologia di elaborazione dei pagamenti, che ti permette di effettuare il checkout tramite Apple Pay, Google Pay, la tua carta di debito\/credito, PayPal o metodi BNPL come Klarna, Affirm o AfterPay per un&#8217;esperienza veloce e sicura.[\/cg_accordion]\n[cg_accordion title=\"GARANZIA\"]<\/p>\n<p>1 anno di garanzia da parte di <a href=\"https:\/\/droix.net\/\" target=\"_blank\" rel=\"nofollow noopener\">DROIX Global<\/a> per la tua tranquillit\u00e0[\/cg_accordion]\n[cg_accordion title=\"PREZZI, TASSE E SPEDIZIONE\"]<\/p>\n<p><strong><u>Nota:<\/u><\/strong><\/p>\n<ul>\n<li>Clienti degli Stati Uniti: Il prezzo esposto non include tasse e dazi. La responsabilit\u00e0 dello sdoganamento e del pagamento di eventuali tasse e dazi \u00e8 a carico del cliente. <\/li>\n<li>Clienti UE: Il prezzo indicato \u00e8 comprensivo dell&#8217;imposta applicabile, che pu\u00f2 arrivare al 25% a seconda del paese.<\/li>\n<li>Clienti del Canada: Il prezzo indicato \u00e8 comprensivo delle imposte applicabili, che possono includere il 5% di GST e ulteriori imposte provinciali sulle vendite (PST), l&#8217;imposta sulle vendite armonizzata (HST) o l&#8217;imposta sulle vendite del Quebec (QST), a seconda della tua provincia.<\/li>\n<\/ul>\n<p><strong>Solo per i clienti dell&#8217;UE:<\/strong> Express DDP (Delivered Duty Paid). Ci\u00f2 significa che: <\/p>\n<ul>\n<li>Tutti i dazi doganali e le tasse sono inclusi nel prezzo indicato nella pagina del prodotto.<\/li>\n<li>Non dovrai pagare alcun costo aggiuntivo alla consegna.<\/li>\n<li>Nel raro caso di problemi doganali, il nostro team si occuper\u00e0 del processo di sdoganamento per conto tuo per garantire una consegna senza problemi.<\/li>\n<p>Informazioni importanti sulla restituzione:<\/p>\n<li>Se decidi di restituire l&#8217;ordine o di richiedere un rimborso, tieni presente che le tasse e i dazi pagati a tuo nome secondo i termini del DDP non possono essere rimborsati.<\/li>\n<p>Per informazioni dettagliate, consulta i nostri <a href=\"https:\/\/ayaneo.co\/it\/termini-di-servizio\/\" target=\"_blank\" rel=\"nofollow noopener\">Termini e Condizioni<\/a>.\n<\/ul>\n<p>[\/cg_accordion]\n[cg_accordion title=\"ASSISTENZA CLIENTI\"]<\/p>\n<p>Hai una domanda? Basta un breve messaggio per risolvere il tuo problema!<br \/>\n[\/cg_accordion]\n","protected":false},"featured_media":8254,"template":"","meta":{"_acf_changed":false},"product_brand":[],"product_cat":[381],"product_tag":[],"class_list":{"0":"post-11577","1":"product","2":"type-product","3":"status-publish","4":"has-post-thumbnail","6":"product_cat-accessori","7":"product_shipping_class-low-end","8":"pa_brand-droix","10":"first","11":"outofstock","12":"sale","13":"taxable","14":"shipping-taxable","15":"purchasable","16":"product-type-variable","17":"has-default-attributes"},"acf":[],"_links":{"self":[{"href":"https:\/\/ayaneo.co\/it\/wp-json\/wp\/v2\/product\/11577","targetHints":{"allow":["GET"]}}],"collection":[{"href":"https:\/\/ayaneo.co\/it\/wp-json\/wp\/v2\/product"}],"about":[{"href":"https:\/\/ayaneo.co\/it\/wp-json\/wp\/v2\/types\/product"}],"wp:featuredmedia":[{"embeddable":true,"href":"https:\/\/ayaneo.co\/it\/wp-json\/wp\/v2\/media\/8254"}],"wp:attachment":[{"href":"https:\/\/ayaneo.co\/it\/wp-json\/wp\/v2\/media?parent=11577"}],"wp:term":[{"taxonomy":"product_brand","embeddable":true,"href":"https:\/\/ayaneo.co\/it\/wp-json\/wp\/v2\/product_brand?post=11577"},{"taxonomy":"product_cat","embeddable":true,"href":"https:\/\/ayaneo.co\/it\/wp-json\/wp\/v2\/product_cat?post=11577"},{"taxonomy":"product_tag","embeddable":true,"href":"https:\/\/ayaneo.co\/it\/wp-json\/wp\/v2\/product_tag?post=11577"}],"curies":[{"name":"wp","href":"https:\/\/api.w.org\/{rel}","templated":true}]}}