{"id":11674,"date":"2025-01-23T10:39:56","date_gmt":"2025-01-23T10:39:56","guid":{"rendered":"https:\/\/ayaneo.co\/product\/ayaneo-protezione-dello-schermo-pocket-micro\/"},"modified":"2025-12-04T10:15:04","modified_gmt":"2025-12-04T10:15:04","slug":"ayaneo-protezione-dello-schermo-pocket-micro","status":"publish","type":"product","link":"https:\/\/ayaneo.co\/it\/product\/ayaneo-protezione-dello-schermo-pocket-micro\/","title":{"rendered":"AYANEO Pocket Micro Pellicola Protettiva"},"content":{"rendered":"\n<h2 class=\"wp-block-heading\">Panoramica del prodotto:<\/h2>\n\n<p>Il <strong>proteggi schermo AYANEO Pocket Micro<\/strong> \u00e8 progettato per salvaguardare lo schermo della tua console preservandone la qualit\u00e0 cristallina. Grazie alle sue propriet\u00e0 antigraffio e anti-sbavature, garantisce una visione di gioco ininterrotta e protegge lo schermo dall&#8217;usura quotidiana. <\/p>\n\n<ol class=\"wp-block-list\">\n<li><strong>Vestibilit\u00e0 su misura<\/strong> per AYANEO Pocket Micro.<\/li>\n\n\n\n<li><strong>Superficie<\/strong> durevole e <strong>resistente ai graffi<\/strong>.<\/li>\n\n\n\n<li>Materiale ultra chiaro per una <strong>visione vivida dei giochi<\/strong>.<\/li>\n\n\n\n<li>Rivestimento anti-sbavature per un <strong>display pulito e chiaro<\/strong>.<\/li>\n\n\n\n<li>Installazione facile e senza bolle per un&#8217;<strong>applicazione senza problemi<\/strong>.<\/li>\n<\/ol>\n\n<h2 class=\"wp-block-heading\">Perch\u00e9 scegliere la pellicola protettiva AYANEO Pocket Micro?<\/h2>\n\n<p>Proteggi lo schermo della tua console di gioco con una protezione che offre chiarezza e durata. La protezione per lo schermo AYANEO Pocket Micro \u00e8 perfetta per i giocatori che vogliono godere di immagini vivide e allo stesso tempo proteggere la loro console da graffi, macchie e impronte digitali. <\/p>\n\n<hr class=\"wp-block-separator has-alpha-channel-opacity\"\/>\n\n<h4 class=\"wp-block-heading\">Specifiche:<\/h4>\n\n<ul class=\"wp-block-list\">\n<li><strong>Materiale:<\/strong> Vetro temperato o pellicola premium<\/li>\n\n\n\n<li><strong>Compatibilit\u00e0:<\/strong> Console AYANEO Pocket Micro<\/li>\n\n\n\n<li><strong>Caratteristiche:<\/strong> Applicazione antigraffio, a prova di sbavature e senza bolle d&#8217;aria<\/li>\n<\/ul>\n\n<p>Migliora la tua esperienza di gioco con il proteggi schermo AYANEO Pocket Micro, perch\u00e9 la tua console merita il meglio!<\/p>\n","protected":false},"excerpt":{"rendered":"<ul>\n<li><strong>Vestibilit\u00e0 su misura<\/strong> per AYANEO Pocket Micro.<\/li>\n<li><strong>Superficie<\/strong> durevole e <strong>resistente ai graffi<\/strong>.<\/li>\n<li>Materiale ultra chiaro per una <strong>visione vivida dei giochi<\/strong>.<\/li>\n<li>Rivestimento anti-sbavature per un <strong>display pulito e chiaro<\/strong>.<\/li>\n<li>Installazione facile e senza bolle per un&#8217;<strong>applicazione senza problemi<\/strong>.<\/li>\n<\/ul>\n[cg_accordion title=\"INFO SUL PAGAMENTO\"]<\/p>\n<p>Utilizziamo la pi\u00f9 recente tecnologia di elaborazione dei pagamenti, che ti permette di effettuare il checkout tramite Apple Pay, Google Pay, la tua carta di debito\/credito, PayPal o metodi BNPL come Klarna, Affirm o AfterPay per un&#8217;esperienza veloce e sicura.[\/cg_accordion]\n[cg_accordion title=\"GARANZIA\"]<\/p>\n<p>1 anno di garanzia da parte di <a href=\"https:\/\/droix.net\/\" target=\"_blank\" rel=\"nofollow noopener\">DROIX Global<\/a> per la tua tranquillit\u00e0[\/cg_accordion]\n[cg_accordion title=\"GARANZIA DI QUALIT\u00c0 E TEST PRE-SPEDIZIONE\"]<\/p>\n<p>Garantire la soddisfazione del cliente ai massimi livelli: Ogni dispositivo viene sottoposto a test rigorosi e a un controllo di qualit\u00e0 in pi\u00f9 punti prima di essere spedito. Il nostro team dedicato verifica le prestazioni, la funzionalit\u00e0 e l&#8217;integrit\u00e0 dei componenti per garantire che il tuo dispositivo AYANEO sia perfettamente funzionante al momento dell&#8217;arrivo, offrendoti fiducia e tranquillit\u00e0. [\/cg_accordion]\n[cg_accordion title=\"PREZZI, TASSE E SPEDIZIONE\"]<\/p>\n<p><strong><u>Nota:<\/u><\/strong><\/p>\n<ul>\n<li>Clienti degli Stati Uniti: Il prezzo esposto non include tasse e dazi. La responsabilit\u00e0 dello sdoganamento e del pagamento di eventuali tasse e dazi \u00e8 a carico del cliente. <\/li>\n<li>Clienti UE: Il prezzo indicato \u00e8 comprensivo dell&#8217;imposta applicabile, che pu\u00f2 arrivare al 25% a seconda del paese.<\/li>\n<li>Clienti del Canada: Il prezzo indicato \u00e8 comprensivo delle imposte applicabili, che possono includere il 5% di GST e ulteriori imposte provinciali sulle vendite (PST), l&#8217;imposta sulle vendite armonizzata (HST) o l&#8217;imposta sulle vendite del Quebec (QST), a seconda della tua provincia.<\/li>\n<\/ul>\n<p><strong>Solo per i clienti dell&#8217;UE:<\/strong> Express DDP (Delivered Duty Paid). Ci\u00f2 significa che: <\/p>\n<ul>\n<li>Tutti i dazi doganali e le tasse sono inclusi nel prezzo indicato nella pagina del prodotto.<\/li>\n<li>Non dovrai pagare alcun costo aggiuntivo alla consegna.<\/li>\n<li>Nel raro caso di problemi doganali, il nostro team si occuper\u00e0 del processo di sdoganamento per conto tuo per garantire una consegna senza problemi.<\/li>\n<p>Informazioni importanti sulla restituzione:<\/p>\n<li>Se decidi di restituire l&#8217;ordine o di richiedere un rimborso, tieni presente che le tasse e i dazi pagati a tuo nome secondo i termini del DDP non possono essere rimborsati.<\/li>\n<p>Per informazioni dettagliate, consulta i nostri <a href=\"https:\/\/ayaneo.co\/it\/termini-di-servizio\/\" target=\"_blank\" rel=\"nofollow noopener\">Termini e Condizioni<\/a>.\n<\/ul>\n<p>[\/cg_accordion]\n[cg_accordion title=\"ASSISTENZA CLIENTI\"]<\/p>\n<p>Hai una domanda? Basta un breve messaggio per risolvere il tuo problema! [\/cg_accordion]\n[cg_accordion title=\"IL PACCHETTO INCLUDE\"]<\/p>\n<ul>\n<li>1x AYANEO Pocket Micro Protezione dello schermo<\/li>\n<\/ul>\n<p>[\/cg_accordion]\n","protected":false},"featured_media":7798,"template":"","meta":{"_acf_changed":false},"product_brand":[],"product_cat":[445],"product_tag":[],"class_list":{"0":"post-11674","1":"product","2":"type-product","3":"status-publish","4":"has-post-thumbnail","6":"product_cat-senza-categoria","7":"product_shipping_class-low-end","8":"pa_accessory-type-protezione-dello-schermo","9":"pa_brand-ayaneo","11":"first","12":"outofstock","13":"sale","14":"taxable","15":"shipping-taxable","16":"purchasable","17":"product-type-variable","18":"has-default-attributes"},"acf":[],"_links":{"self":[{"href":"https:\/\/ayaneo.co\/it\/wp-json\/wp\/v2\/product\/11674","targetHints":{"allow":["GET"]}}],"collection":[{"href":"https:\/\/ayaneo.co\/it\/wp-json\/wp\/v2\/product"}],"about":[{"href":"https:\/\/ayaneo.co\/it\/wp-json\/wp\/v2\/types\/product"}],"wp:featuredmedia":[{"embeddable":true,"href":"https:\/\/ayaneo.co\/it\/wp-json\/wp\/v2\/media\/7798"}],"wp:attachment":[{"href":"https:\/\/ayaneo.co\/it\/wp-json\/wp\/v2\/media?parent=11674"}],"wp:term":[{"taxonomy":"product_brand","embeddable":true,"href":"https:\/\/ayaneo.co\/it\/wp-json\/wp\/v2\/product_brand?post=11674"},{"taxonomy":"product_cat","embeddable":true,"href":"https:\/\/ayaneo.co\/it\/wp-json\/wp\/v2\/product_cat?post=11674"},{"taxonomy":"product_tag","embeddable":true,"href":"https:\/\/ayaneo.co\/it\/wp-json\/wp\/v2\/product_tag?post=11674"}],"curies":[{"name":"wp","href":"https:\/\/api.w.org\/{rel}","templated":true}]}}