{"id":11686,"date":"2025-01-23T11:24:20","date_gmt":"2025-01-23T11:24:20","guid":{"rendered":"https:\/\/ayaneo.co\/product\/ayaneo-custodia-pocket-evo\/"},"modified":"2025-12-04T10:18:24","modified_gmt":"2025-12-04T10:18:24","slug":"ayaneo-custodia-pocket-evo","status":"publish","type":"product","link":"https:\/\/ayaneo.co\/it\/product\/ayaneo-custodia-pocket-evo\/","title":{"rendered":"Custodia AYANEO Pocket EVO"},"content":{"rendered":"\n<h2 class=\"wp-block-heading\" id=\"h-product-overview\">Panoramica del prodotto:<\/h2>\n\n<p>La <strong>custodia AYANEO Pocket EVO<\/strong> \u00e8 realizzata per fornire una protezione superiore alla tua console AYANEO Pocket EVO. Il suo resistente design a guscio rigido garantisce che il tuo dispositivo sia al sicuro da graffi, urti e polvere, pur mantenendo un aspetto elegante e portatile. Questa custodia \u00e8 ideale per i giocatori che apprezzano la sicurezza e lo stile.  <\/p>\n\n<hr class=\"wp-block-separator has-alpha-channel-opacity\"\/>\n\n<h2 class=\"wp-block-heading\" id=\"h-key-features\">Caratteristiche principali:<\/h2>\n\n<p><strong>Design robusto e rigido<\/strong> per la massima protezione.<\/p>\n\n<p><strong>Adatta<\/strong> alla console AYANEO Pocket EVO.<\/p>\n\n<p>Morbido rivestimento interno per <strong>evitare graffi<\/strong>.<\/p>\n\n<p>Leggero e portatile per <strong>viaggiare facilmente<\/strong>.<\/p>\n\n<p>Esterno elegante e moderno per un&#8217;<strong>elegante portabilit\u00e0<\/strong>.<\/p>\n\n<hr class=\"wp-block-separator has-alpha-channel-opacity\"\/>\n\n<h2 class=\"wp-block-heading\" id=\"h-why-choose-the-ayaneo-pocket-micro-case\">Perch\u00e9 scegliere la custodia AYANEO Pocket EVO?<\/h2>\n\n<p>La custodia AYANEO Pocket EVO offre una combinazione perfetta di stile e durata. La sua vestibilit\u00e0 personalizzata e la sua struttura rigida garantiscono una protezione impareggiabile, mentre il design leggero assicura la praticit\u00e0 per i giocatori in movimento. Con questa custodia, la tua console sar\u00e0 al sicuro e pronta all&#8217;azione in qualsiasi momento e in qualsiasi luogo.  <\/p>\n\n<hr class=\"wp-block-separator has-alpha-channel-opacity\"\/>\n\n<h3 class=\"wp-block-heading\" id=\"h-specifications\">Specifiche:<\/h3>\n\n<ul class=\"wp-block-list\">\n<li><strong>Materiale:<\/strong> Esterno rigido e interno morbido<\/li>\n\n\n\n<li><strong>Compatibilit\u00e0:<\/strong> Console AYANEO Pocket EVO<\/li>\n\n\n\n<li><strong>Caratteristiche:<\/strong> Durevole, resistente ai graffi, leggero e adatto ai viaggi<\/li>\n<\/ul>\n\n<p>Tieni la tua AYANEO Pocket EVO al sicuro con la protezione definitiva di questa custodia rigida di alta qualit\u00e0, perch\u00e9 la tua console merita il meglio!<\/p>\n\n<p><\/p>\n","protected":false},"excerpt":{"rendered":"<ul>\n<li><strong>Design robusto e rigido<\/strong> per la massima protezione.<\/li>\n<li><strong>Adatta<\/strong> alla console AYANEO Pocket EVO.<\/li>\n<li>Morbido rivestimento interno per <strong>evitare graffi<\/strong>.<\/li>\n<li>Leggero e portatile per <strong>viaggiare facilmente<\/strong>.<\/li>\n<li>Esterno elegante e moderno per un&#8217;<strong>elegante portabilit\u00e0<\/strong>.<\/li>\n<\/ul>\n[cg_accordion title=\"INFO SUL PAGAMENTO\"]<\/p>\n<p>Utilizziamo la pi\u00f9 recente tecnologia di elaborazione dei pagamenti, che ti permette di effettuare il checkout tramite Apple Pay, Google Pay, la tua carta di debito\/credito, PayPal o metodi BNPL come Klarna, Affirm o AfterPay per un&#8217;esperienza veloce e sicura.[\/cg_accordion]\n[cg_accordion title=\"GARANZIA\"]<\/p>\n<p>1 anno di garanzia da parte di <a href=\"https:\/\/droix.net\/\" target=\"_blank\" rel=\"nofollow noopener\">DROIX Global<\/a> per la tua tranquillit\u00e0[\/cg_accordion]\n[cg_accordion title=\"GARANZIA DI QUALIT\u00c0 E TEST PRE-SPEDIZIONE\"]<\/p>\n<p>Garantire la soddisfazione del cliente ai massimi livelli: Ogni dispositivo viene sottoposto a test rigorosi e a un controllo di qualit\u00e0 in pi\u00f9 punti prima di essere spedito. Il nostro team dedicato verifica le prestazioni, la funzionalit\u00e0 e l&#8217;integrit\u00e0 dei componenti per garantire che il tuo dispositivo AYANEO sia perfettamente funzionante al momento dell&#8217;arrivo, offrendoti fiducia e tranquillit\u00e0. [\/cg_accordion]\n[cg_accordion title=\"PREZZI, TASSE E SPEDIZIONE\"]<\/p>\n<p><strong><u>Nota:<\/u><\/strong><\/p>\n<ul>\n<li>Clienti degli Stati Uniti: Il prezzo esposto non include tasse e dazi. La responsabilit\u00e0 dello sdoganamento e del pagamento di eventuali tasse e dazi \u00e8 a carico del cliente. <\/li>\n<li>Clienti UE: Il prezzo indicato \u00e8 comprensivo dell&#8217;imposta applicabile, che pu\u00f2 arrivare al 25% a seconda del paese.<\/li>\n<li>Clienti del Canada: Il prezzo indicato \u00e8 comprensivo delle imposte applicabili, che possono includere il 5% di GST e ulteriori imposte provinciali sulle vendite (PST), l&#8217;imposta sulle vendite armonizzata (HST) o l&#8217;imposta sulle vendite del Quebec (QST), a seconda della tua provincia.<\/li>\n<\/ul>\n<p><strong>Solo per i clienti dell&#8217;UE:<\/strong> Express DDP (Delivered Duty Paid). Ci\u00f2 significa che: <\/p>\n<ul>\n<li>Tutti i dazi doganali e le tasse sono inclusi nel prezzo indicato nella pagina del prodotto.<\/li>\n<li>Non dovrai pagare alcun costo aggiuntivo alla consegna.<\/li>\n<li>Nel raro caso di problemi doganali, il nostro team si occuper\u00e0 del processo di sdoganamento per conto tuo per garantire una consegna senza problemi.<\/li>\n<p>Informazioni importanti sulla restituzione:<\/p>\n<li>Se decidi di restituire l&#8217;ordine o di richiedere un rimborso, tieni presente che le tasse e i dazi pagati a tuo nome secondo i termini del DDP non possono essere rimborsati.<\/li>\n<p>Per informazioni dettagliate, consulta i nostri <a href=\"https:\/\/ayaneo.co\/it\/termini-di-servizio\/\" target=\"_blank\" rel=\"nofollow noopener\">Termini e Condizioni<\/a>.\n<\/ul>\n<p>[\/cg_accordion]\n[cg_accordion title=\"ASSISTENZA CLIENTI\"]<\/p>\n<p>Hai una domanda? Basta un breve messaggio per risolvere il tuo problema! [\/cg_accordion]\n[cg_accordion title=\"IL PACCHETTO INCLUDE\"]<\/p>\n<ul>\n<li>1x Custodia AYANEO Pocket EVO<\/li>\n<\/ul>\n<p>[\/cg_accordion]\n","protected":false},"featured_media":7892,"template":"","meta":{"_acf_changed":false},"product_brand":[],"product_cat":[381],"product_tag":[],"class_list":{"0":"post-11686","1":"product","2":"type-product","3":"status-publish","4":"has-post-thumbnail","6":"product_cat-accessori","7":"product_shipping_class-low-end","8":"pa_accessory-type-custodia-protettiva","9":"pa_brand-ayaneo","11":"first","12":"instock","13":"sale","14":"taxable","15":"shipping-taxable","16":"purchasable","17":"product-type-variable"},"acf":[],"_links":{"self":[{"href":"https:\/\/ayaneo.co\/it\/wp-json\/wp\/v2\/product\/11686","targetHints":{"allow":["GET"]}}],"collection":[{"href":"https:\/\/ayaneo.co\/it\/wp-json\/wp\/v2\/product"}],"about":[{"href":"https:\/\/ayaneo.co\/it\/wp-json\/wp\/v2\/types\/product"}],"wp:featuredmedia":[{"embeddable":true,"href":"https:\/\/ayaneo.co\/it\/wp-json\/wp\/v2\/media\/7892"}],"wp:attachment":[{"href":"https:\/\/ayaneo.co\/it\/wp-json\/wp\/v2\/media?parent=11686"}],"wp:term":[{"taxonomy":"product_brand","embeddable":true,"href":"https:\/\/ayaneo.co\/it\/wp-json\/wp\/v2\/product_brand?post=11686"},{"taxonomy":"product_cat","embeddable":true,"href":"https:\/\/ayaneo.co\/it\/wp-json\/wp\/v2\/product_cat?post=11686"},{"taxonomy":"product_tag","embeddable":true,"href":"https:\/\/ayaneo.co\/it\/wp-json\/wp\/v2\/product_tag?post=11686"}],"curies":[{"name":"wp","href":"https:\/\/api.w.org\/{rel}","templated":true}]}}