{"id":11786,"date":"2025-01-23T16:27:44","date_gmt":"2025-01-23T16:27:44","guid":{"rendered":"https:\/\/ayaneo.co\/product\/ayaneo-pocket-s-custodia-rigida\/"},"modified":"2025-12-09T00:30:49","modified_gmt":"2025-12-09T00:30:49","slug":"ayaneo-pocket-s-custodia-rigida","status":"publish","type":"product","link":"https:\/\/ayaneo.co\/it\/product\/ayaneo-pocket-s-custodia-rigida\/","title":{"rendered":"AYANEO Pocket S Custodia con copertina rigida"},"content":{"rendered":"\n<h2 class=\"wp-block-heading\" id=\"h-product-overview\">Panoramica del prodotto:<\/h2>\n\n<p>L&#8217;<strong>AYANEO Pocket S Hardcover<\/strong> \u00e8 l&#8217;accessorio perfetto per proteggere la tua console con stile. Progettata con una finitura elegante e resistente, questa copertina rigida offre un&#8217;eccellente protezione contro graffi, urti e usura quotidiana, pur mantenendo un fattore di forma leggero e portatile. <\/p>\n\n<hr class=\"wp-block-separator has-alpha-channel-opacity\"\/>\n\n<h2 class=\"wp-block-heading\" id=\"h-key-features\">Caratteristiche principali:<\/h2>\n\n<p><strong>Design elegante con copertina rigida<\/strong> per una maggiore durata.<\/p>\n\n<p><strong>Adatta per la<\/strong> console AYANEO Pocket S.<\/p>\n\n<p>Leggero e portatile per <strong>giocare in movimento<\/strong>.<\/p>\n\n<p>Materiale di prima qualit\u00e0 per un <strong>uso duraturo<\/strong>.<\/p>\n\n<p>Estetica moderna per <strong>completare la tua console<\/strong>.<\/p>\n\n<hr class=\"wp-block-separator has-alpha-channel-opacity\"\/>\n\n<h2 class=\"wp-block-heading\" id=\"h-why-choose-the-ayaneo-pocket-micro-case\">Perch\u00e9 scegliere AYANEO Pocket S Hardcover?<\/h2>\n\n<p>Proteggi la tua console AYANEO Pocket S con una custodia rigida che combina durata e stile. Il suo design leggero e portatile la rende perfetta per i giochi in movimento, mentre i materiali pregiati garantiscono una protezione di lunga durata. Questa custodia rigida \u00e8 ideale per i giocatori che vogliono proteggere la propria console senza compromettere l&#8217;estetica.  <\/p>\n\n<hr class=\"wp-block-separator has-alpha-channel-opacity\"\/>\n\n<h3 class=\"wp-block-heading\" id=\"h-specifications\">Specifiche:<\/h3>\n\n<ul class=\"wp-block-list\">\n<li><strong>Materiale:<\/strong> Plastica dura e resistente<\/li>\n\n\n\n<li><strong>Compatibilit\u00e0:<\/strong> Console AYANEO Pocket S<\/li>\n\n\n\n<li><strong>Caratteristiche:<\/strong> Leggero, resistente ai graffi e portatile<\/li>\n<\/ul>\n\n<p>Tieni la tua console protetta ed elegante con AYANEO Pocket S Hardcover, l&#8217;accessorio definitivo per i giocatori che tengono alla loro attrezzatura!<\/p>\n\n<p><\/p>\n","protected":false},"excerpt":{"rendered":"<ul>\n<li><strong>Design elegante con copertina rigida<\/strong> per una maggiore durata.<\/li>\n<li><strong>Adatta per la<\/strong> console AYANEO Pocket S.<\/li>\n<li>Leggero e portatile per <strong>giocare in movimento<\/strong>.<\/li>\n<li>Materiale di prima qualit\u00e0 per un <strong>uso duraturo<\/strong>.<\/li>\n<li>Estetica moderna per <strong>completare la tua console<\/strong>.<\/li>\n<\/ul>\n[cg_accordion title=\"INFO SUL PAGAMENTO\"]<\/p>\n<p>Utilizziamo la pi\u00f9 recente tecnologia di elaborazione dei pagamenti, che ti permette di effettuare il checkout tramite Apple Pay, Google Pay, la tua carta di debito\/credito, PayPal o metodi BNPL come Klarna, Affirm o AfterPay per un&#8217;esperienza veloce e sicura.[\/cg_accordion]\n[cg_accordion title=\"GARANZIA\"]<\/p>\n<p>1 anno di garanzia da parte di <a href=\"https:\/\/droix.net\/\" target=\"_blank\" rel=\"nofollow noopener\">DROIX Global<\/a> per la tua tranquillit\u00e0[\/cg_accordion]\n[cg_accordion title=\"GARANZIA DI QUALIT\u00c0 E TEST PRE-SPEDIZIONE\"]<\/p>\n<p>Garantire la soddisfazione del cliente ai massimi livelli: Ogni dispositivo viene sottoposto a test rigorosi e a un controllo di qualit\u00e0 in pi\u00f9 punti prima di essere spedito. Il nostro team dedicato verifica le prestazioni, la funzionalit\u00e0 e l&#8217;integrit\u00e0 dei componenti per garantire che il tuo dispositivo AYANEO sia perfettamente funzionante al momento dell&#8217;arrivo, offrendoti fiducia e tranquillit\u00e0. [\/cg_accordion]\n[cg_accordion title=\"PREZZI, TASSE E SPEDIZIONE\"]<\/p>\n<p><strong><u>Nota:<\/u><\/strong><\/p>\n<ul>\n<li>Clienti degli Stati Uniti: Il prezzo esposto non include tasse e dazi. La responsabilit\u00e0 dello sdoganamento e del pagamento di eventuali tasse e dazi \u00e8 a carico del cliente. <\/li>\n<li>Clienti UE: Il prezzo indicato \u00e8 comprensivo dell&#8217;imposta applicabile, che pu\u00f2 arrivare al 25% a seconda del paese.<\/li>\n<li>Clienti del Canada: Il prezzo indicato \u00e8 comprensivo delle imposte applicabili, che possono includere il 5% di GST e ulteriori imposte provinciali sulle vendite (PST), l&#8217;imposta sulle vendite armonizzata (HST) o l&#8217;imposta sulle vendite del Quebec (QST), a seconda della tua provincia.<\/li>\n<\/ul>\n<p><strong>Solo per i clienti dell&#8217;UE:<\/strong> Express DDP (Delivered Duty Paid). Ci\u00f2 significa che: <\/p>\n<ul>\n<li>Tutti i dazi doganali e le tasse sono inclusi nel prezzo indicato nella pagina del prodotto.<\/li>\n<li>Non dovrai pagare alcun costo aggiuntivo alla consegna.<\/li>\n<li>Nel raro caso di problemi doganali, il nostro team si occuper\u00e0 del processo di sdoganamento per conto tuo per garantire una consegna senza problemi.<\/li>\n<p>Informazioni importanti sulla restituzione:<\/p>\n<li>Se decidi di restituire l&#8217;ordine o di richiedere un rimborso, tieni presente che le tasse e i dazi pagati a tuo nome secondo i termini del DDP non possono essere rimborsati.<\/li>\n<p>Per informazioni dettagliate, consulta i nostri <a href=\"https:\/\/ayaneo.co\/it\/termini-di-servizio\/\" target=\"_blank\" rel=\"nofollow noopener\">Termini e Condizioni<\/a>.\n<\/ul>\n<p>[\/cg_accordion]\n[cg_accordion title=\"ASSISTENZA CLIENTI\"]<\/p>\n<p>Hai una domanda? Basta un breve messaggio per risolvere il tuo problema! [\/cg_accordion]\n[cg_accordion title=\"IL PACCHETTO INCLUDE\"]<\/p>\n<ul>\n<li>1x AYANEO Pocket S Custodia rigida<\/li>\n<\/ul>\n<p>[\/cg_accordion]\n","protected":false},"featured_media":7998,"template":"","meta":{"_acf_changed":false},"product_brand":[],"product_cat":[381],"product_tag":[],"class_list":{"0":"post-11786","1":"product","2":"type-product","3":"status-publish","4":"has-post-thumbnail","6":"product_cat-accessori","7":"product_shipping_class-low-end","8":"pa_accessory-type-custodia-protettiva","9":"pa_brand-ayaneo","11":"first","12":"instock","13":"sale","14":"taxable","15":"shipping-taxable","16":"purchasable","17":"product-type-simple"},"acf":[],"_links":{"self":[{"href":"https:\/\/ayaneo.co\/it\/wp-json\/wp\/v2\/product\/11786","targetHints":{"allow":["GET"]}}],"collection":[{"href":"https:\/\/ayaneo.co\/it\/wp-json\/wp\/v2\/product"}],"about":[{"href":"https:\/\/ayaneo.co\/it\/wp-json\/wp\/v2\/types\/product"}],"wp:featuredmedia":[{"embeddable":true,"href":"https:\/\/ayaneo.co\/it\/wp-json\/wp\/v2\/media\/7998"}],"wp:attachment":[{"href":"https:\/\/ayaneo.co\/it\/wp-json\/wp\/v2\/media?parent=11786"}],"wp:term":[{"taxonomy":"product_brand","embeddable":true,"href":"https:\/\/ayaneo.co\/it\/wp-json\/wp\/v2\/product_brand?post=11786"},{"taxonomy":"product_cat","embeddable":true,"href":"https:\/\/ayaneo.co\/it\/wp-json\/wp\/v2\/product_cat?post=11786"},{"taxonomy":"product_tag","embeddable":true,"href":"https:\/\/ayaneo.co\/it\/wp-json\/wp\/v2\/product_tag?post=11786"}],"curies":[{"name":"wp","href":"https:\/\/api.w.org\/{rel}","templated":true}]}}