{"id":12402,"date":"2025-03-24T16:59:01","date_gmt":"2025-03-24T16:59:01","guid":{"rendered":"https:\/\/ayaneo.co\/?post_type=product&#038;p=12402"},"modified":"2025-12-02T18:12:11","modified_gmt":"2025-12-02T18:12:11","slug":"ayaneo-custodia-pocket-evo-copy","status":"publish","type":"product","link":"https:\/\/ayaneo.co\/it\/product\/ayaneo-custodia-pocket-evo-copy\/","title":{"rendered":"AYANEO 3 Custodia per il trasporto - Protezione premium per il tuo palmare!"},"content":{"rendered":"\n<p>Tieni il tuo <strong>AYANEO 3<\/strong> al sicuro con questa <strong>custodia resistente ed elegante<\/strong>. Progettata per garantire la <strong>massima protezione e portabilit\u00e0<\/strong>, questa custodia assicura che il tuo dispositivo sia <strong>sempre pronto all&#8217;azione<\/strong>, ovunque tu vada. <\/p>\n\n<h3 class=\"wp-block-heading\"><strong>Caratteristiche principali:<\/strong><\/h3>\n\n<p><strong>Guscio robusto e protettivo<\/strong> - Protegge il tuo dispositivo da cadute, urti e graffi.<\/p>\n\n<p><strong>Vestibilit\u00e0 perfetta e design ergonomico<\/strong> - Modellato specificamente per <strong>AYANEO 3<\/strong>, assicura una <strong>vestibilit\u00e0 aderente e sicura<\/strong>.<\/p>\n\n<p><strong>Fodera interna morbida<\/strong> - Previene i graffi e mantiene il tuo dispositivo in condizioni perfette.  <\/p>\n\n<p><strong>Chiusura a cerniera sicura<\/strong> - Garantisce una <strong>protezione completa<\/strong> e allo stesso tempo un facile accesso.<\/p>\n\n<p><strong>Portatile e leggero<\/strong> - Trasporta il tuo AYANEO 3 con facilit\u00e0 grazie al cinturino <strong>da polso rimovibile<\/strong>.<\/p>\n\n<p>Migliora la tua configurazione di gioco di <strong>AYANEO 3<\/strong> con questa <strong>custodia essenziale<\/strong>: il <strong>perfetto equilibrio tra stile e protezione<\/strong>!<\/p>\n\n<p><\/p>\n","protected":false},"excerpt":{"rendered":"<ul>\n<li>Custodia <strong>ufficiale<\/strong> AYANEO 3<\/li>\n<li><strong>Resistente e antiurto<\/strong> - Protegge da cadute e graffi.<\/li>\n<li><strong>Morbida fodera interna<\/strong> - Mantiene il tuo dispositivo in perfette condizioni.<\/li>\n<li><strong>Cerniera e cinghia di sicurezza<\/strong> - Assicura un trasporto facile e una conservazione sicura.<\/li>\n<li><strong>Vestibilit\u00e0 perfetta<\/strong> - Modellato su misura per AYANEO 3.<\/li>\n<\/ul>\n[cg_accordion title=\"INFO SUL PAGAMENTO\"]<\/p>\n<p>Utilizziamo la pi\u00f9 recente tecnologia di elaborazione dei pagamenti, che ti permette di effettuare il checkout tramite Apple Pay, Google Pay, la tua carta di debito\/credito, PayPal o metodi BNPL come Klarna, Affirm o AfterPay per un&#8217;esperienza veloce e sicura.[\/cg_accordion]\n[cg_accordion title=\"GARANZIA\"]<\/p>\n<p>1 anno di garanzia da parte di <a href=\"https:\/\/droix.net\/\" target=\"_blank\" rel=\"nofollow noopener\">DROIX Global<\/a> per la tua tranquillit\u00e0[\/cg_accordion]\n[cg_accordion title=\"GARANZIA DI QUALIT\u00c0 E TEST PRE-SPEDIZIONE\"]<\/p>\n<p>Garantire la soddisfazione del cliente ai massimi livelli: Ogni dispositivo viene sottoposto a test rigorosi e a un controllo di qualit\u00e0 in pi\u00f9 punti prima di essere spedito. Il nostro team dedicato verifica le prestazioni, la funzionalit\u00e0 e l&#8217;integrit\u00e0 dei componenti per garantire che il tuo dispositivo AYANEO sia perfettamente funzionante al momento dell&#8217;arrivo, offrendoti fiducia e tranquillit\u00e0. [\/cg_accordion]\n[cg_accordion title=\"PREZZI, TASSE E SPEDIZIONE\"]<\/p>\n<p><strong><u>Nota:<\/u><\/strong><\/p>\n<ul>\n<li>Clienti degli Stati Uniti: Il prezzo esposto non include tasse e dazi. La responsabilit\u00e0 dello sdoganamento e del pagamento di eventuali tasse e dazi \u00e8 a carico del cliente. <\/li>\n<li>Clienti UE: Il prezzo indicato \u00e8 comprensivo dell&#8217;imposta applicabile, che pu\u00f2 arrivare al 25% a seconda del paese.<\/li>\n<li>Clienti del Canada: Il prezzo indicato \u00e8 comprensivo delle imposte applicabili, che possono includere il 5% di GST e ulteriori imposte provinciali sulle vendite (PST), l&#8217;imposta sulle vendite armonizzata (HST) o l&#8217;imposta sulle vendite del Quebec (QST), a seconda della tua provincia.<\/li>\n<\/ul>\n<p><strong>Solo per i clienti dell&#8217;UE:<\/strong> Express DDP (Delivered Duty Paid). Ci\u00f2 significa che: <\/p>\n<ul>\n<li>Tutti i dazi doganali e le tasse sono inclusi nel prezzo indicato nella pagina del prodotto.<\/li>\n<li>Non dovrai pagare alcun costo aggiuntivo alla consegna.<\/li>\n<li>Nel raro caso di problemi doganali, il nostro team si occuper\u00e0 del processo di sdoganamento per conto tuo per garantire una consegna senza problemi.<\/li>\n<p>Informazioni importanti sulla restituzione:<\/p>\n<li>Se decidi di restituire l&#8217;ordine o di richiedere un rimborso, tieni presente che le tasse e i dazi pagati a tuo nome secondo i termini del DDP non possono essere rimborsati.<\/li>\n<p>Per informazioni dettagliate, consulta i nostri <a href=\"https:\/\/ayaneo.co\/it\/termini-di-servizio\/\" target=\"_blank\" rel=\"nofollow noopener\">Termini e Condizioni<\/a>.\n<\/ul>\n<p>[\/cg_accordion]\n[cg_accordion title=\"ASSISTENZA CLIENTI\"]<\/p>\n<p>Hai una domanda? Basta un breve messaggio per risolvere il tuo problema! [\/cg_accordion]\n[cg_accordion title=\"IL PACCHETTO INCLUDE\"]<\/p>\n<ul>\n<li>1x AYANEO 3 Custodia<\/li>\n<\/ul>\n<p>[\/cg_accordion]\n","protected":false},"featured_media":12444,"template":"","meta":{"_acf_changed":false},"product_brand":[],"product_cat":[381],"product_tag":[],"class_list":{"0":"post-12402","1":"product","2":"type-product","3":"status-publish","4":"has-post-thumbnail","6":"product_cat-accessori","7":"product_shipping_class-low-end","8":"pa_accessory-type-custodia-protettiva","9":"pa_brand-ayaneo","11":"first","12":"instock","13":"sale","14":"taxable","15":"shipping-taxable","16":"purchasable","17":"product-type-variable"},"acf":[],"_links":{"self":[{"href":"https:\/\/ayaneo.co\/it\/wp-json\/wp\/v2\/product\/12402","targetHints":{"allow":["GET"]}}],"collection":[{"href":"https:\/\/ayaneo.co\/it\/wp-json\/wp\/v2\/product"}],"about":[{"href":"https:\/\/ayaneo.co\/it\/wp-json\/wp\/v2\/types\/product"}],"wp:featuredmedia":[{"embeddable":true,"href":"https:\/\/ayaneo.co\/it\/wp-json\/wp\/v2\/media\/12444"}],"wp:attachment":[{"href":"https:\/\/ayaneo.co\/it\/wp-json\/wp\/v2\/media?parent=12402"}],"wp:term":[{"taxonomy":"product_brand","embeddable":true,"href":"https:\/\/ayaneo.co\/it\/wp-json\/wp\/v2\/product_brand?post=12402"},{"taxonomy":"product_cat","embeddable":true,"href":"https:\/\/ayaneo.co\/it\/wp-json\/wp\/v2\/product_cat?post=12402"},{"taxonomy":"product_tag","embeddable":true,"href":"https:\/\/ayaneo.co\/it\/wp-json\/wp\/v2\/product_tag?post=12402"}],"curies":[{"name":"wp","href":"https:\/\/api.w.org\/{rel}","templated":true}]}}