{"id":13001,"date":"2025-01-28T11:05:14","date_gmt":"2025-01-28T11:05:14","guid":{"rendered":"https:\/\/ayaneo.co\/product\/monitor-portatile-droix-pm14-4k\/"},"modified":"2026-01-13T14:31:01","modified_gmt":"2026-01-13T14:31:01","slug":"monitor-portatile-droix-pm14-4k","status":"publish","type":"product","link":"https:\/\/ayaneo.co\/it\/product\/monitor-portatile-droix-pm14-4k\/","title":{"rendered":"Monitor portatile DroiX PM14 4K"},"content":{"rendered":"\n<div class=\"wp-block-columns is-layout-flex wp-container-core-columns-is-layout-28f84493 wp-block-columns-is-layout-flex\">\n<div class=\"wp-block-column is-layout-flow wp-block-column-is-layout-flow\" style=\"flex-basis:33.33%\">\n<figure class=\"wp-block-image size-large\"><a href=\"https:\/\/droix.net\/wp-content\/uploads\/2024\/05\/DROIX-PM14-LISTING-V2-DONE-01-NON-TOUCH.png\" target=\"_blank\" rel=\"noopener\"><img decoding=\"async\" src=\"https:\/\/droix.net\/wp-content\/uploads\/2024\/05\/DROIX-PM14-LISTING-V2-DONE-01-NON-TOUCH-1024x1024.png\" alt=\"Immagine di DroiX Monitor portatile, 14 pollici, 4K, ultra sottile&quot;\" class=\"wp-image-179745\"\/><\/a><\/figure>\n<\/div>\n\n\n\n<div class=\"wp-block-column is-layout-flow wp-block-column-is-layout-flow\" style=\"flex-basis:66.66%\">\n<h3 class=\"wp-block-heading\"><strong>DroiX PM14 - Monitor portatile ultrasottile 4K da 14,0 pollici<\/strong><\/h3>\n\n\n\n<p>Scopri i progressi pi\u00f9 avanzati nella tecnologia dei display con DroiX PM14, un monitor portatile ultrasottile da 14,0 pollici disponibile sia in versione touchscreen che non touchscreen. Questo innovativo dispositivo stabilisce un nuovo punto di riferimento nel settore del mobile computing, combinando prestazioni robuste con un&#8217;eccezionale portabilit\u00e0 e un design moderno. Che tu sia un professionista o un appassionato di intrattenimento, il monitor portatile DroiX PM14 4K \u00e8 stato progettato per integrarsi perfettamente nel tuo stile di vita dinamico, offrendo una versatilit\u00e0 essenziale sia a casa, sia in ufficio o in viaggio.  <\/p>\n<\/div>\n<\/div>\n\n<h3 class=\"wp-block-heading\"><strong>Panoramica del prodotto<\/strong><\/h3>\n\n<figure class=\"wp-block-image aligncenter size-large\"><a href=\"https:\/\/droix.net\/wp-content\/uploads\/2024\/04\/1080P-FHD.jpg\" target=\"_blank\" rel=\"noopener\"><img decoding=\"async\" src=\"https:\/\/droix.net\/wp-content\/uploads\/2024\/04\/1080P-FHD-1024x420.jpg\" alt=\"Immagine di DroiX Monitor portatile, 14 pollici, 4K, ultra sottile, con una nitida risoluzione UHD 3840x2160 con colori vibranti e dettagli incredibili, gamma di colori DCI-P3 100% e supporto HDR400\" class=\"wp-image-178360\"\/><\/a><\/figure>\n\n<p>Il monitor portatile DroiX PM14 mostra il meglio dell&#8217;ingegneria moderna, vantando una vivida risoluzione UHD 3840&#215;2160 che d\u00e0 vita ai contenuti con colori vibranti e dettagli eccezionali. Grazie alla gamma di colori DCI-P3 al 100% e al supporto HDR400, offre immagini straordinarie caratterizzate da neri profondi e bianchi brillanti. Il suo profilo sottile e il design leggero garantiscono la massima portabilit\u00e0 senza compromettere la qualit\u00e0 o le prestazioni.  <\/p>\n\n<figure class=\"wp-block-image aligncenter size-large\"><a href=\"https:\/\/droix.net\/wp-content\/uploads\/2024\/04\/Color.jpg\" target=\"_blank\" rel=\"noopener\"><img decoding=\"async\" src=\"https:\/\/droix.net\/wp-content\/uploads\/2024\/04\/Color-1024x406.jpg\" alt=\"Immagine di DroiX Monitor portatile, 14 pollici, 4K, ultra sottile, con gamma di colori DCI-P3 100% e supporto HDR400 per immagini straordinarie con neri profondi e bianchi brillanti. Profilo sottile e design leggero per la massima portabilit&#xE0; senza sacrificare la qualit&#xE0; o le prestazioni. \" class=\"wp-image-178361\"\/><\/a><\/figure>\n\n<p>Progettato in modo ergonomico, il DroiX PM14 vanta una rotella di controllo facile da usare e opzioni di connettivit\u00e0 versatili come Mini HDMI e pi\u00f9 porte USB-C. Questo lo rende adattabile a tutti i tuoi dispositivi, sia che tu stia giocando con la PlayStation, montando video su Mac o presentando dal tuo laptop. Il PM14 si integra perfettamente in qualsiasi configurazione, offrendo un basso consumo energetico e prestazioni ad alta efficienza per permetterti di lavorare pi\u00f9 a lungo senza preoccuparti di scaricare le batterie dei tuoi dispositivi.  <\/p>\n\n<figure class=\"wp-block-image aligncenter size-large\"><a href=\"https:\/\/droix.net\/wp-content\/uploads\/2024\/04\/Modes.jpg\" target=\"_blank\" rel=\"noopener\"><img decoding=\"async\" src=\"https:\/\/droix.net\/wp-content\/uploads\/2024\/04\/Modes-1024x419.jpg\" alt=\"Immagine di DroiX Monitor portatile, 14 pollici, 4K, ultrasottile, compatibile con laptop, Mac, smartphone, tablet, PC, PS3\/4\/5, Xbox e Switch\" class=\"wp-image-178357\"\/><\/a><\/figure>\n\n<h3 class=\"wp-block-heading\"><strong>Caratteristiche dettagliate<\/strong><\/h3>\n\n<ul class=\"wp-block-list\">\n<li>Prestazioni: Il monitor portatile DroiX PM14 4K eccelle nell&#8217;offrire un&#8217;esperienza visiva reattiva e coinvolgente grazie a una frequenza di aggiornamento di 60Hz e a una velocit\u00e0 di risposta di 2,5ms, che garantiscono movimenti fluidi e immagini nitide anche durante le scene ad alta velocit\u00e0. Offre una luminanza di 500 cd\/m\u00b2 e un rapporto di contrasto di 1500:1, garantendo un&#8217;ottima visibilit\u00e0 in diverse condizioni di luce. <\/li>\n\n\n\n<li>Connettivit\u00e0: Il DroiX PM14 offre opzioni di connettivit\u00e0 versatili, con due porte USB-C per l&#8217;alimentazione e il trasferimento dei dati video, una porta USB-C aggiuntiva per periferiche come tastiere e mouse, una porta Mini HDMI per le connessioni video convenzionali e un jack audio per l&#8217;ascolto privato.<\/li>\n<\/ul>\n\n<figure class=\"wp-block-image aligncenter size-large\"><a href=\"https:\/\/droix.net\/wp-content\/uploads\/2024\/04\/interface.jpg\" target=\"_blank\" rel=\"noopener\"><img decoding=\"async\" src=\"https:\/\/droix.net\/wp-content\/uploads\/2024\/04\/interface-1024x1024.jpg\" alt=\"Immagine del monitor portatile DroiX PM14, che supporta un'ampia gamma di dispositivi HDMI e Type-C, migliorando la compatibilit&#xE0; tra gli ecosistemi digitali. Ideale per i videogiocatori, i professionisti creativi su Mac e i professionisti aziendali che necessitano di uno schermo aggiuntivo. Facile da usare per Windows con configurazione plug-and-play per un utilizzo senza problemi.  \" class=\"wp-image-178362\"\/><\/a><\/figure>\n\n<h3 class=\"wp-block-heading\"><strong>Esperienza utente<\/strong><\/h3>\n\n<p>Il DroiX PM14 supporta un&#8217;ampia gamma di dispositivi HDMI e Type-C, garantendo la compatibilit\u00e0 con diversi ecosistemi digitali. Che tu sia un giocatore alla ricerca di un monitor portatile, un professionista creativo che utilizza un Mac o un dirigente d&#8217;azienda che ha bisogno di uno schermo aggiuntivo per le presentazioni, il PM14 si adatta facilmente alle tue esigenze. Grazie alla sua facile configurazione plug-and-play, eccelle negli ambienti Windows, consentendoti di passare senza problemi al lavoro o al gioco.  <\/p>\n\n<figure class=\"wp-block-image aligncenter size-large\"><a href=\"https:\/\/droix.net\/wp-content\/uploads\/2024\/04\/portable1.jpg\" target=\"_blank\" rel=\"noopener\"><img decoding=\"async\" src=\"https:\/\/droix.net\/wp-content\/uploads\/2024\/04\/portable1-1024x483.jpg\" alt=\"Immagine di DroiX Monitor portatile, 14 pollici, 4K, ultra sottile, leggero e portatile\" class=\"wp-image-178358\"\/><\/a><\/figure>\n\n<h3 class=\"wp-block-heading\"><strong>Conclusione<\/strong><\/h3>\n\n<p>Il monitor portatile DroiX PM14 rappresenta una soluzione all&#8217;avanguardia che unisce funzionalit\u00e0 superba, design eccezionale e la libert\u00e0 della portabilit\u00e0. Non si tratta solo di un monitor, ma di una porta d&#8217;accesso per migliorare la tua produttivit\u00e0 e le tue esperienze di intrattenimento, ovunque tu sia. <\/p>\n\n<p>Scopri il futuro dei monitor portatili per computer portatili con DroiX PM14. Non perdere l&#8217;occasione, prenota subito la tua unit\u00e0 per assicurartela ed essere tra i primi a migliorare la tua esperienza visiva in movimento! <\/p>\n","protected":false},"excerpt":{"rendered":"<ul>\n<li>Display 4K 14&#8243;<strong> HDR400<\/strong> <\/li>\n<li>100% di copertura<strong> DCI-P3<\/strong> <\/li>\n<li>500 <strong>nit di<\/strong> luminosit\u00e0<\/li>\n<li>Cavalletto <strong> incorporato<\/strong><\/li>\n<li>  Altoparlanti <strong> integrati<\/strong> <\/li>\n<\/ul>\n[cg_accordion title=\"INFO SUL PAGAMENTO\"]<\/p>\n<p>Utilizziamo la pi\u00f9 recente tecnologia di elaborazione dei pagamenti, che ti permette di effettuare il checkout tramite Apple Pay, Google Pay, la tua carta di debito\/credito, PayPal o metodi BNPL come Klarna, Affirm o AfterPay per un&#8217;esperienza veloce e sicura.[\/cg_accordion]\n[cg_accordion title=\"GARANZIA\"]<\/p>\n<p>1 anno di garanzia da parte di <a href=\"https:\/\/droix.net\/\" target=\"_blank\" rel=\"nofollow noopener\">DROIX Global<\/a> per la tua tranquillit\u00e0[\/cg_accordion]\n[cg_accordion title=\"PREZZI, TASSE E SPEDIZIONE\"]<\/p>\n<p><strong><u>Nota:<\/u><\/strong><\/p>\n<ul>\n<li>Clienti degli Stati Uniti: Il prezzo esposto non include tasse e dazi. La responsabilit\u00e0 dello sdoganamento e del pagamento di eventuali tasse e dazi \u00e8 a carico del cliente. <\/li>\n<li>Clienti UE: Il prezzo indicato \u00e8 comprensivo dell&#8217;imposta applicabile, che pu\u00f2 arrivare al 25% a seconda del paese.<\/li>\n<li>Clienti del Canada: Il prezzo indicato \u00e8 comprensivo delle imposte applicabili, che possono includere il 5% di GST e ulteriori imposte provinciali sulle vendite (PST), l&#8217;imposta sulle vendite armonizzata (HST) o l&#8217;imposta sulle vendite del Quebec (QST), a seconda della tua provincia.<\/li>\n<\/ul>\n<p><strong>Solo per i clienti dell&#8217;UE:<\/strong> Express DDP (Delivered Duty Paid). Ci\u00f2 significa che: <\/p>\n<ul>\n<li>Tutti i dazi doganali e le tasse sono inclusi nel prezzo indicato nella pagina del prodotto.<\/li>\n<li>Non dovrai pagare alcun costo aggiuntivo alla consegna.<\/li>\n<li>Nel raro caso di problemi doganali, il nostro team si occuper\u00e0 del processo di sdoganamento per conto tuo per garantire una consegna senza problemi.<\/li>\n<p>Informazioni importanti sulla restituzione:<\/p>\n<li>Se decidi di restituire l&#8217;ordine o di richiedere un rimborso, tieni presente che le tasse e i dazi pagati a tuo nome secondo i termini del DDP non possono essere rimborsati.<\/li>\n<p>Per informazioni dettagliate, consulta i nostri <a href=\"https:\/\/ayaneo.co\/it\/termini-di-servizio\/\" target=\"_blank\" rel=\"nofollow noopener\">Termini e Condizioni<\/a>.\n<\/ul>\n<p>[\/cg_accordion]\n[cg_accordion title=\"ASSISTENZA CLIENTI\"]<\/p>\n<p>Hai una domanda? Basta un breve messaggio per risolvere il tuo problema!<br \/>\n[\/cg_accordion]\n","protected":false},"featured_media":8060,"template":"","meta":{"_acf_changed":false},"product_brand":[],"product_cat":[1015],"product_tag":[],"class_list":{"0":"post-13001","1":"product","2":"type-product","3":"status-publish","4":"has-post-thumbnail","6":"product_cat-monitor-portatili","7":"product_shipping_class-standard","8":"pa_brand-droix","10":"first","11":"outofstock","12":"sale","13":"taxable","14":"shipping-taxable","15":"purchasable","16":"product-type-variable","17":"has-default-attributes"},"acf":[],"_links":{"self":[{"href":"https:\/\/ayaneo.co\/it\/wp-json\/wp\/v2\/product\/13001","targetHints":{"allow":["GET"]}}],"collection":[{"href":"https:\/\/ayaneo.co\/it\/wp-json\/wp\/v2\/product"}],"about":[{"href":"https:\/\/ayaneo.co\/it\/wp-json\/wp\/v2\/types\/product"}],"wp:featuredmedia":[{"embeddable":true,"href":"https:\/\/ayaneo.co\/it\/wp-json\/wp\/v2\/media\/8060"}],"wp:attachment":[{"href":"https:\/\/ayaneo.co\/it\/wp-json\/wp\/v2\/media?parent=13001"}],"wp:term":[{"taxonomy":"product_brand","embeddable":true,"href":"https:\/\/ayaneo.co\/it\/wp-json\/wp\/v2\/product_brand?post=13001"},{"taxonomy":"product_cat","embeddable":true,"href":"https:\/\/ayaneo.co\/it\/wp-json\/wp\/v2\/product_cat?post=13001"},{"taxonomy":"product_tag","embeddable":true,"href":"https:\/\/ayaneo.co\/it\/wp-json\/wp\/v2\/product_tag?post=13001"}],"curies":[{"name":"wp","href":"https:\/\/api.w.org\/{rel}","templated":true}]}}