{"id":14695,"date":"2025-05-08T13:01:34","date_gmt":"2025-05-08T13:01:34","guid":{"rendered":"https:\/\/ayaneo.co\/product\/ayaneo-ag01-dock-grafico-dellastronave\/"},"modified":"2026-01-06T00:31:39","modified_gmt":"2026-01-06T00:31:39","slug":"ayaneo-ag01","status":"publish","type":"product","link":"https:\/\/ayaneo.co\/it\/product\/ayaneo-ag01\/","title":{"rendered":"AYANEO AG01 Dock grafico dell&#8217;astronave"},"content":{"rendered":"\n<figure class=\"wp-block-video\"><video height=\"1080\" style=\"aspect-ratio: 1920 \/ 1080;\" width=\"1920\" controls=\"\" poster=\"https:\/\/ayaneo.co\/wp-content\/uploads\/2025\/05\/maxresdefault-4.jpg\" src=\"https:\/\/ayaneo.co\/wp-content\/uploads\/2025\/05\/AYANEO-AG01-Starship-Graphic-Dock_-Salute-to-The-Era-of-Space-Science-Explore-The-Gaming-World.mp4\"><\/video><\/figure>\n\n<h2 class=\"wp-block-heading\" id=\"h-introducing-the-ayaneo-ag01-starship-graphics-dock-power-precision-and-portability-redefined\">Ti presentiamo il dock grafico AYANEO AG01 Starship: Potenza, precisione e portabilit\u00e0 ridefinite<\/h2>\n\n<p>Il <strong>dock graficoAYANEO AG01 Starship<\/strong> inaugura una nuova era per le soluzioni di GPU esterne, pensate per i giocatori, i creatori e i professionisti che non vogliono altro che prestazioni stellari. Con un design industriale futuristico, una GPU AMD Radeon RX 7600M XT di fascia alta e una solida compatibilit\u00e0 con i sistemi Windows e Linux, l&#8217;AG01 non \u00e8 solo un accessorio, ma una piattaforma di lancio per una potenza senza compromessi di classe desktop in movimento.   <\/p>\n\n<figure class=\"wp-block-image size-full\"><a href=\"https:\/\/ayaneo.co\/wp-content\/uploads\/2025\/05\/AYANEO-AG01-GRAPHICS_DOCK-MARKETING-IMAGE-DONE-1-1024x576-1.jpg\"><img fetchpriority=\"high\" decoding=\"async\" width=\"1024\" height=\"576\" src=\"https:\/\/ayaneo.co\/wp-content\/uploads\/2025\/05\/AYANEO-AG01-GRAPHICS_DOCK-MARKETING-IMAGE-DONE-1-1024x576-1.jpg\" alt=\"Immagine promozionale a tema fantascientifico di AYANEO AG01, che mostra l'anello della ventola superiore che si illumina di arancione e la silhouette del dispositivo parzialmente illuminata, suggerendo una visione spaziale.\" class=\"wp-image-37414\" srcset=\"https:\/\/ayaneo.co\/wp-content\/uploads\/2025\/05\/AYANEO-AG01-GRAPHICS_DOCK-MARKETING-IMAGE-DONE-1-1024x576-1.jpg 1024w, https:\/\/ayaneo.co\/wp-content\/uploads\/2025\/05\/AYANEO-AG01-GRAPHICS_DOCK-MARKETING-IMAGE-DONE-1-1024x576-1-300x169.jpg 300w, https:\/\/ayaneo.co\/wp-content\/uploads\/2025\/05\/AYANEO-AG01-GRAPHICS_DOCK-MARKETING-IMAGE-DONE-1-1024x576-1-768x432.jpg 768w, https:\/\/ayaneo.co\/wp-content\/uploads\/2025\/05\/AYANEO-AG01-GRAPHICS_DOCK-MARKETING-IMAGE-DONE-1-1024x576-1-990x557.jpg 990w, https:\/\/ayaneo.co\/wp-content\/uploads\/2025\/05\/AYANEO-AG01-GRAPHICS_DOCK-MARKETING-IMAGE-DONE-1-1024x576-1-441x248.jpg 441w, https:\/\/ayaneo.co\/wp-content\/uploads\/2025\/05\/AYANEO-AG01-GRAPHICS_DOCK-MARKETING-IMAGE-DONE-1-1024x576-1-600x338.jpg 600w, https:\/\/ayaneo.co\/wp-content\/uploads\/2025\/05\/AYANEO-AG01-GRAPHICS_DOCK-MARKETING-IMAGE-DONE-1-1024x576-1-150x84.jpg 150w\" sizes=\"(max-width: 1024px) 100vw, 1024px\" \/><\/a><\/figure>\n\n<p>L&#8217;integrazione all&#8217;avanguardia delle interfacce OCuLink e USB4 lo rende uno dei dock eGPU pi\u00f9 versatili oggi disponibili. Che si tratti di sbloccare frame rate pi\u00f9 elevati sulla tua console portatile o di aumentare la produttivit\u00e0 su un laptop compatto, l&#8217;ingombro ridotto dell&#8217;AG01 garantisce una potenza grafica superiore senza sacrificare la mobilit\u00e0. Benvenuto nella nuova generazione di GPU esterne: audaci, belle e pronte per la battaglia.  <\/p>\n\n<hr class=\"wp-block-separator has-alpha-channel-opacity\"\/>\n\n<h2 class=\"wp-block-heading\" id=\"h-ayaneo-ag01-starship-grade-external-gpu-dock\">AYANEO AG01 - Dock per GPU esterne di livello astronave<\/h2>\n\n<p>L&#8217;<strong>AG01 Starship Graphics Dock<\/strong> \u00e8 un capolavoro di ingegneria moderna e design artistico. Ispirato all&#8217;estetica futuristica delle navicelle spaziali, combina portabilit\u00e0 e prestazioni in uno chassis largo appena 18 cm e dal peso inferiore ai 900 g. Il suo design termico altamente efficiente, rafforzato da un sistema di raffreddamento a turbina e da condotti d&#8217;aria, garantisce prestazioni durature senza strozzature, anche durante intense sessioni di gioco o di rendering.  <\/p>\n\n<figure class=\"wp-block-image size-full\"><a href=\"https:\/\/ayaneo.co\/wp-content\/uploads\/2025\/05\/AYANEO-AG01-GRAPHICS_DOCK-MARKETING-IMAGE-DONE-2-1024x855-1.jpg\"><img decoding=\"async\" width=\"1024\" height=\"855\" src=\"https:\/\/ayaneo.co\/wp-content\/uploads\/2025\/05\/AYANEO-AG01-GRAPHICS_DOCK-MARKETING-IMAGE-DONE-2-1024x855-1.jpg\" alt=\"Le caratteristiche salienti di AYANEO AG01 sono mostrate in un layout futuristico a griglia, tra cui il chip RX 7600M XT, l'illuminazione RGB, la targhetta personalizzabile, il sistema di raffreddamento e le capacit&#xE0; di espansione I\/O.\" class=\"wp-image-37415\" srcset=\"https:\/\/ayaneo.co\/wp-content\/uploads\/2025\/05\/AYANEO-AG01-GRAPHICS_DOCK-MARKETING-IMAGE-DONE-2-1024x855-1.jpg 1024w, https:\/\/ayaneo.co\/wp-content\/uploads\/2025\/05\/AYANEO-AG01-GRAPHICS_DOCK-MARKETING-IMAGE-DONE-2-1024x855-1-300x250.jpg 300w, https:\/\/ayaneo.co\/wp-content\/uploads\/2025\/05\/AYANEO-AG01-GRAPHICS_DOCK-MARKETING-IMAGE-DONE-2-1024x855-1-768x641.jpg 768w, https:\/\/ayaneo.co\/wp-content\/uploads\/2025\/05\/AYANEO-AG01-GRAPHICS_DOCK-MARKETING-IMAGE-DONE-2-1024x855-1-990x827.jpg 990w, https:\/\/ayaneo.co\/wp-content\/uploads\/2025\/05\/AYANEO-AG01-GRAPHICS_DOCK-MARKETING-IMAGE-DONE-2-1024x855-1-441x368.jpg 441w, https:\/\/ayaneo.co\/wp-content\/uploads\/2025\/05\/AYANEO-AG01-GRAPHICS_DOCK-MARKETING-IMAGE-DONE-2-1024x855-1-600x501.jpg 600w, https:\/\/ayaneo.co\/wp-content\/uploads\/2025\/05\/AYANEO-AG01-GRAPHICS_DOCK-MARKETING-IMAGE-DONE-2-1024x855-1-150x125.jpg 150w\" sizes=\"(max-width: 1024px) 100vw, 1024px\" \/><\/a><\/figure>\n\n<p>Dotata della GPU <strong>AMD Radeon RX 7600M XT<\/strong> basata sull&#8217;architettura RDNA3, la AG01 supporta i giochi AAA di fascia alta, l&#8217;editing video e il rendering 3D con un&#8217;efficienza eccezionale. \u00c8 il compagno ideale per i dispositivi di gioco portatili come AYANEO 2S, KUN e anche per i dispositivi nonAYANEO tramite OCuLink e USB4, come Steam Deck, ROG Ally e altri ancora. <\/p>\n\n<hr class=\"wp-block-separator has-alpha-channel-opacity\"\/>\n\n<h2 class=\"wp-block-heading\" id=\"h-performance-that-launches-beyond-limits\">Prestazioni che superano i limiti<\/h2>\n\n<p><strong>Potenza grafica:<\/strong> Il cuore dell&#8217;AG01 \u00e8 la GPU <strong>AMD Radeon RX 7600M XT<\/strong>, dotata di 32 unit\u00e0 di calcolo, 8GB di memoria GDDR6 e un boost clock massimo di 2300MHz. Questa potenza offre giochi fluidi a 1080p e persino a 1440p, eccellendo nelle applicazioni ad alte prestazioni che vanno dai titoli AAA ai flussi di lavoro creativi accelerati dalla GPU. <\/p>\n\n<p><strong>Sistema di raffreddamento avanzato:<\/strong> A differenza delle eGPU tradizionali, l&#8217;AG01 \u00e8 dotato di un sistema di raffreddamento progettato in modo esclusivo con due ingressi d&#8217;aria e una ventola ad alta efficienza. Questo design massimizza il flusso d&#8217;aria mantenendo una bassa rumorosit\u00e0, consentendo prestazioni sostenute anche durante sessioni prolungate. <\/p>\n\n<hr class=\"wp-block-separator has-alpha-channel-opacity\"\/>\n\n<h2 class=\"wp-block-heading\" id=\"h-seamless-connectivity\">Connettivit\u00e0 senza soluzione di continuit\u00e0<\/h2>\n\n<figure class=\"wp-block-image size-full\"><a href=\"https:\/\/ayaneo.co\/wp-content\/uploads\/2025\/05\/AYANEO-AG01-GRAPHICS_DOCK-MARKETING-IMAGE-DONE-3-1024x576-1.jpg\"><img decoding=\"async\" width=\"1024\" height=\"576\" src=\"https:\/\/ayaneo.co\/wp-content\/uploads\/2025\/05\/AYANEO-AG01-GRAPHICS_DOCK-MARKETING-IMAGE-DONE-3-1024x576-1.jpg\" alt=\"Diagramma che mostra la disposizione degli I\/O sul retro del Dock grafico AYANEO AG01, con l'etichettatura delle porte tra cui DP 2.0, HDMI 2.1, OCuLink, USB4, DC, RJ45 e USB 3.2 Gen 2.\" class=\"wp-image-37416\" srcset=\"https:\/\/ayaneo.co\/wp-content\/uploads\/2025\/05\/AYANEO-AG01-GRAPHICS_DOCK-MARKETING-IMAGE-DONE-3-1024x576-1.jpg 1024w, https:\/\/ayaneo.co\/wp-content\/uploads\/2025\/05\/AYANEO-AG01-GRAPHICS_DOCK-MARKETING-IMAGE-DONE-3-1024x576-1-300x169.jpg 300w, https:\/\/ayaneo.co\/wp-content\/uploads\/2025\/05\/AYANEO-AG01-GRAPHICS_DOCK-MARKETING-IMAGE-DONE-3-1024x576-1-768x432.jpg 768w, https:\/\/ayaneo.co\/wp-content\/uploads\/2025\/05\/AYANEO-AG01-GRAPHICS_DOCK-MARKETING-IMAGE-DONE-3-1024x576-1-990x557.jpg 990w, https:\/\/ayaneo.co\/wp-content\/uploads\/2025\/05\/AYANEO-AG01-GRAPHICS_DOCK-MARKETING-IMAGE-DONE-3-1024x576-1-441x248.jpg 441w, https:\/\/ayaneo.co\/wp-content\/uploads\/2025\/05\/AYANEO-AG01-GRAPHICS_DOCK-MARKETING-IMAGE-DONE-3-1024x576-1-600x338.jpg 600w, https:\/\/ayaneo.co\/wp-content\/uploads\/2025\/05\/AYANEO-AG01-GRAPHICS_DOCK-MARKETING-IMAGE-DONE-3-1024x576-1-150x84.jpg 150w\" sizes=\"(max-width: 1024px) 100vw, 1024px\" \/><\/a><\/figure>\n\n<p><strong>OCuLink e USB4:<\/strong> Per connessioni a bassa latenza e ad alta larghezza di banda, l&#8217;AG01 supporta <strong>OCuLink SFF-8612<\/strong> e <strong>USB4<\/strong>, offrendo un&#8217;ampia compatibilit\u00e0 con PC portatili e laptop. OCuLink offre prestazioni superiori della GPU aggirando i colli di bottiglia delle connessioni Thunderbolt tradizionali, rendendolo la scelta migliore per i giocatori e i creatori seri. <\/p>\n\n<p><strong>Supporto versatile per i dispositivi:<\/strong> Sia che tu stia collegando un palmare AYANEO, Steam Deck o un computer compatto Windows\/Linux, l&#8217;AG01 si adatta facilmente. Supporta la funzionalit\u00e0 plug-and-play senza bisogno di modifiche al BIOS per la maggior parte dei sistemi. <\/p>\n\n<hr class=\"wp-block-separator has-alpha-channel-opacity\"\/>\n\n<h2 class=\"wp-block-heading\" id=\"h-built-to-travel-designed-to-impress\">Costruito per viaggiare, progettato per stupire<\/h2>\n\n<p><strong>Compatto e leggero:<\/strong> Con le sue dimensioni di soli 18 cm x 6,3 cm x 3 cm e un peso di 869 g, l&#8217;AG01 \u00e8 uno dei dock eGPU ad alte prestazioni pi\u00f9 piccoli al mondo. Il suo design spaziale \u00e8 un pezzo forte sulla tua scrivania o nella tua borsa tecnologica. <\/p>\n\n<p><strong>Materiali pregiati:<\/strong> Il telaio \u00e8 costruito in lega di alluminio di grado aerospaziale, che combina la durata con l&#8217;efficienza termica e l&#8217;estetica elegante.<\/p>\n\n<figure class=\"wp-block-image size-full\"><a href=\"https:\/\/ayaneo.co\/wp-content\/uploads\/2025\/05\/AYANEO-AG01-GRAPHICS_DOCK-MARKETING-IMAGE-DONE-8-1024x576-1.jpg\"><img loading=\"lazy\" decoding=\"async\" width=\"1024\" height=\"576\" src=\"https:\/\/ayaneo.co\/wp-content\/uploads\/2025\/05\/AYANEO-AG01-GRAPHICS_DOCK-MARKETING-IMAGE-DONE-8-1024x576-1.jpg\" alt=\"Una drammatica immagine dei due pezzi del telaio metallico di AYANEO AG01 separati a met&#xE0;, che mette in risalto il suo corpo metallico finemente lavorato su uno sfondo spaziale stellato.\" class=\"wp-image-37417\" srcset=\"https:\/\/ayaneo.co\/wp-content\/uploads\/2025\/05\/AYANEO-AG01-GRAPHICS_DOCK-MARKETING-IMAGE-DONE-8-1024x576-1.jpg 1024w, https:\/\/ayaneo.co\/wp-content\/uploads\/2025\/05\/AYANEO-AG01-GRAPHICS_DOCK-MARKETING-IMAGE-DONE-8-1024x576-1-300x169.jpg 300w, https:\/\/ayaneo.co\/wp-content\/uploads\/2025\/05\/AYANEO-AG01-GRAPHICS_DOCK-MARKETING-IMAGE-DONE-8-1024x576-1-768x432.jpg 768w, https:\/\/ayaneo.co\/wp-content\/uploads\/2025\/05\/AYANEO-AG01-GRAPHICS_DOCK-MARKETING-IMAGE-DONE-8-1024x576-1-990x557.jpg 990w, https:\/\/ayaneo.co\/wp-content\/uploads\/2025\/05\/AYANEO-AG01-GRAPHICS_DOCK-MARKETING-IMAGE-DONE-8-1024x576-1-441x248.jpg 441w, https:\/\/ayaneo.co\/wp-content\/uploads\/2025\/05\/AYANEO-AG01-GRAPHICS_DOCK-MARKETING-IMAGE-DONE-8-1024x576-1-600x338.jpg 600w, https:\/\/ayaneo.co\/wp-content\/uploads\/2025\/05\/AYANEO-AG01-GRAPHICS_DOCK-MARKETING-IMAGE-DONE-8-1024x576-1-150x84.jpg 150w\" sizes=\"(max-width: 1024px) 100vw, 1024px\" \/><\/a><\/figure>\n\n<hr class=\"wp-block-separator has-alpha-channel-opacity\"\/>\n\n<h2 class=\"wp-block-heading\" id=\"h-user-experience\">Esperienza utente<\/h2>\n\n<p>L&#8217;AG01 stabilisce un nuovo livello di prestazioni di facile utilizzo. Il supporto senza driver per Windows e Linux, la compatibilit\u00e0 con i dispositivi e la configurazione plug-and-play lo rendono ideale sia per i neofiti che per gli appassionati di tecnologia. Che si tratti di streaming, progettazione, giochi o multitasking su pi\u00f9 display, l&#8217;AG01 offre un&#8217;esperienza fluida e coinvolgente.  <\/p>\n\n<hr class=\"wp-block-separator has-alpha-channel-opacity\"\/>\n\n<h2 class=\"wp-block-heading\" id=\"h-conclusion\">Conclusione<\/h2>\n\n<p>Il <strong>dock graficoAYANEO AG01 Starship<\/strong> \u00e8 molto pi\u00f9 di una semplice GPU esterna: \u00e8 un salto in un futuro in cui la portabilit\u00e0 incontra prestazioni di livello desktop. Grazie al suo motore Radeon RX 7600M XT, alla connettivit\u00e0 a doppia interfaccia e al design accattivante, l&#8217;AG01 ridefinisce le possibilit\u00e0 del computing portatile. <\/p>\n\n<p>Preordina subito il tuo AG01 e diventa parte di una nuova generazione di giocatori e creatori che abbracciano la potenza senza compromessi ovunque vadano.  <strong>Con AYANEO, le stelle sono solo l&#8217;inizio.<\/strong><\/p>\n","protected":false},"excerpt":{"rendered":"<ul>\n<li>GPU <strong>Radeon\u2122 RX 7600M XT<\/strong> con architettura RDNA 3<\/li>\n<li><strong>Doppia interfaccia:<\/strong> OCuLink e USB 4.0 (Tipo-C, 65W PD)<\/li>\n<li><strong>Compatto e leggero:<\/strong> Design portatile ispirato all&#8217;astronave<\/li>\n<li><strong>Raffreddamento ottimizzato:<\/strong> Sistema di ventole a turbina ad alta efficienza<\/li>\n<li><strong>Compatibile con:<\/strong> AYANEO 2S, KUN, FLIP DS, ROG Ally, Steam Deck<\/li>\n<\/ul>\n[cg_accordion title=\"INFO SUL PAGAMENTO\"]<\/p>\n<p>Utilizziamo la pi\u00f9 recente tecnologia di elaborazione dei pagamenti, che ti permette di effettuare il checkout tramite Apple Pay, Google Pay, la tua carta di debito\/credito, PayPal o metodi BNPL come Klarna, Affirm o AfterPay per un&#8217;esperienza veloce e sicura.[\/cg_accordion]\n[cg_accordion title=\"GARANZIA\"]<\/p>\n<p>1 anno di garanzia da parte di <a href=\"https:\/\/droix.net\/\" target=\"_blank\" rel=\"nofollow noopener\">DROIX Global<\/a> per la tua tranquillit\u00e0[\/cg_accordion]\n[cg_accordion title=\"GARANZIA DI QUALIT\u00c0 E TEST PRE-SPEDIZIONE\"]<\/p>\n<p>Garantire la soddisfazione del cliente ai massimi livelli: Ogni dispositivo viene sottoposto a test rigorosi e a un controllo di qualit\u00e0 in pi\u00f9 punti prima di essere spedito. Il nostro team dedicato verifica le prestazioni, la funzionalit\u00e0 e l&#8217;integrit\u00e0 dei componenti per garantire che il tuo dispositivo AYANEO sia perfettamente funzionante al momento dell&#8217;arrivo, offrendoti fiducia e tranquillit\u00e0. [\/cg_accordion]\n[cg_accordion title=\"PREZZI, TASSE E SPEDIZIONE\"]<\/p>\n<p><strong><u>Nota:<\/u><\/strong><\/p>\n<ul>\n<li>Clienti degli Stati Uniti: Il prezzo esposto non include tasse e dazi. La responsabilit\u00e0 dello sdoganamento e del pagamento di eventuali tasse e dazi \u00e8 a carico del cliente. <\/li>\n<li>Clienti UE: Il prezzo indicato \u00e8 comprensivo dell&#8217;imposta applicabile, che pu\u00f2 arrivare al 25% a seconda del paese.<\/li>\n<li>Clienti del Canada: Il prezzo indicato \u00e8 comprensivo delle imposte applicabili, che possono includere il 5% di GST e ulteriori imposte provinciali sulle vendite (PST), l&#8217;imposta sulle vendite armonizzata (HST) o l&#8217;imposta sulle vendite del Quebec (QST), a seconda della tua provincia.<\/li>\n<\/ul>\n<p><strong>Solo per i clienti dell&#8217;UE:<\/strong> Express DDP (Delivered Duty Paid). Ci\u00f2 significa che: <\/p>\n<ul>\n<li>Tutti i dazi doganali e le tasse sono inclusi nel prezzo indicato nella pagina del prodotto.<\/li>\n<li>Non dovrai pagare alcun costo aggiuntivo alla consegna.<\/li>\n<li>Nel raro caso di problemi doganali, il nostro team si occuper\u00e0 del processo di sdoganamento per conto tuo per garantire una consegna senza problemi.<\/li>\n<p>Informazioni importanti sulla restituzione:<\/p>\n<li>Se decidi di restituire l&#8217;ordine o di richiedere un rimborso, tieni presente che le tasse e i dazi pagati a tuo nome secondo i termini del DDP non possono essere rimborsati.<\/li>\n<p>Per informazioni dettagliate, consulta i nostri <a href=\"https:\/\/ayaneo.co\/terms-of-service-2\/\" target=\"_blank\" rel=\"nofollow noopener\">Termini e Condizioni<\/a>.\n<\/ul>\n<p>[\/cg_accordion]\n[cg_accordion title=\"ASSISTENZA CLIENTI\"]<\/p>\n<p>Hai una domanda? Basta un breve messaggio per risolvere il tuo problema! [\/cg_accordion]\n[cg_accordion title=\"IL PACCHETTO INCLUDE\"]<\/p>\n<ul>\n<li>1x AYANEO AG01 Starship Graphics Dock<\/li>\n<li>1 cavo USB Tipo-C<\/li>\n<li>1x Manuale d&#8217;uso<\/li>\n<\/ul>\n<p>[\/cg_accordion]\n","protected":false},"featured_media":14450,"template":"","meta":{"_acf_changed":false},"product_brand":[],"product_cat":[381],"product_tag":[],"class_list":{"0":"post-14695","1":"product","2":"type-product","3":"status-publish","4":"has-post-thumbnail","6":"product_cat-accessori","7":"product_shipping_class-premium","8":"pa_brand-ayaneo","9":"pa_graphics-gpu-model-radeon-rx-7600m-xt","11":"first","12":"outofstock","13":"sale","14":"taxable","15":"shipping-taxable","16":"purchasable","17":"product-type-variable","18":"has-default-attributes"},"acf":[],"_links":{"self":[{"href":"https:\/\/ayaneo.co\/it\/wp-json\/wp\/v2\/product\/14695","targetHints":{"allow":["GET"]}}],"collection":[{"href":"https:\/\/ayaneo.co\/it\/wp-json\/wp\/v2\/product"}],"about":[{"href":"https:\/\/ayaneo.co\/it\/wp-json\/wp\/v2\/types\/product"}],"wp:featuredmedia":[{"embeddable":true,"href":"https:\/\/ayaneo.co\/it\/wp-json\/wp\/v2\/media\/14450"}],"wp:attachment":[{"href":"https:\/\/ayaneo.co\/it\/wp-json\/wp\/v2\/media?parent=14695"}],"wp:term":[{"taxonomy":"product_brand","embeddable":true,"href":"https:\/\/ayaneo.co\/it\/wp-json\/wp\/v2\/product_brand?post=14695"},{"taxonomy":"product_cat","embeddable":true,"href":"https:\/\/ayaneo.co\/it\/wp-json\/wp\/v2\/product_cat?post=14695"},{"taxonomy":"product_tag","embeddable":true,"href":"https:\/\/ayaneo.co\/it\/wp-json\/wp\/v2\/product_tag?post=14695"}],"curies":[{"name":"wp","href":"https:\/\/api.w.org\/{rel}","templated":true}]}}