{"id":2727,"date":"2023-03-11T10:02:36","date_gmt":"2023-03-11T10:02:36","guid":{"rendered":"https:\/\/ayaneo.co\/product\/ayaneo-2-gioco-portatile-per-pc\/"},"modified":"2025-04-11T12:25:20","modified_gmt":"2025-04-11T12:25:20","slug":"ayaneo-2-gioco-portatile-per-pc","status":"publish","type":"product","link":"https:\/\/ayaneo.co\/it\/product\/ayaneo-2-gioco-portatile-per-pc\/","title":{"rendered":"AYANEO 2 PC Gaming Handheld"},"content":{"rendered":"\n<p>Sei alla ricerca di una console portatile e potente per il gioco su PC? Non guardare oltre AYANEO 2! Con la sua velocissima tecnologia AMD Ryzen 7, questo portatile porta il gioco da tavolo a un livello completamente nuovo.  <\/p>\n\n<p>AYANEO 2 vanta il pi\u00f9 recente AMD Ryzen 7 6800U con 8 core e 16 thread che funzionano fino a 4,7GHz e una potenza massima consigliata di 28W TDP. Dispone inoltre di una GPU AMD Radeon 680M ad alte prestazioni con 12 core a 2200 Mhz. Con fino a 32GB di RAM LPDDR5-6400 MT\/S e fino a 2TB PCIe 4.0 m.2 2280 SSD, AYANEO 2 offre prestazioni di gioco eccellenti, anche con i giochi pi\u00f9 recenti!   <\/p>\n\n<p>Il display touchscreen da 7&#8243; di AYANEO 2 \u00e8 semplicemente straordinario, con colori chiari e vibranti che ti fanno entrare nel vivo del gioco. Inoltre, grazie al suo design elegante con un&#8217;unica lastra di vetro che ricopre la parte frontale, questa console portatile per videogiochi per PC ha un aspetto e una sensazione di alto livello. <\/p>\n\n<p>Ma non si tratta solo di estetica: AYANEO 2 \u00e8 anche dotata di controlli moderni con sensori a effetto hall sui doppi stick analogici e sui pulsanti di attivazione. I doppi stick analogici sono dotati anche di una discreta illuminazione RGB che pu\u00f2 essere personalizzata con il software AYA SPACE incluso. <\/p>\n\n<p>Anche la connettivit\u00e0 \u00e8 al top su AYANEO 2, con WiFi 6 per un trasferimento dati wireless veloce e affidabile e Bluetooth 5.2 per connettersi alle periferiche wireless pi\u00f9 recenti, come le cuffie. Inoltre, grazie alla batteria da 50,25Wh, potrai goderti ore e ore di gioco con questo PC portatile. <\/p>\n\n<p>Ma ci\u00f2 che distingue davvero il AYANEO 2 sono le sue prestazioni di gioco. \u00c8 in grado di eseguire gli ultimi giochi AAA per Windows a risoluzioni confortevoli fino a 1200P e, a seconda del gioco, anche fino alle impostazioni grafiche pi\u00f9 elevate. E non solo per i giochi moderni: AYANEO 2 \u00e8 eccellente anche per i giochi retr\u00f2, in quanto \u00e8 in grado di riprodurre le console di sesta generazione a una risoluzione inferiore TDP per risparmiare la batteria. Inoltre, \u00e8 in grado di far funzionare alla massima velocit\u00e0 i sistemi e i giochi compatibili di settima e ottava generazione!   <\/p>\n\n<p>Se stai cercando una console portatile per il gioco su PC con potenza e stile, AYANEO 2 \u00e8 sicuramente da prendere in considerazione.<\/p>\n","protected":false},"excerpt":{"rendered":"<ul>\n<li>AMD<strong> Ryzen 7 6800U<\/strong> \/ Radeon 680M<\/li>\n<li><strong>fino a 32GB<\/strong> LPDDR5 @ <strong>6400 MT\/s<\/strong><\/li>\n<li><strong>fino a 2 TB<\/strong> High-Speed PCIe 4.0 m.2 2280 SSD <\/li>\n<li>Display touchscreen <strong>da 7<\/strong> \" <strong> LCD<\/strong> <\/li>\n<li>Supporto <strong>WiFi 6<\/strong> e <strong>Bluetooth 5.2<\/strong> <\/li>\n<\/ul>\n[cg_accordion title=\"INFO SUL PAGAMENTO\"]<\/p>\n<p>Utilizziamo la pi\u00f9 recente tecnologia di elaborazione dei pagamenti, che ti permette di effettuare il checkout tramite Apple Pay, Google Pay, la tua carta di debito\/credito, PayPal o metodi BNPL come Klarna, Affirm o AfterPay per un&#8217;esperienza veloce e sicura.[\/cg_accordion]\n[cg_accordion title=\"GARANZIA\"]<\/p>\n<p>1 anno di garanzia da parte di <a href=\"https:\/\/droix.net\/\" target=\"_blank\" rel=\"nofollow noopener\">DROIX Global<\/a> per la tua tranquillit\u00e0[\/cg_accordion]\n[cg_accordion title=\"PREZZI, TASSE E SPEDIZIONE\"]<\/p>\n<p><strong><u>Nota:<\/u><\/strong><\/p>\n<ul>\n<li>Clienti degli Stati Uniti: Il prezzo esposto non include tasse e dazi. La responsabilit\u00e0 dello sdoganamento e del pagamento di eventuali tasse e dazi \u00e8 a carico del cliente. <\/li>\n<li>Clienti UE: Il prezzo indicato \u00e8 comprensivo dell&#8217;imposta applicabile, che pu\u00f2 arrivare al 25% a seconda del paese.<\/li>\n<li>Clienti del Canada: Il prezzo indicato \u00e8 comprensivo delle imposte applicabili, che possono includere il 5% di GST e ulteriori imposte provinciali sulle vendite (PST), l&#8217;imposta sulle vendite armonizzata (HST) o l&#8217;imposta sulle vendite del Quebec (QST), a seconda della tua provincia.<\/li>\n<\/ul>\n<p><strong>Solo per i clienti dell&#8217;UE:<\/strong> Express DDP (Delivered Duty Paid). Ci\u00f2 significa che: <\/p>\n<ul>\n<li>Tutti i dazi doganali e le tasse sono inclusi nel prezzo indicato nella pagina del prodotto.<\/li>\n<li>Non dovrai pagare alcun costo aggiuntivo alla consegna.<\/li>\n<li>Nel raro caso di problemi doganali, il nostro team si occuper\u00e0 del processo di sdoganamento per conto tuo per garantire una consegna senza problemi.<\/li>\n<p>Informazioni importanti sulla restituzione:<\/p>\n<li>Se decidi di restituire l&#8217;ordine o di richiedere un rimborso, tieni presente che le tasse e i dazi pagati a tuo nome secondo i termini del DDP non possono essere rimborsati.<\/li>\n<p>Per informazioni dettagliate, consulta i nostri <a href=\"https:\/\/ayaneo.co\/terms-of-service-2\/\" target=\"_blank\" rel=\"nofollow noopener\">Termini e Condizioni<\/a>.\n<\/ul>\n<p>[\/cg_accordion]\n[cg_accordion title=\"ASSISTENZA CLIENTI\"]<\/p>\n<p>Hai una domanda? Basta un breve messaggio per risolvere il tuo problema!<br \/>\n[\/cg_accordion]\n","protected":false},"featured_media":941,"template":"","meta":{"_acf_changed":false},"product_brand":[],"product_cat":[365],"product_tag":[398],"class_list":{"0":"post-2727","1":"product","2":"type-product","3":"status-publish","4":"has-post-thumbnail","6":"product_cat-pc-da-gioco-portatili","7":"product_tag-pc-gaming-handheld-it","8":"product_shipping_class-premium","9":"pa_brand-ayaneo","10":"pa_graphics-gpu-model-radeon-680m","11":"pa_operating-system-windows-11","12":"pa_processor-cpu-brand-amd","14":"first","15":"outofstock","16":"taxable","17":"shipping-taxable","18":"purchasable","19":"product-type-variable"},"acf":[],"_links":{"self":[{"href":"https:\/\/ayaneo.co\/it\/wp-json\/wp\/v2\/product\/2727","targetHints":{"allow":["GET"]}}],"collection":[{"href":"https:\/\/ayaneo.co\/it\/wp-json\/wp\/v2\/product"}],"about":[{"href":"https:\/\/ayaneo.co\/it\/wp-json\/wp\/v2\/types\/product"}],"wp:featuredmedia":[{"embeddable":true,"href":"https:\/\/ayaneo.co\/it\/wp-json\/wp\/v2\/media\/941"}],"wp:attachment":[{"href":"https:\/\/ayaneo.co\/it\/wp-json\/wp\/v2\/media?parent=2727"}],"wp:term":[{"taxonomy":"product_brand","embeddable":true,"href":"https:\/\/ayaneo.co\/it\/wp-json\/wp\/v2\/product_brand?post=2727"},{"taxonomy":"product_cat","embeddable":true,"href":"https:\/\/ayaneo.co\/it\/wp-json\/wp\/v2\/product_cat?post=2727"},{"taxonomy":"product_tag","embeddable":true,"href":"https:\/\/ayaneo.co\/it\/wp-json\/wp\/v2\/product_tag?post=2727"}],"curies":[{"name":"wp","href":"https:\/\/api.w.org\/{rel}","templated":true}]}}