{"id":2749,"date":"2023-03-11T15:19:07","date_gmt":"2023-03-11T15:19:07","guid":{"rendered":"https:\/\/ayaneo.co\/product\/pc-da-gioco-portatile-ayaneo\/"},"modified":"2025-04-11T12:25:39","modified_gmt":"2025-04-11T12:25:39","slug":"pc-da-gioco-portatile-ayaneo","status":"publish","type":"product","link":"https:\/\/ayaneo.co\/it\/product\/pc-da-gioco-portatile-ayaneo\/","title":{"rendered":"AYANEO PC da gioco portatile"},"content":{"rendered":"\n<div style=\"background-color: black; color: white;\"><p style=\"text-align: center;\"><img decoding=\"async\" class=\"\" style=\"margin-left: 3%;\" src=\"https:\/\/static.wixstatic.com\/media\/aac863_6656635baa574ee3bb8d41cedbc857a8~mv2.gif\" data-src=\"https:\/\/static.wixstatic.com\/media\/aac863_6656635baa574ee3bb8d41cedbc857a8~mv2.gif\"\/> <img decoding=\"async\" class=\"\" src=\"https:\/\/c1.iggcdn.com\/indiegogo-media-prod-cld\/image\/upload\/c_limit,w_695\/v1615019935\/njqfwmc4qkhhqzgiq1ni.png\" data-src=\"https:\/\/c1.iggcdn.com\/indiegogo-media-prod-cld\/image\/upload\/c_limit,w_695\/v1615019935\/njqfwmc4qkhhqzgiq1ni.png\"\/><\/p><div style=\"text-align: center;\"><\/div><p style=\"text-align: center;\">AYANEO \u00e8 un rivoluzionario PC portatile da gioco che incorpora l&#8217;APU AMD Ryzen a 7 nm, offrendo prestazioni di gioco senza precedenti in un formato compatto. Non solo offre capacit\u00e0 di gioco di livello AAA, ma \u00e8 anche un PC Windows altamente adattabile e flessibile, grazie alle sue impressionanti caratteristiche descritte di seguito. <\/p><p style=\"text-align: center;\"><img decoding=\"async\" class=\"\" src=\"https:\/\/c1.iggcdn.com\/indiegogo-media-prod-cld\/image\/upload\/c_limit,w_695\/v1615019962\/rn6jcqjs1po8f5gmtyqf.png\" data-src=\"https:\/\/c1.iggcdn.com\/indiegogo-media-prod-cld\/image\/upload\/c_limit,w_695\/v1615019962\/rn6jcqjs1po8f5gmtyqf.png\"\/>  Grazie all&#8217;avanzato processore Ryzen 5 4500U, con un design a sei core e una frequenza turbo massima di 4,0 Ghz, AYANEO \u00e8 un vero e proprio concentrato di potenza che gestisce senza problemi i giochi pi\u00f9 impegnativi. Con il 50% di core in pi\u00f9 rispetto alle generazioni precedenti e alla concorrenza, il design hexa-core offre eccezionali prestazioni multi-tasking. <\/p><p style=\"text-align: center;\"><img decoding=\"async\" class=\"\" src=\"https:\/\/c1.iggcdn.com\/indiegogo-media-prod-cld\/image\/upload\/c_limit,w_695\/v1615019979\/r9mmjkop1uvc6rhi6e0s.png\" data-src=\"https:\/\/c1.iggcdn.com\/indiegogo-media-prod-cld\/image\/upload\/c_limit,w_695\/v1615019979\/r9mmjkop1uvc6rhi6e0s.png\"\/><\/p><p style=\"text-align: center;\">Il laptop Ryzen \u00e8 dotato di una potente grafica AMD Radeon che rende il gioco dei titoli AAA un gioco da ragazzi. I dettagli delle immagini migliorati e il gameplay pi\u00f9 fluido offrono un&#8217;esperienza di gioco coinvolgente e superiore. Inoltre, i driver grafici Radeon vantano un&#8217;eccellente compatibilit\u00e0 con i giochi pi\u00f9 recenti, rendendo possibile l&#8217;esecuzione di titoli impegnativi come Cyberpunk 2077 ad oltre 30 FPS con impostazioni inferiori. Inoltre, i driver grafici Radeon offrono fantastiche funzionalit\u00e0 come Radeon Boost, Radeon Image Sharpening e Radeon Anti-Lag. In particolare, il Radeon Image Sharpening da solo pu\u00f2 aumentare gli FPS di 5-10 nei titoli AAA con un sacrificio minimo della qualit\u00e0 dell&#8217;immagine.    <img decoding=\"async\" class=\"\" src=\"https:\/\/c1.iggcdn.com\/indiegogo-media-prod-cld\/image\/upload\/c_limit,w_695\/v1614936310\/sx0rqht7zj0sxihvxhub.png\" data-src=\"https:\/\/c1.iggcdn.com\/indiegogo-media-prod-cld\/image\/upload\/c_limit,w_695\/v1614936310\/sx0rqht7zj0sxihvxhub.png\"\/> AYANEO \u00e8 dotato di 16 GB di RAM LPDDR4x 4266 e pu\u00f2 supportare fino a 1 TB NVME SSD. Questo non solo garantisce un&#8217;esperienza di gioco fluida e senza interruzioni, ma riduce anche in modo significativo i tempi di caricamento. Mentre gli altri aspettano il caricamento dei giochi, tu puoi tuffarti direttamente nell&#8217;azione.  <\/p><p style=\"text-align: center;\"><img decoding=\"async\" class=\"\" src=\"https:\/\/c1.iggcdn.com\/indiegogo-media-prod-cld\/image\/upload\/c_limit,w_695\/v1614936351\/fiymw14evbgdyzf9sqgs.png\" data-src=\"https:\/\/c1.iggcdn.com\/indiegogo-media-prod-cld\/image\/upload\/c_limit,w_695\/v1614936351\/fiymw14evbgdyzf9sqgs.png\"\/><\/p><p style=\"text-align: center;\">Il controller di gioco di AYANEO vanta numerose caratteristiche ergonomiche che migliorano il gioco, tra cui joystick cliccabili con zone morte ottimizzate per un funzionamento pi\u00f9 fluido. Il posizionamento dei joystick e del D-pad \u00e8 stato ottimizzato per ridurre al minimo la curva di apprendimento degli utenti. Inoltre, lo chassis del dispositivo \u00e8 stato progettato con lati pi\u00f9 larghi, per garantire una presa pi\u00f9 salda e migliori prestazioni di gioco.  <\/p><p style=\"text-align: center;\"><img decoding=\"async\" class=\"\" src=\"https:\/\/static.wixstatic.com\/media\/aac863_43ed0b20a12b4752aef923e0e2adfe9e~mv2.gif\" data-src=\"https:\/\/static.wixstatic.com\/media\/aac863_43ed0b20a12b4752aef923e0e2adfe9e~mv2.gif\"\/><\/p><p style=\"text-align: center;\">I pulsanti a spalla di AYANEO sono dotati di microinterruttori APLPS, che offrono una corsa pi\u00f9 breve e un feedback pi\u00f9 chiaro. Inoltre, i joystick di AYA NEO sono dotati di pulsanti dedicati al Task Manager di Windows e alla tastiera su schermo, per un&#8217;esperienza Windows senza soluzione di continuit\u00e0. Questi pulsanti sono stati progettati per essere a filo con la superficie del joystick, riducendo le attivazioni involontarie.  <\/p><p style=\"text-align: center;\"><img decoding=\"async\" class=\"\" src=\"https:\/\/c1.iggcdn.com\/indiegogo-media-prod-cld\/image\/upload\/c_limit,w_695\/v1615001195\/nzloks9padhf7p2zhwav.png\" data-src=\"https:\/\/c1.iggcdn.com\/indiegogo-media-prod-cld\/image\/upload\/c_limit,w_695\/v1615001195\/nzloks9padhf7p2zhwav.png\"\/><\/p><p style=\"text-align: center;\">La batteria al litio integrata in AYANEO \u00e8 composta da 3 celle, ciascuna con una capacit\u00e0 di 4100 mAh, fornite da BYD Auto e conformi a tutti gli standard internazionali del settore. Grazie alla capacit\u00e0 di 47 Wattora e al basso consumo energetico, AYANEO vanta un&#8217;eccellente durata della batteria, che pu\u00f2 durare fino a 5-6 ore con le impostazioni pi\u00f9 basse di TDP e fino a 140 minuti durante i giochi AAA pi\u00f9 impegnativi. Inoltre, AYANEO supporta la ricarica rapida: per una ricarica completa bastano 90 minuti.  <\/p><p style=\"text-align: center;\"><img decoding=\"async\" class=\"\" src=\"https:\/\/c1.iggcdn.com\/indiegogo-media-prod-cld\/image\/upload\/c_limit,w_695\/v1615020381\/lhrkmd6a0fwvkzcqdrhr.png\" data-src=\"https:\/\/c1.iggcdn.com\/indiegogo-media-prod-cld\/image\/upload\/c_limit,w_695\/v1615020381\/lhrkmd6a0fwvkzcqdrhr.png\"\/>  Il AYANEO \u00e8 dotato di uno schermo multitouch da 7 pollici con un pannello H-IPS da 800p 215 PPI, che copre il 76% dello spazio colore NTSC e vanta una luminosit\u00e0 di picco di 500 nit. Inoltre, lo schermo \u00e8 privo di sfarfallio e garantisce immagini di gioco eccellenti in ogni singolo fotogramma. <\/p><p style=\"text-align: center;\"><img decoding=\"async\" class=\"\" src=\"https:\/\/c1.iggcdn.com\/indiegogo-media-prod-cld\/image\/upload\/c_limit,w_695\/v1615020027\/knbtdy0fr89jdpecpbfa.png\" data-src=\"https:\/\/c1.iggcdn.com\/indiegogo-media-prod-cld\/image\/upload\/c_limit,w_695\/v1615020027\/knbtdy0fr89jdpecpbfa.png\"\/><\/p><p style=\"text-align: center;\">AYANEO \u00e8 dotato di un giroscopio\/accelerometro a 6 assi integrato che fornisce assistenza per la mira ad alta precisione e altre fantastiche funzioni. Inoltre, il dispositivo \u00e8 dotato di motori rumble integrati che forniscono un feedback su collisioni, vibrazioni, combattimenti e altre scene, rendendo l&#8217;esperienza di gioco pi\u00f9 coinvolgente. <\/p><p style=\"text-align: center;\"><img decoding=\"async\" class=\"\" src=\"https:\/\/c1.iggcdn.com\/indiegogo-media-prod-cld\/image\/upload\/c_limit,w_695\/v1615020046\/ghondj0xjfgyldiartzt.png\" data-src=\"https:\/\/c1.iggcdn.com\/indiegogo-media-prod-cld\/image\/upload\/c_limit,w_695\/v1615020046\/ghondj0xjfgyldiartzt.png\"\/><\/p><p style=\"text-align: center;\">La potenza di AYANEOpermette di far girare titoli AAA come Cyberpunk 2077, Watch Dogs: Legion, Death Stranding, Assassin&#8217;s Creed Valhalla, Destiny 2, Horizon Zero Dawn e altri ancora con un buon frame rate. Inoltre, il dispositivo ti permette di eseguire la versione PC dei giochi, che pu\u00f2 essere molto pi\u00f9 economica della versione per console. <\/p><p style=\"text-align: center;\"><img decoding=\"async\" class=\"\" src=\"https:\/\/c1.iggcdn.com\/indiegogo-media-prod-cld\/image\/upload\/c_limit,w_695\/v1614936733\/obwoov4gy7o7n23zq8wl.png\" data-src=\"https:\/\/c1.iggcdn.com\/indiegogo-media-prod-cld\/image\/upload\/c_limit,w_695\/v1614936733\/obwoov4gy7o7n23zq8wl.png\"\/><\/p><p style=\"text-align: center;\"><img decoding=\"async\" class=\"\" src=\"https:\/\/c1.iggcdn.com\/indiegogo-media-prod-cld\/image\/upload\/c_limit,w_695\/v1615020358\/d8cym34zq3rhnbia3b9i.png\" data-src=\"https:\/\/c1.iggcdn.com\/indiegogo-media-prod-cld\/image\/upload\/c_limit,w_695\/v1615020358\/d8cym34zq3rhnbia3b9i.png\"\/><\/p><p style=\"text-align: center;\">Grazie alla sua potenza e all&#8217;ottima connettivit\u00e0, AYANEO \u00e8 in grado di eseguire sia titoli AAA per giocatore singolo che giochi multiplayer online senza problemi.<\/p><p style=\"text-align: center;\"><img decoding=\"async\" class=\"\" src=\"https:\/\/c1.iggcdn.com\/indiegogo-media-prod-cld\/image\/upload\/c_limit,w_695\/v1614936771\/nz1hzj2hgoyghq1adk1h.png\" data-src=\"https:\/\/c1.iggcdn.com\/indiegogo-media-prod-cld\/image\/upload\/c_limit,w_695\/v1614936771\/nz1hzj2hgoyghq1adk1h.png\"\/>  Il AYANEO \u00e8 dotato del modulo wireless Intel AX200, che supporta Wi-Fi 6 e Bluetooth 5.0. Il Wi-Fi 6 offre una velocit\u00e0 fino a 2,7 volte superiore e una latenza del 25% inferiore rispetto alla generazione precedente. Che si tratti di giochi, streaming di video online, live streaming o accesso remoto, il Wi-Fi 6 di AYANEOgestisce tutto alla perfezione.  <\/p><p style=\"text-align: center;\"><img decoding=\"async\" class=\"\" src=\"https:\/\/c1.iggcdn.com\/indiegogo-media-prod-cld\/image\/upload\/c_limit,w_695\/v1614936793\/znofdbppssvahjptax4d.png\" data-src=\"https:\/\/c1.iggcdn.com\/indiegogo-media-prod-cld\/image\/upload\/c_limit,w_695\/v1614936793\/znofdbppssvahjptax4d.png\"\/>  AYANEO dispone di 3 porte USB 3.2 Gen 2 Type-C 10Gbps, di cui 2 con uscita video e capacit\u00e0 di ricarica, oltre a un jack per cuffie da 3,5 mm. Inoltre, la docking station portatile offre altre opzioni di connettivit\u00e0, tra cui 2 porte USB 3.2 Gen 1 Type-A, 1 porta HDMI, 1 slot per schede SD, 1 slot per schede TF e 1 porta RJ45. Questa docking station ultraportatile pu\u00f2 essere inserita nella custodia insieme al dispositivo e funge anche da stazione di ricarica. Grazie alla possibilit\u00e0 di collegare fino a 2 monitor esterni e una tastiera\/mouse esterni, AYANEO offre un&#8217;esperienza simile a quella di un desktop per l&#8217;intrattenimento e la produttivit\u00e0.   <\/p><p style=\"text-align: center;\"><img decoding=\"async\" class=\"\" src=\"https:\/\/c1.iggcdn.com\/indiegogo-media-prod-cld\/image\/upload\/c_limit,w_695\/v1614936808\/rfczhcxftjpotxtukccj.png\" data-src=\"https:\/\/c1.iggcdn.com\/indiegogo-media-prod-cld\/image\/upload\/c_limit,w_695\/v1614936808\/rfczhcxftjpotxtukccj.png\"\/><\/p><\/div>\n","protected":false},"excerpt":{"rendered":"[cg_accordion title=\"At a Glance\" open=\"open\"]<\/p>\n<ul>\n<li>AMD\u00ae<b> Ryzen\u2122 5 4500U<\/b> con <b>grafica AMD Radeon<\/b><\/li>\n<li><strong>16GB<\/strong> LPDDR4x <strong>a doppio canale a<\/strong> 4266Mhz<\/li>\n<li><strong>1 TB<\/strong> PCI-E <strong>NVMe<\/strong> ad alta velocit\u00e0 <strong> SSD<\/strong><\/li>\n<li>Display touchscreen <strong>da 7&#8243; H-IPS<\/strong> <\/li>\n<li>Supporto <strong>WiFi 6E<\/strong> e <strong>Bluetooth 5.1<\/strong> <\/li>\n<\/ul>\n<p>[\/cg_accordion]\n[cg_accordion title=\"INFO SUL PAGAMENTO\"]<\/p>\n<p>Utilizziamo la pi\u00f9 recente tecnologia di elaborazione dei pagamenti, che ti permette di effettuare il checkout tramite Apple Pay, Google Pay, la tua carta di debito\/credito, PayPal o metodi BNPL come Klarna, Affirm o AfterPay per un&#8217;esperienza veloce e sicura.[\/cg_accordion]\n[cg_accordion title=\"GARANZIA\"]<\/p>\n<p>1 anno di garanzia da parte di <a href=\"https:\/\/droix.net\/\" target=\"_blank\" rel=\"nofollow noopener\">DROIX Global<\/a> per la tua tranquillit\u00e0[\/cg_accordion]\n[cg_accordion title=\"PREZZI, TASSE E SPEDIZIONE\"]<\/p>\n<p><strong><u>Nota:<\/u><\/strong><\/p>\n<ul>\n<li>Clienti degli Stati Uniti: Il prezzo esposto non include tasse e dazi. La responsabilit\u00e0 dello sdoganamento e del pagamento di eventuali tasse e dazi \u00e8 a carico del cliente. <\/li>\n<li>Clienti UE: Il prezzo indicato \u00e8 comprensivo dell&#8217;imposta applicabile, che pu\u00f2 arrivare al 25% a seconda del paese.<\/li>\n<li>Clienti del Canada: Il prezzo indicato \u00e8 comprensivo delle imposte applicabili, che possono includere il 5% di GST e ulteriori imposte provinciali sulle vendite (PST), l&#8217;imposta sulle vendite armonizzata (HST) o l&#8217;imposta sulle vendite del Quebec (QST), a seconda della tua provincia.<\/li>\n<\/ul>\n<p><strong>Solo per i clienti dell&#8217;UE:<\/strong> Express DDP (Delivered Duty Paid). Ci\u00f2 significa che: <\/p>\n<ul>\n<li>Tutti i dazi doganali e le tasse sono inclusi nel prezzo indicato nella pagina del prodotto.<\/li>\n<li>Non dovrai pagare alcun costo aggiuntivo alla consegna.<\/li>\n<li>Nel raro caso di problemi doganali, il nostro team si occuper\u00e0 del processo di sdoganamento per conto tuo per garantire una consegna senza problemi.<\/li>\n<p>Informazioni importanti sulla restituzione:<\/p>\n<li>Se decidi di restituire l&#8217;ordine o di richiedere un rimborso, tieni presente che le tasse e i dazi pagati a tuo nome secondo i termini del DDP non possono essere rimborsati.<\/li>\n<p>Per informazioni dettagliate, consulta i nostri <a href=\"https:\/\/ayaneo.co\/terms-of-service-2\/\" target=\"_blank\" rel=\"nofollow noopener\">Termini e Condizioni<\/a>.\n<\/ul>\n<p>[\/cg_accordion]\n[cg_accordion title=\"ASSISTENZA CLIENTI\"]<\/p>\n<p>Hai una domanda? Basta un breve messaggio per risolvere il tuo problema!<br \/>\n[\/cg_accordion]\n","protected":false},"featured_media":1026,"template":"","meta":{"_acf_changed":false},"product_brand":[],"product_cat":[365],"product_tag":[398],"class_list":{"0":"post-2749","1":"product","2":"type-product","3":"status-publish","4":"has-post-thumbnail","6":"product_cat-pc-da-gioco-portatili","7":"product_tag-pc-gaming-handheld-it","8":"product_shipping_class-premium","9":"pa_brand-ayaneo","10":"pa_graphics-gpu-model-radeon-graphics","11":"pa_operating-system-windows-10","12":"pa_processor-cpu-brand-amd","14":"first","15":"outofstock","16":"taxable","17":"shipping-taxable","18":"purchasable","19":"product-type-simple"},"acf":[],"_links":{"self":[{"href":"https:\/\/ayaneo.co\/it\/wp-json\/wp\/v2\/product\/2749","targetHints":{"allow":["GET"]}}],"collection":[{"href":"https:\/\/ayaneo.co\/it\/wp-json\/wp\/v2\/product"}],"about":[{"href":"https:\/\/ayaneo.co\/it\/wp-json\/wp\/v2\/types\/product"}],"wp:featuredmedia":[{"embeddable":true,"href":"https:\/\/ayaneo.co\/it\/wp-json\/wp\/v2\/media\/1026"}],"wp:attachment":[{"href":"https:\/\/ayaneo.co\/it\/wp-json\/wp\/v2\/media?parent=2749"}],"wp:term":[{"taxonomy":"product_brand","embeddable":true,"href":"https:\/\/ayaneo.co\/it\/wp-json\/wp\/v2\/product_brand?post=2749"},{"taxonomy":"product_cat","embeddable":true,"href":"https:\/\/ayaneo.co\/it\/wp-json\/wp\/v2\/product_cat?post=2749"},{"taxonomy":"product_tag","embeddable":true,"href":"https:\/\/ayaneo.co\/it\/wp-json\/wp\/v2\/product_tag?post=2749"}],"curies":[{"name":"wp","href":"https:\/\/api.w.org\/{rel}","templated":true}]}}