{"id":30053,"date":"2025-08-06T10:57:49","date_gmt":"2025-08-06T10:57:49","guid":{"rendered":"https:\/\/ayaneo.co\/?post_type=product&#038;p=30053"},"modified":"2026-01-06T00:26:16","modified_gmt":"2026-01-06T00:26:16","slug":"ayaneo-3-pocket-evo-thumb-stick-grip-caps-precisione-e-comfort-per-ogni-movimento-copy","status":"publish","type":"product","link":"https:\/\/ayaneo.co\/it\/product\/ayaneo-3-pocket-evo-thumb-stick-grip-caps-precisione-e-comfort-per-ogni-movimento-copy\/","title":{"rendered":"Impugnature AYANEO Pocket ACE"},"content":{"rendered":"\n<h2 class=\"wp-block-heading\">Panoramica del prodotto:<\/h2>\n\n<p>Le <strong>impugnature AYANEO Pocket ACE<\/strong> sono state progettate per offrire un maggiore comfort e controllo durante le tue sessioni di gioco. Queste impugnature ergonomiche si attaccano perfettamente al tuo <strong>AYANEO Pocket ACE<\/strong>, offrendo una presa sicura e confortevole, riducendo l&#8217;affaticamento e garantendo un controllo preciso durante le partite pi\u00f9 lunghe. <\/p>\n\n<ol class=\"wp-block-list\">\n<li><strong>Design ergonomico<\/strong> per il massimo comfort durante il gioco.<\/li>\n\n\n\n<li><strong>Si adatta perfettamente<\/strong> all&#8217;<strong>AYANEO Pocket ACE<\/strong>.<\/li>\n\n\n\n<li>Materiale resistente per un <strong>uso duraturo<\/strong>.<\/li>\n\n\n\n<li>Facile da montare e smontare per una <strong>rapida configurazione<\/strong>.<\/li>\n\n\n\n<li>Impugnatura migliorata per un <strong>controllo e una precisione migliori<\/strong>.<\/li>\n<\/ol>\n\n<hr class=\"wp-block-separator has-alpha-channel-opacity\"\/>\n\n<h2 class=\"wp-block-heading\">Perch\u00e9 scegliere <strong>AYANEO Pocket ACE<\/strong>?<\/h2>\n\n<p>Che tu stia combattendo in intense partite multigiocatore o godendoti lunghe campagne per giocatore singolo, le <strong>AYANEO Pocket ACE<\/strong> offrono un&#8217;esperienza di gioco pi\u00f9 coinvolgente e confortevole. Il design ergonomico e la vestibilit\u00e0 sicura ti permettono di giocare per ore senza fastidi o scivolamenti. <\/p>\n\n<hr class=\"wp-block-separator has-alpha-channel-opacity\"\/>\n\n<h2 class=\"wp-block-heading\">Specifiche:<\/h2>\n\n<ul class=\"wp-block-list\">\n<li><strong>Materiale:<\/strong> Plastica resistente con superficie strutturata ergonomica<\/li>\n\n\n\n<li><strong>Compatibilit\u00e0:<\/strong> <strong>AYANEO Pocket ACE<\/strong><\/li>\n\n\n\n<li><strong>Caratteristiche:<\/strong> Leggero, resistente e facile da fissare<\/li>\n<\/ul>\n\n<p>Aggiorna il tuo <strong>AYANEO Pocket ACE<\/strong> con queste impugnature per un&#8217;esperienza di gioco comoda e precisa, perch\u00e9 ogni mossa \u00e8 importante!<\/p>\n\n<p><\/p>\n","protected":false},"excerpt":{"rendered":"<ul>\n<li><strong>Design ergonomico<\/strong> per il massimo comfort durante il gioco.<\/li>\n<li><strong>Si adatta perfettamente<\/strong> all&#8217;AYANEO Pocket ACE.<\/li>\n<li>Materiale resistente per un <strong>uso duraturo<\/strong>.<\/li>\n<li>Facile da montare e smontare per una <strong>rapida configurazione<\/strong>.<\/li>\n<li>Impugnatura migliorata per un <strong>controllo e una precisione migliori<\/strong>.<\/li>\n<\/ul>\n[cg_accordion title=\"INFO SUL PAGAMENTO\"]<\/p>\n<p>Utilizziamo la pi\u00f9 recente tecnologia di elaborazione dei pagamenti, che ti permette di effettuare il checkout tramite Apple Pay, Google Pay, la tua carta di debito\/credito, PayPal o metodi BNPL come Klarna, Affirm o AfterPay per un&#8217;esperienza veloce e sicura.[\/cg_accordion]\n[cg_accordion title=\"GARANZIA\"]<\/p>\n<p>1 anno di garanzia da parte di <a href=\"https:\/\/droix.net\/\" target=\"_blank\" rel=\"nofollow noopener\">DROIX Global<\/a> per la tua tranquillit\u00e0[\/cg_accordion]\n[cg_accordion title=\"GARANZIA DI QUALIT\u00c0 E TEST PRE-SPEDIZIONE\"]<\/p>\n<p>Garantire la soddisfazione del cliente ai massimi livelli: Ogni dispositivo viene sottoposto a test rigorosi e a un controllo di qualit\u00e0 in pi\u00f9 punti prima di essere spedito. Il nostro team dedicato verifica le prestazioni, la funzionalit\u00e0 e l&#8217;integrit\u00e0 dei componenti per garantire che il tuo dispositivo AYANEO sia perfettamente funzionante al momento dell&#8217;arrivo, offrendoti fiducia e tranquillit\u00e0. [\/cg_accordion]\n[cg_accordion title=\"PREZZI, TASSE E SPEDIZIONE\"]<\/p>\n<p><strong><u>Nota:<\/u><\/strong><\/p>\n<ul>\n<li>Clienti degli Stati Uniti: Il prezzo esposto non include tasse e dazi. La responsabilit\u00e0 dello sdoganamento e del pagamento di eventuali tasse e dazi \u00e8 a carico del cliente. <\/li>\n<li>Clienti UE: Il prezzo indicato \u00e8 comprensivo dell&#8217;imposta applicabile, che pu\u00f2 arrivare al 25% a seconda del paese.<\/li>\n<li>Clienti del Canada: Il prezzo indicato \u00e8 comprensivo delle imposte applicabili, che possono includere il 5% di GST e ulteriori imposte provinciali sulle vendite (PST), l&#8217;imposta sulle vendite armonizzata (HST) o l&#8217;imposta sulle vendite del Quebec (QST), a seconda della tua provincia.<\/li>\n<\/ul>\n<p><strong>Solo per i clienti dell&#8217;UE:<\/strong> Express DDP (Delivered Duty Paid). Ci\u00f2 significa che: <\/p>\n<ul>\n<li>Tutti i dazi doganali e le tasse sono inclusi nel prezzo indicato nella pagina del prodotto.<\/li>\n<li>Non dovrai pagare alcun costo aggiuntivo alla consegna.<\/li>\n<li>Nel raro caso di problemi doganali, il nostro team si occuper\u00e0 del processo di sdoganamento per conto tuo per garantire una consegna senza problemi.<\/li>\n<p>Informazioni importanti sulla restituzione:<\/p>\n<li>Se decidi di restituire l&#8217;ordine o di richiedere un rimborso, tieni presente che le tasse e i dazi pagati a tuo nome secondo i termini del DDP non possono essere rimborsati.<\/li>\n<p>Per informazioni dettagliate, consulta i nostri <a href=\"https:\/\/ayaneo.co\/it\/termini-di-servizio\/\" target=\"_blank\" rel=\"nofollow noopener\">Termini e Condizioni<\/a>.\n<\/ul>\n<p>[\/cg_accordion]\n[cg_accordion title=\"ASSISTENZA CLIENTI\"]<\/p>\n<p>Hai una domanda? Basta un breve messaggio per risolvere il tuo problema! [\/cg_accordion]\n[cg_accordion title=\"IL PACCHETTO INCLUDE\"]<\/p>\n<ul>\n<li>1x AYANEO Pocket ACE Grips<\/li>\n<\/ul>\n<p>[\/cg_accordion]\n","protected":false},"featured_media":30084,"template":"","meta":{"_acf_changed":false},"product_brand":[],"product_cat":[381],"product_tag":[],"class_list":{"0":"post-30053","1":"product","2":"type-product","3":"status-publish","4":"has-post-thumbnail","6":"product_cat-accessori","7":"product_shipping_class-low-end","9":"first","10":"outofstock","11":"sale","12":"taxable","13":"shipping-taxable","14":"purchasable","15":"product-type-simple"},"acf":[],"_links":{"self":[{"href":"https:\/\/ayaneo.co\/it\/wp-json\/wp\/v2\/product\/30053","targetHints":{"allow":["GET"]}}],"collection":[{"href":"https:\/\/ayaneo.co\/it\/wp-json\/wp\/v2\/product"}],"about":[{"href":"https:\/\/ayaneo.co\/it\/wp-json\/wp\/v2\/types\/product"}],"wp:featuredmedia":[{"embeddable":true,"href":"https:\/\/ayaneo.co\/it\/wp-json\/wp\/v2\/media\/30084"}],"wp:attachment":[{"href":"https:\/\/ayaneo.co\/it\/wp-json\/wp\/v2\/media?parent=30053"}],"wp:term":[{"taxonomy":"product_brand","embeddable":true,"href":"https:\/\/ayaneo.co\/it\/wp-json\/wp\/v2\/product_brand?post=30053"},{"taxonomy":"product_cat","embeddable":true,"href":"https:\/\/ayaneo.co\/it\/wp-json\/wp\/v2\/product_cat?post=30053"},{"taxonomy":"product_tag","embeddable":true,"href":"https:\/\/ayaneo.co\/it\/wp-json\/wp\/v2\/product_tag?post=30053"}],"curies":[{"name":"wp","href":"https:\/\/api.w.org\/{rel}","templated":true}]}}