{"id":3490,"date":"2024-10-28T15:23:02","date_gmt":"2024-10-28T15:23:02","guid":{"rendered":"https:\/\/ayaneo.co\/?post_type=product&#038;p=3490"},"modified":"2025-04-11T12:11:30","modified_gmt":"2025-04-11T12:11:30","slug":"ayaneo-2-gioco-portatile-per-pc-copy","status":"publish","type":"product","link":"https:\/\/ayaneo.co\/it\/product\/ayaneo-2-gioco-portatile-per-pc-copy\/","title":{"rendered":"AYA NEO 2S"},"content":{"rendered":"\n<p><strong>AYA NEO 2S: Il PC da gioco portatile per eccellenza<\/strong> <\/p>\n\n<p>Ti presentiamo AYA NEO 2S, l&#8217;emblema dei PC da gioco portatili. Progettato per offrire prestazioni eccezionali in un formato compatto, questo PC da gioco mobile \u00e8 destinato a rivoluzionare il modo di giocare in movimento. Grazie al potente processore AMD Ryzen, alla grafica di alta qualit\u00e0, al display coinvolgente e alle funzioni avanzate, AYA NEO 2S \u00e8 il computer da gioco portatile definitivo che superer\u00e0 le tue aspettative.    <\/p>\n\n<p><strong>Elegante e raffinato: Scegli il tuo stile<\/strong> <\/p>\n\n<p>L&#8217;AYA NEO 2S \u00e8 disponibile in una gamma di colori attraenti per adattarsi al tuo stile personale. Che tu preferisca l&#8217;eleganza classica di Starry Black, la bellezza incontaminata di Sky White, il fascino retr\u00f2 di Retro Power o la vivace giocosit\u00e0 di B.Duck Pink &amp; Blue o B.Duck Joyful Black, c&#8217;\u00e8 un&#8217;opzione di colore per tutti. Non solo offre prestazioni potenti, ma ha anche un aspetto elegante e raffinato, che la rende un vero e proprio pezzo forte ovunque la porti.    <\/p>\n\n<p><strong>Libera il tuo potenziale di gioco con la potenza di AMD Ryzen<\/strong> <\/p>\n\n<p>Dotato di un processore <a href=\"https:\/\/www.amd.com\/en\/products\/apu\/amd-ryzen-7-7840u\" target=\"_blank\" rel=\"noreferrer noopener\">AMD Ryzen 7 7840U<\/a>, AYA NEO 2S offre una straordinaria potenza di elaborazione per giochi e multitasking senza interruzioni. Con 8 core e 16 thread, questa CPU raggiunge una velocit\u00e0 di clock di base di 3,3GHz e una velocit\u00e0 di clock massima di 5,1GHz. Offre una reattivit\u00e0 e un&#8217;efficienza incredibili, garantendo un gioco fluido e tempi di caricamento fulminei. Che tu stia conquistando nemici o creando contenuti, AYA NEO 2S \u00e8 in grado di soddisfare le tue esigenze senza alcuno sforzo.     <\/p>\n\n<p><strong>Grafica coinvolgente per un gioco indimenticabile<\/strong> <\/p>\n\n<p>Dotato di grafica <a href=\"https:\/\/www.nvidia.com\/en-gb\/geforce\/gaming-laptops\/geforce-gtx-780m\/\" target=\"_blank\" rel=\"noreferrer noopener\">AMD Radeon 780M<\/a>, AYA NEO 2S porta la tua esperienza di gioco a nuovi livelli. Con 12 core e una frequenza grafica di 2700MHz, offre immagini straordinarie e frame rate fluidi. Dagli ambienti dettagliati alle animazioni realistiche dei personaggi, ogni aspetto dei tuoi giochi preferiti prende vita sul computer portatile. Preparati a lasciarti affascinare da una grafica mozzafiato e immergiti in un mondo di gioco mai visto prima.     <\/p>\n\n<p><strong>Multitasking senza soluzione di continuit\u00e0 con la RAM ad alta velocit\u00e0<\/strong> <\/p>\n\n<p>Il PC mobile da gioco AYA NEO 2S offre una scelta di opzioni di RAM ad alta velocit\u00e0, tra cui 16GB, 32GB o 64GB di memoria <a href=\"https:\/\/en.wikipedia.org\/wiki\/LPDDR\" target=\"_blank\" rel=\"noreferrer noopener\">LPDDR5X<\/a> con clock a 7500 MT\/s. Questa innovativa memoria RAM garantisce un multitasking perfetto e ti permette di eseguire pi\u00f9 applicazioni contemporaneamente senza alcun lag o rallentamento. Che tu stia giocando, facendo streaming o editando, l&#8217;AYA NEO 2S ha la capacit\u00e0 di memoria necessaria per gestire tutto con facilit\u00e0.    <\/p>\n\n<p><strong>Un&#8217;enorme quantit\u00e0 di spazio di archiviazione per la tua libreria di gioco<\/strong> <\/p>\n\n<p>Con AYA NEO 2S lo spazio di archiviazione non \u00e8 mai un problema. Scegli tra un&#8217;ampia selezione di opzioni di archiviazione che vanno da 512GB a ben 4TB m.2 2280 <a href=\"https:\/\/en.wikipedia.org\/wiki\/Solid-state_drive\" target=\"_blank\" rel=\"noreferrer noopener\">SSD<\/a>. Questo significa che puoi archiviare tutti i tuoi giochi, video e file preferiti senza preoccuparti di esaurire lo spazio. Non dovrai pi\u00f9 cancellare i giochi per fare spazio a quelli nuovi e potrai avere tutta la tua libreria di giochi a portata di mano.     <\/p>\n\n<p><strong>Display immersivo per immagini straordinarie<\/strong> <\/p>\n\n<p>L&#8217;AYA NEO 2S \u00e8 dotato di un brillante display IPS da 7&#8243; con design no-bezel che massimizza la tua esperienza visiva. Con una risoluzione di 1920&#215;1200 e una densit\u00e0 di pixel di 323 PPI, ogni dettaglio \u00e8 nitido e vivido. Il display vanta una luminosit\u00e0 di 500 nit, che ti permette di giocare anche in ambienti molto illuminati. Con un&#8217;accuratezza del colore del 130% <a href=\"https:\/\/en.wikipedia.org\/wiki\/SRGB\" target=\"_blank\" rel=\"noreferrer noopener\">sRGB<\/a> e un rapporto di contrasto di 1200:1, AYA NEO 2S presenta colori con una vivacit\u00e0 e una profondit\u00e0 eccezionali. Prova i tuoi giochi preferiti come mai prima d&#8217;ora su questo splendido display.      <\/p>\n\n<p><strong>Controllo di precisione per un gioco impareggiabile<\/strong> <\/p>\n\n<p>L&#8217;AYA NEO 2S \u00e8 progettato per offrire un controllo preciso e un&#8217;esperienza di gioco coinvolgente. \u00c8 dotato di un master controller con <a href=\"https:\/\/thegamingsetup.com\/guides\/hall-effect-joysticks\" target=\"_blank\" rel=\"noreferrer noopener\">stick con sensore a effetto hall<\/a>, che garantisce un input fluido e preciso per ogni movimento. I grilletti lineari a effetto hall offrono un feedback ultra-reattivo, permettendoti di eseguire azioni precise con facilit\u00e0. Con AYA NEO 2S hai il massimo controllo nel palmo della tua mano.     <\/p>\n\n<p><strong>Scatena il tuo potenziale di gioco con il giroscopio doppio a sei assi<\/strong> <\/p>\n\n<p>AYA NEO 2S porta il gioco a un livello superiore grazie al doppio giroscopio a sei assi. Questa caratteristica innovativa consente di migliorare il rilevamento dei movimenti, permettendoti di interagire con i giochi in modo pi\u00f9 intuitivo e coinvolgente. Che tu stia inclinando, ruotando o girando, AYA NEO 2S traduce accuratamente i tuoi movimenti nel gioco, offrendo un&#8217;esperienza di gioco davvero coinvolgente.    <\/p>\n\n<p><strong>Sentire il gioco con la vibrazione del motore lineare HD<\/strong> <\/p>\n\n<p>AYA NEO 2S \u00e8 dotata di un sistema di vibrazione a motore lineare HD che aggiunge una nuova dimensione al gioco. Senti l&#8217;impatto di ogni esplosione, il rombo del motore e la tensione della battaglia: il sistema di vibrazione d\u00e0 vita ai tuoi giochi. Immergiti in un mondo in cui puoi sentire ogni momento, portando la tua esperienza di gioco a un nuovo livello di realismo.    <\/p>\n\n<p><strong>Dissipazione efficiente del calore per prestazioni ottimali<\/strong> <\/p>\n\n<p>L&#8217;AYA NEO 2S incorpora una tecnologia avanzata di dissipazione del calore per garantire prestazioni ottimali anche durante le sessioni di gioco pi\u00f9 lunghe. Grazie a un design a tre tubi di rame 3+1, a un grande foglio di rame e a un patch di grafene, questo PC portatile per videogiochi dissipa efficacemente il calore, mantenendo basse le temperature e alte le prestazioni. D\u00ec addio al surriscaldamento e goditi sessioni di gioco ininterrotte con AYA NEO 2S.    <\/p>\n\n<p><strong>Opzioni di connettivit\u00e0 per un gioco versatile<\/strong> <\/p>\n\n<p>AYA NEO 2S offre una serie di opzioni di connettivit\u00e0 per migliorare la tua esperienza di gioco. Con due porte USB 4 Type-C con connettivit\u00e0 eGPU, una porta USB 3.2 Type-C e un jack per cuffie da 3,5 mm, puoi collegare le tue periferiche preferite per una configurazione di gioco personalizzata. Lo slot per schede Micro SD ad altissima velocit\u00e0 supporta fino a 300MB\/s, consentendoti di espandere le tue opzioni di archiviazione senza alcuno sforzo. Con AYA NEO 2S hai la flessibilit\u00e0 di giocare a modo tuo.     <\/p>\n\n<p><strong>Connettivit\u00e0 senza soluzione di continuit\u00e0 con Wi-Fi 6E e Bluetooth 5.2<\/strong> <\/p>\n\n<p>L&#8217;AYA NEO 2S \u00e8 dotato di tecnologia Wi-Fi 6E e Bluetooth 5.2, che assicurano una connettivit\u00e0 perfetta e una velocit\u00e0 di trasferimento dati elevata. Connettiti a internet alla velocit\u00e0 della luce, gioca online senza problemi e associa i tuoi dispositivi Bluetooth preferiti senza fatica. Che tu stia giocando, facendo streaming o navigando, l&#8217;AYA NEO 2S ti tiene connesso e pronto all&#8217;azione.    <\/p>\n\n<p><strong>Riconoscimento delle impronte digitali sicuro e conveniente<\/strong> <\/p>\n\n<p>Sblocca il tuo AYA NEO 2S in modo rapido e sicuro grazie al riconoscimento delle impronte digitali integrato nel pulsante di accensione. Non dovrai pi\u00f9 preoccuparti di password o PIN: ti baster\u00e0 appoggiare il dito sul pulsante di accensione e sarai pronto a partire. Questa comoda funzione garantisce la tranquillit\u00e0 di sapere che il tuo PC portatile da gioco \u00e8 protetto da accessi non autorizzati.    <\/p>\n\n<p><strong>Batteria a lunga durata per sessioni di gioco prolungate<\/strong> <\/p>\n\n<p>Il computer portatile da gioco AYA NEO 2S \u00e8 dotato di una batteria ricaricabile ad alta capacit\u00e0 da 13050mAh 50.25Wh, che ti permette di godere di sessioni di gioco prolungate senza preoccuparti di rimanere a corto di energia. Che tu stia giocando in viaggio o a casa, AYA NEO 2S \u00e8 in grado di soddisfare le tue esigenze di gioco, assicurandoti di non perdere mai un momento di azione.   <\/p>\n\n<p><strong>Sperimenta il potere di Windows 11<\/strong> <\/p>\n\n<p>L&#8217;AYA NEO 2S \u00e8 preinstallato con Windows 11 Home Edition, l&#8217;ultimo sistema operativo di Microsoft. Approfitta di un&#8217;interfaccia utente fluida e intuitiva, di prestazioni di gioco migliorate e dell&#8217;accesso a una vasta libreria di giochi e applicazioni. <a href=\"https:\/\/en.wikipedia.org\/wiki\/Windows_11\" target=\"_blank\" rel=\"noreferrer noopener\">Windows 11<\/a> L&#8217;AYA NEO 2S \u00e8 la piattaforma perfetta per sfruttare tutto il suo potenziale.   <\/p>\n\n<p><strong>Compatto e leggero per giocare in movimento<\/strong> <\/p>\n\n<p>Con dimensioni di soli 10,3 x 4,1 x 0,8 pollici (26,4 x 10,5 x 2,1 cm) e un peso di soli 667 g, il computer da gioco portatile AYA NEO 2S \u00e8 stato progettato proprio per questo. Infilalo in borsa o in tasca e sarai pronto a portare le tue avventure di gioco ovunque. Che tu stia facendo un viaggio, viaggiando o semplicemente rilassandoti a casa, il PC da gioco compatto AYA NEO 2S ti permette di dedicarti al gioco quando e dove ti viene l&#8217;ispirazione.    <\/p>\n\n<p><strong>Perch\u00e9 dovresti acquistare l&#8217;AYA NEO 2S<\/strong> <\/p>\n\n<p>Scopri il futuro del gioco con AYA NEO 2S. Questo PC portatile per il gioco combina prestazioni potenti, immagini straordinarie, controllo preciso e funzioni avanzate in un pacchetto compatto ed elegante. Che tu sia un giocatore occasionale, un appassionato o un creatore di contenuti, AYA NEO 2S \u00e8 la tua porta verso infinite possibilit\u00e0. Abbraccia la libert\u00e0 del gioco portatile e libera il tuo potenziale di gioco con AYA NEO 2S.     <\/p>\n\n<p><strong>I vantaggi di AYA NEO 2S:<\/strong> <\/p>\n\n<ul class=\"wp-block-list\">\n<li>Prestazioni potenti: Il processore AMD Ryzen 7 7840U e la grafica AMD Radeon 780M offrono prestazioni eccezionali, consentendo un gioco fluido e il multitasking.  <\/li>\n\n\n\n<li>Compatto e portatile: Grazie alle sue dimensioni ridotte e al suo design leggero, l&#8217;AYA NEO 2S \u00e8 estremamente portatile e consente di portare il gioco in giro con facilit\u00e0.  <\/li>\n<\/ul>\n\n<ul class=\"wp-block-list\">\n<li>Display coinvolgente: Il display IPS da 7&#8243; con alta risoluzione e colori vivaci offre un&#8217;esperienza di gioco coinvolgente, dando vita ai tuoi giochi.  <\/li>\n\n\n\n<li>Controlli precisi: Il master controller con stick con sensore a effetto hall e grilletti lineari a hall offre un controllo preciso per migliorare il gioco.  <\/li>\n\n\n\n<li>Caratteristiche avanzate: L&#8217;AYA NEO 2S integra funzioni come il doppio giroscopio a sei assi, la vibrazione del motore lineare HD e il riconoscimento delle impronte digitali, migliorando l&#8217;esperienza di gioco complessiva.  <\/li>\n<\/ul>\n\n<p><\/p>\n\n<p><\/p>\n","protected":false},"excerpt":{"rendered":"<ul>\n<li>AMD<strong> Ryzen\u2122 7 7840U<\/strong> \/ Radeon 780M<\/li>\n<li><strong>fino a 64GB<\/strong> LPDDR5X @ <strong>7500 MT\/s<\/strong><\/li>\n<li><strong>fino a 4TB<\/strong> ad alta velocit\u00e0 PCIe 4.0 M.2 2280 SSD <\/li>\n<li>Display touchscreen <strong>da 7<\/strong> \" <strong> LCD<\/strong> <\/li>\n<li>Supporto <strong>WiFi 6E<\/strong> e <strong>Bluetooth 5.2<\/strong> <\/li>\n<\/ul>\n[cg_accordion title=\"INFO SUL PAGAMENTO\"]<\/p>\n<p>Utilizziamo la pi\u00f9 recente tecnologia di elaborazione dei pagamenti, che ti permette di effettuare il checkout tramite Apple Pay, Google Pay, la tua carta di debito\/credito, PayPal o metodi BNPL come Klarna, Affirm o AfterPay per un&#8217;esperienza veloce e sicura.[\/cg_accordion]\n[cg_accordion title=\"GARANZIA\"]<\/p>\n<p>1 anno di garanzia da parte di <a href=\"https:\/\/droix.net\/\" target=\"_blank\" rel=\"nofollow noopener\">DROIX Global<\/a> per la tua tranquillit\u00e0[\/cg_accordion]\n[cg_accordion title=\"PREZZI, TASSE E SPEDIZIONE\"]<\/p>\n<p><strong><u>Nota:<\/u><\/strong><\/p>\n<ul>\n<li>Clienti degli Stati Uniti: Il prezzo esposto non include tasse e dazi. La responsabilit\u00e0 dello sdoganamento e del pagamento di eventuali tasse e dazi \u00e8 a carico del cliente. <\/li>\n<li>Clienti UE: Il prezzo indicato \u00e8 comprensivo dell&#8217;imposta applicabile, che pu\u00f2 arrivare al 25% a seconda del paese.<\/li>\n<li>Clienti del Canada: Il prezzo indicato \u00e8 comprensivo delle imposte applicabili, che possono includere il 5% di GST e ulteriori imposte provinciali sulle vendite (PST), l&#8217;imposta sulle vendite armonizzata (HST) o l&#8217;imposta sulle vendite del Quebec (QST), a seconda della tua provincia.<\/li>\n<\/ul>\n<p><strong>Solo per i clienti dell&#8217;UE:<\/strong> Express DDP (Delivered Duty Paid). Ci\u00f2 significa che: <\/p>\n<ul>\n<li>Tutti i dazi doganali e le tasse sono inclusi nel prezzo indicato nella pagina del prodotto.<\/li>\n<li>Non dovrai pagare alcun costo aggiuntivo alla consegna.<\/li>\n<li>Nel raro caso di problemi doganali, il nostro team si occuper\u00e0 del processo di sdoganamento per conto tuo per garantire una consegna senza problemi.<\/li>\n<p>Informazioni importanti sulla restituzione:<\/p>\n<li>Se decidi di restituire l&#8217;ordine o di richiedere un rimborso, tieni presente che le tasse e i dazi pagati a tuo nome secondo i termini del DDP non possono essere rimborsati.<\/li>\n<p>Per informazioni dettagliate, consulta i nostri <a href=\"https:\/\/ayaneo.co\/terms-of-service-2\/\" target=\"_blank\" rel=\"nofollow noopener\">Termini e Condizioni<\/a>.\n<\/ul>\n<p>[\/cg_accordion]\n[cg_accordion title=\"ASSISTENZA CLIENTI\"]<\/p>\n<p>Hai una domanda? Basta un breve messaggio per risolvere il tuo problema!<br \/>\n[\/cg_accordion]\n[cg_accordion title=\"La confezione include\"]<\/p>\n<ul>\n<li>1x AYANEO 2S<\/li>\n<li>1 cavo USB Tipo-C<\/li>\n<li>2x Adattatore da USB C ad A<\/li>\n<li>1 caricatore da 100W di tipo A<\/li>\n<li>1 cavo USB Tipo-C<\/li>\n<li>1 adattatore di tipo G 1 adattatore di tipo E<\/li>\n<li>1 adattatore di tipo I<\/li>\n<li>1x Manuale d&#8217;uso<\/li>\n<li>1x Pinza e adesivi per aprire il dispositivo<\/li>\n<li>1x Coperchi laterali di ricambio<\/li>\n<\/ul>\n<p>[\/cg_accordion]\n","protected":false},"featured_media":3519,"template":"","meta":{"_acf_changed":false},"product_brand":[],"product_cat":[365],"product_tag":[398],"class_list":{"0":"post-3490","1":"product","2":"type-product","3":"status-publish","4":"has-post-thumbnail","6":"product_cat-pc-da-gioco-portatili","7":"product_tag-pc-gaming-handheld-it","8":"product_shipping_class-premium","9":"pa_brand-ayaneo","10":"pa_graphics-gpu-model-radeon-780m","11":"pa_operating-system-windows-11","12":"pa_processor-cpu-brand-amd","14":"first","15":"outofstock","16":"sale","17":"taxable","18":"shipping-taxable","19":"purchasable","20":"product-type-variable"},"acf":[],"_links":{"self":[{"href":"https:\/\/ayaneo.co\/it\/wp-json\/wp\/v2\/product\/3490","targetHints":{"allow":["GET"]}}],"collection":[{"href":"https:\/\/ayaneo.co\/it\/wp-json\/wp\/v2\/product"}],"about":[{"href":"https:\/\/ayaneo.co\/it\/wp-json\/wp\/v2\/types\/product"}],"wp:featuredmedia":[{"embeddable":true,"href":"https:\/\/ayaneo.co\/it\/wp-json\/wp\/v2\/media\/3519"}],"wp:attachment":[{"href":"https:\/\/ayaneo.co\/it\/wp-json\/wp\/v2\/media?parent=3490"}],"wp:term":[{"taxonomy":"product_brand","embeddable":true,"href":"https:\/\/ayaneo.co\/it\/wp-json\/wp\/v2\/product_brand?post=3490"},{"taxonomy":"product_cat","embeddable":true,"href":"https:\/\/ayaneo.co\/it\/wp-json\/wp\/v2\/product_cat?post=3490"},{"taxonomy":"product_tag","embeddable":true,"href":"https:\/\/ayaneo.co\/it\/wp-json\/wp\/v2\/product_tag?post=3490"}],"curies":[{"name":"wp","href":"https:\/\/api.w.org\/{rel}","templated":true}]}}