{"id":3569,"date":"2024-10-28T15:49:43","date_gmt":"2024-10-28T15:49:43","guid":{"rendered":"https:\/\/ayaneo.co\/?post_type=product&#038;p=3569"},"modified":"2025-04-11T12:11:37","modified_gmt":"2025-04-11T12:11:37","slug":"ayaneo-2-gioco-portatile-per-pc-copy-copy","status":"publish","type":"product","link":"https:\/\/ayaneo.co\/it\/product\/ayaneo-2-gioco-portatile-per-pc-copy-copy\/","title":{"rendered":"AYANEO ARIA PLUS"},"content":{"rendered":"\n<h3 class=\"wp-block-heading\">Panoramica del prodotto<\/h3>\n\n<p><strong>AYANEO AIR Plus<\/strong> ridefinisce gli standard del gioco portatile, offrendo prestazioni di alto livello in un corpo sottile e leggero che la rende perfetta per l&#8217;uso portatile. Con un peso di soli 525 g, questa console \u00e8 pi\u00f9 di un semplice dispositivo di gioco: \u00e8 uno strumento versatile per l&#8217;intrattenimento e la produttivit\u00e0. <\/p>\n\n<p>Il cuore \u00e8 il <strong>processore AMD Ryzen\u2122 7 6800U<\/strong>, dotato di <strong>architettura Zen 3+<\/strong> e <strong>grafica RDNA 2<\/strong>, che ti garantisce l&#8217;esecuzione di giochi AAA a frame rate elevati, mantenendo un&#8217;esperienza fluida e di qualit\u00e0 da console su una piattaforma compatta. Grazie ai <strong>16GB di RAM LPDDR5<\/strong> a <strong>6400MT\/s<\/strong>, l&#8217;elaborazione dei dati sar\u00e0 pi\u00f9 veloce e il multitasking sar\u00e0 sempre fluido. Accoppiata con    <strong>512GB di memoria ad alta velocit\u00e0 PCI-E 3.0 M.2 2280 SSD<\/strong> <strong>AYANEO AIR Plus<\/strong> garantisce tempi di caricamento rapidissimi e ampio spazio per tutti i tuoi giochi e applicazioni preferiti.<\/p>\n\n<p>Il <strong>AYANEO AIR Plus<\/strong> \u00e8 dotato di uno straordinario <strong>schermo IPS da 6 pollici<\/strong> con una risoluzione di <strong>1920&#215;1080<\/strong>, una <strong>luminosit\u00e0 di 400 nit<\/strong> e un&#8217;ampia gamma di colori <strong>sRGB del 120%<\/strong>. Che si tratti di giocare o di fruire di contenuti multimediali, il display garantisce un&#8217;esperienza visiva nitida e coinvolgente, rendendolo uno dei migliori schermi portatili della sua categoria. <\/p>\n\n<p>Disponibile in tre eleganti colori:<strong>Blu<\/strong>Ghiaccio<strong>, Nero Starlight e Grigio Classico, questo<\/strong>PC portatile \u00e8 tanto bello da vedere quanto potente.<\/p>\n\n<h3 class=\"wp-block-heading\">Caratteristiche dettagliate di AYANEO AIR Plus<\/h3>\n\n<h4 class=\"wp-block-heading\">Display e Design Fusion:<\/h4>\n\n<p>Il <strong>AYANEO AIR Plus<\/strong> vanta un <strong>display da 6 pollici 1080P IPS <\/strong> che offre <strong>400 nit di luminosit\u00e0<\/strong> e un&#8217;<strong>ampia gamma di colori sRGB del 120%<\/strong>. Questo garantisce colori vividi e un&#8217;eccezionale nitidezza delle immagini, perfette per il gioco e il consumo di contenuti multimediali. Il suo corpo compatto, che misura <strong>237 x 91,4 x 23,1 mm<\/strong>, \u00e8 pi\u00f9 piccolo dei modelli Steam Deck e AYANEO 2, il che lo rende un&#8217;opzione leggera e portatile per i giochi in movimento.  <\/p>\n\n<h4 class=\"wp-block-heading\">Design ergonomico:<\/h4>\n\n<p><strong>AYANEO AIR Plus<\/strong> \u00e8 stato progettato pensando al comfort. La sua struttura elegante e sottile ti permette di giocare per lunghi periodi senza affaticarti, mentre il <strong>Master Controller<\/strong> personalizzabile e il <strong>Joystick Hall Sensing<\/strong> offrono una precisione e un controllo superiori. I joystick sono dotati di <strong>illuminazione RGB regolabile<\/strong>, per aggiungere un tocco personale alla tua configurazione di gioco.  <\/p>\n\n<h4 class=\"wp-block-heading\">Prestazioni ineguagliabili:<\/h4>\n\n<p>Sotto il cofano, il <strong>processore AMD Ryzen\u2122 7 6800U<\/strong> offre un&#8217;esperienza di gioco senza pari in un formato portatile. Abbinato alla <strong>grafica RDNA 2<\/strong>, a <strong>16 GB di RAM LPDDR5<\/strong> a <strong>6400MT\/s<\/strong> e a una scheda grafica di tipo &#8220;a infrarossi\", il processore AMD Ryzen\u2122 7 6800U offre un&#8217;esperienza di gioco senza paragoni.   <strong>512GB ad alta velocit\u00e0 PCI-E 3.0 M.2 2280 SSD<\/strong><strong>AYANEO AIR Plus<\/strong> offre una velocit\u00e0 di gioco elevata e tempi di caricamento ultra rapidi, rendendolo un vero e proprio concentrato di potenza nelle tue mani. Che si tratti di titoli AAA graficamente intensi o di giochi classici retro, <strong>AYANEO AIR Plus<\/strong> funziona senza compromessi. <\/p>\n\n<h4 class=\"wp-block-heading\">Sistema di raffreddamento avanzato:<\/h4>\n\n<p><strong>AYANEO AIR Plus<\/strong> \u00e8 dotato di un <strong>sistema di dissipazione del calore da 28W<\/strong> che garantisce sessioni di gioco fluide e ad alte prestazioni senza surriscaldamento. Il potente sistema di raffreddamento fa s\u00ec che il dispositivo funzioni in modo efficiente anche durante le sessioni di gioco pi\u00f9 lunghe. <\/p>\n\n<h4 class=\"wp-block-heading\">Audio immersivo:<\/h4>\n\n<p>I doppi <strong>altoparlanti stereo panoramici<\/strong> e il <strong>motore ad asse X<\/strong> creano un&#8217;esperienza audio coinvolgente, mentre il <strong>feedback di vibrazione 4D<\/strong> aumenta il senso di coinvolgimento durante il gioco. Che tu stia affrontando battaglie intense o godendo di un ambiente di gioco tranquillo, la qualit\u00e0 dell&#8217;audio aumenta l&#8217;esperienza complessiva. <\/p>\n\n<h4 class=\"wp-block-heading\">Connettivit\u00e0 e versatilit\u00e0:<\/h4>\n\n<p>Dotato di <strong>Wi-Fi 6<\/strong> e <strong>Bluetooth 5.2<\/strong> di ultima generazione, <strong>AYANEO AIR Plus<\/strong> garantisce connessioni veloci e stabili per i giochi online, lo streaming e il cloud gaming. Grazie alle molteplici <strong>porte USB4 Type-C<\/strong>, supporta anche numerose periferiche, diventando un hub versatile per tutte le tue esigenze di intrattenimento e produttivit\u00e0. <\/p>\n\n<h3 class=\"wp-block-heading\">Esperienza utente con AYANEO AIR Plus<\/h3>\n\n<p><strong>AYANEO AIR Plus<\/strong> offre un&#8217;esperienza di gioco completa, tanto portatile quanto potente. La sua <strong>batteria ad alta capacit\u00e0 da 46,2Wh<\/strong> supporta lunghe sessioni di gioco e, grazie alla <strong>ricarica rapida PD3.0 da 65W<\/strong>, non sarai mai lontano dall&#8217;azione. Che tu stia giocando, facendo streaming o lavorando, il mix di potenza, qualit\u00e0 dello schermo e design facile da usare rendono questo dispositivo la scelta migliore per i giocatori in movimento.  <\/p>\n\n<h3 class=\"wp-block-heading\">Conclusione<\/h3>\n\n<p>In sintesi, <strong>AYANEO AIR Plus<\/strong> rappresenta la nuova frontiera delle console di gioco portatili. Integra perfettamente prestazioni di gioco di alto livello con un design leggero e portatile che si adatta perfettamente alla tua tasca. Dalla precisione dei comandi del <strong>Master Controller<\/strong> e dei <strong>Joystick Hall Sensing<\/strong> alla straordinaria resa visiva dello <strong>schermo da 6 pollici 1080P IPS <\/strong>, <strong>AYANEO AIR Plus<\/strong> offre una soluzione di gioco completa per chi vuole il meglio del gioco portatile.  <\/p>\n\n<p>Con <strong>16GB di RAM LPDDR5 a 6400MT\/s<\/strong> e un  <strong>512GB PCI-E 3.0 M.2 2280 SSD<\/strong><strong>AYANEO AIR Plus<\/strong> garantisce un multitasking fluido e tempi rapidi di caricamento dei giochi, rendendolo il dispositivo ideale sia per i giocatori occasionali che per quelli incalliti. Le sue potenti specifiche, il design ergonomico e l&#8217;esperienza audiovisiva coinvolgente lo rendono un must per gli appassionati di giochi che apprezzano le prestazioni e la portabilit\u00e0. <\/p>\n","protected":false},"excerpt":{"rendered":"<ul>\n<li>AMD <strong>Ryzen 7 6800U<\/strong> \/ AMD Radeon\u2122 680M<\/li>\n<li><strong>16GB<\/strong> LPDDR5 @ 6400MT\/s<\/li>\n<li><strong>512 GB<\/strong> ad alta velocit\u00e0 PCI-E 3.0 <strong>M.2<\/strong> 2280 SSD<\/li>\n<li><strong>Disponibile con<\/strong> display touchscreen <strong>da 6&#8243; LCD 1920\u00d71080<\/strong> <\/li>\n<li>Supporto <strong>WiFi 6<\/strong> e <strong>Bluetooth 5.2<\/strong> <\/li>\n<\/ul>\n[cg_accordion title=\"INFO SUL PAGAMENTO\"]<\/p>\n<p>Utilizziamo la pi\u00f9 recente tecnologia di elaborazione dei pagamenti, che ti permette di effettuare il checkout tramite Apple Pay, Google Pay, la tua carta di debito\/credito, PayPal o metodi BNPL come Klarna, Affirm o AfterPay per un&#8217;esperienza veloce e sicura.[\/cg_accordion]\n[cg_accordion title=\"GARANZIA\"]<\/p>\n<p>1 anno di garanzia da parte di <a href=\"https:\/\/droix.net\/\" target=\"_blank\" rel=\"nofollow noopener\">DROIX Global<\/a> per la tua tranquillit\u00e0[\/cg_accordion]\n[cg_accordion title=\"PREZZI, TASSE E SPEDIZIONE\"]<\/p>\n<p><strong><u>Nota:<\/u><\/strong><\/p>\n<ul>\n<li>Clienti degli Stati Uniti: Il prezzo esposto non include tasse e dazi. La responsabilit\u00e0 dello sdoganamento e del pagamento di eventuali tasse e dazi \u00e8 a carico del cliente. <\/li>\n<li>Clienti UE: Il prezzo indicato \u00e8 comprensivo dell&#8217;imposta applicabile, che pu\u00f2 arrivare al 25% a seconda del paese.<\/li>\n<li>Clienti del Canada: Il prezzo indicato \u00e8 comprensivo delle imposte applicabili, che possono includere il 5% di GST e ulteriori imposte provinciali sulle vendite (PST), l&#8217;imposta sulle vendite armonizzata (HST) o l&#8217;imposta sulle vendite del Quebec (QST), a seconda della tua provincia.<\/li>\n<\/ul>\n<p><strong>Solo per i clienti dell&#8217;UE:<\/strong> Express DDP (Delivered Duty Paid). Ci\u00f2 significa che: <\/p>\n<ul>\n<li>Tutti i dazi doganali e le tasse sono inclusi nel prezzo indicato nella pagina del prodotto.<\/li>\n<li>Non dovrai pagare alcun costo aggiuntivo alla consegna.<\/li>\n<li>Nel raro caso di problemi doganali, il nostro team si occuper\u00e0 del processo di sdoganamento per conto tuo per garantire una consegna senza problemi.<\/li>\n<p>Informazioni importanti sulla restituzione:<\/p>\n<li>Se decidi di restituire l&#8217;ordine o di richiedere un rimborso, tieni presente che le tasse e i dazi pagati a tuo nome secondo i termini del DDP non possono essere rimborsati.<\/li>\n<p>Per informazioni dettagliate, consulta i nostri <a href=\"https:\/\/ayaneo.co\/terms-of-service-2\/\" target=\"_blank\" rel=\"nofollow noopener\">Termini e Condizioni<\/a>.\n<\/ul>\n<p>[\/cg_accordion]\n[cg_accordion title=\"ASSISTENZA CLIENTI\"]<\/p>\n<p>Hai una domanda? Basta un breve messaggio per risolvere il tuo problema!<br \/>\n[\/cg_accordion]\n[cg_accordion title=\"La confezione include\"]<\/p>\n<ul>\n<li>1x AYANEO AIR PLUS<\/li>\n<li>1 cavo USB Tipo-C<\/li>\n<li>1 adattatore di alimentazione<\/li>\n<li>1x Manuale d&#8217;uso<\/li>\n<\/ul>\n<p>[\/cg_accordion]\n","protected":false},"featured_media":3581,"template":"","meta":{"_acf_changed":false},"product_brand":[],"product_cat":[365],"product_tag":[398],"class_list":{"0":"post-3569","1":"product","2":"type-product","3":"status-publish","4":"has-post-thumbnail","6":"product_cat-pc-da-gioco-portatili","7":"product_tag-pc-gaming-handheld-it","8":"product_shipping_class-premium","9":"pa_brand-ayaneo","10":"pa_graphics-gpu-model-radeon-680m","11":"pa_operating-system-windows-11","12":"pa_processor-cpu-brand-amd","14":"first","15":"outofstock","16":"taxable","17":"shipping-taxable","18":"purchasable","19":"product-type-variable"},"acf":[],"_links":{"self":[{"href":"https:\/\/ayaneo.co\/it\/wp-json\/wp\/v2\/product\/3569","targetHints":{"allow":["GET"]}}],"collection":[{"href":"https:\/\/ayaneo.co\/it\/wp-json\/wp\/v2\/product"}],"about":[{"href":"https:\/\/ayaneo.co\/it\/wp-json\/wp\/v2\/types\/product"}],"wp:featuredmedia":[{"embeddable":true,"href":"https:\/\/ayaneo.co\/it\/wp-json\/wp\/v2\/media\/3581"}],"wp:attachment":[{"href":"https:\/\/ayaneo.co\/it\/wp-json\/wp\/v2\/media?parent=3569"}],"wp:term":[{"taxonomy":"product_brand","embeddable":true,"href":"https:\/\/ayaneo.co\/it\/wp-json\/wp\/v2\/product_brand?post=3569"},{"taxonomy":"product_cat","embeddable":true,"href":"https:\/\/ayaneo.co\/it\/wp-json\/wp\/v2\/product_cat?post=3569"},{"taxonomy":"product_tag","embeddable":true,"href":"https:\/\/ayaneo.co\/it\/wp-json\/wp\/v2\/product_tag?post=3569"}],"curies":[{"name":"wp","href":"https:\/\/api.w.org\/{rel}","templated":true}]}}