{"id":44806,"date":"2026-01-08T12:04:55","date_gmt":"2026-01-08T12:04:55","guid":{"rendered":"https:\/\/ayaneo.co\/product\/ayaneo-pocket-ds-protezione-dello-schermo-solo-schermo-inferiore\/"},"modified":"2026-04-08T09:14:56","modified_gmt":"2026-04-08T09:14:56","slug":"ayaneo-pocket-ds-protezione-dello-schermo-solo-schermo-inferiore","status":"publish","type":"product","link":"https:\/\/ayaneo.co\/it\/product\/ayaneo-pocket-ds-protezione-dello-schermo-solo-schermo-inferiore\/","title":{"rendered":"AYANEO Pocket DS Protezione dello schermo (solo schermo inferiore)"},"content":{"rendered":"\n<p>La <strong>protezione per lo schermo di AYANEO Pocket DS<\/strong> \u00e8 un accessorio essenziale progettato per mantenere il display secondario della tua console in condizioni perfette. Progettata per garantire chiarezza e precisione ad alta definizione, questa protezione protegge il tuo dispositivo dall&#8217;usura quotidiana senza compromettere la sensibilit\u00e0 al tocco. <\/p>\n\n<h2 class=\"wp-block-heading\"><strong>&#x26a0;&#xfe0f; Nota importante sulla compatibilit\u00e0<\/strong><\/h2>\n\n<p>Questa protezione per lo schermo \u00e8 progettata <strong>SOLO per il secondo schermo (inferiore).<\/strong> &gt; <strong>Per il primo schermo (superiore):<\/strong> Non \u00e8 disponibile o consigliata alcuna protezione, poich\u00e9 lo spessore aggiuntivo impedirebbe al dispositivo di chiudersi correttamente.<\/p>\n\n<h2 class=\"wp-block-heading\">Perch\u00e9 scegliere la protezione per lo schermo di AYANEO Pocket DS?<\/h2>\n\n<p>Sia che tu stia navigando nei menu o che tu stia usando i controlli touch sul display secondario, questa protezione offre una durata impareggiabile. Grazie a un&#8217;applicazione precisa e a un rivestimento speciale, le immagini di gioco rimangono cristalline mentre l&#8217;hardware rimane protetto da graffi e oli. <\/p>\n\n<h2 class=\"wp-block-heading\">Specifiche<\/h2>\n\n<ul class=\"wp-block-list\">\n<li><strong>Compatibilit\u00e0:<\/strong> Console AYANEO Pocket DS (schermo inferiore)<\/li>\n\n\n\n<li><strong>Materiale:<\/strong> Vetro temperato o pellicola di alta qualit\u00e0<\/li>\n\n\n\n<li><strong>Superficie:<\/strong> Resistente ai graffi, a prova di sbavature e ultra trasparente<\/li>\n\n\n\n<li><strong>Installazione:<\/strong> Adesivo senza bolle d&#8217;aria per un&#8217;applicazione perfetta<\/li>\n<\/ul>\n","protected":false},"excerpt":{"rendered":"<ul>\n<li><strong>Solo per il secondo schermo:<\/strong> Adattamento specifico per il display inferiore per consentire la corretta chiusura del dispositivo.<\/li>\n<li><strong>Protezione dai graffi:<\/strong> La superficie resistente protegge dall&#8217;uso dello stilo e dall&#8217;usura quotidiana.<\/li>\n<li><strong>Cristallino: il<\/strong> materiale ultra-trasparente garantisce una grafica di gioco vivida e ininterrotta.<\/li>\n<li><strong>Resistente alle sbavature:<\/strong> Il rivestimento oleofobico mantiene il touch screen libero da impronte e oli.<\/li>\n<li><strong>Facile applicazione:<\/strong> Installazione rapida e priva di bolle d&#8217;aria per una vestibilit\u00e0 professionale e perfetta.<\/li>\n<\/ul>\n[cg_accordion title=\"INFO SUL PAGAMENTO\"]<\/p>\n<p>Utilizziamo la pi\u00f9 recente tecnologia di elaborazione dei pagamenti, che ti permette di effettuare il checkout tramite Apple Pay, Google Pay, la tua carta di debito\/credito, PayPal o metodi BNPL come Klarna, Affirm o AfterPay per un&#8217;esperienza veloce e sicura.[\/cg_accordion]\n[cg_accordion title=\"GARANZIA\"]<\/p>\n<p>1 anno di garanzia da parte di <a href=\"https:\/\/droix.net\/\" target=\"_blank\" rel=\"nofollow noopener\">DROIX Global<\/a> per la tua tranquillit\u00e0[\/cg_accordion]\n[cg_accordion title=\"GARANZIA DI QUALIT\u00c0 E TEST PRE-SPEDIZIONE\"]<\/p>\n<p>Garantire la soddisfazione del cliente ai massimi livelli: Ogni dispositivo viene sottoposto a test rigorosi e a un controllo di qualit\u00e0 in pi\u00f9 punti prima di essere spedito. Il nostro team dedicato verifica le prestazioni, la funzionalit\u00e0 e l&#8217;integrit\u00e0 dei componenti per garantire che il tuo dispositivo AYANEO sia perfettamente funzionante al momento dell&#8217;arrivo, offrendoti fiducia e tranquillit\u00e0. [\/cg_accordion]\n[cg_accordion title=\"PREZZI, TASSE E SPEDIZIONE\"]<\/p>\n<p><strong><u>Nota:<\/u><\/strong><\/p>\n<ul>\n<li>Clienti degli Stati Uniti: Il prezzo esposto non include tasse e dazi. La responsabilit\u00e0 dello sdoganamento e del pagamento di eventuali tasse e dazi \u00e8 a carico del cliente. <\/li>\n<li>Clienti UE: Il prezzo indicato \u00e8 comprensivo dell&#8217;imposta applicabile, che pu\u00f2 arrivare al 25% a seconda del paese.<\/li>\n<li>Clienti del Canada: Il prezzo indicato \u00e8 comprensivo delle imposte applicabili, che possono includere il 5% di GST e ulteriori imposte provinciali sulle vendite (PST), l&#8217;imposta sulle vendite armonizzata (HST) o l&#8217;imposta sulle vendite del Quebec (QST), a seconda della tua provincia.<\/li>\n<\/ul>\n<p>Per i nostri clienti USA: Gli ordini vengono spediti DAP (Delivered At Place). Sebbene i clienti siano responsabili del pagamento di tutte le tariffe applicabili, ci avvaliamo della nostra vasta esperienza nelle spedizioni dal Regno Unito per assicurarci che tu paghi il minor costo possibile. In base ai nostri dati, queste spese non superano in genere il 10% del valore dell&#8217;articolo.  <\/p>\n<p><strong>Solo per i clienti dell&#8217;UE:<\/strong> Express DDP (Delivered Duty Paid). Ci\u00f2 significa che: <\/p>\n<ul>\n<li>Tutti i dazi doganali e le tasse sono inclusi nel prezzo indicato nella pagina del prodotto.<\/li>\n<li>Non dovrai pagare alcun costo aggiuntivo alla consegna.<\/li>\n<li>Nel raro caso di problemi doganali, il nostro team si occuper\u00e0 del processo di sdoganamento per conto tuo per garantire una consegna senza problemi.<\/li>\n<p>Informazioni importanti sulla restituzione:<\/p>\n<li>Se decidi di restituire l&#8217;ordine o di richiedere un rimborso, tieni presente che le tasse e i dazi pagati a tuo nome secondo i termini del DDP non possono essere rimborsati.<\/li>\n<p>Per informazioni dettagliate, consulta i nostri <a href=\"https:\/\/ayaneo.co\/it\/termini-di-servizio\/\" target=\"_blank\" rel=\"nofollow noopener\">Termini e Condizioni<\/a>.\n<\/ul>\n<p>[\/cg_accordion]\n[cg_accordion title=\"ASSISTENZA CLIENTI\"]<\/p>\n<p>Hai una domanda? Basta un breve messaggio per risolvere il tuo problema! [\/cg_accordion]\n[cg_accordion title=\"IL PACCHETTO INCLUDE\"]<\/p>\n<ul>\n<li>1x AYANEO Pocket DS Proteggi schermo<\/li>\n<\/ul>\n<p>[\/cg_accordion]\n","protected":false},"featured_media":43477,"template":"","meta":{"_acf_changed":false},"product_brand":[],"product_cat":[381],"product_tag":[],"class_list":{"0":"post-44806","1":"product","2":"type-product","3":"status-publish","4":"has-post-thumbnail","6":"product_cat-accessori","7":"product_shipping_class-low-end","8":"pa_accessory-type-protezione-dello-schermo","9":"pa_brand-ayaneo","11":"first","12":"instock","13":"sale","14":"taxable","15":"shipping-taxable","16":"purchasable","17":"product-type-simple"},"acf":[],"_links":{"self":[{"href":"https:\/\/ayaneo.co\/it\/wp-json\/wp\/v2\/product\/44806","targetHints":{"allow":["GET"]}}],"collection":[{"href":"https:\/\/ayaneo.co\/it\/wp-json\/wp\/v2\/product"}],"about":[{"href":"https:\/\/ayaneo.co\/it\/wp-json\/wp\/v2\/types\/product"}],"wp:featuredmedia":[{"embeddable":true,"href":"https:\/\/ayaneo.co\/it\/wp-json\/wp\/v2\/media\/43477"}],"wp:attachment":[{"href":"https:\/\/ayaneo.co\/it\/wp-json\/wp\/v2\/media?parent=44806"}],"wp:term":[{"taxonomy":"product_brand","embeddable":true,"href":"https:\/\/ayaneo.co\/it\/wp-json\/wp\/v2\/product_brand?post=44806"},{"taxonomy":"product_cat","embeddable":true,"href":"https:\/\/ayaneo.co\/it\/wp-json\/wp\/v2\/product_cat?post=44806"},{"taxonomy":"product_tag","embeddable":true,"href":"https:\/\/ayaneo.co\/it\/wp-json\/wp\/v2\/product_tag?post=44806"}],"curies":[{"name":"wp","href":"https:\/\/api.w.org\/{rel}","templated":true}]}}