{"id":44868,"date":"2026-02-03T13:07:54","date_gmt":"2026-02-03T13:07:54","guid":{"rendered":"https:\/\/ayaneo.co\/product\/biwin-mini-ssd\/"},"modified":"2026-02-12T09:57:47","modified_gmt":"2026-02-12T09:57:47","slug":"biwin-mini-ssd","status":"publish","type":"product","link":"https:\/\/ayaneo.co\/it\/product\/biwin-mini-ssd\/","title":{"rendered":"BIWIN Mini SSD"},"content":{"rendered":"\n<h2 class=\"wp-block-heading\">BIWIN Mini SSD: Una nuova era di prestazioni di archiviazione<\/h2>\n\n<p>Nel mondo altamente competitivo dell&#8217;archiviazione portatile, il <strong>BIWIN Mini SSD<\/strong> emerge come un vero e proprio concentrato di potenza, in grado di offrire prestazioni d&#8217;eccellenza e una robusta durata per soddisfare ogni utente esigente. Questo dispositivo \u00e8 una dichiarazione di velocit\u00e0 senza compromessi e rappresenta un salto in avanti nella tecnologia di archiviazione ultracompatta. Il BIWIN Mini SSD \u00e8 una meraviglia di design e potenza, in grado di offrire un&#8217;esperienza dati di livello superiore, una portabilit\u00e0 senza pari e una serie di funzioni innovative che lo pongono all&#8217;apice del mercato. Realizzata per i professionisti e gli appassionati che esigono una velocit\u00e0 d&#8217;eccellenza e una soluzione ricca di funzionalit\u00e0, quest&#8217;unit\u00e0 \u00e8 in grado di superare i confini della gestione dei dati in movimento.   <\/p>\n\n<p>Il Mini SSD di BIWIN \u00e8 un titano dell&#8217;innovazione nel campo dei dispositivi di archiviazione compatti di fascia alta. Grazie alla tecnologia all&#8217;avanguardia <strong>PCIe Gen4x2<\/strong> e <strong>NVMe 1.4<\/strong>, il Mini SSD offre prestazioni mozzafiato con velocit\u00e0 di lettura sequenziale fino a <strong>3.700 MB\/s<\/strong> e velocit\u00e0 di scrittura fino a <strong>3.400 MB\/s<\/strong>. Questa velocit\u00e0 supera il limite delle prestazioni delle tradizionali schede microSD, posizionando la Mini SSD come un sostituto superiore e ad alta velocit\u00e0. Questa potenza \u00e8 racchiusa in un corpo ultracompatto di soli <strong>15,0 mm \u00d7 17,0 mm \u00d7 1,4 mm, reso<\/strong>possibile dall&#8217;avanzato packaging <a href=\"https:\/\/en.wikipedia.org\/wiki\/Land_grid_array\" target=\"_blank\" rel=\"noopener nofollow\" title=\"\">LGA (Land Grid Array)<\/a>.   <\/p>\n\n<p>Disponibile in opzioni ad alta capacit\u00e0 come <strong>512GB, 1TB e 2TB<\/strong>, il Mini SSD offre uno spazio di archiviazione eccezionale per carichi di lavoro impegnativi come la collaborazione nel cloud e l&#8217;elaborazione dei dati in tempo reale.<\/p>\n\n<h2 class=\"wp-block-heading\"><strong>Nota sulle prestazioni dei palmari<\/strong><\/h2>\n\n<p>Per gli utenti di dispositivi host specifici \u00e8 importante notare che, sebbene la Mini SSD offra una velocit\u00e0 teorica di picco di 3.700 MB\/s, le sue prestazioni reali saranno limitate dalle specifiche dello slot del dispositivo host. Ad esempio, quando viene installata in palmari da gioco compatibili, la velocit\u00e0 dell&#8217;unit\u00e0 \u00e8 tipicamente limitata perch\u00e9 il dispositivo utilizza una configurazione <strong>mini PCIe 4&#215;1<\/strong> (invece della specifica 4&#215;2). In base ai test di CrystalDiskMark, gli utenti possono aspettarsi velocit\u00e0 medie di lettura e scrittura di circa <strong>1.700 MB\/s<\/strong>. Questo garantisce comunque prestazioni affidabili e ad alta velocit\u00e0 di gran lunga superiori alle alternative microSD, anche se potrebbe non riflettere il massimo potenziale teorico assoluto dell&#8217;unit\u00e0.   <\/p>\n\n<p>Progettato per un&#8217;affidabilit\u00e0 senza compromessi, il dispositivo \u00e8 dotato di una struttura robusta con <strong>classificazione IP68<\/strong> per una protezione completa da polvere e acqua, che lo rende in grado di resistere alle condizioni pi\u00f9 difficili. L&#8217;affidabilit\u00e0 dei dati \u00e8 garantita da un firmware avanzato, che include il caching dinamico SLC e il livellamento dell&#8217;usura, mentre la durata \u00e8 rafforzata dal packaging LGA che consente di sopravvivere a cadute fino a <strong>3 metri<\/strong>. Grazie al suo versatile design modulare, \u00e8 un compagno durevole e pronto per il futuro per applicazioni in dispositivi mobili, palmari per il gioco (come GPD Win 5 e OneXPlayer Super X) e per l&#8217;edge computing.  <\/p>\n","protected":false},"excerpt":{"rendered":"\n<ul>\n<li>Interfaccia: <strong>PCIe Gen4x2<\/strong> con protocollo **NVMe 1.4<\/li>\n<li>Fattore di forma: <strong>Pacchetto LGA ultracompatto<\/strong> (15,0 mm \u00d7 17,0 mm \u00d7 1,4 mm)<\/li>\n<li>Prestazioni: Fino a **3.700 MB\/s in lettura** \/ fino a **3.400 MB\/s in scrittura**<\/li>\n<li>Capacit\u00e0: 512GB, 1TB o 2TB 3D TLC NAND<\/li>\n<li>Durata: Resistenza alla polvere e all&#8217;acqua <strong>IP68<\/strong> \/ **caduta da 3 metri** Sopravvivenza<\/li>\n<li>Tecnologia: Cache dinamica **SLC** e **Wear Leveling**<\/li>\n<\/ul>\n[cg_accordion title=\"INFO SUL PAGAMENTO\"]<\/p>\n<p>Utilizziamo la pi\u00f9 recente tecnologia di elaborazione dei pagamenti, che ti permette di effettuare il checkout tramite Apple Pay, Google Pay, la tua carta di debito\/credito, PayPal o metodi BNPL come Klarna, Affirm o AfterPay per un&#8217;esperienza veloce e sicura.[\/cg_accordion]\n[cg_accordion title=\"GARANZIA\"]<\/p>\n<p>1 anno di garanzia da parte di <a href=\"https:\/\/droix.net\/\" target=\"_blank\" rel=\"nofollow noopener\">DROIX Global<\/a> per la tua tranquillit\u00e0[\/cg_accordion]\n[cg_accordion title=\"GARANZIA DI QUALIT\u00c0 E TEST PRE-SPEDIZIONE\"]<\/p>\n<p>Garantire la soddisfazione del cliente ai massimi livelli: Ogni dispositivo viene sottoposto a test rigorosi e a un controllo di qualit\u00e0 in pi\u00f9 punti prima di essere spedito. Il nostro team dedicato verifica le prestazioni, la funzionalit\u00e0 e l&#8217;integrit\u00e0 dei componenti per garantire che il tuo dispositivo AYANEO sia perfettamente funzionante al momento dell&#8217;arrivo, offrendoti fiducia e tranquillit\u00e0. [\/cg_accordion]\n[cg_accordion title=\"PREZZI, TASSE E SPEDIZIONE\"]<\/p>\n<p><strong><u>Nota:<\/u><\/strong><\/p>\n<ul>\n<li>Clienti degli Stati Uniti: Il prezzo esposto non include tasse e dazi. La responsabilit\u00e0 dello sdoganamento e del pagamento di eventuali tasse e dazi \u00e8 a carico del cliente. <\/li>\n<li>Clienti UE: Il prezzo indicato \u00e8 comprensivo dell&#8217;imposta applicabile, che pu\u00f2 arrivare al 25% a seconda del paese.<\/li>\n<li>Clienti del Canada: Il prezzo indicato \u00e8 comprensivo delle imposte applicabili, che possono includere il 5% di GST e ulteriori imposte provinciali sulle vendite (PST), l&#8217;imposta sulle vendite armonizzata (HST) o l&#8217;imposta sulle vendite del Quebec (QST), a seconda della tua provincia.<\/li>\n<\/ul>\n<p>Per i nostri clienti USA: Gli ordini vengono spediti DAP (Delivered At Place). Sebbene i clienti siano responsabili del pagamento di tutte le tariffe applicabili, ci avvaliamo della nostra vasta esperienza nelle spedizioni dal Regno Unito per assicurarci che tu paghi il minor costo possibile. In base ai nostri dati, queste spese non superano in genere il 10% del valore dell&#8217;articolo.  <\/p>\n<p><strong>Solo per i clienti dell&#8217;UE:<\/strong> Express DDP (Delivered Duty Paid). Ci\u00f2 significa che: <\/p>\n<ul>\n<li>Tutti i dazi doganali e le tasse sono inclusi nel prezzo indicato nella pagina del prodotto.<\/li>\n<li>Non dovrai pagare alcun costo aggiuntivo alla consegna.<\/li>\n<li>Nel raro caso di problemi doganali, il nostro team si occuper\u00e0 del processo di sdoganamento per conto tuo per garantire una consegna senza problemi.<\/li>\n<p>Informazioni importanti sulla restituzione:<\/p>\n<li>Se decidi di restituire l&#8217;ordine o di richiedere un rimborso, tieni presente che le tasse e i dazi pagati a tuo nome secondo i termini del DDP non possono essere rimborsati.<\/li>\n<p>Per informazioni dettagliate, consulta i nostri <a href=\"https:\/\/ayaneo.co\/it\/termini-di-servizio\/\" target=\"_blank\" rel=\"nofollow noopener\">Termini e Condizioni<\/a>.\n<\/ul>\n<p>[\/cg_accordion]\n[cg_accordion title=\"ASSISTENZA CLIENTI\"]<\/p>\n<p>Hai una domanda? Basta un breve messaggio per risolvere il tuo problema! [\/cg_accordion]\n[cg_accordion title=\"IL PACCHETTO INCLUDE\"]<\/p>\n<ul>\n<li>1x BIWIN Mini SSD<\/li>\n<\/ul>\n<p>[\/cg_accordion]\n","protected":false},"featured_media":44141,"template":"","meta":{"_acf_changed":false},"product_brand":[],"product_cat":[381],"product_tag":[],"class_list":{"0":"post-44868","1":"product","2":"type-product","3":"status-publish","4":"has-post-thumbnail","6":"product_cat-accessori","7":"product_shipping_class-low-end","8":"pa_brand-biwin","10":"first","11":"instock","12":"taxable","13":"shipping-taxable","14":"purchasable","15":"product-type-variable","16":"has-default-attributes"},"acf":[],"_links":{"self":[{"href":"https:\/\/ayaneo.co\/it\/wp-json\/wp\/v2\/product\/44868","targetHints":{"allow":["GET"]}}],"collection":[{"href":"https:\/\/ayaneo.co\/it\/wp-json\/wp\/v2\/product"}],"about":[{"href":"https:\/\/ayaneo.co\/it\/wp-json\/wp\/v2\/types\/product"}],"wp:featuredmedia":[{"embeddable":true,"href":"https:\/\/ayaneo.co\/it\/wp-json\/wp\/v2\/media\/44141"}],"wp:attachment":[{"href":"https:\/\/ayaneo.co\/it\/wp-json\/wp\/v2\/media?parent=44868"}],"wp:term":[{"taxonomy":"product_brand","embeddable":true,"href":"https:\/\/ayaneo.co\/it\/wp-json\/wp\/v2\/product_brand?post=44868"},{"taxonomy":"product_cat","embeddable":true,"href":"https:\/\/ayaneo.co\/it\/wp-json\/wp\/v2\/product_cat?post=44868"},{"taxonomy":"product_tag","embeddable":true,"href":"https:\/\/ayaneo.co\/it\/wp-json\/wp\/v2\/product_tag?post=44868"}],"curies":[{"name":"wp","href":"https:\/\/api.w.org\/{rel}","templated":true}]}}