{"id":47539,"date":"2026-03-23T10:44:43","date_gmt":"2026-03-23T10:44:43","guid":{"rendered":"https:\/\/ayaneo.co\/product\/cavo-usb5-80gbps-240w-8k-60hz-compatibile-con-thunderbolt-5\/"},"modified":"2026-04-24T10:32:11","modified_gmt":"2026-04-24T10:32:11","slug":"cavo-usb5-80gbps-240w-8k-60hz-compatibile-con-thunderbolt-5","status":"publish","type":"product","link":"https:\/\/ayaneo.co\/it\/product\/cavo-usb5-80gbps-240w-8k-60hz-compatibile-con-thunderbolt-5\/","title":{"rendered":"Cavo USB5 80Gbps 240W | 8K 60Hz compatibile con Thunderbolt 5"},"content":{"rendered":"\n<h2 class=\"wp-block-heading\">Cavo USB5 80Gbps 240W: la soluzione Thunderbolt 5 definitiva per i flussi di lavoro professionali<\/h2>\n\n<p id=\"p-rc_98f34dcd8f33ef71-24\">Il <strong>cavo USB5 80Gbps 240W<\/strong> rappresenta un salto monumentale nella tecnologia di connettivit\u00e0 per gli utenti pi\u00f9 esigenti. Poich\u00e9 l&#8217;hardware moderno richiede velocit\u00e0 senza precedenti, questo cavo \u00e8 stato progettato per soddisfare gli ultimi standard Thunderbolt 5 e USB4 2.0. Offre un&#8217;enorme larghezza di banda bidirezionale di 80 Gbps, raddoppiando di fatto le prestazioni delle generazioni precedenti.  <sup><\/sup>  Di conseguenza, ora puoi trasferire enormi file video 8K o librerie di progetti in una frazione del tempo richiesto in precedenza.<\/p>\n\n<h2 class=\"wp-block-heading\">In che modo il cavo USB5 80Gbps 240W ottimizza la configurazione del tuo schermo?<\/h2>\n\n<p id=\"p-rc_98f34dcd8f33ef71-25\">I professionisti della visione scopriranno che il <strong>cavo USB5 80Gbps 240W<\/strong> \u00e8 uno strumento essenziale per il multitasking ad alta risoluzione. Questo cavo supporta il protocollo avanzato DisplayPort 2.1, consentendo un&#8217;uscita singola 8K 60Hz o anche configurazioni doppie 8K. <sup><\/sup>  Inoltre, l&#8217;innovativa tecnologia &#8220;Bandwidth Boost\" pu\u00f2 riconfigurare le corsie dati.<sup><\/sup>  Questo permette al cavo di fornire fino a 120Gbps per le attivit\u00e0 di visualizzazione, mantenendo un robusto 40Gbps per il ritorno dei dati.<sup><\/sup><\/p>\n\n<p>I flussi di lavoro professionali sono notevolmente migliorati da questa flessibilit\u00e0. Mentre un monitor ad alta velocit\u00e0 di aggiornamento viene pilotato, il <strong>cavo USB5 80Gbps 240W<\/strong> assicura che l&#8217;archiviazione esterna rimanga reattiva. Grazie all&#8217;inclusione della codifica del segnale PAM3, l&#8217;integrit\u00e0 dei dati viene mantenuta anche a queste velocit\u00e0 sbalorditive. Di conseguenza, lo sfarfallio dello schermo e la corruzione dei dati diventano problemi del passato.   <\/p>\n\n<h2 class=\"wp-block-heading\">Potenza erogata e qualit\u00e0 costruttiva di 240W senza pari<\/h2>\n\n<p id=\"p-rc_98f34dcd8f33ef71-26\">Le capacit\u00e0 di ricarica sono state radicalmente migliorate con questo nuovo standard. Il <strong>cavo USB5 80Gbps 240W<\/strong> supporta le ultime specifiche PD 3.1 Extended Power Range (EPR).<sup><\/sup> Ci\u00f2 significa che attraverso il cavo \u00e8 possibile convogliare in modo sicuro fino a 240W di potenza verso il tuo dispositivo. In questo modo, anche i portatili da gioco pi\u00f9 assetati di energia possono essere ricaricati alla massima velocit\u00e0 senza dover ricorrere a un connettore &#8220;brick\" proprietario.  <\/p>\n\n<p id=\"p-rc_98f34dcd8f33ef71-27\">La durata \u00e8 stata chiaramente una priorit\u00e0 durante la progettazione del <strong>cavo USB5 80Gbps 240W<\/strong>. Il cablaggio interno \u00e8 protetto da uno schermo in lega intrecciata ad alta densit\u00e0 per ridurre al minimo le interferenze elettromagnetiche. <sup><\/sup>  Inoltre, il rivestimento esterno \u00e8 realizzato in TPE flessibile, testato per resistere a oltre 2.000 cicli di piegatura.<sup><\/sup>  Poich\u00e9 i connettori sono placcati in nichel, possono essere inseriti per oltre 10.000 volte, garantendo una connessione affidabile per molti anni.<\/p>\n\n<h2 class=\"wp-block-heading\">Proteggi il tuo impianto in futuro con il cavo USB5 80Gbps 240W<\/h2>\n\n<p id=\"p-rc_98f34dcd8f33ef71-28\">La compatibilit\u00e0 non \u00e8 mai un problema con questo versatile accessorio. Sebbene sia stato costruito per il futuro, il <strong>cavo USB5 80Gbps 240W<\/strong> \u00e8 pienamente compatibile con i dispositivi <a href=\"https:\/\/www.intel.com\/content\/www\/us\/en\/gaming\/resources\/upgrade-gaming-accessories-thunderbolt-4.html\" target=\"_blank\" rel=\"noopener nofollow\" title=\"\">Thunderbolt 4<\/a> e<a href=\"https:\/\/www.thunderbolttechnology.net\/blog\/thunderbolt-3-usb-c-does-it-all\" target=\"_blank\" rel=\"noopener nofollow\" title=\"\"> Thunderbolt 3<\/a>. Funziona perfettamente anche con le porte USB4, USB 3.2 e USB-C standard. Che tu stia collegando una eGPU di ultima generazione tramite PCIe 4.0 o semplicemente sincronizzando un telefono cellulare, le prestazioni sono sempre ottimizzate.   <\/p>\n\n<p>Non lasciare che un cablaggio di qualit\u00e0 inferiore blocchi il tuo hardware di fascia alta e rallenti il tuo processo creativo. Assicurati oggi stesso il tuo <strong>cavo USB5 80Gbps 240W<\/strong> per essere sicuro di essere all&#8217;avanguardia. Le scorte di questa tecnologia di nuova generazione si stanno muovendo velocemente, quindi agisci subito per assicurarti che la tua workstation sia pronta per la rivoluzione degli 80Gbps. Prova l&#8217;apice della velocit\u00e0 e della potenza ordinando oggi stesso nel nostro negozio!   <\/p>\n\n<p><\/p>\n","protected":false},"excerpt":{"rendered":"<ul>\n<li><strong>80Gbps Pro Data<\/strong> - Trasferimenti bidirezionali velocissimi per file di grandi dimensioni.<\/li>\n<li><strong>Ricarica EPR da 240W<\/strong> - Supporto completo PD 3.1 per laptop ad alte prestazioni.<\/li>\n<li><strong>Immagini 8K@60Hz<\/strong> - Visualizzazione immersiva 8K o doppia 4K tramite DisplayPort 2.1.<\/li>\n<li><strong>IC di sicurezza E-Mark<\/strong> - Il chipset intelligente garantisce un&#8217;alimentazione stabile e regolata dal calore.<\/li>\n<li><strong>Lega di zinco e struttura intrecciata<\/strong> - Design premium rinforzato per la massima durata.<\/li>\n<\/ul>\n[cg_accordion title=\"INFO SUL PAGAMENTO\"]<\/p>\n<p>Utilizziamo la pi\u00f9 recente tecnologia di elaborazione dei pagamenti, che ti permette di effettuare il checkout tramite Apple Pay, Google Pay, la tua carta di debito\/credito, PayPal o metodi BNPL come Klarna, Affirm o AfterPay per un&#8217;esperienza veloce e sicura.[\/cg_accordion]\n[cg_accordion title=\"GARANZIA\"]<\/p>\n<p>1 anno di garanzia da parte di <a href=\"https:\/\/droix.net\/\" target=\"_blank\" rel=\"nofollow noopener\">DROIX Global<\/a> per la tua tranquillit\u00e0[\/cg_accordion]\n[cg_accordion title=\"GARANZIA DI QUALIT\u00c0 E TEST PRE-SPEDIZIONE\"]<\/p>\n<p>Garantire la soddisfazione del cliente ai massimi livelli: Ogni dispositivo viene sottoposto a test rigorosi e a un controllo di qualit\u00e0 in pi\u00f9 punti prima di essere spedito. Il nostro team dedicato verifica le prestazioni, la funzionalit\u00e0 e l&#8217;integrit\u00e0 dei componenti per garantire che il tuo dispositivo AYANEO sia perfettamente funzionante al momento dell&#8217;arrivo, offrendoti fiducia e tranquillit\u00e0. [\/cg_accordion]\n[cg_accordion title=\"PREZZI, TASSE E SPEDIZIONE\"]<\/p>\n<p><strong><u>Nota:<\/u><\/strong><\/p>\n<ul>\n<li>Clienti degli Stati Uniti: Il prezzo esposto non include tasse e dazi. La responsabilit\u00e0 dello sdoganamento e del pagamento di eventuali tasse e dazi \u00e8 a carico del cliente. <\/li>\n<li>Clienti UE: Il prezzo indicato \u00e8 comprensivo dell&#8217;imposta applicabile, che pu\u00f2 arrivare al 25% a seconda del paese.<\/li>\n<li>Clienti del Canada: Il prezzo indicato \u00e8 comprensivo delle imposte applicabili, che possono includere il 5% di GST e ulteriori imposte provinciali sulle vendite (PST), l&#8217;imposta sulle vendite armonizzata (HST) o l&#8217;imposta sulle vendite del Quebec (QST), a seconda della tua provincia.<\/li>\n<\/ul>\n<p>Per i nostri clienti USA: Gli ordini vengono spediti DAP (Delivered At Place). Sebbene i clienti siano responsabili del pagamento di tutte le tariffe applicabili, ci avvaliamo della nostra vasta esperienza nelle spedizioni dal Regno Unito per assicurarci che tu paghi il minor costo possibile. In base ai nostri dati, queste spese non superano in genere il 10% del valore dell&#8217;articolo.  <\/p>\n<p><strong>Solo per i clienti dell&#8217;UE:<\/strong> Express DDP (Delivered Duty Paid). Ci\u00f2 significa che: <\/p>\n<ul>\n<li>Tutti i dazi doganali e le tasse sono inclusi nel prezzo indicato nella pagina del prodotto.<\/li>\n<li>Non dovrai pagare alcun costo aggiuntivo alla consegna.<\/li>\n<li>Nel raro caso di problemi doganali, il nostro team si occuper\u00e0 del processo di sdoganamento per conto tuo per garantire una consegna senza problemi.<\/li>\n<p>Informazioni importanti sulla restituzione:<\/p>\n<li>Se decidi di restituire l&#8217;ordine o di richiedere un rimborso, tieni presente che le tasse e i dazi pagati a tuo nome secondo i termini del DDP non possono essere rimborsati.<\/li>\n<p>Per informazioni dettagliate, consulta i nostri <a href=\"https:\/\/ayaneo.co\/it\/termini-di-servizio\/\" target=\"_blank\" rel=\"nofollow noopener\">Termini e Condizioni<\/a>.\n<\/ul>\n<p>[\/cg_accordion]\n[cg_accordion title=\"ASSISTENZA CLIENTI\"]<\/p>\n<p>Hai una domanda? Basta un breve messaggio per risolvere il tuo problema! [\/cg_accordion]\n[cg_accordion title=\"IL PACCHETTO INCLUDE\"]<\/p>\n<ul>\n<li>1x Cavo USB5 Type-C | 80Gbps 240W (1m)<\/li>\n<\/ul>\n<p>[\/cg_accordion]\n","protected":false},"featured_media":45904,"template":"","meta":{"_acf_changed":false},"product_brand":[],"product_cat":[381],"product_tag":[],"class_list":{"0":"post-47539","1":"product","2":"type-product","3":"status-publish","4":"has-post-thumbnail","6":"product_cat-accessori","7":"product_shipping_class-low-end","9":"first","10":"instock","11":"sale","12":"taxable","13":"shipping-taxable","14":"purchasable","15":"product-type-simple"},"acf":[],"_links":{"self":[{"href":"https:\/\/ayaneo.co\/it\/wp-json\/wp\/v2\/product\/47539","targetHints":{"allow":["GET"]}}],"collection":[{"href":"https:\/\/ayaneo.co\/it\/wp-json\/wp\/v2\/product"}],"about":[{"href":"https:\/\/ayaneo.co\/it\/wp-json\/wp\/v2\/types\/product"}],"wp:featuredmedia":[{"embeddable":true,"href":"https:\/\/ayaneo.co\/it\/wp-json\/wp\/v2\/media\/45904"}],"wp:attachment":[{"href":"https:\/\/ayaneo.co\/it\/wp-json\/wp\/v2\/media?parent=47539"}],"wp:term":[{"taxonomy":"product_brand","embeddable":true,"href":"https:\/\/ayaneo.co\/it\/wp-json\/wp\/v2\/product_brand?post=47539"},{"taxonomy":"product_cat","embeddable":true,"href":"https:\/\/ayaneo.co\/it\/wp-json\/wp\/v2\/product_cat?post=47539"},{"taxonomy":"product_tag","embeddable":true,"href":"https:\/\/ayaneo.co\/it\/wp-json\/wp\/v2\/product_tag?post=47539"}],"curies":[{"name":"wp","href":"https:\/\/api.w.org\/{rel}","templated":true}]}}