{"id":48676,"date":"2026-05-08T12:11:58","date_gmt":"2026-05-08T12:11:58","guid":{"rendered":"https:\/\/ayaneo.co\/product\/caricabatterie-da-parete-usb-c-140w-droix\/"},"modified":"2026-05-13T11:27:29","modified_gmt":"2026-05-13T11:27:29","slug":"caricabatterie-da-parete-usb-c-140w-droix","status":"publish","type":"product","link":"https:\/\/ayaneo.co\/it\/product\/caricabatterie-da-parete-usb-c-140w-droix\/","title":{"rendered":"Caricabatterie da parete USB-C 140W DROIX"},"content":{"rendered":"\n<div class=\"wp-block-columns is-layout-flex wp-container-core-columns-is-layout-28f84493 wp-block-columns-is-layout-flex\">\n<div class=\"wp-block-column is-layout-flow wp-block-column-is-layout-flow\" style=\"flex-basis:33.33%\">\n<figure class=\"wp-block-image size-large\"><a href=\"https:\/\/ayaneo.co\/wp-content\/uploads\/2026\/05\/DROIX-140W-BLACK-DONE-01.png\"><img fetchpriority=\"high\" decoding=\"async\" width=\"1024\" height=\"1024\" src=\"https:\/\/ayaneo.co\/wp-content\/uploads\/2026\/05\/DROIX-140W-BLACK-DONE-01-1024x1024.png\" alt=\"Un rendering dettagliato di due caricabatterie da parete DROIX 140W GaN da diverse prospettive, visualizzate su uno sfondo nero. Il caricabatterie in primo piano &#xE8; in una vista frontale di tre quarti. Si tratta di un blocco nero opaco con la spina USA pieghevole parzialmente estesa sul lato sinistro. Sul lato, il testo bianco in evidenza recita &quot;CHARGER 140W&quot; con una grande &quot;O&quot; e una piccola &quot;140&quot; sopra la &quot;O&quot; e il logo DROIX sotto di essa. Il frontale nero lucido presenta un display circolare centrale con un anello dinamico color arcobaleno intorno al testo bianco &quot;140 W&quot; e una piccola icona di ricarica verde. Sotto il display si trova un pulsante o un indicatore LED. Lo sfondo del caricabatterie &#xE8; in una vista posteriore di tre quarti, che mostra le porte e i dettagli del testo. In piccolo testo bianco sono elencate le specifiche tecniche e le certificazioni di sicurezza su pi&#xF9; righe (come i numeri di modello, i valori di tensione\/corrente e i marchi CE, FCC, UKCA). Questa unit&#xE0; mostra le sue quattro porte di uscita: dall'alto verso il basso, una porta USB-A di colore arancione con la scritta &quot;22.5W Max&quot;, seguita da tre porte USB-C con le scritte &quot;40W&quot;, &quot;100W&quot; e &quot;140W&quot;. Entrambe le unit&#xE0; presentano griglie di ventilazione superiori. Questa composizione offre una visione completa del marchio, del display e delle porte del caricabatterie.          \" class=\"wp-image-47708\" srcset=\"https:\/\/ayaneo.co\/wp-content\/uploads\/2026\/05\/DROIX-140W-BLACK-DONE-01-1024x1024.png 1024w, https:\/\/ayaneo.co\/wp-content\/uploads\/2026\/05\/DROIX-140W-BLACK-DONE-01-300x300.png 300w, https:\/\/ayaneo.co\/wp-content\/uploads\/2026\/05\/DROIX-140W-BLACK-DONE-01-150x150.png 150w, https:\/\/ayaneo.co\/wp-content\/uploads\/2026\/05\/DROIX-140W-BLACK-DONE-01-768x768.png 768w, https:\/\/ayaneo.co\/wp-content\/uploads\/2026\/05\/DROIX-140W-BLACK-DONE-01-65x65.png 65w, https:\/\/ayaneo.co\/wp-content\/uploads\/2026\/05\/DROIX-140W-BLACK-DONE-01-990x990.png 990w, https:\/\/ayaneo.co\/wp-content\/uploads\/2026\/05\/DROIX-140W-BLACK-DONE-01-441x441.png 441w, https:\/\/ayaneo.co\/wp-content\/uploads\/2026\/05\/DROIX-140W-BLACK-DONE-01-100x100.png 100w, https:\/\/ayaneo.co\/wp-content\/uploads\/2026\/05\/DROIX-140W-BLACK-DONE-01-600x600.png 600w, https:\/\/ayaneo.co\/wp-content\/uploads\/2026\/05\/DROIX-140W-BLACK-DONE-01.png 1500w\" sizes=\"(max-width: 1024px) 100vw, 1024px\" \/><\/a><\/figure>\n<\/div>\n\n\n\n<div class=\"wp-block-column is-layout-flow wp-block-column-is-layout-flow\" style=\"flex-basis:66.66%\">\n<h2 class=\"wp-block-heading\"><strong><strong>DROIX Caricatore da parete USB-C GaN da 140W: L&#8217;hub di alimentazione ad alte prestazioni per eccellenza<\/strong><\/strong><\/h2>\n\n\n\n<p>Il caricabatterie da parete USB-C 140W di DROIX \u00e8 la risposta definitiva alla &#8220;confusione dei caricabatterie\". Progettato per la prossima generazione di utenti, questo caricabatterie compatto utilizza semiconduttori al nitruro di gallio (GaN) per fornire una potenza enorme senza l&#8217;ingombro dei tradizionali mattoni di silicio. Sia che tu stia spingendo al limite un <a href=\"https:\/\/ayaneo.co\/it\/product\/ayaneo-3\/\" target=\"_blank\" rel=\"noreferrer noopener\">AYANEO 3<\/a> ad alte prestazioni o che tu stia ricaricando velocemente un laptop professionale, questo caricabatterie ti fornisce lo spazio vitale per le massime prestazioni. D\u00ec addio a una borsa piena di adattatori spaiati e dai il benvenuto a una soluzione elegante e ad alta efficienza.   <\/p>\n<\/div>\n<\/div>\n\n<h2 class=\"wp-block-heading has-text-align-center\"><strong>Scopri perch\u00e9 il caricatore da parete USB-C 140W di DROIX \u00e8 il tuo compagno globale pi\u00f9 importante<\/strong><\/h2>\n\n<div class=\"wp-block-columns is-layout-flex wp-container-core-columns-is-layout-28f84493 wp-block-columns-is-layout-flex\">\n<div class=\"wp-block-column is-layout-flow wp-block-column-is-layout-flow\">\n<figure class=\"wp-block-image size-large\"><a href=\"https:\/\/ayaneo.co\/wp-content\/uploads\/2026\/05\/DROIX-140W-MARKETING-DONE-05.jpg\"><img decoding=\"async\" width=\"1024\" height=\"1024\" src=\"https:\/\/ayaneo.co\/wp-content\/uploads\/2026\/05\/DROIX-140W-MARKETING-DONE-05-1024x1024.jpg\" alt=\"Caricabatterie Droix 140W con opzioni di spina UE\/USA pieghevoli e dimensioni mostrate su sfondo bianco\" class=\"wp-image-47738\" srcset=\"https:\/\/ayaneo.co\/wp-content\/uploads\/2026\/05\/DROIX-140W-MARKETING-DONE-05-1024x1024.jpg 1024w, https:\/\/ayaneo.co\/wp-content\/uploads\/2026\/05\/DROIX-140W-MARKETING-DONE-05-300x300.jpg 300w, https:\/\/ayaneo.co\/wp-content\/uploads\/2026\/05\/DROIX-140W-MARKETING-DONE-05-150x150.jpg 150w, https:\/\/ayaneo.co\/wp-content\/uploads\/2026\/05\/DROIX-140W-MARKETING-DONE-05-768x768.jpg 768w, https:\/\/ayaneo.co\/wp-content\/uploads\/2026\/05\/DROIX-140W-MARKETING-DONE-05-65x65.jpg 65w, https:\/\/ayaneo.co\/wp-content\/uploads\/2026\/05\/DROIX-140W-MARKETING-DONE-05-990x990.jpg 990w, https:\/\/ayaneo.co\/wp-content\/uploads\/2026\/05\/DROIX-140W-MARKETING-DONE-05-441x441.jpg 441w, https:\/\/ayaneo.co\/wp-content\/uploads\/2026\/05\/DROIX-140W-MARKETING-DONE-05-100x100.jpg 100w, https:\/\/ayaneo.co\/wp-content\/uploads\/2026\/05\/DROIX-140W-MARKETING-DONE-05-600x600.jpg 600w, https:\/\/ayaneo.co\/wp-content\/uploads\/2026\/05\/DROIX-140W-MARKETING-DONE-05.jpg 1500w\" sizes=\"(max-width: 1024px) 100vw, 1024px\" \/><\/a><\/figure>\n<\/div>\n\n\n\n<div class=\"wp-block-column is-layout-flow wp-block-column-is-layout-flow\">\n<figure class=\"wp-block-image size-large\"><a href=\"https:\/\/ayaneo.co\/wp-content\/uploads\/2026\/05\/DROIX-140W-MARKETING-DONE-012.jpg\"><img decoding=\"async\" width=\"1024\" height=\"1024\" src=\"https:\/\/ayaneo.co\/wp-content\/uploads\/2026\/05\/DROIX-140W-MARKETING-DONE-012-1024x1024.jpg\" alt=\"Un caricatore da parete USB-C DROIX 140W collegato a una presa di corrente, ricarica simultaneamente quattro dispositivi tra cui un laptop, un tablet, uno smartphone e uno smartwatch. L'immagine evidenzia la capacit&#xE0; di &quot;Ricarica simultanea di 4 dispositivi&quot; con quattro cavi collegati alla parte inferiore dell'unit&#xE0;. \" class=\"wp-image-47768\" srcset=\"https:\/\/ayaneo.co\/wp-content\/uploads\/2026\/05\/DROIX-140W-MARKETING-DONE-012-1024x1024.jpg 1024w, https:\/\/ayaneo.co\/wp-content\/uploads\/2026\/05\/DROIX-140W-MARKETING-DONE-012-300x300.jpg 300w, https:\/\/ayaneo.co\/wp-content\/uploads\/2026\/05\/DROIX-140W-MARKETING-DONE-012-150x150.jpg 150w, https:\/\/ayaneo.co\/wp-content\/uploads\/2026\/05\/DROIX-140W-MARKETING-DONE-012-768x768.jpg 768w, https:\/\/ayaneo.co\/wp-content\/uploads\/2026\/05\/DROIX-140W-MARKETING-DONE-012-65x65.jpg 65w, https:\/\/ayaneo.co\/wp-content\/uploads\/2026\/05\/DROIX-140W-MARKETING-DONE-012-990x990.jpg 990w, https:\/\/ayaneo.co\/wp-content\/uploads\/2026\/05\/DROIX-140W-MARKETING-DONE-012-441x441.jpg 441w, https:\/\/ayaneo.co\/wp-content\/uploads\/2026\/05\/DROIX-140W-MARKETING-DONE-012-100x100.jpg 100w, https:\/\/ayaneo.co\/wp-content\/uploads\/2026\/05\/DROIX-140W-MARKETING-DONE-012-600x600.jpg 600w, https:\/\/ayaneo.co\/wp-content\/uploads\/2026\/05\/DROIX-140W-MARKETING-DONE-012.jpg 1500w\" sizes=\"(max-width: 1024px) 100vw, 1024px\" \/><\/a><\/figure>\n<\/div>\n<\/div>\n\n<p class=\"has-text-align-left\">La portabilit\u00e0 \u00e8 il fulcro del nostro design. Con un ingombro di soli 71 mm, il caricabatterie DROIX 140W USB-C GaN \u00e8 molto pi\u00f9 piccolo di un normale caricatore per laptop da 16&#8243;, ma conserva abbastanza forza per caricare un MacBook Pro da 16&#8243; alla massima velocit\u00e0. <\/p>\n\n<p class=\"has-text-align-left\">L&#8217;innovativo sistema a scatto \u00e8 un gioco da ragazzi per i viaggi internazionali. Puoi passare facilmente da una presa UK, EU, US e AUS all&#8217;altra in pochi secondi. Da un bar di Londra a un hotel di Sydney, puoi viaggiare in assoluta tranquillit\u00e0 sapendo che il tuo iPhone 16, iPhone 17 e la tua Nintendo Switch 2 rimarranno sempre riforniti e pronti all&#8217;azione.  <\/p>\n\n<h2 class=\"wp-block-heading has-text-align-center\"><strong>Distribuzione ottimizzata dell&#8217;energia tramite il caricatore da parete USB-C 140W di DROIX<\/strong><\/h2>\n\n<div class=\"wp-block-columns is-layout-flex wp-container-core-columns-is-layout-28f84493 wp-block-columns-is-layout-flex\">\n<div class=\"wp-block-column is-layout-flow wp-block-column-is-layout-flow\">\n<figure class=\"wp-block-image size-large\"><a href=\"https:\/\/ayaneo.co\/wp-content\/uploads\/2026\/05\/DROIX-140W-MARKETING-DONE-011.jpg\"><img loading=\"lazy\" decoding=\"async\" width=\"1024\" height=\"1024\" src=\"https:\/\/ayaneo.co\/wp-content\/uploads\/2026\/05\/DROIX-140W-MARKETING-DONE-011-1024x1024.jpg\" alt=\"Un'immagine ravvicinata del caricabatterie argentato DROIX 140W che mostra le sue quattro porte e il display integrato. Il testo sottolinea la tecnologia &quot;140W PD 3.1&quot;, evidenziando la sua capacit&#xE0; di adattarsi automaticamente e di ricaricare velocemente i laptop ad alte prestazioni. \" class=\"wp-image-47798\" srcset=\"https:\/\/ayaneo.co\/wp-content\/uploads\/2026\/05\/DROIX-140W-MARKETING-DONE-011-1024x1024.jpg 1024w, https:\/\/ayaneo.co\/wp-content\/uploads\/2026\/05\/DROIX-140W-MARKETING-DONE-011-300x300.jpg 300w, https:\/\/ayaneo.co\/wp-content\/uploads\/2026\/05\/DROIX-140W-MARKETING-DONE-011-150x150.jpg 150w, https:\/\/ayaneo.co\/wp-content\/uploads\/2026\/05\/DROIX-140W-MARKETING-DONE-011-768x768.jpg 768w, https:\/\/ayaneo.co\/wp-content\/uploads\/2026\/05\/DROIX-140W-MARKETING-DONE-011-65x65.jpg 65w, https:\/\/ayaneo.co\/wp-content\/uploads\/2026\/05\/DROIX-140W-MARKETING-DONE-011-990x990.jpg 990w, https:\/\/ayaneo.co\/wp-content\/uploads\/2026\/05\/DROIX-140W-MARKETING-DONE-011-441x441.jpg 441w, https:\/\/ayaneo.co\/wp-content\/uploads\/2026\/05\/DROIX-140W-MARKETING-DONE-011-100x100.jpg 100w, https:\/\/ayaneo.co\/wp-content\/uploads\/2026\/05\/DROIX-140W-MARKETING-DONE-011-600x600.jpg 600w, https:\/\/ayaneo.co\/wp-content\/uploads\/2026\/05\/DROIX-140W-MARKETING-DONE-011.jpg 1500w\" sizes=\"(max-width: 1024px) 100vw, 1024px\" \/><\/a><\/figure>\n<\/div>\n\n\n\n<div class=\"wp-block-column is-layout-flow wp-block-column-is-layout-flow\">\n<figure class=\"wp-block-image size-large\"><a href=\"https:\/\/ayaneo.co\/wp-content\/uploads\/2026\/05\/DROIX-140W-MARKETING-DONE-09.jpg\"><img loading=\"lazy\" decoding=\"async\" width=\"1024\" height=\"1024\" src=\"https:\/\/ayaneo.co\/wp-content\/uploads\/2026\/05\/DROIX-140W-MARKETING-DONE-09-1024x1024.jpg\" alt=\"Un'infografica intitolata &quot;Smart Visual Charger&quot; mostra le varie modalit&#xE0; di visualizzazione in tempo reale del caricabatterie DROIX 140W. Illustra le schermate dell'interfaccia per la potenza in uscita per porta, il tempo di utilizzo totale (88H), lo stato di salute termica e le icone di ricarica dinamica. \" class=\"wp-image-47828\" srcset=\"https:\/\/ayaneo.co\/wp-content\/uploads\/2026\/05\/DROIX-140W-MARKETING-DONE-09-1024x1024.jpg 1024w, https:\/\/ayaneo.co\/wp-content\/uploads\/2026\/05\/DROIX-140W-MARKETING-DONE-09-300x300.jpg 300w, https:\/\/ayaneo.co\/wp-content\/uploads\/2026\/05\/DROIX-140W-MARKETING-DONE-09-150x150.jpg 150w, https:\/\/ayaneo.co\/wp-content\/uploads\/2026\/05\/DROIX-140W-MARKETING-DONE-09-768x768.jpg 768w, https:\/\/ayaneo.co\/wp-content\/uploads\/2026\/05\/DROIX-140W-MARKETING-DONE-09-65x65.jpg 65w, https:\/\/ayaneo.co\/wp-content\/uploads\/2026\/05\/DROIX-140W-MARKETING-DONE-09-990x990.jpg 990w, https:\/\/ayaneo.co\/wp-content\/uploads\/2026\/05\/DROIX-140W-MARKETING-DONE-09-441x441.jpg 441w, https:\/\/ayaneo.co\/wp-content\/uploads\/2026\/05\/DROIX-140W-MARKETING-DONE-09-100x100.jpg 100w, https:\/\/ayaneo.co\/wp-content\/uploads\/2026\/05\/DROIX-140W-MARKETING-DONE-09-600x600.jpg 600w, https:\/\/ayaneo.co\/wp-content\/uploads\/2026\/05\/DROIX-140W-MARKETING-DONE-09.jpg 1500w\" sizes=\"(max-width: 1024px) 100vw, 1024px\" \/><\/a><\/figure>\n<\/div>\n<\/div>\n\n<p>Sfruttando l&#8217;avanzata tecnologia dei semiconduttori GaN, questo miglior caricatore usb c da 140w raggiunge un&#8217;efficienza leader nel settore con una generazione di calore significativamente inferiore. Supportando lo standard PD 3.1, \u00e8 completamente ottimizzato per i dispositivi pi\u00f9 assetati di energia del 2026, tra cui <a href=\"https:\/\/ayaneo.co\/it\/product\/ayaneo-pocket-evo\/\" target=\"_blank\" rel=\"noreferrer noopener\">AYANEO Pocket EVO<\/a> e <a href=\"https:\/\/ayaneo.co\/it\/product\/ayaneo-pocket-s2\/\" target=\"_blank\" rel=\"noreferrer noopener\">AYANEO Pocket S2<\/a>. <\/p>\n\n<p>Ricarica di mantenimento intelligente: Cambia automaticamente modalit\u00e0 all&#8217;80% della capacit\u00e0 per preservare la longevit\u00e0 della batteria del tuo costoso hardware.<\/p>\n\n<p>Eccellenza termica: L&#8217;architettura GaN riduce al minimo lo stress termico, mantenendo i tuoi MacBook e <a href=\"https:\/\/ayaneo.co\/it\/product\/konkr-pocket-fit\/\" target=\"_blank\" rel=\"noreferrer noopener\">KONKR Pocket FIT<\/a> in ottima salute per anni.<\/p>\n\n<h2 class=\"wp-block-heading has-text-align-center\"><strong><strong>Specifiche hardware e potenza di uscita del caricabatterie da parete USB-C 140W di DROIX<\/strong><\/strong><\/h2>\n\n<div class=\"wp-block-columns is-layout-flex wp-container-core-columns-is-layout-28f84493 wp-block-columns-is-layout-flex\">\n<div class=\"wp-block-column is-layout-flow wp-block-column-is-layout-flow\">\n<figure class=\"wp-block-image size-large\"><a href=\"https:\/\/ayaneo.co\/wp-content\/uploads\/2026\/05\/DROIX-140W-MARKETING-DONE-07.jpg\"><img loading=\"lazy\" decoding=\"async\" width=\"1024\" height=\"1024\" src=\"https:\/\/ayaneo.co\/wp-content\/uploads\/2026\/05\/DROIX-140W-MARKETING-DONE-07-1024x1024.jpg\" alt=\"Un'infografica tecnica completa che illustra la potenza di uscita e la distribuzione del caricabatterie DROIX 140W. La sezione superiore elenca il wattaggio massimo individuale e le specifiche di tensione\/amperaggio per le porte C1 (140W), C2 (100W), C3 (40W) e USB-A (22,5W). Le sezioni inferiori presentano dieci diagrammi che mostrano esattamente come il wattaggio viene condiviso e suddiviso tra le varie configurazioni a due, tre e quattro porte.  \" class=\"wp-image-47858\" srcset=\"https:\/\/ayaneo.co\/wp-content\/uploads\/2026\/05\/DROIX-140W-MARKETING-DONE-07-1024x1024.jpg 1024w, https:\/\/ayaneo.co\/wp-content\/uploads\/2026\/05\/DROIX-140W-MARKETING-DONE-07-300x300.jpg 300w, https:\/\/ayaneo.co\/wp-content\/uploads\/2026\/05\/DROIX-140W-MARKETING-DONE-07-150x150.jpg 150w, https:\/\/ayaneo.co\/wp-content\/uploads\/2026\/05\/DROIX-140W-MARKETING-DONE-07-768x768.jpg 768w, https:\/\/ayaneo.co\/wp-content\/uploads\/2026\/05\/DROIX-140W-MARKETING-DONE-07-65x65.jpg 65w, https:\/\/ayaneo.co\/wp-content\/uploads\/2026\/05\/DROIX-140W-MARKETING-DONE-07-990x990.jpg 990w, https:\/\/ayaneo.co\/wp-content\/uploads\/2026\/05\/DROIX-140W-MARKETING-DONE-07-441x441.jpg 441w, https:\/\/ayaneo.co\/wp-content\/uploads\/2026\/05\/DROIX-140W-MARKETING-DONE-07-100x100.jpg 100w, https:\/\/ayaneo.co\/wp-content\/uploads\/2026\/05\/DROIX-140W-MARKETING-DONE-07-600x600.jpg 600w, https:\/\/ayaneo.co\/wp-content\/uploads\/2026\/05\/DROIX-140W-MARKETING-DONE-07.jpg 1500w\" sizes=\"(max-width: 1024px) 100vw, 1024px\" \/><\/a><\/figure>\n<\/div>\n\n\n\n<div class=\"wp-block-column is-layout-flow wp-block-column-is-layout-flow\">\n<figure class=\"wp-block-image size-large\"><a href=\"https:\/\/ayaneo.co\/wp-content\/uploads\/2026\/05\/DROIX-140W-MARKETING-DONE-010.jpg\"><img loading=\"lazy\" decoding=\"async\" width=\"1024\" height=\"1024\" src=\"https:\/\/ayaneo.co\/wp-content\/uploads\/2026\/05\/DROIX-140W-MARKETING-DONE-010-1024x1024.jpg\" alt=\"Grafica di marketing intitolata &quot;Capisce le tue esigenze di ricarica&quot;, che evidenzia le 4 porte di uscita dell'unit&#xE0; (3 USB-C e 1 USB-A). L'immagine presenta una serie di dispositivi elettronici compatibili, tra cui un laptop, tablet, Nintendo Switch, smartphone, auricolari wireless, un drone e una fotocamera gimbal, a dimostrazione della versatilit&#xE0; del caricabatterie. \" class=\"wp-image-47888\" srcset=\"https:\/\/ayaneo.co\/wp-content\/uploads\/2026\/05\/DROIX-140W-MARKETING-DONE-010-1024x1024.jpg 1024w, https:\/\/ayaneo.co\/wp-content\/uploads\/2026\/05\/DROIX-140W-MARKETING-DONE-010-300x300.jpg 300w, https:\/\/ayaneo.co\/wp-content\/uploads\/2026\/05\/DROIX-140W-MARKETING-DONE-010-150x150.jpg 150w, https:\/\/ayaneo.co\/wp-content\/uploads\/2026\/05\/DROIX-140W-MARKETING-DONE-010-768x768.jpg 768w, https:\/\/ayaneo.co\/wp-content\/uploads\/2026\/05\/DROIX-140W-MARKETING-DONE-010-65x65.jpg 65w, https:\/\/ayaneo.co\/wp-content\/uploads\/2026\/05\/DROIX-140W-MARKETING-DONE-010-990x990.jpg 990w, https:\/\/ayaneo.co\/wp-content\/uploads\/2026\/05\/DROIX-140W-MARKETING-DONE-010-441x441.jpg 441w, https:\/\/ayaneo.co\/wp-content\/uploads\/2026\/05\/DROIX-140W-MARKETING-DONE-010-100x100.jpg 100w, https:\/\/ayaneo.co\/wp-content\/uploads\/2026\/05\/DROIX-140W-MARKETING-DONE-010-600x600.jpg 600w, https:\/\/ayaneo.co\/wp-content\/uploads\/2026\/05\/DROIX-140W-MARKETING-DONE-010.jpg 1500w\" sizes=\"(max-width: 1024px) 100vw, 1024px\" \/><\/a><\/figure>\n<\/div>\n<\/div>\n\n<p>Il caricatore da parete USB-C 140W di DROIX utilizza un layout flessibile a quattro porte per affrontare pi\u00f9 attivit\u00e0 di ricarica contemporaneamente. In particolare, la porta USB-C1 principale fornisce un picco di 140W in uscita grazie alla tecnologia PD 3.1 e PPS per la massima velocit\u00e0. Inoltre, la seconda porta USB-C2 offre ben 100W per mantenere i laptop di fascia alta al massimo della loro capacit\u00e0 durante i carichi di lavoro intensivi.  <\/p>\n\n<p>Inoltre, gli utenti possono sfruttare la porta USB-C3 da 40W per dispositivi elettronici di medie dimensioni come console o tablet. Allo stesso modo, la porta USB-A supporta l&#8217;hardware pi\u00f9 vecchio con un&#8217;uscita di 22,5W utilizzando i protocolli SCP e QC 3.0. Poich\u00e9 tutte e quattro le porte sono monitorate da sistemi di sicurezza intelligenti, il tuo hardware \u00e8 sempre protetto da danni elettrici. Per questo motivo, il caricatore da parete USB-C 140W di DROIX \u00e8 considerato l&#8217;hub pi\u00f9 efficiente per una configurazione multidispositivo.   <\/p>\n\n<h2 class=\"wp-block-heading has-text-align-center\"><strong>Monitoraggio avanzato dell&#8217;energia tramite il display integrato del caricatore da parete USB-C DROIX 140W<\/strong><\/h2>\n\n<p>Rimani informato con il caricatore da parete USB-C 140W di DROIX, che fornisce statistiche di ricarica fondamentali in tempo reale. Il display integrato ti permette di monitorare facilmente il wattaggio totale e la potenza delle singole porte. Inoltre, il tracker &#8220;Tempo di utilizzo\" ti aiuta a capire le tue abitudini personali di utilizzo dell&#8217;hardware nel tempo. Poich\u00e9 la tua sicurezza viene prima di tutto, l&#8217;interfaccia mostra chiaramente quando l&#8217;unit\u00e0 si trova in zone termiche &#8220;eccellenti\". Pertanto, non dovrai mai preoccuparti della salute dei tuoi dispositivi collegati.    <\/p>\n\n<h2 class=\"wp-block-heading has-text-align-center\"><strong><strong>Sicurezza totale: La suite di protezione multistrato del caricatore da muro USB-C 140W di DROIX<\/strong><\/strong><\/h2>\n\n<p>Il caricatore da parete USB-C 140W di DROIX \u00e8 stato sviluppato con un impegno senza compromessi per la sicurezza degli utenti. L&#8217;unit\u00e0 \u00e8 dotata di un alloggiamento in PC resistente agli urti e ignifugo, progettato per sopportare i rigori dei viaggi. All&#8217;interno, sensori avanzati garantiscono un monitoraggio costante di sovratensioni, sovracorrenti e anomalie termiche.  <\/p>\n\n<p>Inoltre, i tuoi costosi dispositivi mobili sono al sicuro da potenziali cortocircuiti e interferenze elettromagnetiche. Pertanto, puoi sempre contare sul fatto che l&#8217;unit\u00e0 fornisca energia costante e pulita senza il rischio di danneggiare i componenti sensibili. Questa meticolosa attenzione alla sicurezza ti permette di ricaricare i tuoi dispositivi con assoluta tranquillit\u00e0.  <\/p>\n\n<h2 class=\"wp-block-heading has-text-align-center\"><strong>Aggiorna il tuo kit da viaggio: Richiedi subito il tuo caricatore da parete USB-C 140W di DROIX<\/strong><\/h2>\n\n<p>\u00c8 arrivato il momento di semplificare la tua configurazione. Il caricatore da parete USB-C 140W di DROIX \u00e8 l&#8217;unico strumento necessario per far funzionare al 100% il tuo ufficio professionale o il tuo impianto di gioco d&#8217;elite. A causa dell&#8217;elevata richiesta di questa soluzione GaN all-in-one, le scorte si muovono rapidamente.  <\/p>\n\n<p>Scopri come il caricatore da parete DROIX 140W USB-C GaN sta cambiando il gioco&#8230;<strong><a href=\"https:\/\/ayaneo.co\/?p=48198\" target=\"_blank\" rel=\"noreferrer noopener\">Scopri di pi\u00f9 sul nostro blog!<\/a><\/strong><\/p>\n","protected":false},"excerpt":{"rendered":"<ul>\n<li><strong>Potenza PD 3.1 da 140 W<\/strong> - Ricarica rapidamente laptop ad alte prestazioni e palmari da gioco alla massima velocit\u00e0.<\/li>\n<li><strong>Versatilit\u00e0 a quattro porte<\/strong> - Alimenta contemporaneamente quattro dispositivi tramite tre porte USB-C e una porta USB-A.<\/li>\n<li><strong>Display visivo in tempo reale<\/strong> - Controlla in tempo reale il wattaggio, lo stato termico e le modalit\u00e0 di ricarica.<\/li>\n<li><strong>Global Travel System<\/strong> - Include adattatori a scatto intercambiabili per Regno Unito, Unione Europea, Stati Uniti e Australia.<\/li>\n<li><strong>IC di sicurezza avanzato<\/strong> - La protezione multistrato garantisce un&#8217;alimentazione stabile e regolata dal calore per il tuo hardware.<\/li>\n<\/ul>\n[cg_accordion title=\"INFO SUL PAGAMENTO\"]<\/p>\n<p>Utilizziamo la pi\u00f9 recente tecnologia di elaborazione dei pagamenti, che ti permette di effettuare il checkout tramite Apple Pay, Google Pay, la tua carta di debito\/credito, PayPal o metodi BNPL come Klarna, Affirm o AfterPay per un&#8217;esperienza veloce e sicura.[\/cg_accordion]\n[cg_accordion title=\"GARANZIA\"]<\/p>\n<p>1 anno di garanzia da parte di <a href=\"https:\/\/droix.net\/\" target=\"_blank\" rel=\"nofollow noopener\">DROIX Global<\/a> per la tua tranquillit\u00e0[\/cg_accordion]\n[cg_accordion title=\"GARANZIA DI QUALIT\u00c0 E TEST PRE-SPEDIZIONE\"]<\/p>\n<p>Garantire la soddisfazione del cliente ai massimi livelli: Ogni dispositivo viene sottoposto a test rigorosi e a un controllo di qualit\u00e0 in pi\u00f9 punti prima di essere spedito. Il nostro team dedicato verifica le prestazioni, la funzionalit\u00e0 e l&#8217;integrit\u00e0 dei componenti per garantire che il tuo dispositivo AYANEO sia perfettamente funzionante al momento dell&#8217;arrivo, offrendoti fiducia e tranquillit\u00e0. [\/cg_accordion]\n[cg_accordion title=\"PREZZI, TASSE E SPEDIZIONE\"]<\/p>\n<p><strong><u>Nota:<\/u><\/strong><\/p>\n<ul>\n<li>Clienti degli Stati Uniti: Il prezzo esposto non include tasse e dazi. La responsabilit\u00e0 dello sdoganamento e del pagamento di eventuali tasse e dazi \u00e8 a carico del cliente. <\/li>\n<li>Clienti UE: Il prezzo indicato \u00e8 comprensivo dell&#8217;imposta applicabile, che pu\u00f2 arrivare al 25% a seconda del paese.<\/li>\n<li>Clienti del Canada: Il prezzo indicato \u00e8 comprensivo delle imposte applicabili, che possono includere il 5% di GST e ulteriori imposte provinciali sulle vendite (PST), l&#8217;imposta sulle vendite armonizzata (HST) o l&#8217;imposta sulle vendite del Quebec (QST), a seconda della tua provincia.<\/li>\n<\/ul>\n<p>Per i nostri clienti USA: Gli ordini vengono spediti DAP (Delivered At Place). Sebbene i clienti siano responsabili del pagamento di tutte le tariffe applicabili, ci avvaliamo della nostra vasta esperienza nelle spedizioni dal Regno Unito per assicurarci che tu paghi il minor costo possibile. In base ai nostri dati, queste spese non superano in genere il 10% del valore dell&#8217;articolo.  <\/p>\n<p><strong>Solo per i clienti dell&#8217;UE:<\/strong> Express DDP (Delivered Duty Paid). Ci\u00f2 significa che: <\/p>\n<ul>\n<li>Tutti i dazi doganali e le tasse sono inclusi nel prezzo indicato nella pagina del prodotto.<\/li>\n<li>Non dovrai pagare alcun costo aggiuntivo alla consegna.<\/li>\n<li>Nel raro caso di problemi doganali, il nostro team si occuper\u00e0 del processo di sdoganamento per conto tuo per garantire una consegna senza problemi.<\/li>\n<p>Informazioni importanti sulla restituzione:<\/p>\n<li>Se decidi di restituire l&#8217;ordine o di richiedere un rimborso, tieni presente che le tasse e i dazi pagati a tuo nome secondo i termini del DDP non possono essere rimborsati.<\/li>\n<p>Per informazioni dettagliate, consulta i nostri <a href=\"https:\/\/ayaneo.co\/terms-of-service-2\/\" target=\"_blank\" rel=\"nofollow noopener\">Termini e Condizioni<\/a>.\n<\/ul>\n<p>[\/cg_accordion]\n[cg_accordion title=\"ASSISTENZA CLIENTI\"]<\/p>\n<p>Hai una domanda? Basta un breve messaggio per risolvere il tuo problema! [\/cg_accordion]\n[cg_accordion title=\"IL PACCHETTO INCLUDE\"]<\/p>\n<ul>\n<li>1x Caricatore da parete USB-C DROIX 140W<\/li>\n<li>1x Adattatore per spina UK<\/li>\n<li>1 adattatore per spina UE<\/li>\n<li>1x Manuale d&#8217;uso<\/li>\n<\/ul>\n<p>[\/cg_accordion]\n","protected":false},"featured_media":47925,"template":"","meta":{"_acf_changed":false},"product_brand":[],"product_cat":[381],"product_tag":[],"class_list":{"0":"post-48676","1":"product","2":"type-product","3":"status-publish","4":"has-post-thumbnail","6":"product_cat-accessori","7":"product_shipping_class-standard","9":"first","10":"onbackorder","11":"taxable","12":"shipping-taxable","13":"product-type-simple"},"acf":[],"_links":{"self":[{"href":"https:\/\/ayaneo.co\/it\/wp-json\/wp\/v2\/product\/48676","targetHints":{"allow":["GET"]}}],"collection":[{"href":"https:\/\/ayaneo.co\/it\/wp-json\/wp\/v2\/product"}],"about":[{"href":"https:\/\/ayaneo.co\/it\/wp-json\/wp\/v2\/types\/product"}],"wp:featuredmedia":[{"embeddable":true,"href":"https:\/\/ayaneo.co\/it\/wp-json\/wp\/v2\/media\/47925"}],"wp:attachment":[{"href":"https:\/\/ayaneo.co\/it\/wp-json\/wp\/v2\/media?parent=48676"}],"wp:term":[{"taxonomy":"product_brand","embeddable":true,"href":"https:\/\/ayaneo.co\/it\/wp-json\/wp\/v2\/product_brand?post=48676"},{"taxonomy":"product_cat","embeddable":true,"href":"https:\/\/ayaneo.co\/it\/wp-json\/wp\/v2\/product_cat?post=48676"},{"taxonomy":"product_tag","embeddable":true,"href":"https:\/\/ayaneo.co\/it\/wp-json\/wp\/v2\/product_tag?post=48676"}],"curies":[{"name":"wp","href":"https:\/\/api.w.org\/{rel}","templated":true}]}}