{"id":7412,"date":"2025-01-20T12:04:53","date_gmt":"2025-01-20T12:04:53","guid":{"rendered":"https:\/\/ayaneo.co\/?post_type=product&#038;p=7412"},"modified":"2025-04-11T12:11:53","modified_gmt":"2025-04-11T12:11:53","slug":"aya-neo-slide-copy","status":"publish","type":"product","link":"https:\/\/ayaneo.co\/it\/product\/aya-neo-slide-copy\/","title":{"rendered":"AYANEO AVANTI"},"content":{"rendered":"\n<figure class=\"wp-block-image\"><img decoding=\"async\" src=\"https:\/\/droix.net\/wp-content\/uploads\/2022\/01\/product-overview-1024x584.png\" alt=\"\" title=\"AYA NEO NEXT 1\"\/><\/figure>\n\n<h2 class=\"wp-block-heading\">Console AMD Ryzen Zen 3<\/h2>\n\n<p>Fino a 4,5Ghz di potenza pura<\/p>\n\n<p>Quando si tratta di potenza di elaborazione, il palmare per PC Gaming AYANEO Next non \u00e8 da meno.<\/p>\n\n<p>La &#8220;potenza\" \u00e8 fornita da un processore AMD Ryzen 7 5825U, basato sulla pi\u00f9 recente Architettura ZEN 3. Questo garantisce un&#8217;esperienza di gioco fluida mantenendo il consumo della batteria al minimo. L&#8217;APU Ryzen 7 presente su AYANEO Next si basa sulla litografia FinFET a 7 nm di TSMC.  <\/p>\n\n<p>Il processore 5825U Ryzen 7 \u00e8 un processore octa-core con 16 thread di esecuzione. Pu\u00f2 andare al minimo a 2,0Ghz e aumentare fino a 4,5Ghz quando \u00e8 sottoposto a un carico pesante. In combinazione con il software AYA Space, puoi configurare TDP del palmare AYANEO Next fino a 32W per ottenere prestazioni ancora pi\u00f9 elevate.  <\/p>\n\n<p>I tuoi giochi saranno notevolmente pi\u00f9 veloci rispetto alle console di gioco per PC di ultima generazione.  <\/p>\n\n<p>Per aiutare la potenza di elaborazione, a bordo troverai anche 16 GB di RAM LPDDR4x a doppio canale, per far fronte alle crescenti esigenze del sistema. A proposito di esigenze di sistema, sono disponibili due opzioni di archiviazione: 1TB e 2TB - Questo ti garantir\u00e0 di avere abbastanza spazio a disposizione per gli ultimi giochi per PC. (Guardando a te, Call of Duty) j  <\/p>\n\n<figure class=\"wp-block-image\"><img decoding=\"async\" src=\"https:\/\/droix.net\/wp-content\/uploads\/elementor\/thumbs\/processor-q8z5das1ql6n9ve6zhwvyxoict8wyvevo2ttgvwkqo.png\" alt=\"processore\" title=\"processore\"\/><\/figure>\n\n<h2 class=\"wp-block-heading\">AYANEO Prossima GPU AMD<\/h2>\n\n<p>Gioca agli ultimi giochi AAA<\/p>\n\n<p>La grafica AMD di AYANEO Next \u00e8 perfetta per i giochi in movimento. \u00c8 risaputo che AMD si impegna al massimo per integrare e rendere compatibili i suoi prodotti con i giochi pi\u00f9 recenti. <\/p>\n\n<p>Il chipset grafico di AYANEO Next \u00e8 pi\u00f9 veloce del 17% nei benchmark rispetto alla grafica AMD di vecchia generazione. Insieme al software AYA Space, che ti permette di controllare la tua console TDP, e all&#8217;ottima soluzione di raffreddamento, AYANEO Next \u00e8 una vera e propria bestia da gioco. <\/p>\n\n<h2 class=\"wp-block-heading\">Audace e luminoso<\/h2>\n\n<p>7\u2033 H-IPS Display<\/p>\n\n<p>Quando giochi, la velocit\u00e0 e gli FPS non sono tutto (ok, sono circa il 90% dell&#8217;esperienza) ma il mezzo attraverso il quale assorbi l&#8217;esperienza \u00e8 molto importante.<\/p>\n\n<p>Per questo motivo AYANEO Next \u00e8 dotato di un bellissimo display touchscreen da 1280*800 H-IPS.<\/p>\n\n<figure class=\"wp-block-image\"><img decoding=\"async\" src=\"https:\/\/droix.net\/wp-content\/uploads\/2022\/01\/AYANEO-NEXT-BRIGHT-WHITE-MARKETING-PICTURE-2-scaled.jpg\" alt=\"AYANEO-PROSSIMA IMMAGINE-BIANCO-MARKETING-2\" title=\"AYA NEO NEXT 2\"\/><\/figure>\n\n<figure class=\"wp-block-image\"><img decoding=\"async\" src=\"https:\/\/droix.net\/wp-content\/uploads\/2022\/01\/AYANEO-NEXT-JET-BLACK-MARKETING-PICTURE-2-scaled.jpg\" alt=\"AYANEO-NEXT-JET-BLACK-MARKETING-PICTURE-2\" title=\"AYA NEO NEXT 3\"\/><\/figure>\n\n<figure class=\"wp-block-image\"><img decoding=\"async\" src=\"https:\/\/droix.net\/wp-content\/uploads\/2022\/01\/AYANEO-NEXT-MIDNIGHT-BLUE-MARKETING-PICTURE-4-scaled.jpg\" alt=\"AYANEO-NEXT-MIDNIGHT-BLUE-MARKETING-PICTURE-4\" title=\"AYA NEO NEXT 4\"\/><\/figure>\n\n<figure class=\"wp-block-image\"><img decoding=\"async\" src=\"https:\/\/droix.net\/wp-content\/uploads\/2022\/01\/AYANEO-NEXT-PASTEL-BLUE-MARKETING-PICTURE-7-scaled.jpg\" alt=\"AYANEO-PROSSIMA IMMAGINE DI MARKETING BLU PASTELLO-7\" title=\"AYA NEO NEXT 5\"\/><\/figure>\n\n<h2 class=\"wp-block-heading\">Giochi dalla A alla Z<\/h2>\n\n<p>Il palmare da gioco per PC AYANEO Next ha tutte le carte in regola: \u00e8 dotato del miglior hardware per rendere le tue sessioni di gioco pi\u00f9 confortevoli.<\/p>\n\n<figure class=\"wp-block-image\"><img decoding=\"async\" src=\"https:\/\/droix.net\/wp-content\/uploads\/2022\/01\/high-quality-build.png\" alt=\"\" title=\"AYA NEO NEXT 6\"\/><\/figure>\n\n<figure class=\"wp-block-image\"><img decoding=\"async\" src=\"https:\/\/droix.net\/wp-content\/uploads\/2022\/01\/shoulder-buttons.png\" alt=\"\" title=\"AYA NEO NEXT 7\"\/><\/figure>\n\n<figure class=\"wp-block-image\"><img decoding=\"async\" src=\"https:\/\/droix.net\/wp-content\/uploads\/2022\/01\/fingerprint.png\" alt=\"\" title=\"AYA NEO NEXT 8\"\/><\/figure>\n","protected":false},"excerpt":{"rendered":"<ul>\n<li>AMD\u00ae <strong>Ryzen\u2122 7 5825U<\/strong> con grafica AMD Radeon\u2122 Vega 8<\/li>\n<li><strong>16GB<\/strong> LPDDR4x a doppio canale a 4266Mhz<\/li>\n<li><strong>2TB\/2TB<\/strong> PCI-E NVMe ad alta velocit\u00e0 SSD<\/li>\n<li>Display touchscreen <strong>da 7\u2033<\/strong> H-IPS <\/li>\n<li>Supporto <strong>WiFi 6<\/strong> IEEE e <strong>Bluetooth 5.2<\/strong> <\/li>\n<\/ul>\n[cg_accordion title=\"INFO SUL PAGAMENTO\"]<\/p>\n<p>Utilizziamo la pi\u00f9 recente tecnologia di elaborazione dei pagamenti, che ti permette di effettuare il checkout tramite Apple Pay, Google Pay, la tua carta di debito\/credito, PayPal o metodi BNPL come Klarna, Affirm o AfterPay per un&#8217;esperienza veloce e sicura.[\/cg_accordion]\n[cg_accordion title=\"GARANZIA\"]<\/p>\n<p>1 anno di garanzia da parte di <a href=\"https:\/\/droix.net\/\" target=\"_blank\" rel=\"nofollow noopener\">DROIX Global<\/a> per la tua tranquillit\u00e0[\/cg_accordion]\n[cg_accordion title=\"PREZZI, TASSE E SPEDIZIONE\"]<\/p>\n<p><strong><u>Nota:<\/u><\/strong><\/p>\n<ul>\n<li>Clienti degli Stati Uniti: Il prezzo esposto non include tasse e dazi. La responsabilit\u00e0 dello sdoganamento e del pagamento di eventuali tasse e dazi \u00e8 a carico del cliente. <\/li>\n<li>Clienti UE: Il prezzo indicato \u00e8 comprensivo dell&#8217;imposta applicabile, che pu\u00f2 arrivare al 25% a seconda del paese.<\/li>\n<li>Clienti del Canada: Il prezzo indicato \u00e8 comprensivo delle imposte applicabili, che possono includere il 5% di GST e ulteriori imposte provinciali sulle vendite (PST), l&#8217;imposta sulle vendite armonizzata (HST) o l&#8217;imposta sulle vendite del Quebec (QST), a seconda della tua provincia.<\/li>\n<\/ul>\n<p><strong>Solo per i clienti dell&#8217;UE:<\/strong> Express DDP (Delivered Duty Paid). Ci\u00f2 significa che: <\/p>\n<ul>\n<li>Tutti i dazi doganali e le tasse sono inclusi nel prezzo indicato nella pagina del prodotto.<\/li>\n<li>Non dovrai pagare alcun costo aggiuntivo alla consegna.<\/li>\n<li>Nel raro caso di problemi doganali, il nostro team si occuper\u00e0 del processo di sdoganamento per conto tuo per garantire una consegna senza problemi.<\/li>\n<p>Informazioni importanti sulla restituzione:<\/p>\n<li>Se decidi di restituire l&#8217;ordine o di richiedere un rimborso, tieni presente che le tasse e i dazi pagati a tuo nome secondo i termini del DDP non possono essere rimborsati.<\/li>\n<p>Per informazioni dettagliate, consulta i nostri <a href=\"https:\/\/ayaneo.co\/terms-of-service-2\/\" target=\"_blank\" rel=\"nofollow noopener\">Termini e Condizioni<\/a>.\n<\/ul>\n<p>[\/cg_accordion]\n[cg_accordion title=\"ASSISTENZA CLIENTI\"]<\/p>\n<p>Hai una domanda? Basta un breve messaggio per risolvere il tuo problema!<br \/>\n[\/cg_accordion]\n[cg_accordion title=\"La confezione include\"]<\/p>\n<ul>\n<li>1x AYANEO NEXT<\/li>\n<li>1 cavo USB Tipo-C<\/li>\n<li>1x Manuale d&#8217;uso<\/li>\n<\/ul>\n<p>[\/cg_accordion]\n","protected":false},"featured_media":7499,"template":"","meta":{"_acf_changed":false},"product_brand":[],"product_cat":[365],"product_tag":[],"class_list":{"0":"post-7412","1":"product","2":"type-product","3":"status-publish","4":"has-post-thumbnail","6":"product_cat-pc-da-gioco-portatili","7":"product_shipping_class-premium","8":"pa_brand-ayaneo","9":"pa_graphics-gpu-model-radeon-graphics","10":"pa_operating-system-windows-11-home","11":"pa_processor-cpu-brand-amd","13":"first","14":"outofstock","15":"sale","16":"taxable","17":"shipping-taxable","18":"purchasable","19":"product-type-variable","20":"has-default-attributes"},"acf":[],"_links":{"self":[{"href":"https:\/\/ayaneo.co\/it\/wp-json\/wp\/v2\/product\/7412","targetHints":{"allow":["GET"]}}],"collection":[{"href":"https:\/\/ayaneo.co\/it\/wp-json\/wp\/v2\/product"}],"about":[{"href":"https:\/\/ayaneo.co\/it\/wp-json\/wp\/v2\/types\/product"}],"wp:featuredmedia":[{"embeddable":true,"href":"https:\/\/ayaneo.co\/it\/wp-json\/wp\/v2\/media\/7499"}],"wp:attachment":[{"href":"https:\/\/ayaneo.co\/it\/wp-json\/wp\/v2\/media?parent=7412"}],"wp:term":[{"taxonomy":"product_brand","embeddable":true,"href":"https:\/\/ayaneo.co\/it\/wp-json\/wp\/v2\/product_brand?post=7412"},{"taxonomy":"product_cat","embeddable":true,"href":"https:\/\/ayaneo.co\/it\/wp-json\/wp\/v2\/product_cat?post=7412"},{"taxonomy":"product_tag","embeddable":true,"href":"https:\/\/ayaneo.co\/it\/wp-json\/wp\/v2\/product_tag?post=7412"}],"curies":[{"name":"wp","href":"https:\/\/api.w.org\/{rel}","templated":true}]}}