{"id":8889,"date":"2025-02-10T12:11:02","date_gmt":"2025-02-10T12:11:02","guid":{"rendered":"https:\/\/ayaneo.co\/?post_type=product&#038;p=8889"},"modified":"2025-12-02T18:08:05","modified_gmt":"2025-12-02T18:08:05","slug":"ayaneo-3","status":"publish","type":"product","link":"https:\/\/ayaneo.co\/it\/product\/ayaneo-3\/","title":{"rendered":"AYANEO 3"},"content":{"rendered":"\n<figure class=\"wp-block-video\"><video height=\"360\" style=\"aspect-ratio: 640 \/ 360;\" width=\"640\" controls=\"\" poster=\"https:\/\/ayaneo.co\/wp-content\/uploads\/2025\/02\/maxresdefault-1.jpg\" src=\"https:\/\/ayaneo.co\/wp-content\/uploads\/2025\/02\/videoplayback-1.mp4\"><\/video><\/figure>\n\n<div class=\"wp-block-columns is-layout-flex wp-container-core-columns-is-layout-28f84493 wp-block-columns-is-layout-flex\">\n<div class=\"wp-block-column is-layout-flow wp-block-column-is-layout-flow\">\n<p>Ti presentiamo AYANEO 3, la prima console di gioco portatile modulare al mondo che ridefinisce il gioco portatile con una personalizzazione e prestazioni senza precedenti. Progettata per i giocatori alla ricerca di un&#8217;esperienza personalizzata, AYANEO 3 offre funzionalit\u00e0 innovative e specifiche di alto livello per soddisfare sia gli appassionati di giochi occasionali che quelli pi\u00f9 accaniti. <\/p>\n\n\n\n<h2 class=\"wp-block-heading\"><strong>Design modulare innovativo<\/strong><\/h2>\n\n\n\n<p>L&#8217;AYANEO 3 \u00e8 il pioniere di un innovativo sistema di controller modulare che consente agli utenti di combinare e personalizzare liberamente i moduli del controller in base alle proprie preferenze di gioco. Grazie ai pulsanti ABXY staccabili e intercambiabili, i giocatori possono configurare fino a 56 combinazioni uniche di layout, garantendo un comfort e un controllo ottimali per qualsiasi genere di gioco. I moduli includono configurazioni di joystick standard, moduli touchpad per migliorare il gioco FPS e moduli di combattimento a sei pulsanti per un controllo preciso.    <\/p>\n<\/div>\n<\/div>\n\n<div class=\"wp-block-columns is-layout-flex wp-container-core-columns-is-layout-28f84493 wp-block-columns-is-layout-flex\">\n<div class=\"wp-block-column is-layout-flow wp-block-column-is-layout-flow\" style=\"flex-basis:33.33%\">\n<figure class=\"wp-block-image size-full\"><a href=\"https:\/\/ayaneo.co\/wp-content\/uploads\/2025\/02\/4-1-1024x1024-1.jpg\"><img fetchpriority=\"high\" decoding=\"async\" width=\"1024\" height=\"1024\" src=\"https:\/\/ayaneo.co\/wp-content\/uploads\/2025\/02\/4-1-1024x1024-1.jpg\" alt=\"Display OLED:&#10;Il display OLED vanta una rapida frequenza di aggiornamento di 144Hz, che garantisce movimenti eccezionalmente fluidi e uniformi nei giochi, riducendo le sfocature. Con una luminosit&#xE0; di 800 nit, offre immagini incredibilmente vivide e chiare, anche in ambienti luminosi. La copertura della gamma cromatica DCI-P3 del 110% offre un vasto spettro di colori ricchi e precisi per un'esperienza davvero coinvolgente. Questo pannello premium &#xE8; ideale per chi cerca una fedelt&#xE0; visiva e una reattivit&#xE0; di alto livello.   &#10;&#10;Display LCD:&#10;Il display LCD &#xE8; caratterizzato da una frequenza di aggiornamento di 120Hz per un'eccellente fluidit&#xE0; di gioco e una riduzione del ghosting. Offre una luminosit&#xE0; di 500 nit e una copertura sRGB del 100%, garantendo immagini chiare e precise per la maggior parte dei contenuti. Inoltre, include il VRR con AMD FreeSync Premium, che sincronizza dinamicamente il display con il frame rate. Questo elimina lo screen tearing e lo stuttering, garantendo un'esperienza di gioco sempre fluida e coinvolgente.   \" class=\"wp-image-37427\" srcset=\"https:\/\/ayaneo.co\/wp-content\/uploads\/2025\/02\/4-1-1024x1024-1.jpg 1024w, https:\/\/ayaneo.co\/wp-content\/uploads\/2025\/02\/4-1-1024x1024-1-300x300.jpg 300w, https:\/\/ayaneo.co\/wp-content\/uploads\/2025\/02\/4-1-1024x1024-1-150x150.jpg 150w, https:\/\/ayaneo.co\/wp-content\/uploads\/2025\/02\/4-1-1024x1024-1-768x768.jpg 768w, https:\/\/ayaneo.co\/wp-content\/uploads\/2025\/02\/4-1-1024x1024-1-65x65.jpg 65w, https:\/\/ayaneo.co\/wp-content\/uploads\/2025\/02\/4-1-1024x1024-1-990x990.jpg 990w, https:\/\/ayaneo.co\/wp-content\/uploads\/2025\/02\/4-1-1024x1024-1-441x441.jpg 441w, https:\/\/ayaneo.co\/wp-content\/uploads\/2025\/02\/4-1-1024x1024-1-100x100.jpg 100w, https:\/\/ayaneo.co\/wp-content\/uploads\/2025\/02\/4-1-1024x1024-1-600x600.jpg 600w\" sizes=\"(max-width: 1024px) 100vw, 1024px\" \/><\/a><\/figure>\n<\/div>\n\n\n\n<div class=\"wp-block-column is-layout-flow wp-block-column-is-layout-flow\" style=\"flex-basis:66.66%\">\n<h2 class=\"wp-block-heading\"><strong>Immagini mozzafiato<\/strong><\/h2>\n\n\n\n<ul class=\"wp-block-list\">\n<li><strong>Display OLED<\/strong><br\/><strong><br\/><\/strong>Il display OLED dell&#8217;AYANEO 3 \u00e8 un touchscreen da 7 pollici con una risoluzione di 1080P e un rapporto d&#8217;aspetto di 16:9. \u00c8 dotato di una frequenza di aggiornamento personalizzabile che consente agli utenti di scegliere tra 144Hz, 120Hz, 90Hz e 60Hz. Questo schermo offre una luminosit\u00e0 globale massima di 800 nit e supporta la qualit\u00e0 HDR true color per luci e ombre realistiche. Copre il 110% della gamma cromatica DCI-P3 e ha un volume di gamma cromatica sRGB del 150%, offrendo immagini vibranti e nitide.   <\/li>\n\n\n\n<li><strong>Display LCD<\/strong><br\/><strong><br\/><\/strong>Anche il display LCD \u00e8 un touchscreen da 7 pollici con una risoluzione di 1080P e un rapporto d&#8217;aspetto 16:9. Offre frequenze di aggiornamento di 120Hz e 60Hz. Con una luminosit\u00e0 globale massima di 500 nit, offre una copertura sRGB del 100%. L&#8217;LCD ha un tempo di risposta di 7ms e supporta il VRR (Variable Refresh Rate) con AMD FreeSync Premium, garantendo un&#8217;esperienza di gioco chiara, vibrante e senza strappi. \u00c8 anche uno schermo nativo per il paesaggio.    <\/li>\n<\/ul>\n\n\n\n<p><br\/>Entrambi gli schermi LCD e OLED offrono un&#8217;esperienza visiva coinvolgente, permettendo ai giocatori di godere di una grafica straordinaria con una chiarezza eccezionale.<\/p>\n<\/div>\n<\/div>\n\n<h2 class=\"wp-block-heading has-text-align-center\"><strong>Prestazioni ad alta potenza<\/strong><\/h2>\n\n<p class=\"has-text-align-center\">Sotto il cofano, AYANEO 3 offre due potenti processori:<\/p>\n\n<div class=\"wp-block-columns is-layout-flex wp-container-core-columns-is-layout-28f84493 wp-block-columns-is-layout-flex\">\n<div class=\"wp-block-column is-layout-flow wp-block-column-is-layout-flow\">\n<figure class=\"wp-block-image size-full\"><a href=\"https:\/\/ayaneo.co\/wp-content\/uploads\/2025\/02\/3-370-1-1024x1024-1.jpg\"><img decoding=\"async\" width=\"1024\" height=\"1024\" src=\"https:\/\/ayaneo.co\/wp-content\/uploads\/2025\/02\/3-370-1-1024x1024-1.jpg\" alt=\"Un grafico che illustra le &quot;Potenti capacit&#xE0; del cuore e della versatilit&#xE0;&quot; di un dispositivo dotato di processore &quot;AMD Ryzen AI 9 HX 370&quot;. L'immagine mostra vari componenti e specifiche: &quot;CPU Zen5 New Zen 5&quot;, &quot;12 core 24 thread&quot;, &quot;5.1GHz frequenza massima single-core&quot;, &quot;AMD Radeon 890M&quot; (GPU con &quot;RDNA 3.5 16CU 2.9GHz&quot;) e &quot;AMD XDNA 2 NPU 50TOPS&quot;. Il testo evidenzia &quot;12 MB di cache L2 + 24 MB di cache L3 ad alta velocit&#xE0;&quot; e sottolinea che le architetture della CPU, della GPU e della NPU sono state aggiornate per aumentare le prestazioni e l'efficienza, rendendolo adatto ai giochi e alle attivit&#xE0; di intelligenza artificiale. Un piccolo testo in basso lo confronta con la precedente generazione di processori AMD AI, menzionando i miglioramenti nella potenza di calcolo della NPU, nell'elaborazione del core della CPU, nell'efficienza energetica della NPU, nella velocit&#xE0; di risposta del modello AI di grandi dimensioni e nella cache L3.   \" class=\"wp-image-37428\" srcset=\"https:\/\/ayaneo.co\/wp-content\/uploads\/2025\/02\/3-370-1-1024x1024-1.jpg 1024w, https:\/\/ayaneo.co\/wp-content\/uploads\/2025\/02\/3-370-1-1024x1024-1-300x300.jpg 300w, https:\/\/ayaneo.co\/wp-content\/uploads\/2025\/02\/3-370-1-1024x1024-1-150x150.jpg 150w, https:\/\/ayaneo.co\/wp-content\/uploads\/2025\/02\/3-370-1-1024x1024-1-768x768.jpg 768w, https:\/\/ayaneo.co\/wp-content\/uploads\/2025\/02\/3-370-1-1024x1024-1-65x65.jpg 65w, https:\/\/ayaneo.co\/wp-content\/uploads\/2025\/02\/3-370-1-1024x1024-1-990x990.jpg 990w, https:\/\/ayaneo.co\/wp-content\/uploads\/2025\/02\/3-370-1-1024x1024-1-441x441.jpg 441w, https:\/\/ayaneo.co\/wp-content\/uploads\/2025\/02\/3-370-1-1024x1024-1-100x100.jpg 100w, https:\/\/ayaneo.co\/wp-content\/uploads\/2025\/02\/3-370-1-1024x1024-1-600x600.jpg 600w\" sizes=\"(max-width: 1024px) 100vw, 1024px\" \/><\/a><\/figure>\n\n\n\n<p><strong>AMD Ryzen\u2122 AI 9 HX 370<\/strong>: Dotato di 12 core e 24 thread, questo processore offre prestazioni di alto livello per i titoli AAA pi\u00f9 impegnativi e il multitasking.<\/p>\n<\/div>\n\n\n\n<div class=\"wp-block-column is-layout-flow wp-block-column-is-layout-flow\">\n<figure class=\"wp-block-image size-full\"><a href=\"https:\/\/ayaneo.co\/wp-content\/uploads\/2025\/02\/3-8840u-1-1024x1024-1.jpg\"><img decoding=\"async\" width=\"1024\" height=\"1024\" src=\"https:\/\/ayaneo.co\/wp-content\/uploads\/2025\/02\/3-8840u-1-1024x1024-1.jpg\" alt=\"Un'infografica a tema dark che evidenzia le specifiche del processore &quot;AMD Ryzen&#x2122; 7 8840U&quot;. La sezione superiore mostra i dettagli relativi a CPU, GPU e NPU: &quot;CPU Zen4, processo a 4nm, frequenza massima di 5,1GHz, grafica AMD Radeon&#x2122; 780M con RDNA 3 12CU a 2,7GHz e NPU AMD Ryzen&#x2122; AI a 16TOPS&quot;. Un blocco centrale mostra il chip &quot;AMD Ryzen&#x2122; 7 8840U&quot;, con &quot;38TOPS di prestazioni complessive&quot;. La sezione inferiore illustra i dettagli della memoria e dell'archiviazione: &quot;Memoria LPDDR5X 7500MT\/s&quot; (fino a 64GB disponibili per attivit&#xE0; pesanti) e &quot;SSD M.2 2280 PCIe 4.0&quot; (ultraveloce, mainstream ed espandibile).    \" class=\"wp-image-37429\" srcset=\"https:\/\/ayaneo.co\/wp-content\/uploads\/2025\/02\/3-8840u-1-1024x1024-1.jpg 1024w, https:\/\/ayaneo.co\/wp-content\/uploads\/2025\/02\/3-8840u-1-1024x1024-1-300x300.jpg 300w, https:\/\/ayaneo.co\/wp-content\/uploads\/2025\/02\/3-8840u-1-1024x1024-1-150x150.jpg 150w, https:\/\/ayaneo.co\/wp-content\/uploads\/2025\/02\/3-8840u-1-1024x1024-1-768x768.jpg 768w, https:\/\/ayaneo.co\/wp-content\/uploads\/2025\/02\/3-8840u-1-1024x1024-1-65x65.jpg 65w, https:\/\/ayaneo.co\/wp-content\/uploads\/2025\/02\/3-8840u-1-1024x1024-1-990x990.jpg 990w, https:\/\/ayaneo.co\/wp-content\/uploads\/2025\/02\/3-8840u-1-1024x1024-1-441x441.jpg 441w, https:\/\/ayaneo.co\/wp-content\/uploads\/2025\/02\/3-8840u-1-1024x1024-1-100x100.jpg 100w, https:\/\/ayaneo.co\/wp-content\/uploads\/2025\/02\/3-8840u-1-1024x1024-1-600x600.jpg 600w\" sizes=\"(max-width: 1024px) 100vw, 1024px\" \/><\/a><\/figure>\n\n\n\n<p><strong>AMD Ryzen\u2122 7 8840U<\/strong>: Un processore equilibrato che offre prestazioni affidabili sia per le sessioni di gioco ad alta richiesta che per quelle occasionali.<\/p>\n<\/div>\n<\/div>\n\n<p>Abbinato a un massimo di 64 GB di RAM LPDDR5X e a un massimo di 4 TB di spazio di archiviazione PCIe 4.0 SSD, AYANEO 3 garantisce tempi di caricamento rapidi e ampio spazio per la tua libreria di giochi.<\/p>\n\n<h3 class=\"wp-block-heading\"><strong>Controlli migliorati<\/strong><\/h3>\n\n<p>Sperimenta un controllo superiore grazie alle funzioni avanzate di AYANEO 3:<\/p>\n\n<div class=\"wp-block-columns is-layout-flex wp-container-core-columns-is-layout-28f84493 wp-block-columns-is-layout-flex\">\n<div class=\"wp-block-column is-layout-flow wp-block-column-is-layout-flow\">\n<figure class=\"wp-block-image size-full\"><a href=\"https:\/\/ayaneo.co\/wp-content\/uploads\/2025\/02\/Dual-Stage-Hall-Effect-Triggers-1024x1024-1.jpg\"><img loading=\"lazy\" decoding=\"async\" width=\"1024\" height=\"1024\" src=\"https:\/\/ayaneo.co\/wp-content\/uploads\/2025\/02\/Dual-Stage-Hall-Effect-Triggers-1024x1024-1.jpg\" alt=\"Un'inquadratura ravvicinata di una mano che tiene un controller di gioco o un dispositivo portatile di colore scuro, evidenziando in particolare il pulsante di attivazione della spalla. L'immagine &#xE8; immersa in una luce blu e il testo bianco in alto recita &quot;Agile Hall Triggers&quot;. \" class=\"wp-image-37430\" srcset=\"https:\/\/ayaneo.co\/wp-content\/uploads\/2025\/02\/Dual-Stage-Hall-Effect-Triggers-1024x1024-1.jpg 1024w, https:\/\/ayaneo.co\/wp-content\/uploads\/2025\/02\/Dual-Stage-Hall-Effect-Triggers-1024x1024-1-300x300.jpg 300w, https:\/\/ayaneo.co\/wp-content\/uploads\/2025\/02\/Dual-Stage-Hall-Effect-Triggers-1024x1024-1-150x150.jpg 150w, https:\/\/ayaneo.co\/wp-content\/uploads\/2025\/02\/Dual-Stage-Hall-Effect-Triggers-1024x1024-1-768x768.jpg 768w, https:\/\/ayaneo.co\/wp-content\/uploads\/2025\/02\/Dual-Stage-Hall-Effect-Triggers-1024x1024-1-65x65.jpg 65w, https:\/\/ayaneo.co\/wp-content\/uploads\/2025\/02\/Dual-Stage-Hall-Effect-Triggers-1024x1024-1-990x990.jpg 990w, https:\/\/ayaneo.co\/wp-content\/uploads\/2025\/02\/Dual-Stage-Hall-Effect-Triggers-1024x1024-1-441x441.jpg 441w, https:\/\/ayaneo.co\/wp-content\/uploads\/2025\/02\/Dual-Stage-Hall-Effect-Triggers-1024x1024-1-100x100.jpg 100w, https:\/\/ayaneo.co\/wp-content\/uploads\/2025\/02\/Dual-Stage-Hall-Effect-Triggers-1024x1024-1-600x600.jpg 600w\" sizes=\"(max-width: 1024px) 100vw, 1024px\" \/><\/a><\/figure>\n\n\n\n<h3 class=\"wp-block-heading\"><strong>Trigger a doppio stadio a effetto Hall<\/strong> <\/h3>\n\n\n\n<p>Passa da una corsa lunga di 7,5 mm per un controllo preciso a una corsa corta di 3 mm per un input rapido, per adattarsi a diversi scenari di gioco.<\/p>\n<\/div>\n\n\n\n<div class=\"wp-block-column is-layout-flow wp-block-column-is-layout-flow\">\n<figure class=\"wp-block-image size-full\"><a href=\"https:\/\/ayaneo.co\/wp-content\/uploads\/2025\/02\/Magnetic-Suspension-Motor.jpg\"><img loading=\"lazy\" decoding=\"async\" width=\"1500\" height=\"1500\" src=\"https:\/\/ayaneo.co\/wp-content\/uploads\/2025\/02\/Magnetic-Suspension-Motor.jpg\" alt=\"Una vista interna di un dispositivo che mostra un &quot;motore a sospensione magnetica&quot;. Il motore &#xE8; un componente cilindrico con una luce blu brillante al centro, inserito in un complesso circuito stampato o in una struttura interna dai toni scuri. \" class=\"wp-image-37431\" srcset=\"https:\/\/ayaneo.co\/wp-content\/uploads\/2025\/02\/Magnetic-Suspension-Motor.jpg 1500w, https:\/\/ayaneo.co\/wp-content\/uploads\/2025\/02\/Magnetic-Suspension-Motor-300x300.jpg 300w, https:\/\/ayaneo.co\/wp-content\/uploads\/2025\/02\/Magnetic-Suspension-Motor-1024x1024.jpg 1024w, https:\/\/ayaneo.co\/wp-content\/uploads\/2025\/02\/Magnetic-Suspension-Motor-150x150.jpg 150w, https:\/\/ayaneo.co\/wp-content\/uploads\/2025\/02\/Magnetic-Suspension-Motor-768x768.jpg 768w, https:\/\/ayaneo.co\/wp-content\/uploads\/2025\/02\/Magnetic-Suspension-Motor-65x65.jpg 65w, https:\/\/ayaneo.co\/wp-content\/uploads\/2025\/02\/Magnetic-Suspension-Motor-990x990.jpg 990w, https:\/\/ayaneo.co\/wp-content\/uploads\/2025\/02\/Magnetic-Suspension-Motor-441x441.jpg 441w, https:\/\/ayaneo.co\/wp-content\/uploads\/2025\/02\/Magnetic-Suspension-Motor-100x100.jpg 100w, https:\/\/ayaneo.co\/wp-content\/uploads\/2025\/02\/Magnetic-Suspension-Motor-600x600.jpg 600w\" sizes=\"(max-width: 1500px) 100vw, 1500px\" \/><\/a><\/figure>\n\n\n\n<h3 class=\"wp-block-heading\"><strong>Motore a sospensione magnetica<\/strong> <\/h3>\n\n\n\n<p>Sviluppata in collaborazione con GuliKit Technology, questa funzione supporta sia la modalit\u00e0 di vibrazione lineare che quella del motore rotore, fornendo un feedback aptico realistico e coinvolgente.<\/p>\n<\/div>\n\n\n\n<div class=\"wp-block-column is-layout-flow wp-block-column-is-layout-flow\">\n<figure class=\"wp-block-image size-full\"><a href=\"https:\/\/ayaneo.co\/wp-content\/uploads\/2025\/02\/Keyboard-and-Mouse-Mode-1024x1024-1.jpg\"><img loading=\"lazy\" decoding=\"async\" width=\"1024\" height=\"1024\" src=\"https:\/\/ayaneo.co\/wp-content\/uploads\/2025\/02\/Keyboard-and-Mouse-Mode-1024x1024-1.jpg\" alt=\"Mani che tengono un dispositivo di gioco portatile nero con uno schermo che mostra un'interfaccia utente per le impostazioni o la configurazione. Il testo bianco nella parte superiore dell'immagine recita &quot;Hardware-Level Keyboard-Mouse Mode&quot;, indicando una caratteristica del dispositivo. \" class=\"wp-image-37432\" srcset=\"https:\/\/ayaneo.co\/wp-content\/uploads\/2025\/02\/Keyboard-and-Mouse-Mode-1024x1024-1.jpg 1024w, https:\/\/ayaneo.co\/wp-content\/uploads\/2025\/02\/Keyboard-and-Mouse-Mode-1024x1024-1-300x300.jpg 300w, https:\/\/ayaneo.co\/wp-content\/uploads\/2025\/02\/Keyboard-and-Mouse-Mode-1024x1024-1-150x150.jpg 150w, https:\/\/ayaneo.co\/wp-content\/uploads\/2025\/02\/Keyboard-and-Mouse-Mode-1024x1024-1-768x768.jpg 768w, https:\/\/ayaneo.co\/wp-content\/uploads\/2025\/02\/Keyboard-and-Mouse-Mode-1024x1024-1-65x65.jpg 65w, https:\/\/ayaneo.co\/wp-content\/uploads\/2025\/02\/Keyboard-and-Mouse-Mode-1024x1024-1-990x990.jpg 990w, https:\/\/ayaneo.co\/wp-content\/uploads\/2025\/02\/Keyboard-and-Mouse-Mode-1024x1024-1-441x441.jpg 441w, https:\/\/ayaneo.co\/wp-content\/uploads\/2025\/02\/Keyboard-and-Mouse-Mode-1024x1024-1-100x100.jpg 100w, https:\/\/ayaneo.co\/wp-content\/uploads\/2025\/02\/Keyboard-and-Mouse-Mode-1024x1024-1-600x600.jpg 600w\" sizes=\"(max-width: 1024px) 100vw, 1024px\" \/><\/a><\/figure>\n\n\n\n<h3 class=\"wp-block-heading\"><strong>Modalit\u00e0 tastiera e mouse<\/strong><\/h3>\n\n\n\n<p>Passa senza problemi dagli input del controller a quelli della tastiera\/mouse, migliorando la versatilit\u00e0 in diverse applicazioni di gioco e produttivit\u00e0.<\/p>\n<\/div>\n<\/div>\n\n<h3 class=\"wp-block-heading\"><strong>Audio immersivo<\/strong><\/h3>\n\n<p>AYANEO 3 offre un&#8217;esperienza audio esaltante grazie ai suoi doppi altoparlanti simmetrici HyperSound 2.0, che offrono un suono chiaro e potente per migliorare l&#8217;immersione nel gioco.<\/p>\n\n<h3 class=\"wp-block-heading\"><strong>Esperienza utente<\/strong><\/h3>\n\n<p>Con Windows 11, AYANEO 3 supporta diverse applicazioni, dai titoli AAA pi\u00f9 impegnativi agli strumenti di produttivit\u00e0 essenziali, rendendolo un compagno versatile sia per il lavoro che per il gioco. Il dispositivo \u00e8 caratterizzato da un design ergonomico con controlli personalizzabili, per garantire il comfort durante le sessioni di gioco prolungate. Le robuste opzioni di connettivit\u00e0, tra cui le doppie porte USB4 e l&#8217;interfaccia OCuLink per connessioni ad alta velocit\u00e0, facilitano l&#8217;integrazione in qualsiasi ambiente.  <\/p>\n\n<h3 class=\"wp-block-heading\"><strong>Conclusione<\/strong><\/h3>\n\n<p>AYANEO 3 stabilisce un nuovo standard nel settore dei giochi portatili, combinando un design modulare innovativo con un hardware ad alte prestazioni. I suoi controlli personalizzabili, le immagini straordinarie e le potenti capacit\u00e0 di elaborazione lo rendono la scelta definitiva per i giocatori che cercano un&#8217;esperienza di gioco personalizzata e coinvolgente. Abbraccia il futuro del gioco portatile con AYANEO 3.  <\/p>\n","protected":false},"excerpt":{"rendered":"<ul>\n<li>AMD <strong>Ryzen\u2122 AI 9 HX 370<\/strong> \/ <strong>Ryzen\u2122 7 8840U<\/strong><\/li>\n<li>AMD Radeon <strong>890M<\/strong> \/ <strong>780M<\/strong> \/ 2900 \/ 2700 Mhz<\/li>\n<li>fino a<strong> 64GB LPDDR5X @ 7500 MT\/s<\/strong><\/li>\n<li>fino a<strong> 4TB<\/strong> <strong>High-Speed<\/strong> PCI-E 4.0 NVMe SSD<\/li>\n<li>Supporto WiFi <strong>6E<\/strong> e Bluetooth <strong>5.3<\/strong> <\/li>\n<\/ul>\n<p><img loading=\"lazy\" decoding=\"async\" class=\"alignnone size-full wp-image-12494\" src=\"https:\/\/ayaneo.co\/wp-content\/uploads\/2025\/02\/AYANEO-3-FREE-GIFTS.jpg\" alt=\"Banner promozionale per AYANEO 3 omaggi, con immagini di una custodia protettiva nera e beige, una protezione per lo schermo e tappi per l'impugnatura dei thumb stick. Il testo evidenzia la dicitura \"Omaggi\" che include una custodia protettiva, una protezione per lo schermo e delle bacchette per i pollici, che vengono aggiunte automaticamente al carrello. Il colore della custodia dipende dal dispositivo selezionato.\" width=\"550\" height=\"140\" srcset=\"https:\/\/ayaneo.co\/wp-content\/uploads\/2025\/02\/AYANEO-3-FREE-GIFTS.jpg 550w, https:\/\/ayaneo.co\/wp-content\/uploads\/2025\/02\/AYANEO-3-FREE-GIFTS-300x76.jpg 300w, https:\/\/ayaneo.co\/wp-content\/uploads\/2025\/02\/AYANEO-3-FREE-GIFTS-441x112.jpg 441w, https:\/\/ayaneo.co\/wp-content\/uploads\/2025\/02\/AYANEO-3-FREE-GIFTS-150x38.jpg 150w\" sizes=\"(max-width: 550px) 100vw, 550px\" \/>  [cg_accordion title=\"INFO SUL PAGAMENTO\"] Utilizziamo la pi\u00f9 recente tecnologia di elaborazione dei pagamenti, che ti permette di effettuare il checkout tramite Apple Pay, Google Pay, la tua carta di debito\/credito, PayPal o metodi BNPL come Klarna, Affirm o AfterPay per un&#8217;esperienza veloce e sicura.[\/cg_accordion] [cg_accordion title=\"GARANZIA\"] 1 anno di garanzia da parte di <a href=\"https:\/\/droix.net\/\" target=\"_blank\" rel=\"nofollow noopener\">DROIX Global<\/a> per la tua tranquillit\u00e0.[\/cg_accordion] [cg_accordion title=\"GARANZIA DI QUALIT\u00c0 E TEST PRE-SPEDIZIONE\"]  Garantire la soddisfazione del cliente ai massimi livelli: Ogni dispositivo viene sottoposto a test rigorosi e a un controllo di qualit\u00e0 in pi\u00f9 punti prima di essere spedito. Il nostro team dedicato verifica le prestazioni, la funzionalit\u00e0 e l&#8217;integrit\u00e0 dei componenti per garantire che il tuo dispositivo AYANEO sia perfettamente funzionante al momento dell&#8217;arrivo, offrendoti fiducia e tranquillit\u00e0. [\/cg_accordion] [cg_accordion title=\"PRICING, TAXES AND SHIPPING\"] <strong><u>Nota:<\/u><\/strong><\/p>\n<ul>\n<li>Clienti degli Stati Uniti: Il prezzo esposto non include tasse e dazi. La responsabilit\u00e0 dello sdoganamento e del pagamento di eventuali tasse e dazi \u00e8 a carico del cliente. <\/li>\n<li>Clienti UE: Il prezzo indicato \u00e8 comprensivo dell&#8217;imposta applicabile, che pu\u00f2 arrivare al 25% a seconda del paese.<\/li>\n<li>Clienti del Canada: Il prezzo indicato \u00e8 comprensivo delle imposte applicabili, che possono includere il 5% di GST e ulteriori imposte provinciali sulle vendite (PST), l&#8217;imposta sulle vendite armonizzata (HST) o l&#8217;imposta sulle vendite del Quebec (QST), a seconda della tua provincia.<\/li>\n<\/ul>\n<p><strong>Solo per i clienti dell&#8217;UE:<\/strong> Express DDP (Delivered Duty Paid). Ci\u00f2 significa che: <\/p>\n<ul>\n<li style=\"list-style-type: none;\">\n<ul>\n<li>Tutti i dazi doganali e le tasse sono inclusi nel prezzo indicato nella pagina del prodotto.<\/li>\n<li>Non dovrai pagare alcun costo aggiuntivo alla consegna.<\/li>\n<li>Nel raro caso di problemi doganali, il nostro team si occuper\u00e0 del processo di sdoganamento per conto tuo per garantire una consegna senza problemi.<\/li>\n<p>Informazioni importanti sulla restituzione:<\/p>\n<li>Se decidi di restituire l&#8217;ordine o di richiedere un rimborso, tieni presente che le tasse e i dazi pagati a tuo nome secondo i termini del DDP non possono essere rimborsati.<\/li>\n<p>Consulta il nostro sito<\/ul>\n<\/li>\n<\/ul>\n<p><a href=\"https:\/\/ayaneo.co\/terms-of-service-2\/\" target=\"_blank\" rel=\"nofollow noopener\">Termini e condizioni<\/a><\/p>\n<ul>per informazioni dettagliate.<\/ul>\n<p>[\/cg_accordion] [cg_accordion title=\"ASSISTENZA CLIENTI\"]  Hai una domanda? Basta un breve messaggio per risolvere il tuo problema! [\/cg_accordion] [cg_accordion title=\"PACKAGE INCLUDES\"]<\/p>\n<ul>\n<li>1x AYANEO 3<\/li>\n<li>1x spina di alimentazione (UE\/USA)<\/li>\n<li>1 cavo USB Tipo-C<\/li>\n<li>1x Manuale d&#8217;uso<\/li>\n<\/ul>\n<p>[\/cg_accordion]<\/p>\n","protected":false},"featured_media":37587,"template":"","meta":{"_acf_changed":false},"product_brand":[],"product_cat":[365],"product_tag":[398],"class_list":{"0":"post-8889","1":"product","2":"type-product","3":"status-publish","4":"has-post-thumbnail","6":"product_cat-pc-da-gioco-portatili","7":"product_tag-pc-gaming-handheld-it","8":"product_shipping_class-premium","9":"pa_brand-ayaneo","10":"pa_graphics-gpu-model-ryzen-7-8840u-radeon-780m","11":"pa_graphics-gpu-model-ryzen-ai-9-hx-370-radeon-890m","12":"pa_operating-system-windows-11","13":"pa_processor-cpu-brand-amd","15":"first","16":"instock","17":"taxable","18":"shipping-taxable","19":"purchasable","20":"product-type-variable","21":"has-default-attributes"},"acf":[],"_links":{"self":[{"href":"https:\/\/ayaneo.co\/it\/wp-json\/wp\/v2\/product\/8889","targetHints":{"allow":["GET"]}}],"collection":[{"href":"https:\/\/ayaneo.co\/it\/wp-json\/wp\/v2\/product"}],"about":[{"href":"https:\/\/ayaneo.co\/it\/wp-json\/wp\/v2\/types\/product"}],"wp:featuredmedia":[{"embeddable":true,"href":"https:\/\/ayaneo.co\/it\/wp-json\/wp\/v2\/media\/37587"}],"wp:attachment":[{"href":"https:\/\/ayaneo.co\/it\/wp-json\/wp\/v2\/media?parent=8889"}],"wp:term":[{"taxonomy":"product_brand","embeddable":true,"href":"https:\/\/ayaneo.co\/it\/wp-json\/wp\/v2\/product_brand?post=8889"},{"taxonomy":"product_cat","embeddable":true,"href":"https:\/\/ayaneo.co\/it\/wp-json\/wp\/v2\/product_cat?post=8889"},{"taxonomy":"product_tag","embeddable":true,"href":"https:\/\/ayaneo.co\/it\/wp-json\/wp\/v2\/product_tag?post=8889"}],"curies":[{"name":"wp","href":"https:\/\/api.w.org\/{rel}","templated":true}]}}