{"id":17771,"date":"2025-02-26T09:29:59","date_gmt":"2025-02-26T09:29:59","guid":{"rendered":"https:\/\/ayaneo.co\/pirkite-ayaneo-3-pocket-dmg-micro-ir-daugiau-delniniu-zaidimu-kompiuteriu\/"},"modified":"2025-08-01T10:29:19","modified_gmt":"2025-08-01T10:29:19","slug":"pirkite-ayaneo-3-pocket-dmg-micro-ir-daugiau-delniniu-zaidimu-kompiuteriu","status":"publish","type":"page","link":"https:\/\/ayaneo.co\/lt\/pirkite-ayaneo-3-pocket-dmg-micro-ir-daugiau-delniniu-zaidimu-kompiuteriu\/","title":{"rendered":"Pirkite AYANEO 3, Pocket DMG, Micro ir daugiau delnini\u0173 \u017eaidim\u0173 kompiuteri\u0173"},"content":{"rendered":"","protected":false},"excerpt":{"rendered":"","protected":false},"author":66,"featured_media":0,"parent":0,"menu_order":0,"comment_status":"closed","ping_status":"closed","template":"","meta":{"_acf_changed":false,"footnotes":""},"class_list":["post-17771","page","type-page","status-publish","hentry"],"acf":[],"_links":{"self":[{"href":"https:\/\/ayaneo.co\/lt\/wp-json\/wp\/v2\/pages\/17771","targetHints":{"allow":["GET"]}}],"collection":[{"href":"https:\/\/ayaneo.co\/lt\/wp-json\/wp\/v2\/pages"}],"about":[{"href":"https:\/\/ayaneo.co\/lt\/wp-json\/wp\/v2\/types\/page"}],"author":[{"embeddable":true,"href":"https:\/\/ayaneo.co\/lt\/wp-json\/wp\/v2\/users\/66"}],"replies":[{"embeddable":true,"href":"https:\/\/ayaneo.co\/lt\/wp-json\/wp\/v2\/comments?post=17771"}],"version-history":[{"count":0,"href":"https:\/\/ayaneo.co\/lt\/wp-json\/wp\/v2\/pages\/17771\/revisions"}],"wp:attachment":[{"href":"https:\/\/ayaneo.co\/lt\/wp-json\/wp\/v2\/media?parent=17771"}],"curies":[{"name":"wp","href":"https:\/\/api.w.org\/{rel}","templated":true}]}}