{"id":17799,"date":"2023-03-12T15:06:00","date_gmt":"2023-03-12T15:06:00","guid":{"rendered":"https:\/\/ayaneo.co\/apie-mus\/"},"modified":"2025-05-30T16:16:29","modified_gmt":"2025-05-30T16:16:29","slug":"apie-mus","status":"publish","type":"page","link":"https:\/\/ayaneo.co\/lt\/apie-mus\/","title":{"rendered":"Apie mus"},"content":{"rendered":"\t\t<div data-elementor-type=\"wp-page\" data-elementor-id=\"17799\" class=\"elementor elementor-17799 elementor-167\" data-elementor-post-type=\"page\">\n\t\t\t\t\t\t<section class=\"elementor-section elementor-top-section elementor-element elementor-element-c5ceb80 elementor-section-height-min-height elementor-section-content-middle elementor-reverse-mobile elementor-section-boxed elementor-section-height-default elementor-section-items-middle\" data-id=\"c5ceb80\" data-element_type=\"section\" data-settings=\"{&quot;background_background&quot;:&quot;classic&quot;,&quot;background_motion_fx_motion_fx_scrolling&quot;:&quot;yes&quot;,&quot;background_motion_fx_translateY_effect&quot;:&quot;yes&quot;,&quot;background_motion_fx_translateY_speed&quot;:{&quot;unit&quot;:&quot;px&quot;,&quot;size&quot;:2.4,&quot;sizes&quot;:[]},&quot;background_motion_fx_blur_effect&quot;:&quot;yes&quot;,&quot;background_motion_fx_translateY_affectedRange&quot;:{&quot;unit&quot;:&quot;%&quot;,&quot;size&quot;:&quot;&quot;,&quot;sizes&quot;:{&quot;start&quot;:0,&quot;end&quot;:100}},&quot;background_motion_fx_blur_direction&quot;:&quot;out-in&quot;,&quot;background_motion_fx_blur_level&quot;:{&quot;unit&quot;:&quot;px&quot;,&quot;size&quot;:7,&quot;sizes&quot;:[]},&quot;background_motion_fx_blur_range&quot;:{&quot;unit&quot;:&quot;%&quot;,&quot;size&quot;:&quot;&quot;,&quot;sizes&quot;:{&quot;start&quot;:20,&quot;end&quot;:80}},&quot;background_motion_fx_devices&quot;:[&quot;desktop&quot;,&quot;tablet&quot;,&quot;mobile&quot;]}\">\n\t\t\t\t\t\t<div class=\"elementor-container elementor-column-gap-no\">\n\t\t\t\t\t<div class=\"elementor-column elementor-col-50 elementor-top-column elementor-element elementor-element-7b5702e5\" data-id=\"7b5702e5\" data-element_type=\"column\">\n\t\t\t<div class=\"elementor-widget-wrap elementor-element-populated\">\n\t\t\t\t\t\t<div class=\"elementor-element elementor-element-7e56fd7c elementor-widget elementor-widget-heading\" data-id=\"7e56fd7c\" data-element_type=\"widget\" data-widget_type=\"heading.default\">\n\t\t\t\t<div class=\"elementor-widget-container\">\n\t\t\t\t\t<h2 class=\"elementor-heading-title elementor-size-default\">Pagal \u017eaid\u0117jus<br>\u017daid\u0117jams<\/h2>\t\t\t\t<\/div>\n\t\t\t\t<\/div>\n\t\t\t\t<div class=\"elementor-element elementor-element-374c2200 elementor-widget elementor-widget-text-editor\" data-id=\"374c2200\" data-element_type=\"widget\" data-widget_type=\"text-editor.default\">\n\t\t\t\t<div class=\"elementor-widget-container\">\n\t\t\t\t\t\t\t\t\tAYANEO \u201eGlobal\u201c suk\u016br\u0117 ir pri\u017ei\u016bri \u201eDroiX\u201c, tod\u0117l j\u016bs\u0173 u\u017esakymas bus i\u0161si\u0173stas i\u0161 m\u016bs\u0173 sand\u0117li\u0173 ir jam bus taikomos m\u016bs\u0173 nuostabios paslaugos po pirkimo.\n<\/br>\nPrie\u0161ingai nei kuriant tradicinius produktus, AYANEO laikosi pirmin\u0117s intencijos \u201etikri \u017eaid\u0117jai - kitiems \u017eaid\u0117jams\u201c. Nuosekliai palaikome glaud\u017eius ry\u0161ius su \u017eaid\u0117jais, \u012fsiklausome \u012f j\u0173 nuomon\u0119 ir poreikius, leid\u017eiame jiems dalyvauti kuriant gamin\u012f ir bendradarbiaujame su jais, kad sukurtume ideal\u0173 \u201eWindows\u201c ne\u0161iojam\u0105j\u012f \u012frengin\u012f. \n\n\t\t\t\t\t\t\t\t<\/div>\n\t\t\t\t<\/div>\n\t\t\t\t\t<\/div>\n\t\t<\/div>\n\t\t\t\t<div class=\"elementor-column elementor-col-50 elementor-top-column elementor-element elementor-element-fd898c5\" data-id=\"fd898c5\" data-element_type=\"column\">\n\t\t\t<div class=\"elementor-widget-wrap elementor-element-populated\">\n\t\t\t\t\t\t<div class=\"elementor-element elementor-element-6e38bb40 elementor-widget elementor-widget-image\" data-id=\"6e38bb40\" data-element_type=\"widget\" data-widget_type=\"image.default\">\n\t\t\t\t<div class=\"elementor-widget-container\">\n\t\t\t\t\t\t\t\t\t\t\t\t\t\t\t<img fetchpriority=\"high\" decoding=\"async\" width=\"1500\" height=\"1500\" src=\"https:\/\/ayaneo.co\/wp-content\/uploads\/2023\/03\/AYANEO-2-SKY_WHITE-LISTING-IMAGE-DONE-1.png\" class=\"attachment-full size-full wp-image-36\" alt=\"AYANEO 2 Sky White PC Gaming Handheld - Shown from the front\" srcset=\"https:\/\/ayaneo.co\/wp-content\/uploads\/2023\/03\/AYANEO-2-SKY_WHITE-LISTING-IMAGE-DONE-1.png 1500w, https:\/\/ayaneo.co\/wp-content\/uploads\/2023\/03\/AYANEO-2-SKY_WHITE-LISTING-IMAGE-DONE-1-600x600.png 600w, https:\/\/ayaneo.co\/wp-content\/uploads\/2023\/03\/AYANEO-2-SKY_WHITE-LISTING-IMAGE-DONE-1-150x150.png 150w, https:\/\/ayaneo.co\/wp-content\/uploads\/2023\/03\/AYANEO-2-SKY_WHITE-LISTING-IMAGE-DONE-1-300x300.png 300w, https:\/\/ayaneo.co\/wp-content\/uploads\/2023\/03\/AYANEO-2-SKY_WHITE-LISTING-IMAGE-DONE-1-1024x1024.png 1024w, https:\/\/ayaneo.co\/wp-content\/uploads\/2023\/03\/AYANEO-2-SKY_WHITE-LISTING-IMAGE-DONE-1-768x768.png 768w, https:\/\/ayaneo.co\/wp-content\/uploads\/2023\/03\/AYANEO-2-SKY_WHITE-LISTING-IMAGE-DONE-1-990x990.png 990w, https:\/\/ayaneo.co\/wp-content\/uploads\/2023\/03\/AYANEO-2-SKY_WHITE-LISTING-IMAGE-DONE-1-441x441.png 441w, https:\/\/ayaneo.co\/wp-content\/uploads\/2023\/03\/AYANEO-2-SKY_WHITE-LISTING-IMAGE-DONE-1-60x60.png 60w, https:\/\/ayaneo.co\/wp-content\/uploads\/2023\/03\/AYANEO-2-SKY_WHITE-LISTING-IMAGE-DONE-1-110x110.png 110w, https:\/\/ayaneo.co\/wp-content\/uploads\/2023\/03\/AYANEO-2-SKY_WHITE-LISTING-IMAGE-DONE-1-100x100.png 100w\" sizes=\"(max-width: 1500px) 100vw, 1500px\" \/>\t\t\t\t\t\t\t\t\t\t\t\t\t\t\t<\/div>\n\t\t\t\t<\/div>\n\t\t\t\t\t<\/div>\n\t\t<\/div>\n\t\t\t\t\t<\/div>\n\t\t<\/section>\n\t\t\t\t<\/div>\n\t\t","protected":false},"excerpt":{"rendered":"<p>Pagal \u017eaid\u0117jus\u017daid\u0117jams AYANEO \u201eGlobal\u201c suk\u016br\u0117 ir pri\u017ei\u016bri \u201eDroiX\u201c, tod\u0117l j\u016bs\u0173 u\u017esakymas bus i\u0161si\u0173stas i\u0161 m\u016bs\u0173 sand\u0117li\u0173 ir jam bus taikomos m\u016bs\u0173 nuostabios paslaugos po pirkimo. Prie\u0161ingai nei kuriant tradicinius produktus, AYANEO laikosi pirmin\u0117s intencijos \u201etikri \u017eaid\u0117jai - kitiems \u017eaid\u0117jams\u201c. Nuosekliai palaikome glaud\u017eius ry\u0161ius su \u017eaid\u0117jais, \u012fsiklausome \u012f j\u0173 nuomon\u0119 ir poreikius, leid\u017eiame jiems dalyvauti kuriant [&hellip;]<\/p>\n","protected":false},"author":1,"featured_media":0,"parent":0,"menu_order":0,"comment_status":"closed","ping_status":"closed","template":"template-fullwidth-no-heading.php","meta":{"_acf_changed":false,"footnotes":""},"class_list":["post-17799","page","type-page","status-publish","hentry"],"acf":[],"_links":{"self":[{"href":"https:\/\/ayaneo.co\/lt\/wp-json\/wp\/v2\/pages\/17799","targetHints":{"allow":["GET"]}}],"collection":[{"href":"https:\/\/ayaneo.co\/lt\/wp-json\/wp\/v2\/pages"}],"about":[{"href":"https:\/\/ayaneo.co\/lt\/wp-json\/wp\/v2\/types\/page"}],"author":[{"embeddable":true,"href":"https:\/\/ayaneo.co\/lt\/wp-json\/wp\/v2\/users\/1"}],"replies":[{"embeddable":true,"href":"https:\/\/ayaneo.co\/lt\/wp-json\/wp\/v2\/comments?post=17799"}],"version-history":[{"count":0,"href":"https:\/\/ayaneo.co\/lt\/wp-json\/wp\/v2\/pages\/17799\/revisions"}],"wp:attachment":[{"href":"https:\/\/ayaneo.co\/lt\/wp-json\/wp\/v2\/media?parent=17799"}],"curies":[{"name":"wp","href":"https:\/\/api.w.org\/{rel}","templated":true}]}}