{"id":16481,"date":"2025-01-23T13:59:52","date_gmt":"2025-01-23T13:59:52","guid":{"rendered":"https:\/\/ayaneo.co\/product\/ayaneo-pocket-evo-ekrano-apsauga\/"},"modified":"2025-12-09T00:38:42","modified_gmt":"2025-12-09T00:38:42","slug":"ayaneo-pocket-evo-ekrano-apsauga","status":"publish","type":"product","link":"https:\/\/ayaneo.co\/lt\/product\/ayaneo-pocket-evo-ekrano-apsauga\/","title":{"rendered":"AYANEO Pocket EVO ekrano apsauga"},"content":{"rendered":"\n<h2 class=\"wp-block-heading\">Produkto ap\u017evalga:<\/h2>\n\n<p><strong>AYANEO Pocket EVO ekrano apsauga skirta<\/strong> apsaugoti konsol\u0117s ekran\u0105 ir u\u017etikrinti puik\u0173 ry\u0161kum\u0105. Pagaminta i\u0161 auk\u0161tos kokyb\u0117s gr\u016bdinto stiklo, \u0161i ekrano apsauga yra labai atspari \u012fbr\u0117\u017eimams ir d\u0117m\u0117ms, tod\u0117l j\u016bs\u0173 prietaiso ekranas i\u0161liks nepriekai\u0161tingas, o vaizdas - nepriekai\u0161tingas. <\/p>\n\n<ol class=\"wp-block-list\">\n<li><strong>Pritaikyta<\/strong> AYANEO Pocket EVO.<\/li>\n\n\n\n<li>Patvarus ir <strong>\u012fbr\u0117\u017eimams atsparus pavir\u0161ius<\/strong>.<\/li>\n\n\n\n<li>Itin skaidri med\u017eiaga - <strong>ry\u0161kus \u017eaidim\u0173 vaizdas<\/strong>.<\/li>\n\n\n\n<li><strong>\u0160varus ir ai\u0161kus ekranas<\/strong> padengtas danga, atsparia d\u0117m\u0117ms.<\/li>\n\n\n\n<li>Lengvas montavimas be burbuliuk\u0173, kad b\u016bt\u0173 <strong>nesud\u0117tinga naudoti<\/strong>.<\/li>\n<\/ol>\n\n<h2 class=\"wp-block-heading\">Kod\u0117l verta rinktis &#8222;AYANEO Pocket EVO\" ekrano apsaug\u0105?<\/h2>\n\n<p>AYANEO Pocket EVO ekrano apsauga - tai auk\u0161\u010diausios kokyb\u0117s med\u017eiagos ir precizi\u0161kas dizainas, u\u017etikrinantis i\u0161skirtin\u0119 apsaug\u0105 ir vaizdo ai\u0161kum\u0105. Nesvarbu, ar \u017eaid\u017eiate namuose, ar keliaujate, \u0161i ekrano apsauga u\u017etikrina, kad j\u016bs\u0173 prietaisas i\u0161liks nesubrai\u017eytas ir i\u0161laikys ry\u0161k\u0173, kri\u0161tolo skaidrumo vaizd\u0105. <\/p>\n\n<hr class=\"wp-block-separator has-alpha-channel-opacity\"\/>\n\n<h4 class=\"wp-block-heading\">Specifikacijos:<\/h4>\n\n<ul class=\"wp-block-list\">\n<li><strong>Med\u017eiaga:<\/strong> Gr\u016bdintas stiklas<\/li>\n\n\n\n<li><strong>Suderinamumas:<\/strong> AYANEO Pocket EVO konsol\u0117<\/li>\n\n\n\n<li><strong>Funkcijos:<\/strong> Atsparus \u012fbr\u0117\u017eimams, apsaugotas nuo sutepim\u0173, itin skaidrus ir be burbuliuk\u0173.<\/li>\n<\/ul>\n\n<p>Patobulinkite savo \u017eaidim\u0173 patirt\u012f su AYANEO Pocket EVO ekrano apsauga - geriausiu konsol\u0117s ekrano apsauginiu skydu!  <\/p>\n","protected":false},"excerpt":{"rendered":"<ul>\n<li><strong>Pritaikyta<\/strong> AYANEO Pocket EVO.<\/li>\n<li>Patvarus ir <strong>\u012fbr\u0117\u017eimams atsparus pavir\u0161ius<\/strong>.<\/li>\n<li>Itin skaidri med\u017eiaga - <strong>ry\u0161kus \u017eaidim\u0173 vaizdas<\/strong>.<\/li>\n<li><strong>\u0160varus ir ai\u0161kus ekranas<\/strong> padengtas danga, atsparia d\u0117m\u0117ms.<\/li>\n<li>Lengvas montavimas be burbuliuk\u0173, kad b\u016bt\u0173 <strong>nesud\u0117tinga naudoti<\/strong>.<\/li>\n<\/ul>\n[cg_accordion title=\"INFORMACIJA APMOK\u0116JIMUI\"]<\/p>\n<p>Naudojame naujausias mok\u0117jimo apdorojimo technologijas, kurios leid\u017eia greitai ir saugiai atsiskaityti per &#8222;Apple Pay\", &#8222;Google Pay\", debeto \/ kredito kortel\u0119, &#8222;PayPal\" arba BNPL metodus, tokius kaip &#8222;Klarna\", &#8222;Affirm\" arba &#8222;AfterPay\".[\/cg_accordion]\n[cg_accordion title=\"GARANTIJA\"]<\/p>\n<p><a href=\"https:\/\/droix.net\/\" target=\"_blank\" rel=\"nofollow noopener\">DROIX Global suteikia 1 met\u0173 garantij\u0105, kad<\/a> b\u016btum\u0117te ram\u016bs[\/cg_accordion]\n[cg_accordion title=\"KOKYB\u0116S U\u017dTIKRINIMAS IR BANDYMAI PRIE\u0160 I\u0160SIUNTIM\u0104\"]<\/p>\n<p>Auk\u0161\u010diausio lygio klient\u0173 pasitenkinimo u\u017etikrinimas: Prie\u0161 i\u0161siun\u010diant kiekvien\u0105 prietais\u0105 atliekamas grie\u017etas testavimas ir daugiapakopis kokyb\u0117s u\u017etikrinimas. M\u016bs\u0173 komanda tikrina veikim\u0105, funkcionalum\u0105 ir komponent\u0173 vientisum\u0105, kad u\u017etikrintume, jog j\u016bs\u0173 AYANEO prietaisas atvykus b\u016bt\u0173 visi\u0161kai tvarkingas, o j\u016bs b\u016btum\u0117te tikri ir ram\u016bs. [\/cg_accordion]\n[cg_accordion title=\"KAINOS, MOKES\u010cIAI IR PRISTATYMAS\"]<\/p>\n<p><strong><u>Pastaba:<\/u><\/strong><\/p>\n<ul>\n<li>Jungtini\u0173 Amerikos Valstij\u0173 klientai: \u012e rodom\u0105 kain\u0105 N\u0116RA \u012fskai\u010diuoti mokes\u010diai ir muitai. Atsakomyb\u0117 i\u0161muitinti muitin\u0119 ir sumok\u0117ti visus susijusius mokes\u010dius ir muitus tenka klientui. <\/li>\n<li>ES klientai: \u012e nurodyt\u0105 kain\u0105 \u012fskai\u010diuoti taikomi mokes\u010diai, kurie, priklausomai nuo j\u016bs\u0173 \u0161alies, gali siekti iki 25 %.<\/li>\n<li>Kanados klientai: \u012e nurodyt\u0105 kain\u0105 \u012fskai\u010diuoti taikomi mokes\u010diai, kurie, priklausomai nuo j\u016bs\u0173 provincijos, gali apimti 5 % GPM ir papildomus provincijos pardavimo mokes\u010dius (PST), suderint\u0105 pardavimo mokest\u012f (HST) arba Kvebeko pardavimo mokest\u012f (QST).<\/li>\n<\/ul>\n<p><strong>TIK ES klientams:<\/strong> Express DDP (pristatoma sumok\u0117jus muit\u0105). Tai rei\u0161kia: <\/p>\n<ul>\n<li>Visi muitai ir mokes\u010diai \u012fskai\u010diuoti \u012f produkto puslapyje nurodyt\u0105 kain\u0105.<\/li>\n<li>Pristatymo metu jums nereik\u0117s mok\u0117ti joki\u0173 papildom\u0173 mokes\u010di\u0173.<\/li>\n<li>Retais atvejais, kai kyla su muitine susijusi\u0173 problem\u0173, m\u016bs\u0173 komanda pasir\u016bpins muitin\u0117s formalumais j\u016bs\u0173 vardu, kad b\u016bt\u0173 u\u017etikrintas sklandus pristatymas.<\/li>\n<p>Svarbi informacija apie gr\u0105\u017einim\u0105:<\/p>\n<li>Jei nuspr\u0119site gr\u0105\u017einti u\u017esakym\u0105 arba pra\u0161ysite gr\u0105\u017einti pinigus, tur\u0117kite omenyje, kad mokes\u010diai ir muitai, sumok\u0117ti j\u016bs\u0173 vardu pagal DDP s\u0105lygas, negali b\u016bti gr\u0105\u017einami.<\/li>\n<p>I\u0161samesn\u0117s informacijos rasite m\u016bs\u0173 <a href=\"https:\/\/ayaneo.co\/lt\/paslaugu-teikimo-salygos\/\" target=\"_blank\" rel=\"nofollow noopener\">s\u0105lygose ir nuostatose<\/a>.\n<\/ul>\n<p>[\/cg_accordion]\n[cg_accordion title=\"KLIENT\u0172 APTARNAVIMAS\"]<\/p>\n<p>Turite klausim\u0105? U\u017etenka para\u0161yti trump\u0105j\u0105 \u017einut\u0119 ir j\u016bs\u0173 klausimas bus i\u0161spr\u0119stas! [\/cg_accordion]\n[cg_accordion title=\"PAKUOT\u0118 SUDARO\"]<\/p>\n<ul>\n<li>1x AYANEO Pocket EVO ekrano apsauga<\/li>\n<\/ul>\n<p>[\/cg_accordion]\n","protected":false},"featured_media":16482,"template":"","meta":{"_acf_changed":false},"product_brand":[],"product_cat":[1186],"product_tag":[],"class_list":{"0":"post-16481","1":"product","2":"type-product","3":"status-publish","4":"has-post-thumbnail","6":"product_cat-priedai","7":"product_shipping_class-low-end","8":"pa_accessory-type-screen-protector-lt","9":"pa_brand-ayaneo","11":"first","12":"instock","13":"sale","14":"taxable","15":"shipping-taxable","16":"purchasable","17":"product-type-simple"},"acf":[],"_links":{"self":[{"href":"https:\/\/ayaneo.co\/lt\/wp-json\/wp\/v2\/product\/16481","targetHints":{"allow":["GET"]}}],"collection":[{"href":"https:\/\/ayaneo.co\/lt\/wp-json\/wp\/v2\/product"}],"about":[{"href":"https:\/\/ayaneo.co\/lt\/wp-json\/wp\/v2\/types\/product"}],"wp:featuredmedia":[{"embeddable":true,"href":"https:\/\/ayaneo.co\/lt\/wp-json\/wp\/v2\/media\/16482"}],"wp:attachment":[{"href":"https:\/\/ayaneo.co\/lt\/wp-json\/wp\/v2\/media?parent=16481"}],"wp:term":[{"taxonomy":"product_brand","embeddable":true,"href":"https:\/\/ayaneo.co\/lt\/wp-json\/wp\/v2\/product_brand?post=16481"},{"taxonomy":"product_cat","embeddable":true,"href":"https:\/\/ayaneo.co\/lt\/wp-json\/wp\/v2\/product_cat?post=16481"},{"taxonomy":"product_tag","embeddable":true,"href":"https:\/\/ayaneo.co\/lt\/wp-json\/wp\/v2\/product_tag?post=16481"}],"curies":[{"name":"wp","href":"https:\/\/api.w.org\/{rel}","templated":true}]}}