{"id":16483,"date":"2025-01-23T16:27:44","date_gmt":"2025-01-23T16:27:44","guid":{"rendered":"https:\/\/ayaneo.co\/product\/ayaneo-pocket-s-kietojo-virselio-deklas\/"},"modified":"2025-12-09T00:30:53","modified_gmt":"2025-12-09T00:30:53","slug":"ayaneo-pocket-s-kietojo-virselio-deklas","status":"publish","type":"product","link":"https:\/\/ayaneo.co\/lt\/product\/ayaneo-pocket-s-kietojo-virselio-deklas\/","title":{"rendered":"AYANEO Pocket S kietas d\u0117klas"},"content":{"rendered":"\n<h2 class=\"wp-block-heading\" id=\"h-product-overview\">Produkto ap\u017evalga:<\/h2>\n\n<p>\" <strong>AYANEO Pocket S Hardcover<\/strong> \" <strong>yra<\/strong> puikus priedas, skirtas stilingai apsaugoti konsol\u0119. Sukurtas su eleganti\u0161ka ir patvaria apdaila, \u0161is kietasis vir\u0161elis puikiai apsaugo nuo \u012fbr\u0117\u017eim\u0173, sm\u016bgi\u0173 ir kasdienio d\u0117v\u0117jimosi, kartu i\u0161laikydamas lengv\u0105 ir ne\u0161iojam\u0105 form\u0105. <\/p>\n\n<hr class=\"wp-block-separator has-alpha-channel-opacity\"\/>\n\n<h2 class=\"wp-block-heading\" id=\"h-key-features\">Pagrindin\u0117s savyb\u0117s:<\/h2>\n\n<p><strong>Eleganti\u0161kas kietas vir\u0161elis dizainas,<\/strong> u\u017etikrinantis didesn\u012f patvarum\u0105.<\/p>\n\n<p><strong>Pritaikyta<\/strong> AYANEO Pocket S konsolei.<\/p>\n\n<p>Lengvas ir ne\u0161iojamas, kad gal\u0117tum\u0117te <strong>\u017eaisti keliaudami<\/strong>.<\/p>\n\n<p>Auk\u0161\u010diausios kokyb\u0117s med\u017eiagos konstrukcija u\u017etikrina <strong>ilgalaik\u012f naudojim\u0105<\/strong>.<\/p>\n\n<p>\u0160iuolaikin\u0117 estetika, <strong>papildanti j\u016bs\u0173 konsol\u0119<\/strong>.<\/p>\n\n<hr class=\"wp-block-separator has-alpha-channel-opacity\"\/>\n\n<h2 class=\"wp-block-heading\" id=\"h-why-choose-the-ayaneo-pocket-micro-case\">Kod\u0117l verta rinktis AYANEO Pocket S kiet\u0105j\u012f vir\u0161el\u012f?<\/h2>\n\n<p>Apsaugokite savo AYANEO Pocket S konsol\u0119 kietuoju vir\u0161eliu, kuriame dera ilgaam\u017ei\u0161kumas ir stilius. D\u0117l lengvos ir ne\u0161iojamos konstrukcijos jis puikiai tinka \u017eaidimams keliaujant, o auk\u0161\u010diausios kokyb\u0117s med\u017eiagos u\u017etikrina ilgalaik\u0119 apsaug\u0105. \u0160is kietasis vir\u0161elis idealiai tinka \u017eaid\u0117jams, kurie nori saugoti savo konsol\u0119 nesuma\u017eindami estetikos.  <\/p>\n\n<hr class=\"wp-block-separator has-alpha-channel-opacity\"\/>\n\n<h3 class=\"wp-block-heading\" id=\"h-specifications\">Specifikacijos:<\/h3>\n\n<ul class=\"wp-block-list\">\n<li><strong>Med\u017eiaga:<\/strong> Patvarus kietas plastikas<\/li>\n\n\n\n<li><strong>Suderinamumas:<\/strong> AYANEO Pocket S konsol\u0117<\/li>\n\n\n\n<li><strong>Funkcijos:<\/strong> Lengvas, atsparus \u012fbr\u0117\u017eimams ir ne\u0161iojamas<\/li>\n<\/ul>\n\n<p>Saugokite savo konsol\u0119, kad ji b\u016bt\u0173 apsaugota ir stilinga, naudodami &#8222;AYANEO Pocket S\" kiet\u0105j\u012f d\u0117kl\u0105 - geriausi\u0105 pried\u0105 \u017eaid\u0117jams, kurie r\u016bpinasi savo \u012franga!<\/p>\n\n<p><\/p>\n","protected":false},"excerpt":{"rendered":"<ul>\n<li><strong>Eleganti\u0161kas kietas vir\u0161elis dizainas,<\/strong> u\u017etikrinantis didesn\u012f patvarum\u0105.<\/li>\n<li><strong>Pritaikyta<\/strong> AYANEO Pocket S konsolei.<\/li>\n<li>Lengvas ir ne\u0161iojamas, kad gal\u0117tum\u0117te <strong>\u017eaisti keliaudami<\/strong>.<\/li>\n<li>Auk\u0161\u010diausios kokyb\u0117s med\u017eiagos konstrukcija u\u017etikrina <strong>ilgalaik\u012f naudojim\u0105<\/strong>.<\/li>\n<li>\u0160iuolaikin\u0117 estetika, <strong>papildanti j\u016bs\u0173 konsol\u0119<\/strong>.<\/li>\n<\/ul>\n[cg_accordion title=\"INFORMACIJA APMOK\u0116JIMUI\"]<\/p>\n<p>Naudojame naujausias mok\u0117jimo apdorojimo technologijas, kurios leid\u017eia greitai ir saugiai atsiskaityti per &#8222;Apple Pay\", &#8222;Google Pay\", debeto \/ kredito kortel\u0119, &#8222;PayPal\" arba BNPL metodus, tokius kaip &#8222;Klarna\", &#8222;Affirm\" arba &#8222;AfterPay\".[\/cg_accordion]\n[cg_accordion title=\"GARANTIJA\"]<\/p>\n<p><a href=\"https:\/\/droix.net\/\" target=\"_blank\" rel=\"nofollow noopener\">DROIX Global suteikia 1 met\u0173 garantij\u0105, kad<\/a> b\u016btum\u0117te ram\u016bs[\/cg_accordion]\n[cg_accordion title=\"KOKYB\u0116S U\u017dTIKRINIMAS IR BANDYMAI PRIE\u0160 I\u0160SIUNTIM\u0104\"]<\/p>\n<p>Auk\u0161\u010diausio lygio klient\u0173 pasitenkinimo u\u017etikrinimas: Prie\u0161 i\u0161siun\u010diant kiekvien\u0105 prietais\u0105 atliekamas grie\u017etas testavimas ir daugiapakopis kokyb\u0117s u\u017etikrinimas. M\u016bs\u0173 komanda tikrina veikim\u0105, funkcionalum\u0105 ir komponent\u0173 vientisum\u0105, kad u\u017etikrintume, jog j\u016bs\u0173 AYANEO prietaisas atvykus b\u016bt\u0173 visi\u0161kai tvarkingas, o j\u016bs b\u016btum\u0117te tikri ir ram\u016bs. [\/cg_accordion]\n[cg_accordion title=\"KAINOS, MOKES\u010cIAI IR PRISTATYMAS\"]<\/p>\n<p><strong><u>Pastaba:<\/u><\/strong><\/p>\n<ul>\n<li>Jungtini\u0173 Amerikos Valstij\u0173 klientai: \u012e rodom\u0105 kain\u0105 N\u0116RA \u012fskai\u010diuoti mokes\u010diai ir muitai. Atsakomyb\u0117 i\u0161muitinti muitin\u0119 ir sumok\u0117ti visus susijusius mokes\u010dius ir muitus tenka klientui. <\/li>\n<li>ES klientai: \u012e nurodyt\u0105 kain\u0105 \u012fskai\u010diuoti taikomi mokes\u010diai, kurie, priklausomai nuo j\u016bs\u0173 \u0161alies, gali siekti iki 25 %.<\/li>\n<li>Kanados klientai: \u012e nurodyt\u0105 kain\u0105 \u012fskai\u010diuoti taikomi mokes\u010diai, kurie, priklausomai nuo j\u016bs\u0173 provincijos, gali apimti 5 % GPM ir papildomus provincijos pardavimo mokes\u010dius (PST), suderint\u0105 pardavimo mokest\u012f (HST) arba Kvebeko pardavimo mokest\u012f (QST).<\/li>\n<\/ul>\n<p><strong>TIK ES klientams:<\/strong> Express DDP (pristatoma sumok\u0117jus muit\u0105). Tai rei\u0161kia: <\/p>\n<ul>\n<li>Visi muitai ir mokes\u010diai \u012fskai\u010diuoti \u012f produkto puslapyje nurodyt\u0105 kain\u0105.<\/li>\n<li>Pristatymo metu jums nereik\u0117s mok\u0117ti joki\u0173 papildom\u0173 mokes\u010di\u0173.<\/li>\n<li>Retais atvejais, kai kyla su muitine susijusi\u0173 problem\u0173, m\u016bs\u0173 komanda pasir\u016bpins muitin\u0117s formalumais j\u016bs\u0173 vardu, kad b\u016bt\u0173 u\u017etikrintas sklandus pristatymas.<\/li>\n<p>Svarbi informacija apie gr\u0105\u017einim\u0105:<\/p>\n<li>Jei nuspr\u0119site gr\u0105\u017einti u\u017esakym\u0105 arba pra\u0161ysite gr\u0105\u017einti pinigus, tur\u0117kite omenyje, kad mokes\u010diai ir muitai, sumok\u0117ti j\u016bs\u0173 vardu pagal DDP s\u0105lygas, negali b\u016bti gr\u0105\u017einami.<\/li>\n<p>I\u0161samesn\u0117s informacijos rasite m\u016bs\u0173 <a href=\"https:\/\/ayaneo.co\/terms-of-service-2\/\" target=\"_blank\" rel=\"nofollow noopener\">s\u0105lygose ir nuostatose<\/a>.\n<\/ul>\n<p>[\/cg_accordion]\n[cg_accordion title=\"KLIENT\u0172 APTARNAVIMAS\"]<\/p>\n<p>Turite klausim\u0105? U\u017etenka para\u0161yti trump\u0105j\u0105 \u017einut\u0119 ir j\u016bs\u0173 klausimas bus i\u0161spr\u0119stas! [\/cg_accordion]\n[cg_accordion title=\"PAKUOT\u0118 SUDARO\"]<\/p>\n<ul>\n<li>1x AYANEO Pocket S kietas d\u0117klas<\/li>\n<\/ul>\n<p>[\/cg_accordion]\n","protected":false},"featured_media":16484,"template":"","meta":{"_acf_changed":false},"product_brand":[],"product_cat":[1186],"product_tag":[],"class_list":{"0":"post-16483","1":"product","2":"type-product","3":"status-publish","4":"has-post-thumbnail","6":"product_cat-priedai","7":"product_shipping_class-low-end","8":"pa_accessory-type-protective-case-lt","9":"pa_brand-ayaneo","11":"first","12":"instock","13":"sale","14":"taxable","15":"shipping-taxable","16":"purchasable","17":"product-type-simple"},"acf":[],"_links":{"self":[{"href":"https:\/\/ayaneo.co\/lt\/wp-json\/wp\/v2\/product\/16483","targetHints":{"allow":["GET"]}}],"collection":[{"href":"https:\/\/ayaneo.co\/lt\/wp-json\/wp\/v2\/product"}],"about":[{"href":"https:\/\/ayaneo.co\/lt\/wp-json\/wp\/v2\/types\/product"}],"wp:featuredmedia":[{"embeddable":true,"href":"https:\/\/ayaneo.co\/lt\/wp-json\/wp\/v2\/media\/16484"}],"wp:attachment":[{"href":"https:\/\/ayaneo.co\/lt\/wp-json\/wp\/v2\/media?parent=16483"}],"wp:term":[{"taxonomy":"product_brand","embeddable":true,"href":"https:\/\/ayaneo.co\/lt\/wp-json\/wp\/v2\/product_brand?post=16483"},{"taxonomy":"product_cat","embeddable":true,"href":"https:\/\/ayaneo.co\/lt\/wp-json\/wp\/v2\/product_cat?post=16483"},{"taxonomy":"product_tag","embeddable":true,"href":"https:\/\/ayaneo.co\/lt\/wp-json\/wp\/v2\/product_tag?post=16483"}],"curies":[{"name":"wp","href":"https:\/\/api.w.org\/{rel}","templated":true}]}}