{"id":16514,"date":"2025-01-28T11:05:14","date_gmt":"2025-01-28T11:05:14","guid":{"rendered":"https:\/\/ayaneo.co\/product\/droix-pm14-4k-nesiojamasis-monitorius\/"},"modified":"2025-05-30T15:56:56","modified_gmt":"2025-05-30T15:56:56","slug":"droix-pm14-4k-nesiojamasis-monitorius","status":"publish","type":"product","link":"https:\/\/ayaneo.co\/lt\/product\/droix-pm14-4k-nesiojamasis-monitorius\/","title":{"rendered":"\u201eDroiX PM14 4K\u201c ne\u0161iojamasis monitorius"},"content":{"rendered":"\n<div class=\"wp-block-columns is-layout-flex wp-container-core-columns-is-layout-28f84493 wp-block-columns-is-layout-flex\">\n<div class=\"wp-block-column is-layout-flow wp-block-column-is-layout-flow\" style=\"flex-basis:33.33%\">\n<figure class=\"wp-block-image size-large\"><a href=\"https:\/\/droix.net\/wp-content\/uploads\/2024\/05\/DROIX-PM14-LISTING-V2-DONE-01-NON-TOUCH.png\" target=\"_blank\" rel=\"noopener\"><img decoding=\"async\" src=\"https:\/\/droix.net\/wp-content\/uploads\/2024\/05\/DROIX-PM14-LISTING-V2-DONE-01-NON-TOUCH-1024x1024.png\" alt=\"&#x201E;DroiX&#x201C; ne&#x161;iojamojo monitoriaus, 14 coli&#x173;, 4K, itin plono, vaizdas\" class=\"wp-image-179745\"\/><\/a><\/figure>\n<\/div>\n\n\n\n<div class=\"wp-block-column is-layout-flow wp-block-column-is-layout-flow\" style=\"flex-basis:66.66%\">\n<h3 class=\"wp-block-heading\"><strong>\u201eDroiX PM14\u201c - 14,0 coli\u0173 4K itin plonas ne\u0161iojamasis monitorius<\/strong><\/h3>\n\n\n\n<p>Atraskite naujausius ekran\u0173 technologijos pasiekimus su \u201eDroiX PM14\u201c - 14,0 coli\u0173 itin plonu ne\u0161iojamuoju monitoriumi, kur\u012f galima \u012fsigyti tiek su jutikliniu, tiek be jutiklinio ekrano. \u0160is naujovi\u0161kas prietaisas nustato naujus mobili\u0173j\u0173 kompiuteri\u0173 etalonus, nes suderina tvirt\u0105 na\u0161um\u0105 su i\u0161skirtiniu ne\u0161iojamumu ir moderniu dizainu. Nesvarbu, ar esate profesionalas, ar pramog\u0173 entuziastas, \u201eDroiX PM14 4K\u201c ne\u0161iojamasis monitorius sukurtas taip, kad skland\u017eiai \u012fsiliet\u0173 \u012f j\u016bs\u0173 dinami\u0161k\u0105 gyvenimo b\u016bd\u0105 ir u\u017etikrint\u0173 esmin\u012f universalum\u0105, nesvarbu, ar esate namuose, biure, ar keliaujate.  <\/p>\n<\/div>\n<\/div>\n\n<h3 class=\"wp-block-heading\"><strong>Produkto ap\u017evalga<\/strong><\/h3>\n\n<figure class=\"wp-block-image aligncenter size-large\"><a href=\"https:\/\/droix.net\/wp-content\/uploads\/2024\/04\/1080P-FHD.jpg\" target=\"_blank\" rel=\"noopener\"><img decoding=\"async\" src=\"https:\/\/droix.net\/wp-content\/uploads\/2024\/04\/1080P-FHD-1024x420.jpg\" alt=\"&#x201E;DroiX&#x201C; ne&#x161;iojamojo monitoriaus, 14 coli&#x173;, 4K, itin plono, su ry&#x161;kia 3840x2160 UHD rai&#x161;ka, ry&#x161;kiomis spalvomis ir ne&#x12F;tik&#x117;tinomis detal&#x117;mis, DCI-P3 100 % spalv&#x173; gama ir HDR400 palaikymu, vaizdas\" class=\"wp-image-178360\"\/><\/a><\/figure>\n\n<p>Ne\u0161iojamasis monitorius \u201eDroiX PM14\u201c demonstruoja geriausius \u0161iuolaikin\u0117s in\u017einerijos pasiekimus, pasi\u017eymi ry\u0161kia 3840&#215;2160 UHD skiriam\u0105ja geba, tod\u0117l turinys atgyja ry\u0161kiomis spalvomis ir i\u0161skirtin\u0117mis detal\u0117mis. D\u0117l DCI-P3 100 % spalv\u0173 gamos ir HDR400 palaikymo monitorius u\u017etikrina nuostab\u0173 vaizd\u0105, pasi\u017eymint\u012f gilia juoda ir ry\u0161kia balta spalvomis. Jo plonas profilis ir lengvas dizainas u\u017etikrina puik\u0173 ne\u0161iojamum\u0105 nesuma\u017einant kokyb\u0117s ar na\u0161umo.  <\/p>\n\n<figure class=\"wp-block-image aligncenter size-large\"><a href=\"https:\/\/droix.net\/wp-content\/uploads\/2024\/04\/Color.jpg\" target=\"_blank\" rel=\"noopener\"><img decoding=\"async\" src=\"https:\/\/droix.net\/wp-content\/uploads\/2024\/04\/Color-1024x406.jpg\" alt=\"&#x201E;DroiX&#x201C; ne&#x161;iojamojo monitoriaus, 14 coli&#x173;, 4K, itin plono, su DCI-P3 100 % spalv&#x173; gama ir HDR400 palaikymu, kad vaizdas b&#x16B;t&#x173; stulbinamas, o juoda spalva b&#x16B;t&#x173; sodri, o balta - ry&#x161;ki. Plonas profilis ir lengvas dizainas u&#x17E;tikrina maksimal&#x173; ne&#x161;iojamum&#x105; neaukojant kokyb&#x117;s ar na&#x161;umo. \" class=\"wp-image-178361\"\/><\/a><\/figure>\n\n<p>Ergonomi\u0161kai suprojektuotas \u201eDroiX PM14\u201c pasi\u017eymi patogiu valdymo ratuku ir universaliomis jung\u010di\u0173 galimyb\u0117mis, pavyzd\u017eiui, mini HDMI ir keliais USB-C prievadais. Tod\u0117l j\u012f galima pritaikyti visiems \u012frenginiams, nesvarbu, ar \u017eaid\u017eiate \u201ePlayStation\u201c, ar redaguojate vaizdo \u012fra\u0161us \u201eMac\u201c kompiuteriu, ar rengiate prezentacijas i\u0161 ne\u0161iojamojo kompiuterio. PM14 lengvai integruojamas \u012f bet koki\u0105 s\u0105rank\u0105, pasi\u017eymi ma\u017eomis energijos s\u0105naudomis ir dideliu efektyvumu, tod\u0117l galite dirbti ilgiau, nesijaudindami, kad i\u0161sikrauna \u012frengini\u0173 baterijos.  <\/p>\n\n<figure class=\"wp-block-image aligncenter size-large\"><a href=\"https:\/\/droix.net\/wp-content\/uploads\/2024\/04\/Modes.jpg\" target=\"_blank\" rel=\"noopener\"><img decoding=\"async\" src=\"https:\/\/droix.net\/wp-content\/uploads\/2024\/04\/Modes-1024x419.jpg\" alt=\"&#x201E;DroiX&#x201C; ne&#x161;iojamojo monitoriaus, 14 coli&#x173;, 4K, itin plono, suderinamo su ne&#x161;iojamaisiais kompiuteriais, &#x201E;Mac&#x201C;, i&#x161;maniaisiais telefonais, plan&#x161;etiniais kompiuteriais, asmeniniais kompiuteriais, &#x201E;PS3\/4\/5&#x201C;, &#x201E;Xbox&#x201C; ir &#x201E;Switchc&#x201C;, vaizdas\" class=\"wp-image-178357\"\/><\/a><\/figure>\n\n<h3 class=\"wp-block-heading\"><strong>I\u0161samios funkcijos<\/strong><\/h3>\n\n<ul class=\"wp-block-list\">\n<li>Veikimas: \u201eDroiX PM14 4K\u201c ne\u0161iojamasis monitorius pasi\u017eymi 60 Hz atnaujinimo da\u017eniu ir 2,5 ms atsako grei\u010diu, tod\u0117l u\u017etikrina skland\u0173 judes\u012f ir ry\u0161k\u0173 vaizd\u0105 net greitose scenose. Jis pasi\u017eymi 500 cd\/m\u00b2 \u0161viesumu ir 1500:1 kontrasto santykiu, tod\u0117l u\u017etikrina puik\u0173 matomum\u0105 \u012fvairiomis ap\u0161vietimo s\u0105lygomis. <\/li>\n\n\n\n<li>Ry\u0161iai: \u201eDroiX PM14\u201c si\u016blo universalias jung\u010di\u0173 galimybes: dvi USB-C jungtys maitinimui ir vaizdo duomen\u0173 perdavimui, papildoma USB-C jungtis periferiniams \u012frenginiams, pvz., klaviat\u016broms ir pel\u0117ms, mini HDMI jungtis \u012fprastin\u0117ms vaizdo jungtims ir garso lizdas asmeniniam klausymuisi.<\/li>\n<\/ul>\n\n<figure class=\"wp-block-image aligncenter size-large\"><a href=\"https:\/\/droix.net\/wp-content\/uploads\/2024\/04\/interface.jpg\" target=\"_blank\" rel=\"noopener\"><img decoding=\"async\" src=\"https:\/\/droix.net\/wp-content\/uploads\/2024\/04\/interface-1024x1024.jpg\" alt=\"Ne&#x161;iojamojo monitoriaus &#x201E;DroiX PM14&#x201C;, palaikan&#x10D;io &#x12F;vairius HDMI ir C tipo &#x12F;renginius, vaizdas, u&#x17E;tikrinantis geresn&#x12F; suderinamum&#x105; visose skaitmenin&#x117;se ekosistemose. Idealiai tinka &#x17E;aid&#x117;jams, k&#x16B;rybingiems &#x201E;Mac&#x201C; profesionalams ir verslo specialistams, kuriems reikia papildomo ekrano. Patogus naudoti &#x201E;Windows&#x201C; sistemoje su &#x201E;plug-and-play&#x201C; s&#x105;ranka, kad b&#x16B;t&#x173; galima be vargo naudoti  \" class=\"wp-image-178362\"\/><\/a><\/figure>\n\n<h3 class=\"wp-block-heading\"><strong>Vartotojo patirtis<\/strong><\/h3>\n\n<p>\u201eDroiX PM14\u201c palaiko plat\u0173 HDMI ir C tipo \u012frengini\u0173 asortiment\u0105 ir u\u017etikrina suderinamum\u0105 \u012fvairiose skaitmenin\u0117se ekosistemose. Nesvarbu, ar esate \u017eaid\u0117jas, ie\u0161kantis ne\u0161iojamojo monitoriaus, ar k\u016brybinis specialistas, naudojantis \u201eMac\u201c, ar verslo vadovas, kuriam reikia papildomo ekrano prezentacijoms, PM14 lengvai prisitaiko prie j\u016bs\u0173 poreiki\u0173. Jis puikiai tinka \u201eWindows\u201c aplinkoje, nes j\u012f patogu prijungti ir naudoti, tod\u0117l galite skland\u017eiai pereiti prie darbo ar pramog\u0173 be jokio vargo.  <\/p>\n\n<figure class=\"wp-block-image aligncenter size-large\"><a href=\"https:\/\/droix.net\/wp-content\/uploads\/2024\/04\/portable1.jpg\" target=\"_blank\" rel=\"noopener\"><img decoding=\"async\" src=\"https:\/\/droix.net\/wp-content\/uploads\/2024\/04\/portable1-1024x483.jpg\" alt=\"&#x201E;DroiX&#x201C; ne&#x161;iojamojo monitoriaus, 14 coli&#x173;, 4K, itin plono, lengvo ir ne&#x161;iojamojo, vaizdas\" class=\"wp-image-178358\"\/><\/a><\/figure>\n\n<h3 class=\"wp-block-heading\"><strong>I\u0161vada<\/strong><\/h3>\n\n<p>Ne\u0161iojamasis monitorius \u201eDroiX PM14\u201c yra pa\u017eangiausias sprendimas, kuriame dera puikios funkcijos, i\u0161skirtinis dizainas ir laisvas ne\u0161iojimas. Tai ne tik monitorius, bet ir vartai, leid\u017eiantys padidinti produktyvum\u0105 ir pramogas, kad ir kur b\u016btum\u0117te. <\/p>\n\n<p>Atraskite ne\u0161iojam\u0173j\u0173 monitori\u0173 ne\u0161iojamiesiems kompiuteriams ateit\u012f su \u201eDroiX PM14\u201c. Nepraleiskite progos - rezervuokite dabar, kad u\u017esitikrintum\u0117te savo \u012frengin\u012f ir b\u016btum\u0117te vieni pirm\u0173j\u0173, kurie pagerins savo \u017ei\u016br\u0117jimo patirt\u012f kelyje! <\/p>\n","protected":false},"excerpt":{"rendered":"<ul>\n<li>4K 14 coli\u0173<strong> HDR400<\/strong> ekranas<\/li>\n<li>100 %<strong> DCI-P3<\/strong> apr\u0117ptis<\/li>\n<li>500 <strong>nit\u0173<\/strong> ry\u0161kumas<\/li>\n<li><strong> \u012emontuotas<\/strong> ki\u0161eninis stovas<\/li>\n<li> <strong> \u012emontuoti<\/strong> garsiakalbiai<\/li>\n<\/ul>\n[cg_accordion title=\"INFORMACIJA APMOK\u0116JIMUI\"]<\/p>\n<p>Naudojame naujausias mok\u0117jimo apdorojimo technologijas, kurios leid\u017eia greitai ir saugiai atsiskaityti per \u201eApple Pay\u201c, \u201eGoogle Pay\u201c, debeto \/ kredito kortel\u0119, \u201ePayPal\u201c arba BNPL metodus, tokius kaip \u201eKlarna\u201c, \u201eAffirm\u201c arba \u201eAfterPay\u201c.[\/cg_accordion]\n[cg_accordion title=\"GARANTIJA\"]<\/p>\n<p><a href=\"https:\/\/droix.net\/\" target=\"_blank\" rel=\"nofollow noopener\">DROIX Global<\/a> suteikia 1 met\u0173 garantij\u0105, kad b\u016btum\u0117te ram\u016bs[\/cg_accordion]\n[cg_accordion title=\"KAINOS, MOKES\u010cIAI IR PRISTATYMAS\"]<\/p>\n<p><strong><u>Pastaba:<\/u><\/strong><\/p>\n<ul>\n<li>Jungtini\u0173 Amerikos Valstij\u0173 klientai: \u012e rodom\u0105 kain\u0105 N\u0116RA \u012fskai\u010diuoti mokes\u010diai ir muitai. Atsakomyb\u0117 i\u0161muitinti muitin\u0119 ir sumok\u0117ti visus susijusius mokes\u010dius ir muitus tenka klientui. <\/li>\n<li>ES klientai: \u012e nurodyt\u0105 kain\u0105 \u012fskai\u010diuoti taikomi mokes\u010diai, kurie, priklausomai nuo j\u016bs\u0173 \u0161alies, gali siekti iki 25 %.<\/li>\n<li>Kanados klientai: \u012e nurodyt\u0105 kain\u0105 \u012fskai\u010diuoti taikomi mokes\u010diai, kurie, priklausomai nuo j\u016bs\u0173 provincijos, gali apimti 5 % GPM ir papildomus provincijos pardavimo mokes\u010dius (PST), suderint\u0105 pardavimo mokest\u012f (HST) arba Kvebeko pardavimo mokest\u012f (QST).<\/li>\n<\/ul>\n<p><strong>TIK ES klientams:<\/strong> Express DDP (pristatoma sumok\u0117jus muit\u0105). Tai rei\u0161kia: <\/p>\n<ul>\n<li>Visi muitai ir mokes\u010diai \u012ftraukti \u012f produkto puslapyje nurodyt\u0105 kain\u0105.<\/li>\n<li>Pristatymo metu jums nereik\u0117s mok\u0117ti joki\u0173 papildom\u0173 mokes\u010di\u0173.<\/li>\n<li>Retais atvejais, kai kyla su muitine susijusi\u0173 problem\u0173, m\u016bs\u0173 komanda pasir\u016bpins muitin\u0117s formalumais j\u016bs\u0173 vardu, kad b\u016bt\u0173 u\u017etikrintas sklandus pristatymas.<\/li>\n<p>Svarbi informacija apie gr\u0105\u017einim\u0105:<\/p>\n<li>Jei nuspr\u0119site gr\u0105\u017einti u\u017esakym\u0105 arba pra\u0161ysite gr\u0105\u017einti pinigus, tur\u0117kite omenyje, kad mokes\u010diai ir muitai, sumok\u0117ti u\u017e jus pagal DDP s\u0105lygas, negali b\u016bti gr\u0105\u017einami.<\/li>\n<p>I\u0161samesn\u0117s informacijos rasite m\u016bs\u0173 <a href=\"https:\/\/ayaneo.co\/lt\/paslaugu-teikimo-salygos\/\" target=\"_blank\" rel=\"nofollow noopener\">s\u0105lygose ir nuostatose<\/a>.\n<\/ul>\n<p>[\/cg_accordion]\n[cg_accordion title=\"KLIENT\u0172 APTARNAVIMAS\"]<\/p>\n<p>Turite klausim\u0105? U\u017etenka para\u0161yti trump\u0105j\u0105 \u017einut\u0119 ir j\u016bs\u0173 klausimas bus i\u0161spr\u0119stas!<br \/>\n[\/cg_accordion]\n","protected":false},"featured_media":16523,"template":"","meta":{"_acf_changed":false},"product_brand":[],"product_cat":[1206],"product_tag":[],"class_list":{"0":"post-16514","1":"product","2":"type-product","3":"status-publish","4":"has-post-thumbnail","6":"product_cat-nesiojamieji-monitoriai","7":"product_shipping_class-standard","8":"pa_brand-droix","10":"first","11":"outofstock","12":"sale","13":"taxable","14":"shipping-taxable","15":"purchasable","16":"product-type-variable","17":"has-default-attributes"},"acf":[],"_links":{"self":[{"href":"https:\/\/ayaneo.co\/lt\/wp-json\/wp\/v2\/product\/16514","targetHints":{"allow":["GET"]}}],"collection":[{"href":"https:\/\/ayaneo.co\/lt\/wp-json\/wp\/v2\/product"}],"about":[{"href":"https:\/\/ayaneo.co\/lt\/wp-json\/wp\/v2\/types\/product"}],"wp:featuredmedia":[{"embeddable":true,"href":"https:\/\/ayaneo.co\/lt\/wp-json\/wp\/v2\/media\/16523"}],"wp:attachment":[{"href":"https:\/\/ayaneo.co\/lt\/wp-json\/wp\/v2\/media?parent=16514"}],"wp:term":[{"taxonomy":"product_brand","embeddable":true,"href":"https:\/\/ayaneo.co\/lt\/wp-json\/wp\/v2\/product_brand?post=16514"},{"taxonomy":"product_cat","embeddable":true,"href":"https:\/\/ayaneo.co\/lt\/wp-json\/wp\/v2\/product_cat?post=16514"},{"taxonomy":"product_tag","embeddable":true,"href":"https:\/\/ayaneo.co\/lt\/wp-json\/wp\/v2\/product_tag?post=16514"}],"curies":[{"name":"wp","href":"https:\/\/api.w.org\/{rel}","templated":true}]}}