{"id":16561,"date":"2025-01-28T11:06:31","date_gmt":"2025-01-28T11:06:31","guid":{"rendered":"https:\/\/ayaneo.co\/product\/156%e2%80%b3-4k-nesiojamasis-monitorius-su-adobe-rgb\/"},"modified":"2025-05-30T15:57:03","modified_gmt":"2025-05-30T15:57:03","slug":"156%e2%80%b3-4k-nesiojamasis-monitorius-su-adobe-rgb","status":"publish","type":"product","link":"https:\/\/ayaneo.co\/lt\/product\/156%e2%80%b3-4k-nesiojamasis-monitorius-su-adobe-rgb\/","title":{"rendered":"15,6\u2033 4K ne\u0161iojamasis monitorius su &#8222;Adobe RGB"},"content":{"rendered":"\n<p><strong>S23B-5 4K ne\u0161iojamasis monitorius S23B-5<\/strong>- pa\u017eangiausias sprendimas, skirtas \u017eaid\u0117jams, k\u016brybos profesionalams ir produktyvumo entuziastams, keliaujantiems kelyje - u\u017etikrina neprilygstam\u0105 vaizd\u0105 ir na\u0161um\u0105. \u0160is 15,6 coli\u0173 ne\u0161iojamasis monitorius, pasi\u017eymintis stulbinan\u010diu UHD rai\u0161kumu, jautriu jutiklinio ekrano veikimu ir universaliomis jungtimis, yra geriausias j\u016bs\u0173 darbo ir pramog\u0173 palydovas. <\/p>\n\n<hr class=\"wp-block-separator has-alpha-channel-opacity\"\/>\n\n<h4 class=\"wp-block-heading\"><strong>Pagrindin\u0117s funkcijos<\/strong><\/h4>\n\n<p><strong>4K UHD \u012ftraukiantis ekranas<\/strong><br\/>Pasinerkite \u012f kvap\u0105 gniau\u017eian\u010dius vaizdus su 15,6 coli\u0173 4K UHD ekranu (3840 x 2160 ta\u0161k\u0173 rai\u0161ka), kuriame atgyja kiekviena detal\u0117. M\u0117gaukit\u0117s ry\u0161kiomis spalvomis ir a\u0161trumu kaip skustuvas, nesvarbu, ar \u017eaid\u017eiate \u017eaidimus, redaguojate nuotraukas, ar transliuojate m\u0117gstamas laidas. <\/p>\n\n<p><strong>Talpinis 10 ta\u0161k\u0173 jutiklinis ekranas<\/strong><br\/>Nesunkiai nar\u0161ykite naudodami talpin\u012f 10 ta\u0161k\u0173 jutiklin\u012f ekran\u0105, kuris u\u017etikrina skland\u0173 ir tiksl\u0173 valdym\u0105. \u0160i funkcija puikiai tinka priartinti, slinkti ir brai\u017eyti - ji padidina k\u016brybi\u0161kum\u0105 ir produktyvum\u0105 keliaujant. <\/p>\n\n<p><strong>Profesionalaus lygio spalv\u0173 tikslumas<\/strong><br\/>D\u0117l 100 % \u201eAdobe RGB\u201c spalv\u0173 erdv\u0117s apr\u0117pties ir 10 bit\u0173 spalv\u0173 gylio S23B-5 u\u017etikrina tikrovi\u0161kas spalvas, tod\u0117l idealiai tinka nuotrauk\u0173 redagavimui, grafiniam dizainui ir vaizdo \u012fra\u0161\u0173 k\u016brimui.<\/p>\n\n<p><strong>Sklandus ry\u0161ys<\/strong><br\/>Be vargo prisijunkite prie ne\u0161iojam\u0173j\u0173 kompiuteri\u0173, i\u0161mani\u0173j\u0173 telefon\u0173, \u017eaidim\u0173 konsoli\u0173 ir kit\u0173 \u012frengini\u0173 naudodami HD mini prievad\u0105, C tipo prievad\u0105 ir \u201eMicro-USB\u201c jungt\u012f. Lengvai i\u0161pl\u0117skite savo darbo viet\u0105 ar \u017eaidim\u0173 s\u0105rank\u0105 bet kur. <\/p>\n\n<p><strong>Integruotas akumuliatorius mobilumui<\/strong><br\/>10 000 mAh integruotas akumuliatorius u\u017etikrina valand\u0173 valandas nepertraukiamo naudojimo, tod\u0117l galite dirbti produktyviai arba pramogauti be maitinimo \u0161altinio.<\/p>\n\n<p><strong>Auk\u0161\u010diausios kokyb\u0117s dizainas ir patogumas<\/strong><br\/>\u0160is lengvas ir plonas (vos 9 mm storio) monitorius, pagamintas i\u0161 auk\u0161tos kokyb\u0117s aliuminio lydinio, yra patvarus ir patogus ne\u0161iotis. Jis sveria tik 1,3 kg, tod\u0117l puikiai telpa \u012f krep\u0161\u012f, kad b\u016bt\u0173 patogu keliauti. <\/p>\n\n<p><strong>Geresn\u0117 garso patirtis<\/strong><br\/>Integruoti du 1,0 W garsiakalbiai u\u017etikrina ai\u0161k\u0173 gars\u0105 ir \u012fdomi\u0105 daugialyp\u0117s terp\u0117s patirt\u012f, nesvarbu, ar skambinate vaizdo skambu\u010diu, ar \u017eaid\u017eiate, ar \u017ei\u016brite filmus.<\/p>\n\n<p><strong>Plat\u016bs \u017ei\u016br\u0117jimo kampai<\/strong><br\/>M\u0117gaukit\u0117s nuosekliu, ry\u0161kiu vaizdu bet kokiu kampu - 85 laipsni\u0173 \u017ei\u016br\u0117jimo diapazonas puikiai tinka dalijantis turiniu ar bendradarbiaujant.<\/p>\n\n<p><strong>Optimizuotas \u017eaidimams<\/strong><br\/>Pagerinkite savo \u017eaidim\u0173 kokyb\u0119 d\u0117l greito 25 ms atsako laiko ir tikslaus spalv\u0173 tikslumo. Pasinerkite \u012f tikrovi\u0161k\u0105 grafik\u0105 ir \u012fgykite konkurencin\u012f prana\u0161um\u0105. <\/p>\n\n<hr class=\"wp-block-separator has-alpha-channel-opacity\"\/>\n\n<h4 class=\"wp-block-heading\"><strong>Kod\u0117l verta rinktis S23B-5?<\/strong><\/h4>\n\n<ul class=\"wp-block-list\">\n<li><strong>Perne\u0161amumas:<\/strong> Plonas ir lengvas, kad b\u016bt\u0173 itin patogu.<\/li>\n\n\n\n<li><strong>Universalumas:<\/strong> Prisijunkite prie keli\u0173 \u012frengini\u0173 ir m\u0117gaukit\u0117s vientisa patirtimi.<\/li>\n\n\n\n<li><strong>Patvarumas:<\/strong> Auk\u0161\u010diausios kokyb\u0117s aliuminio konstrukcija, u\u017etikrinanti ilgalaik\u012f naudojim\u0105.<\/li>\n\n\n\n<li><strong>Produktyvumas keliaujant:<\/strong> puikiai tinka daugeliui u\u017eduo\u010di\u0173 atlikti vienu metu ir i\u0161pl\u0117sti darbo erdv\u0119.<\/li>\n<\/ul>\n\n<hr class=\"wp-block-separator has-alpha-channel-opacity\"\/>\n\n<h4 class=\"wp-block-heading\"><strong>Specifikacijos<\/strong><\/h4>\n\n<ul class=\"wp-block-list\">\n<li><strong>Ekrano dydis:<\/strong> 15,6 colio<\/li>\n\n\n\n<li><strong>Rezoliucija:<\/strong> 4K UHD (3840 x 2160)<\/li>\n\n\n\n<li><strong>Jutiklinis ekranas:<\/strong> 10 ta\u0161k\u0173 talpinis G+G laminuotas<\/li>\n\n\n\n<li><strong>Akumuliatorius:<\/strong> 10 000 mAh polimer\u0173<\/li>\n\n\n\n<li><strong>Uostai:<\/strong> HD Mini, C tipo (2), 3,5 mm ausini\u0173 lizdas, Micro-USB<\/li>\n\n\n\n<li>Svoris<strong>:<\/strong> 1,3 kg<\/li>\n<\/ul>\n\n<hr class=\"wp-block-separator has-alpha-channel-opacity\"\/>\n\n<h4 class=\"wp-block-heading\"><strong>Privalumai ir tr\u016bkumai<\/strong><\/h4>\n\n<p><strong>Privalumai:<\/strong><br\/>\u2714 Ultra HD vaizdas - stulbinantis detalumas<br\/>\u2714 Sklandus jutiklinio ekrano veikimas<br\/>\u2714 Lengvas ir ne\u0161iojamas dizainas<br\/>\u2714 Integruotas akumuliatorius, kad gal\u0117tum\u0117te naudoti keliaudami<br\/>\u2714 Plati spalv\u0173 gama profesionaliam darbui.<\/p>\n\n<p><strong>Tr\u016bkumai:<\/strong><br\/>\u2796 Galimas tik vienas 15,6 colio dydis<br\/>\u2796 \u012emontuotiems garsiakalbiams gali tr\u016bkti gylio audiofilams.<\/p>\n\n<hr class=\"wp-block-separator has-alpha-channel-opacity\"\/>\n\n<p><strong>S23B-5 4K ne\u0161iojamasis monitorius S23B-5 - j\u016bs\u0173<\/strong>vartai \u012f bekompromis\u0119 kokyb\u0119 ir na\u0161um\u0105, kad ir kur jus nuvest\u0173 gyvenimas.<\/p>\n","protected":false},"excerpt":{"rendered":"<ul>\n<li><strong>100 % \u201eAdobe\u201c spalv\u0173<\/strong> gamos <strong>15,6 coli\u0173 UHD 4K<\/strong> ne\u0161iojamasis monitorius<\/li>\n<li>10 ta\u0161k\u0173 talpinis jutiklinis monitorius<\/li>\n<li>Jutiklinis ekranas, suderinamas su <strong>&#8222;MacOS<\/strong><\/li>\n<li>\u012emontuotas 10000 mAh akumuliatorius<\/li>\n<li><strong>Maitinamas per USB<\/strong>, palaiko mini-HDMI, C tipo USB<\/li>\n<\/ul>\n[cg_accordion title=\"INFORMACIJA APMOK\u0116JIMUI\"]<\/p>\n<p>Naudojame naujausias mok\u0117jimo apdorojimo technologijas, kurios leid\u017eia greitai ir saugiai atsiskaityti per \u201eApple Pay\u201c, \u201eGoogle Pay\u201c, debeto \/ kredito kortel\u0119, \u201ePayPal\u201c arba BNPL metodus, tokius kaip \u201eKlarna\u201c, \u201eAffirm\u201c arba \u201eAfterPay\u201c.[\/cg_accordion]\n[cg_accordion title=\"GARANTIJA\"]<\/p>\n<p><a href=\"https:\/\/droix.net\/\" target=\"_blank\" rel=\"nofollow noopener\">DROIX Global<\/a> suteikia 1 met\u0173 garantij\u0105, kad b\u016btum\u0117te ram\u016bs[\/cg_accordion]\n[cg_accordion title=\"KAINOS, MOKES\u010cIAI IR PRISTATYMAS\"]<\/p>\n<p><strong><u>Pastaba:<\/u><\/strong><\/p>\n<ul>\n<li>Jungtini\u0173 Amerikos Valstij\u0173 klientai: \u012e rodom\u0105 kain\u0105 N\u0116RA \u012fskai\u010diuoti mokes\u010diai ir muitai. Atsakomyb\u0117 i\u0161muitinti muitin\u0119 ir sumok\u0117ti visus susijusius mokes\u010dius ir muitus tenka klientui. <\/li>\n<li>ES klientai: \u012e nurodyt\u0105 kain\u0105 \u012fskai\u010diuoti taikomi mokes\u010diai, kurie, priklausomai nuo j\u016bs\u0173 \u0161alies, gali siekti iki 25 %.<\/li>\n<li>Kanados klientai: \u012e nurodyt\u0105 kain\u0105 \u012fskai\u010diuoti taikomi mokes\u010diai, kurie, priklausomai nuo j\u016bs\u0173 provincijos, gali apimti 5 % GPM ir papildomus provincijos pardavimo mokes\u010dius (PST), suderint\u0105 pardavimo mokest\u012f (HST) arba Kvebeko pardavimo mokest\u012f (QST).<\/li>\n<\/ul>\n<p><strong>TIK ES klientams:<\/strong> Express DDP (pristatoma sumok\u0117jus muit\u0105). Tai rei\u0161kia: <\/p>\n<ul>\n<li>Visi muitai ir mokes\u010diai \u012ftraukti \u012f produkto puslapyje nurodyt\u0105 kain\u0105.<\/li>\n<li>Pristatymo metu jums nereik\u0117s mok\u0117ti joki\u0173 papildom\u0173 mokes\u010di\u0173.<\/li>\n<li>Retais atvejais, kai kyla su muitine susijusi\u0173 problem\u0173, m\u016bs\u0173 komanda pasir\u016bpins muitin\u0117s formalumais j\u016bs\u0173 vardu, kad b\u016bt\u0173 u\u017etikrintas sklandus pristatymas.<\/li>\n<p>Svarbi informacija apie gr\u0105\u017einim\u0105:<\/p>\n<li>Jei nuspr\u0119site gr\u0105\u017einti u\u017esakym\u0105 arba pra\u0161ysite gr\u0105\u017einti pinigus, tur\u0117kite omenyje, kad mokes\u010diai ir muitai, sumok\u0117ti u\u017e jus pagal DDP s\u0105lygas, negali b\u016bti gr\u0105\u017einami.<\/li>\n<p>I\u0161samesn\u0117s informacijos rasite m\u016bs\u0173 <a href=\"https:\/\/ayaneo.co\/terms-of-service-2\/\" target=\"_blank\" rel=\"nofollow noopener\">s\u0105lygose ir nuostatose<\/a>.\n<\/ul>\n<p>[\/cg_accordion]\n[cg_accordion title=\"KLIENT\u0172 APTARNAVIMAS\"]<\/p>\n<p>Turite klausim\u0105? U\u017etenka para\u0161yti trump\u0105j\u0105 \u017einut\u0119 ir j\u016bs\u0173 klausimas bus i\u0161spr\u0119stas!<br \/>\n[\/cg_accordion]\n","protected":false},"featured_media":16564,"template":"","meta":{"_acf_changed":false},"product_brand":[],"product_cat":[1206],"product_tag":[],"class_list":{"0":"post-16561","1":"product","2":"type-product","3":"status-publish","4":"has-post-thumbnail","6":"product_cat-nesiojamieji-monitoriai","7":"product_shipping_class-standard","8":"pa_brand-droix","10":"first","11":"outofstock","12":"sale","13":"taxable","14":"shipping-taxable","15":"purchasable","16":"product-type-variable","17":"has-default-attributes"},"acf":[],"_links":{"self":[{"href":"https:\/\/ayaneo.co\/lt\/wp-json\/wp\/v2\/product\/16561","targetHints":{"allow":["GET"]}}],"collection":[{"href":"https:\/\/ayaneo.co\/lt\/wp-json\/wp\/v2\/product"}],"about":[{"href":"https:\/\/ayaneo.co\/lt\/wp-json\/wp\/v2\/types\/product"}],"wp:featuredmedia":[{"embeddable":true,"href":"https:\/\/ayaneo.co\/lt\/wp-json\/wp\/v2\/media\/16564"}],"wp:attachment":[{"href":"https:\/\/ayaneo.co\/lt\/wp-json\/wp\/v2\/media?parent=16561"}],"wp:term":[{"taxonomy":"product_brand","embeddable":true,"href":"https:\/\/ayaneo.co\/lt\/wp-json\/wp\/v2\/product_brand?post=16561"},{"taxonomy":"product_cat","embeddable":true,"href":"https:\/\/ayaneo.co\/lt\/wp-json\/wp\/v2\/product_cat?post=16561"},{"taxonomy":"product_tag","embeddable":true,"href":"https:\/\/ayaneo.co\/lt\/wp-json\/wp\/v2\/product_tag?post=16561"}],"curies":[{"name":"wp","href":"https:\/\/api.w.org\/{rel}","templated":true}]}}