{"id":16623,"date":"2025-01-28T11:49:32","date_gmt":"2025-01-28T11:49:32","guid":{"rendered":"https:\/\/ayaneo.co\/product\/156-coliu-4k-nesiojamasis-monitorius-su-jutikliniu-ekranu\/"},"modified":"2025-05-30T15:57:19","modified_gmt":"2025-05-30T15:57:19","slug":"156-coliu-4k-nesiojamasis-monitorius-su-jutikliniu-ekranu","status":"publish","type":"product","link":"https:\/\/ayaneo.co\/lt\/product\/156-coliu-4k-nesiojamasis-monitorius-su-jutikliniu-ekranu\/","title":{"rendered":"15,6 coli\u0173 4K ne\u0161iojamasis monitorius su jutikliniu ekranu"},"content":{"rendered":"\n<p>Perkelkite vaizd\u0105 \u012f kit\u0105 lyg\u012f su <strong>S23b-1 4K ne\u0161iojamuoju monitoriumi<\/strong>- eleganti\u0161ku ir galingu sprendimu profesionalams, \u017eaid\u0117jams ir k\u016br\u0117jams. \u0160is ne\u0161iojamasis monitorius turi <strong>15,6 coli\u0173 4K UHD ekran\u0105<\/strong> ir pasi\u017eymi stulbinamu ai\u0161kumu, ry\u0161kiomis spalvomis ir tiksliomis detal\u0117mis, tod\u0117l kiekvienas vaizdas ir vaizdo \u012fra\u0161as atgyja. Nesvarbu, ar redaguojate, projektuojate, ar \u017eaid\u017eiate, <strong>S23b-1<\/strong> yra tobulas kompanionas, u\u017etikrinantis produktyvum\u0105 ir pramogas keliaujant.  <\/p>\n\n<hr class=\"wp-block-separator has-alpha-channel-opacity\"\/>\n\n<h4 class=\"wp-block-heading\"><strong>\u012etraukiantis 4K UHD ekranas<\/strong><\/h4>\n\n<p>Patirkite neprilygstam\u0105 vaizdo spindes\u012f <strong>15,6 coli\u0173 TFT IPS LCD skydelyje<\/strong>, pasi\u017eymin\u010diame <strong>3840 x 2160 rai\u0161ka<\/strong> ir pla\u010diais \u017ei\u016br\u0117jimo kampais. S23b-1 u\u017etikrina puik\u0173 spalv\u0173 tikslum\u0105, tod\u0117l idealiai tinka didel\u0117s rai\u0161kos nuotrauk\u0173 redagavimui, sud\u0117tingam grafiniam dizainui ir \u012ftraukiantiems \u017eaidimams. <\/p>\n\n<hr class=\"wp-block-separator has-alpha-channel-opacity\"\/>\n\n<h4 class=\"wp-block-heading\"><strong>Jutiklinio ekrano tikslumas<\/strong><\/h4>\n\n<p>Lengvai nar\u0161ykite naudodami <strong>G+G talpin\u012f jutiklin\u012f ekran\u0105<\/strong>, kuris u\u017etikrina <strong>greit\u0105 ir intuityv\u0173 valdym\u0105<\/strong>. Nesvarbu, ar slinkdami per dokumentus, ar didindami vaizdus, ar tvarkydami programas, jutiklinio ekrano funkcijos pagerina j\u016bs\u0173 darbo eig\u0105. <\/p>\n\n<hr class=\"wp-block-separator has-alpha-channel-opacity\"\/>\n\n<h4 class=\"wp-block-heading\"><strong>Universalus ry\u0161ys<\/strong><\/h4>\n\n<p>Lengvai prisijunkite prie keli\u0173 \u012frengini\u0173 naudodami:<\/p>\n\n<ul class=\"wp-block-list\">\n<li><strong>HDMI mini prievadas<\/strong>, skirtas skland\u017eiai \u012fvesti vaizdo \u012fra\u0161us.<\/li>\n\n\n\n<li><strong>Du C tipo prievadai,<\/strong> skirti maitinimui ir spar\u010diam duomen\u0173 perdavimui.<\/li>\n\n\n\n<li><strong>\u201eMicro-USB\u201c prievadas<\/strong> periferiniams \u012frenginiams, pvz., klaviat\u016broms ir pel\u0117ms, prijungti.<\/li>\n\n\n\n<li><strong>3,5 mm ausini\u0173 prievadas<\/strong>, kad gal\u0117tum\u0117te asmeni\u0161kai m\u0117gautis garsu.<\/li>\n<\/ul>\n\n<hr class=\"wp-block-separator has-alpha-channel-opacity\"\/>\n\n<h4 class=\"wp-block-heading\"><strong>Lengvas ir ne\u0161iojamas dizainas<\/strong><\/h4>\n\n<p>I\u0161 <strong>patvaraus aliuminio lydinio<\/strong> pagamintas S23b-1 pasi\u017eymi plonu ir lengvu profiliu, kur\u012f lengva ne\u0161iotis. Pridedamas <strong>sulankstomas d\u0117klas gali b\u016bti naudojamas kaip stovas<\/strong>, u\u017etikrinantis stabilum\u0105 ant bet kokio pavir\u0161iaus, nesvarbu, ar esate namuose, biure, ar keliaujate. <\/p>\n\n<hr class=\"wp-block-separator has-alpha-channel-opacity\"\/>\n\n<h4 class=\"wp-block-heading\"><strong>Pagrindin\u0117s funkcijos<\/strong><\/h4>\n\n<ul class=\"wp-block-list\">\n<li><strong>Ekranas:<\/strong> 15,6 coli\u0173 4K UHD (3840 x 2160) IPS skydelis<\/li>\n\n\n\n<li><strong>Jutiklinis ekranas:<\/strong> G+G talpinis, kad gal\u0117tum\u0117te tiksliai s\u0105veikauti<\/li>\n\n\n\n<li><strong>Ry\u0161iai:<\/strong> HDMI mini, dviguba C tipo, mikro USB, 3,5 mm ausini\u0173 lizdas<\/li>\n\n\n\n<li><strong>Sukurti:<\/strong> Aliuminio lydinys, u\u017etikrinantis ilgaam\u017ei\u0161kum\u0105 ir stili\u0173<\/li>\n\n\n\n<li><strong>Perne\u0161amumas:<\/strong> Plonas ir lengvas su sulankstomu stovo d\u0117klu<\/li>\n<\/ul>\n\n<hr class=\"wp-block-separator has-alpha-channel-opacity\"\/>\n\n<h4 class=\"wp-block-heading\"><strong>Privalumai<\/strong><\/h4>\n\n<p>\u2714 Stulbinantis <strong>4K UHD ekranas<\/strong> - ne\u012ftik\u0117tini vaizdai.<br\/>\u2714 <strong>Universalios jungtys su<\/strong> HDMI ir C tipo prievadais.<br\/>\u2714 Patvarus, <strong>eleganti\u0161kas aliuminio lydinio<\/strong> dizainas.<br\/>\u2714 <strong>Jautrus jutiklinis ekranas<\/strong> - intuityvi s\u0105veika.<\/p>\n\n<hr class=\"wp-block-separator has-alpha-channel-opacity\"\/>\n\n<h4 class=\"wp-block-heading\"><strong>Tr\u016bkumai<\/strong><\/h4>\n\n<p>\u2796 Apribotas <strong>15,6 coli\u0173 ekrano dydis<\/strong>.<br\/>\u2796 <strong>\u012emontuoti garsiakalbiai<\/strong> gali netenkinti audiofil\u0173.<\/p>\n\n<hr class=\"wp-block-separator has-alpha-channel-opacity\"\/>\n\n<h3 class=\"wp-block-heading\"><strong>Puikiai tinka kiekvienam poreikiui<\/strong><\/h3>\n\n<p>Nesvarbu, ar esate <strong>k\u016brybingas profesionalas<\/strong>, <strong>aistringas \u017eaid\u0117jas<\/strong>, ar <strong>keliaujantis entuziastas<\/strong>, S23b-1 4K ne\u0161iojamasis monitorius u\u017etikrina i\u0161skirtin\u012f na\u0161um\u0105 kompakti\u0161koje ir stilingoje pakuot\u0117je. Pagerinkite savo vizualin\u0119 patirt\u012f, kad ir kur b\u016btum\u0117te, naudodami tobul\u0105 ne\u0161iojamumo, tikslumo ir galios derin\u012f. <\/p>\n","protected":false},"excerpt":{"rendered":"<ul>\n<li><strong>15,6 coli\u0173 4K<\/strong> ne\u0161iojamasis monitorius su jutikliniu ekranu, skirtas didel\u0117s rai\u0161kos<\/li>\n<li>Kompakti\u0161kas dydis - 14,17 x 8,4 x 0,43 coli\u0173 ir <strong>920 g<\/strong> svoris<\/li>\n<li>Jutiklinis ekranas, suderinamas su <strong>&#8222;MacOS<\/strong><\/li>\n<li>Jutiklinis ekranas <strong>palaiko jutiklin\u0119 \u012fvest\u012f<\/strong> suderinamuose \u012frenginiuose<\/li>\n<li><strong>Maitinamas per USB<\/strong>, palaiko mini-HDMI, C tipo USB<\/li>\n<\/ul>\n[cg_accordion title=\"INFORMACIJA APMOK\u0116JIMUI\"]<\/p>\n<p>Naudojame naujausias mok\u0117jimo apdorojimo technologijas, kurios leid\u017eia greitai ir saugiai atsiskaityti per \u201eApple Pay\u201c, \u201eGoogle Pay\u201c, debeto \/ kredito kortel\u0119, \u201ePayPal\u201c arba BNPL metodus, tokius kaip \u201eKlarna\u201c, \u201eAffirm\u201c arba \u201eAfterPay\u201c.[\/cg_accordion]\n[cg_accordion title=\"GARANTIJA\"]<\/p>\n<p><a href=\"https:\/\/droix.net\/\" target=\"_blank\" rel=\"nofollow noopener\">DROIX Global<\/a> suteikia 1 met\u0173 garantij\u0105, kad b\u016btum\u0117te ram\u016bs[\/cg_accordion]\n[cg_accordion title=\"KAINOS, MOKES\u010cIAI IR PRISTATYMAS\"]<\/p>\n<p><strong><u>Pastaba:<\/u><\/strong><\/p>\n<ul>\n<li>Jungtini\u0173 Amerikos Valstij\u0173 klientai: \u012e rodom\u0105 kain\u0105 N\u0116RA \u012fskai\u010diuoti mokes\u010diai ir muitai. Atsakomyb\u0117 i\u0161muitinti muitin\u0119 ir sumok\u0117ti visus susijusius mokes\u010dius ir muitus tenka klientui. <\/li>\n<li>ES klientai: \u012e nurodyt\u0105 kain\u0105 \u012fskai\u010diuoti taikomi mokes\u010diai, kurie, priklausomai nuo j\u016bs\u0173 \u0161alies, gali siekti iki 25 %.<\/li>\n<li>Kanados klientai: \u012e nurodyt\u0105 kain\u0105 \u012fskai\u010diuoti taikomi mokes\u010diai, kurie, priklausomai nuo j\u016bs\u0173 provincijos, gali apimti 5 % GPM ir papildomus provincijos pardavimo mokes\u010dius (PST), suderint\u0105 pardavimo mokest\u012f (HST) arba Kvebeko pardavimo mokest\u012f (QST).<\/li>\n<\/ul>\n<p><strong>TIK ES klientams:<\/strong> Express DDP (pristatoma sumok\u0117jus muit\u0105). Tai rei\u0161kia: <\/p>\n<ul>\n<li>Visi muitai ir mokes\u010diai \u012ftraukti \u012f produkto puslapyje nurodyt\u0105 kain\u0105.<\/li>\n<li>Pristatymo metu jums nereik\u0117s mok\u0117ti joki\u0173 papildom\u0173 mokes\u010di\u0173.<\/li>\n<li>Retais atvejais, kai kyla su muitine susijusi\u0173 problem\u0173, m\u016bs\u0173 komanda pasir\u016bpins muitin\u0117s formalumais j\u016bs\u0173 vardu, kad b\u016bt\u0173 u\u017etikrintas sklandus pristatymas.<\/li>\n<p>Svarbi informacija apie gr\u0105\u017einim\u0105:<\/p>\n<li>Jei nuspr\u0119site gr\u0105\u017einti u\u017esakym\u0105 arba pra\u0161ysite gr\u0105\u017einti pinigus, tur\u0117kite omenyje, kad mokes\u010diai ir muitai, sumok\u0117ti u\u017e jus pagal DDP s\u0105lygas, negali b\u016bti gr\u0105\u017einami.<\/li>\n<p>I\u0161samesn\u0117s informacijos rasite m\u016bs\u0173 <a href=\"https:\/\/ayaneo.co\/terms-of-service-2\/\" target=\"_blank\" rel=\"nofollow noopener\">s\u0105lygose ir nuostatose<\/a>.\n<\/ul>\n<p>[\/cg_accordion]\n[cg_accordion title=\"KLIENT\u0172 APTARNAVIMAS\"]<\/p>\n<p>Turite klausim\u0105? U\u017etenka para\u0161yti trump\u0105j\u0105 \u017einut\u0119 ir j\u016bs\u0173 klausimas bus i\u0161spr\u0119stas!<br \/>\n[\/cg_accordion]\n","protected":false},"featured_media":16638,"template":"","meta":{"_acf_changed":false},"product_brand":[],"product_cat":[1206],"product_tag":[],"class_list":{"0":"post-16623","1":"product","2":"type-product","3":"status-publish","4":"has-post-thumbnail","6":"product_cat-nesiojamieji-monitoriai","7":"product_shipping_class-standard","8":"pa_brand-droix","10":"first","11":"outofstock","12":"sale","13":"taxable","14":"shipping-taxable","15":"purchasable","16":"product-type-variable","17":"has-default-attributes"},"acf":[],"_links":{"self":[{"href":"https:\/\/ayaneo.co\/lt\/wp-json\/wp\/v2\/product\/16623","targetHints":{"allow":["GET"]}}],"collection":[{"href":"https:\/\/ayaneo.co\/lt\/wp-json\/wp\/v2\/product"}],"about":[{"href":"https:\/\/ayaneo.co\/lt\/wp-json\/wp\/v2\/types\/product"}],"wp:featuredmedia":[{"embeddable":true,"href":"https:\/\/ayaneo.co\/lt\/wp-json\/wp\/v2\/media\/16638"}],"wp:attachment":[{"href":"https:\/\/ayaneo.co\/lt\/wp-json\/wp\/v2\/media?parent=16623"}],"wp:term":[{"taxonomy":"product_brand","embeddable":true,"href":"https:\/\/ayaneo.co\/lt\/wp-json\/wp\/v2\/product_brand?post=16623"},{"taxonomy":"product_cat","embeddable":true,"href":"https:\/\/ayaneo.co\/lt\/wp-json\/wp\/v2\/product_cat?post=16623"},{"taxonomy":"product_tag","embeddable":true,"href":"https:\/\/ayaneo.co\/lt\/wp-json\/wp\/v2\/product_tag?post=16623"}],"curies":[{"name":"wp","href":"https:\/\/api.w.org\/{rel}","templated":true}]}}