{"id":16664,"date":"2025-01-29T11:19:41","date_gmt":"2025-01-29T11:19:41","guid":{"rendered":"https:\/\/ayaneo.co\/product\/droix-nh8-usb-sakotuvas-su-nvme\/"},"modified":"2025-06-16T15:10:41","modified_gmt":"2025-06-16T15:10:41","slug":"droix-nh8-usb-sakotuvas-su-nvme","status":"publish","type":"product","link":"https:\/\/ayaneo.co\/lt\/product\/droix-nh8-usb-sakotuvas-su-nvme\/","title":{"rendered":"&#8222;DroiX NH8&#8243; USB \u0161akotuvas su &#8222;NVMe"},"content":{"rendered":"\n<h2 class=\"wp-block-heading\"><strong>\u201eDroiX NH8\u201c koncentratorius su \u201eNVMe\u201c lizdu - geriausias \u201eviskas viename\u201c ry\u0161io koncentratorius!<\/strong><\/h2>\n\n<h4 class=\"wp-block-heading\"><strong>Itin greitas &#8222;Gigabit Ethernet<\/strong><\/h4>\n\n<p>M\u0117gaukit\u0117s skland\u017eiu, didel\u0117s spartos ry\u0161iu su <strong>\u201eDroiX NH8\u201c koncentratoriumi<\/strong>! Jo <strong>10\/100\/1000M \u201eGigabit Ethernet\u201c prievadas<\/strong> u\u017etikrina <strong>stabil\u0173 interneto ry\u0161\u012f be v\u0117lavimo - puikiai tinka<\/strong>\u017eaidimams, transliacijoms ir didel\u0117s spartos u\u017eduotims. Atsisveikinkite su \u201eWi-Fi\u201c pertr\u016bkiais ir m\u0117gaukit\u0117s <strong>nuosekliu laidinio ry\u0161io sparta<\/strong>. <\/p>\n\n<h4 class=\"wp-block-heading\"><strong>Stulbinantis 4K vaizdo \u012fra\u0161\u0173 i\u0161vestis<\/strong><\/h4>\n\n<p>Pagerinkite savo vaizdin\u0119 patirt\u012f, nes <strong>palaikoma HDMI 2.0, u\u017etikrinanti<\/strong> iki <strong>4096&#215;2160 rai\u0161k\u0105 60 Hz da\u017eniu<\/strong>. Nesvarbu, ar <strong>\u017ei\u016brite filmus, pristatote darb\u0105, ar \u017eaid\u017eiate didel\u0117s rai\u0161kos \u017eaidimus<\/strong>, m\u0117gaukit\u0117s itin ry\u0161kiu vaizdu, ry\u0161kiomis spalvomis ir <strong>skland\u017eiu judesiu<\/strong>. <\/p>\n\n<h4 class=\"wp-block-heading\"><strong>Lengvai i\u0161pl\u0117skite saugykl\u0105<\/strong><\/h4>\n\n<p>Tr\u016bksta vietos? \u201e<strong>DroiX NH8\u201c koncentratoriuje<\/strong> <strong>integruotas \u201ePCIe NVMe\u201c lizdas<\/strong>, leid\u017eiantis \u017eaibi\u0161kai i\u0161pl\u0117sti saugykl\u0105. \u0160i funkcija idealiai tinka <strong>greitam duomen\u0173 perdavimui, dideliems failams ir didelio na\u0161umo programoms<\/strong>, tod\u0117l j\u016bs\u0173 sistema veikia efektyviai.  <\/p>\n\n<h4 class=\"wp-block-heading\"><strong>Itin spartus duomen\u0173 perdavimas<\/strong><\/h4>\n\n<p>Perkelkite didelius failus akimirksniu naudodami <strong>A tipo 3.0 USB prievad\u0105<\/strong>. Nesvarbu, ar darote atsargin\u0119 duomen\u0173 kopij\u0105, sinchronizuojate \u012frenginius, ar <strong>maitinate periferinius \u012frenginius<\/strong>, m\u0117gaukit\u0117s <strong>dideliu duomen\u0173 perdavimo grei\u010diu,<\/strong> kuris supaprastina j\u016bs\u0173 darbo eig\u0105. <\/p>\n\n<h4 class=\"wp-block-heading\"><strong>Universalus C tipo USB suderinamumas<\/strong><\/h4>\n\n<p><strong>NH8 \u0161akotuvas<\/strong> turi <strong>universali\u0105 C tipo USB jungt\u012f<\/strong>, tod\u0117l u\u017etikrina <strong>plat\u0173 \u012frengini\u0173 suderinamum\u0105<\/strong>. M\u0117gaukit\u0117s <strong>greitu duomen\u0173 perdavimu, efektyviu energijos tiekimu ir nesud\u0117tingu<\/strong> <strong>ne\u0161iojam\u0173j\u0173 kompiuteri\u0173, mini kompiuteri\u0173, \u017eaidim\u0173 \u012frengini\u0173 ir kit\u0173 \u012frengini\u0173<\/strong> <strong>sujungimu<\/strong> <strong>- visa tai<\/strong>vienu kabeliu. <\/p>\n\n<h4 class=\"wp-block-heading\"><strong>Lengva prieiga prie \u017einiasklaidos<\/strong><\/h4>\n\n<p>Su <strong>integruotu SD ir \u201eMicro SD\u201c korteli\u0173 skaitytuvu<\/strong> <strong>\u201eDroiX NH8 Hub\u201c<\/strong> lengva <strong>pasiekti, perkelti ir kurti atsargines fail\u0173 kopijas<\/strong>. Nesvarbu, ar tai nuotraukos, vaizdo \u012fra\u0161ai, ar svarb\u016bs dokumentai, tur\u0117kite greit\u0105 prieig\u0105 prie savo laikmen\u0173 be papildom\u0173 adapteri\u0173. <\/p>\n\n<h4 class=\"wp-block-heading\"><strong>Neprilygstamas universalumas ir na\u0161umas<\/strong><\/h4>\n\n<p><strong>\u201eDroiX NH8\u201c koncentratorius \u201eDroiX NH8 Hub\u201c<\/strong> skirtas <strong>asmeniniams ir ne\u0161iojamiesiems kompiuteriams, miniati\u016briniams kompiuteriams ir \u017eaidim\u0173 ne\u0161iojamiesiems kompiuteriams<\/strong>, jis yra daugiau nei priedas - tai <strong>esminis ry\u0161io sprendimas<\/strong>. <strong>Kompakti\u0161kas, galingas ir patikimas<\/strong>- tai <strong>geriausias \u012frankis<\/strong> darbui, pramogoms ir visiems kitiems dalykams.<\/p>\n\n<h3 class=\"wp-block-heading\"><strong>Atnaujinkite savo ry\u0161\u012f su \u201eDroiX NH8\u201c koncentratoriumi!<\/strong><\/h3>\n\n<p>Patirkite <strong>auk\u0161\u010diausio lygio na\u0161um\u0105 ir patogum\u0105<\/strong> su koncentratoriumi, sukurtu siekiant u\u017etikrinti <strong>greit\u012f, efektyvum\u0105 ir universalum\u0105<\/strong>. <strong>Supaprastinkite s\u0105rank\u0105 ir pagerinkite darbo eig\u0105 jau \u0161iandien!<\/strong><\/p>\n\n<p>\u017dingsnis po \u017eingsnio, kaip atlikti s\u0105rank\u0105, rasite m\u016bs\u0173 \u201e<strong>DroiX NH8\u201c USB \u0161akotuvo naudojimo prad\u017eios vadove<\/strong>.<\/p>\n\n<p><\/p>\n","protected":false},"excerpt":{"rendered":"<ul>\n<li>&#8222;DroiX<strong> NH8 <\/strong>\" USB \u0161akotuvas su &#8222;NVMe<\/li>\n<li><strong>10\/100\/1000M<\/strong> Gigabit Ethernet<\/li>\n<li><strong>Integruotas PCIe NVMe lizdas<\/strong> saugyklai pl\u0117sti<\/li>\n<li><strong>4K ekrano i\u0161vestis<\/strong> per HDMI<\/li>\n<li><strong>\u201eMicroSD\u201c \/ SD korteli\u0173 lizdas<\/strong> - iki 5 Gb\/s<\/li>\n<\/ul>\n[cg_accordion title=\"INFORMACIJA APMOK\u0116JIMUI\"]<\/p>\n<p>Naudojame naujausias mok\u0117jimo apdorojimo technologijas, kurios leid\u017eia greitai ir saugiai atsiskaityti per \u201eApple Pay\u201c, \u201eGoogle Pay\u201c, debeto \/ kredito kortel\u0119, \u201ePayPal\u201c arba BNPL metodus, tokius kaip \u201eKlarna\u201c, \u201eAffirm\u201c arba \u201eAfterPay\u201c.[\/cg_accordion]\n[cg_accordion title=\"GARANTIJA\"]<\/p>\n<p><a href=\"https:\/\/droix.net\/\" target=\"_blank\" rel=\"nofollow noopener\">DROIX Global<\/a> suteikia 1 met\u0173 garantij\u0105, kad b\u016btum\u0117te ram\u016bs[\/cg_accordion]\n[cg_accordion title=\"KAINOS, MOKES\u010cIAI IR PRISTATYMAS\"]<\/p>\n<p><strong><u>Pastaba:<\/u><\/strong><\/p>\n<ul>\n<li>Jungtini\u0173 Amerikos Valstij\u0173 klientai: \u012e rodom\u0105 kain\u0105 N\u0116RA \u012fskai\u010diuoti mokes\u010diai ir muitai. Atsakomyb\u0117 i\u0161muitinti muitin\u0119 ir sumok\u0117ti visus susijusius mokes\u010dius ir muitus tenka klientui. <\/li>\n<li>ES klientai: \u012e nurodyt\u0105 kain\u0105 \u012fskai\u010diuoti taikomi mokes\u010diai, kurie, priklausomai nuo j\u016bs\u0173 \u0161alies, gali siekti iki 25 %.<\/li>\n<li>Kanados klientai: \u012e nurodyt\u0105 kain\u0105 \u012fskai\u010diuoti taikomi mokes\u010diai, kurie, priklausomai nuo j\u016bs\u0173 provincijos, gali apimti 5 % GPM ir papildomus provincijos pardavimo mokes\u010dius (PST), suderint\u0105 pardavimo mokest\u012f (HST) arba Kvebeko pardavimo mokest\u012f (QST).<\/li>\n<\/ul>\n<p><strong>TIK ES klientams:<\/strong> Express DDP (pristatoma sumok\u0117jus muit\u0105). Tai rei\u0161kia: <\/p>\n<ul>\n<li>Visi muitai ir mokes\u010diai \u012ftraukti \u012f produkto puslapyje nurodyt\u0105 kain\u0105.<\/li>\n<li>Pristatymo metu jums nereik\u0117s mok\u0117ti joki\u0173 papildom\u0173 mokes\u010di\u0173.<\/li>\n<li>Retais atvejais, kai kyla su muitine susijusi\u0173 problem\u0173, m\u016bs\u0173 komanda pasir\u016bpins muitin\u0117s formalumais j\u016bs\u0173 vardu, kad b\u016bt\u0173 u\u017etikrintas sklandus pristatymas.<\/li>\n<p>Svarbi informacija apie gr\u0105\u017einim\u0105:<\/p>\n<li>Jei nuspr\u0119site gr\u0105\u017einti u\u017esakym\u0105 arba pra\u0161ysite gr\u0105\u017einti pinigus, tur\u0117kite omenyje, kad mokes\u010diai ir muitai, sumok\u0117ti u\u017e jus pagal DDP s\u0105lygas, negali b\u016bti gr\u0105\u017einami.<\/li>\n<p>I\u0161samesn\u0117s informacijos rasite m\u016bs\u0173 <a href=\"https:\/\/ayaneo.co\/lt\/paslaugu-teikimo-salygos\/\" target=\"_blank\" rel=\"nofollow noopener\">s\u0105lygose ir nuostatose<\/a>.\n<\/ul>\n<p>[\/cg_accordion]\n[cg_accordion title=\"KLIENT\u0172 APTARNAVIMAS\"]<\/p>\n<p>Turite klausim\u0105? U\u017etenka para\u0161yti trump\u0105j\u0105 \u017einut\u0119 ir j\u016bs\u0173 klausimas bus i\u0161spr\u0119stas!<br \/>\n[\/cg_accordion]\n","protected":false},"featured_media":16665,"template":"","meta":{"_acf_changed":false},"product_brand":[],"product_cat":[1186],"product_tag":[],"class_list":{"0":"post-16664","1":"product","2":"type-product","3":"status-publish","4":"has-post-thumbnail","6":"product_cat-priedai","7":"product_shipping_class-low-end","8":"pa_brand-droix","10":"first","11":"outofstock","12":"sale","13":"taxable","14":"shipping-taxable","15":"purchasable","16":"product-type-variable","17":"has-default-attributes"},"acf":[],"_links":{"self":[{"href":"https:\/\/ayaneo.co\/lt\/wp-json\/wp\/v2\/product\/16664","targetHints":{"allow":["GET"]}}],"collection":[{"href":"https:\/\/ayaneo.co\/lt\/wp-json\/wp\/v2\/product"}],"about":[{"href":"https:\/\/ayaneo.co\/lt\/wp-json\/wp\/v2\/types\/product"}],"wp:featuredmedia":[{"embeddable":true,"href":"https:\/\/ayaneo.co\/lt\/wp-json\/wp\/v2\/media\/16665"}],"wp:attachment":[{"href":"https:\/\/ayaneo.co\/lt\/wp-json\/wp\/v2\/media?parent=16664"}],"wp:term":[{"taxonomy":"product_brand","embeddable":true,"href":"https:\/\/ayaneo.co\/lt\/wp-json\/wp\/v2\/product_brand?post=16664"},{"taxonomy":"product_cat","embeddable":true,"href":"https:\/\/ayaneo.co\/lt\/wp-json\/wp\/v2\/product_cat?post=16664"},{"taxonomy":"product_tag","embeddable":true,"href":"https:\/\/ayaneo.co\/lt\/wp-json\/wp\/v2\/product_tag?post=16664"}],"curies":[{"name":"wp","href":"https:\/\/api.w.org\/{rel}","templated":true}]}}