{"id":16701,"date":"2025-01-29T11:23:32","date_gmt":"2025-01-29T11:23:32","guid":{"rendered":"https:\/\/ayaneo.co\/product\/sd1-prijungimo-stotis\/"},"modified":"2025-05-30T15:57:32","modified_gmt":"2025-05-30T15:57:32","slug":"sd1-prijungimo-stotis","status":"publish","type":"product","link":"https:\/\/ayaneo.co\/lt\/product\/sd1-prijungimo-stotis\/","title":{"rendered":"SD1 prijungimo stotis"},"content":{"rendered":"\n<h2 class=\"wp-block-heading\"><strong>SD1 prijungimo stotis: Atskleiskite tikr\u0105j\u0105 delnini\u0173 \u017eaidim\u0173 gali\u0105!<\/strong><\/h2>\n\n<h4 class=\"wp-block-heading\"><strong>J\u016bs\u0173 vartai \u012f skland\u017eius \u017eaidimus<\/strong><\/h4>\n\n<p>Pakeiskite savo ne\u0161iojam\u0173j\u0173 \u017eaidim\u0173 patirt\u012f su <strong>SD1 prijungimo stotimi -<\/strong>geriausiu ne\u0161iojam\u0173j\u0173 \u017eaidim\u0173 kompiuteri\u0173 palydovu. Sukurta galvojant apie \u017eaid\u0117jus, SD1 padidina na\u0161um\u0105, jungiamum\u0105 ir patogum\u0105, tod\u0117l kiekviena \u017eaidim\u0173 sesija bus nepriekai\u0161tinga. Nuo <strong>Steam Deck<\/strong> iki <strong>AYA NEO Geek 1S<\/strong>, \u0161i prijungimo stotel\u0117 u\u017etikrina neprilygstam\u0105 universalum\u0105. Tiesiog prisijunkite per C tipo USB jungt\u012f ir leiskite SD1 pakyl\u0117ti j\u016bs\u0173 \u017eaidimus \u012f naujas auk\u0161tumas.   <\/p>\n\n<h4 class=\"wp-block-heading\"><strong>\u017daibi\u0161kas interneto veikimas<\/strong><\/h4>\n\n<p>I\u0161likite priekyje kiekviename m\u016b\u0161yje su SD1 <strong>RJ45 Gigabit Ethernet prievadu<\/strong>, u\u017etikrinan\u010diu iki <strong>1000M<\/strong> spart\u0105. Atsisveikinkite su v\u0117lavimu ir pasveikinkite skland\u0173 \u017eaidim\u0105 realiuoju laiku. Nesvarbu, ar tyrin\u0117jate erdvius pasaulius, ar dalyvaujate daugyb\u0117s \u017eaid\u0117j\u0173 rungtyn\u0117se, SD1 garantuoja <strong>stabil\u0173, nepertraukiam\u0105 ry\u0161\u012f<\/strong>, kai tai svarbiausia.  <\/p>\n\n<h4 class=\"wp-block-heading\"><strong>\u012etraukiantis 4K vaizdas<\/strong><\/h4>\n\n<p>Pasinerkite \u012f stulbinan\u010dias detales ir ry\u0161kias spalvas su SD1 <strong>HDMI 2.0 i\u0161vestimi<\/strong>. Palaikydama iki <strong>4096&#215;2160 skiriam\u0105j\u0105 geb\u0105 60 Hz da\u017eniu<\/strong>, \u0161i prijungimo stotel\u0117 j\u016bs\u0173 \u017eaidimus paver\u010dia kvap\u0105 gniau\u017eian\u010diais reginiais. Kiekvienas kadras yra ry\u0161kus, sklandus ir tryk\u0161tantis gyvybe, tod\u0117l m\u0117gstami \u017eaidimai dar labiau su\u017eav\u0117s.  <\/p>\n\n<h4 class=\"wp-block-heading\"><strong>Galia, kuri neleid\u017eia jums \u017eaisti<\/strong><\/h4>\n\n<p>Daugiau joki\u0173 pertrauk\u0173 \u017eaidimo viduryje! D\u0117l <strong>100 W \u201ePower Delivery\u201c (PD) \u012fkrovimo<\/strong> SD1 u\u017etikrina, kad j\u016bs\u0173 \u012frenginys i\u0161likt\u0173 \u012fkrautas net per maratono \u017eaidim\u0173 sesijas. \u017daiskite dr\u0105siai, \u017einodami, kad j\u016bs\u0173 ne\u0161iojamasis \u017eaidim\u0173 kompiuteris yra nuolat \u012fkrautas ir pasireng\u0119s veikti.  <\/p>\n\n<h4 class=\"wp-block-heading\"><strong>I\u0161pl\u0117skite s\u0105rank\u0105 naudodami kelis prievadus<\/strong><\/h4>\n\n<p>Prisijunkite kaip profesionalas! SD1 turi <strong>tris A tipo 3.0 USB prievadus<\/strong>, prie kuri\u0173 galite prijungti periferinius \u012frenginius, pvz., valdiklius, ausines ar i\u0161orin\u0119 saugykl\u0105. M\u0117gaukit\u0117s <strong>\u017eaibi\u0161ku duomen\u0173 perdavimu<\/strong> ir lengvu daugiafunkciniu darbu be papildom\u0173 adapteri\u0173.  <\/p>\n\n<h4 class=\"wp-block-heading\"><strong>Naujo lygio ry\u0161ys<\/strong><\/h4>\n\n<p>Patirkite stabil\u0173 ir greit\u0105 ry\u0161\u012f su SD1 <strong>C tipo USB s\u0105saja<\/strong>, sukurta universaliam suderinamumui ir efektyvumui u\u017etikrinti. Nesvarbu, ar perduodate duomenis, ar maitinate savo \u012frengin\u012f, SD1 yra universalus sprendimas naujausiems ne\u0161iojamiesiems \u017eaidim\u0173 \u012frenginiams. <\/p>\n\n<h4 class=\"wp-block-heading\"><strong>Auk\u0161\u010diausios kokyb\u0117s dizainas, sukurtas, kad tarnaut\u0173 ilgai<\/strong><\/h4>\n\n<p>I\u0161 <strong>patvaraus pilko aliuminio<\/strong> pagaminta SD1 prijungimo stotel\u0117 yra ne tik stilinga, bet ir tvirta. Jos eleganti\u0161kas dizainas puikiai dera prie bet kokios s\u0105rankos, o <strong>juodos silikonin\u0117s pagalv\u0117l\u0117s<\/strong> u\u017etikrina papildom\u0105 apsaug\u0105, apsaugo nuo \u012fbr\u0117\u017eim\u0173 ir u\u017etikrina, kad j\u016bs\u0173 \u012frenginys tvirtai laikyt\u0173si. <\/p>\n\n<h4 class=\"wp-block-heading\"><strong>Universalus suderinamumas<\/strong><\/h4>\n\n<p>SD1 prijungimo stotel\u0117 sukurta taip, kad gal\u0117t\u0173 palaikyti \u012fvairius ne\u0161iojamuosius \u017eaidim\u0173 kompiuterius, tod\u0117l ji yra geriausias priedas bet kuriam \u017eaid\u0117jui. Nesvarbu, ar \u017eaid\u017eiate <strong>Steam Deck<\/strong>, <strong>GPD WIN 4 2023<\/strong> ar <strong>ONEXPLAYER 2<\/strong>, SD1 u\u017etikrina skland\u017ei\u0105 integracij\u0105 ir didesn\u012f na\u0161um\u0105. Jis buvo kruop\u0161\u010diai i\u0161bandytas su geriausiais \u012frenginiais, pvz. <strong>ROG Ally<\/strong>, <strong>AYA NEO 2S<\/strong> ir kt.  <\/p>\n\n<hr class=\"wp-block-separator has-alpha-channel-opacity\"\/>\n\n<h3 class=\"wp-block-heading\"><strong>Kod\u0117l verta rinktis SD1 dokin\u0119 stot\u012f?<\/strong><\/h3>\n\n<ul class=\"wp-block-list\">\n<li><strong>Nepertraukiamas internetas<\/strong>: M\u0117gaukit\u0117s itin spar\u010diu ir stabiliu ry\u0161iu.<\/li>\n\n\n\n<li><strong>Stulbinanti 4K i\u0161vestis<\/strong>: Pasinerkite \u012f ry\u0161kius ir skland\u017eius vaizdus.<\/li>\n\n\n\n<li><strong>Efektyvus \u012fkrovimas<\/strong>: Patikimas energijos tiekimas.<\/li>\n\n\n\n<li><strong>Patobulintos prievad\u0173 parinktys<\/strong>: Lengva prijungti kelis periferinius \u012frenginius.<\/li>\n\n\n\n<li><strong>Universalus suderinamumas<\/strong>: Veikia su visais m\u0117gstamais ne\u0161iojamaisiais \u017eaidim\u0173 kompiuteriais.<\/li>\n<\/ul>\n\n<hr class=\"wp-block-separator has-alpha-channel-opacity\"\/>\n\n<h3 class=\"wp-block-heading\"><strong>Pakelkite savo \u017eaidim\u0173 lyg\u012f<\/strong><\/h3>\n\n<p>Naudojant <strong>SD1 prijungimo stotel\u0119<\/strong> kiekvienas \u017eaidimas tampa nepamir\u0161tama patirtimi. Nesvarbu, ar rungtyniaujate, ar tyrin\u0117jate, ar transliuojate, \u0161i prijungimo stotel\u0117 suteikia \u012frankius, kad gal\u0117tum\u0117te pasiekti geriausi\u0105 rezultat\u0105.   <strong>Atnaujinkite savo s\u0105rank\u0105 \u0161iandien ir prad\u0117kite nauj\u0105 ne\u0161iojam\u0173j\u0173 \u017eaidim\u0173 er\u0105.<\/strong><\/p>\n","protected":false},"excerpt":{"rendered":"<ul>\n<li><strong>SD1 <\/strong>prijungimo stotis<\/li>\n<li>Gigabit Ethernet<\/li>\n<li>100W PD USB-C<\/li>\n<li>HDMI i\u0161vestis<\/li>\n<li><strong>Suderinamas su<\/strong> AYANEO delniniais ir daugeliu kit\u0173 \u012frengini\u0173<\/li>\n<\/ul>\n[cg_accordion title=\"INFORMACIJA APMOK\u0116JIMUI\"]<\/p>\n<p>Naudojame naujausias mok\u0117jimo apdorojimo technologijas, kurios leid\u017eia greitai ir saugiai atsiskaityti per \u201eApple Pay\u201c, \u201eGoogle Pay\u201c, debeto \/ kredito kortel\u0119, \u201ePayPal\u201c arba BNPL metodus, tokius kaip \u201eKlarna\u201c, \u201eAffirm\u201c arba \u201eAfterPay\u201c.[\/cg_accordion]\n[cg_accordion title=\"GARANTIJA\"]<\/p>\n<p><a href=\"https:\/\/droix.net\/\" target=\"_blank\" rel=\"nofollow noopener\">DROIX Global<\/a> suteikia 1 met\u0173 garantij\u0105, kad b\u016btum\u0117te ram\u016bs[\/cg_accordion]\n[cg_accordion title=\"KAINOS, MOKES\u010cIAI IR PRISTATYMAS\"]<\/p>\n<p><strong><u>Pastaba:<\/u><\/strong><\/p>\n<ul>\n<li>Jungtini\u0173 Amerikos Valstij\u0173 klientai: \u012e rodom\u0105 kain\u0105 N\u0116RA \u012fskai\u010diuoti mokes\u010diai ir muitai. Atsakomyb\u0117 i\u0161muitinti muitin\u0119 ir sumok\u0117ti visus susijusius mokes\u010dius ir muitus tenka klientui. <\/li>\n<li>ES klientai: \u012e nurodyt\u0105 kain\u0105 \u012fskai\u010diuoti taikomi mokes\u010diai, kurie, priklausomai nuo j\u016bs\u0173 \u0161alies, gali siekti iki 25 %.<\/li>\n<li>Kanados klientai: \u012e nurodyt\u0105 kain\u0105 \u012fskai\u010diuoti taikomi mokes\u010diai, kurie, priklausomai nuo j\u016bs\u0173 provincijos, gali apimti 5 % GPM ir papildomus provincijos pardavimo mokes\u010dius (PST), suderint\u0105 pardavimo mokest\u012f (HST) arba Kvebeko pardavimo mokest\u012f (QST).<\/li>\n<\/ul>\n<p><strong>TIK ES klientams:<\/strong> Express DDP (pristatoma sumok\u0117jus muit\u0105). Tai rei\u0161kia: <\/p>\n<ul>\n<li>Visi muitai ir mokes\u010diai \u012ftraukti \u012f produkto puslapyje nurodyt\u0105 kain\u0105.<\/li>\n<li>Pristatymo metu jums nereik\u0117s mok\u0117ti joki\u0173 papildom\u0173 mokes\u010di\u0173.<\/li>\n<li>Retais atvejais, kai kyla su muitine susijusi\u0173 problem\u0173, m\u016bs\u0173 komanda pasir\u016bpins muitin\u0117s formalumais j\u016bs\u0173 vardu, kad b\u016bt\u0173 u\u017etikrintas sklandus pristatymas.<\/li>\n<p>Svarbi informacija apie gr\u0105\u017einim\u0105:<\/p>\n<li>Jei nuspr\u0119site gr\u0105\u017einti u\u017esakym\u0105 arba pra\u0161ysite gr\u0105\u017einti pinigus, tur\u0117kite omenyje, kad mokes\u010diai ir muitai, sumok\u0117ti u\u017e jus pagal DDP s\u0105lygas, negali b\u016bti gr\u0105\u017einami.<\/li>\n<p>I\u0161samesn\u0117s informacijos rasite m\u016bs\u0173 <a href=\"https:\/\/ayaneo.co\/terms-of-service-2\/\" target=\"_blank\" rel=\"nofollow noopener\">s\u0105lygose ir nuostatose<\/a>.\n<\/ul>\n<p>[\/cg_accordion]\n[cg_accordion title=\"KLIENT\u0172 APTARNAVIMAS\"]<\/p>\n<p>Turite klausim\u0105? U\u017etenka para\u0161yti trump\u0105j\u0105 \u017einut\u0119 ir j\u016bs\u0173 klausimas bus i\u0161spr\u0119stas!<br \/>\n[\/cg_accordion]\n","protected":false},"featured_media":16707,"template":"","meta":{"_acf_changed":false},"product_brand":[],"product_cat":[1186],"product_tag":[],"class_list":{"0":"post-16701","1":"product","2":"type-product","3":"status-publish","4":"has-post-thumbnail","6":"product_cat-priedai","7":"product_shipping_class-low-end","8":"pa_accessory-type-docking-station-lt","9":"pa_brand-droix","11":"first","12":"outofstock","13":"sale","14":"taxable","15":"shipping-taxable","16":"purchasable","17":"product-type-simple"},"acf":[],"_links":{"self":[{"href":"https:\/\/ayaneo.co\/lt\/wp-json\/wp\/v2\/product\/16701","targetHints":{"allow":["GET"]}}],"collection":[{"href":"https:\/\/ayaneo.co\/lt\/wp-json\/wp\/v2\/product"}],"about":[{"href":"https:\/\/ayaneo.co\/lt\/wp-json\/wp\/v2\/types\/product"}],"wp:featuredmedia":[{"embeddable":true,"href":"https:\/\/ayaneo.co\/lt\/wp-json\/wp\/v2\/media\/16707"}],"wp:attachment":[{"href":"https:\/\/ayaneo.co\/lt\/wp-json\/wp\/v2\/media?parent=16701"}],"wp:term":[{"taxonomy":"product_brand","embeddable":true,"href":"https:\/\/ayaneo.co\/lt\/wp-json\/wp\/v2\/product_brand?post=16701"},{"taxonomy":"product_cat","embeddable":true,"href":"https:\/\/ayaneo.co\/lt\/wp-json\/wp\/v2\/product_cat?post=16701"},{"taxonomy":"product_tag","embeddable":true,"href":"https:\/\/ayaneo.co\/lt\/wp-json\/wp\/v2\/product_tag?post=16701"}],"curies":[{"name":"wp","href":"https:\/\/api.w.org\/{rel}","templated":true}]}}