{"id":16726,"date":"2025-01-29T11:53:38","date_gmt":"2025-01-29T11:53:38","guid":{"rendered":"https:\/\/ayaneo.co\/product\/usb-4-0-c-tipo-kabelis\/"},"modified":"2025-05-30T15:57:40","modified_gmt":"2025-05-30T15:57:40","slug":"usb-4-0-c-tipo-kabelis","status":"publish","type":"product","link":"https:\/\/ayaneo.co\/lt\/product\/usb-4-0-c-tipo-kabelis\/","title":{"rendered":"USB 4.0 C tipo kabelis"},"content":{"rendered":"\n<h3 class=\"wp-block-heading\"><strong>Neprilygstamas ry\u0161ys su C tipo USB 4.0 kabeliu<\/strong><\/h3>\n\n<h4 class=\"wp-block-heading\"><strong>Revoliucinis greitis, galia ir tikslumas<\/strong><\/h4>\n\n<h4 class=\"wp-block-heading\"><strong>Greitas 40 Gb\/s duomen\u0173 perdavimas<\/strong><\/h4>\n\n<p>Atverkite neprilygstam\u0105 na\u0161um\u0105 su m\u016bs\u0173 <strong>C tipo USB 4.0 kabeliu<\/strong>, kuris u\u017etikrina <strong>\u017eaibi\u0161k\u0105 40 Gb\/s duomen\u0173 perdavimo greit\u012f<\/strong>. Atsisveikinkite su v\u0117lavimu ir pasveikinkite su greitu ir skland\u017eiu fail\u0173 bendrinimu - tai puikiai tinka dideliems darbo kr\u016bviams, 4K vaizdo \u012fra\u0161ams ir greitam atsargini\u0173 kopij\u0173 k\u016brimui. <\/p>\n\n<h4 class=\"wp-block-heading\"><strong>Suderinamumas su &#8222;Thunderbolt 3&#8243; ir &#8222;4<\/strong><\/h4>\n\n<p>U\u017etikrinkite savo s\u0105rankos ateit\u012f su <strong>\u201eThunderbolt 3\u201c ir \u201e4\u201c suderinamumu<\/strong>, u\u017etikrinan\u010diu skland\u017ei\u0105 integracij\u0105 su pa\u017eangiausiais \u012frenginiais. Nesvarbu, ar jungiate ne\u0161iojamuosius kompiuterius, monitorius, ar saugojimo sprendimus, m\u016bs\u0173 kabelis pad\u0117s jums b\u016bti priekyje. <\/p>\n\n<h4 class=\"wp-block-heading\"><strong>Galia vir\u0161ija ribas: 240 W PD<\/strong><\/h4>\n\n<p>\u012ekraukite grei\u010diau, dirbkite ilgiau. \u012esp\u016bdingas <strong>240 W \u201ePower Delivery\u201c<\/strong> paj\u0117gumas u\u017etikrina greit\u0105 net ir reikliausi\u0173 prietais\u0173 \u012fkrovim\u0105. Nuo ne\u0161iojam\u0173j\u0173 kompiuteri\u0173 iki \u017eaidim\u0173 platform\u0173 - m\u0117gaukit\u0117s nepertraukiamu veikimu ir ilgesniu veikimo laiku.  <\/p>\n\n<h4 class=\"wp-block-heading\"><strong>8K vaizdo ry\u0161kumas<\/strong><\/h4>\n\n<p>Pasinerkite \u012f stulbinant\u012f ai\u0161kum\u0105, nes palaikoma <strong>8K rai\u0161ka 60 Hz da\u017eniu<\/strong>. Nesvarbu, ar \u017eaid\u017eiate \u017eaidimus, redaguojate didel\u0117s rai\u0161kos turin\u012f, ar \u017ei\u016brite itin auk\u0161tos rai\u0161kos pramogas, kiekvienas kadras i\u0161siskirs tikrovi\u0161komis detal\u0117mis ir ry\u0161kiomis spalvomis. <\/p>\n\n<h4 class=\"wp-block-heading\"><strong>Naujovi\u0161ka realaus laiko elektros energijos steb\u0117sena<\/strong><\/h4>\n\n<p>Kontroliuokite situacij\u0105 naudodami <strong>integruot\u0105 energijos naudojimo ekran\u0105<\/strong>. \u0160i patogi funkcija <strong>realiuoju laiku<\/strong> pateikia <strong>duomenis apie energijos suvartojim\u0105<\/strong>, tod\u0117l galite steb\u0117ti, kaip j\u016bs\u0173 \u012frenginys naudoja energij\u0105, kad \u012fkrovimas b\u016bt\u0173 i\u0161manesnis ir efektyvesnis. <\/p>\n\n<h4 class=\"wp-block-heading\"><strong>Sukurtas j\u016bs\u0173 s\u0105rankai<\/strong><\/h4>\n\n<p>Pasirinkite savo poreikius idealiai atitinkant\u012f variant\u0105, naudodami lanks\u010dias ilgio parinktis:<\/p>\n\n<ul class=\"wp-block-list\">\n<li><strong>Tiesus kabelis<\/strong>: Galimi <strong>0,8 m<\/strong> ir <strong>1,5 m ilgio<\/strong>.<\/li>\n\n\n\n<li><strong>L formos kabelis<\/strong>: Taip pat galima \u012fsigyti <strong>0,8 m<\/strong> ir <strong>1,5 m ilgio<\/strong> kabelius.<\/li>\n<\/ul>\n\n<p>Nesvarbu, ar norite laisvai jud\u0117ti, ar taupyti viet\u0105, m\u016bs\u0173 USB 4.0 C tipo kabelis tinka bet kokiai aplinkai.<\/p>\n\n<h4 class=\"wp-block-heading\"><strong>Auk\u0161\u010diausios kokyb\u0117s meistri\u0161kumas, bekompromisis veikimas<\/strong><\/h4>\n\n<p>\u0160is kabelis sukurtas naudojant tiksli\u0105 in\u017einerij\u0105, tod\u0117l jis pasi\u017eymi <strong>ilgaam\u017ei\u0161kumu, lankstumu ir pa\u017eangiausiomis technologijomis<\/strong>. Tai geriausias pasirinkimas technologij\u0173 entuziastams, profesionalams ir \u017eaid\u0117jams, kuriems reikia geriausio ry\u0161io. <\/p>\n\n<h3 class=\"wp-block-heading\"><strong>Pagerinkite savo ry\u0161\u012f \u0161iandien<\/strong><\/h3>\n\n<p>Naudodami <strong>C tipo USB 4.0 kabel\u012f<\/strong> ne tik prijungsite \u012frenginius, bet ir atversite galimybi\u0173 pasaul\u012f. <strong>Atsinaujinkite ir pereikite prie grei\u010dio, galios ir ai\u0161kumo ateities jau \u0161iandien!<\/strong><\/p>\n","protected":false},"excerpt":{"rendered":"<ul>\n<li><strong>40Gbps<\/strong> duomen\u0173 perdavimo greitis<\/li>\n<li>&#8222;Thunderbolt <strong>3<\/strong> ir <strong>4<\/strong><\/li>\n<li>Iki <strong>240 W galios<\/strong> tiekimas<\/li>\n<li>Palaiko iki <strong>8K @ 60Hz<\/strong> vaizdo i\u0161vest\u012f<\/li>\n<li>\u012emontuotas <strong>galios rodiklis<\/strong><\/li>\n<\/ul>\n[cg_accordion title=\"INFORMACIJA APMOK\u0116JIMUI\"]<\/p>\n<p>Naudojame naujausias mok\u0117jimo apdorojimo technologijas, kurios leid\u017eia greitai ir saugiai atsiskaityti per \u201eApple Pay\u201c, \u201eGoogle Pay\u201c, debeto \/ kredito kortel\u0119, \u201ePayPal\u201c arba BNPL metodus, tokius kaip \u201eKlarna\u201c, \u201eAffirm\u201c arba \u201eAfterPay\u201c.[\/cg_accordion]\n[cg_accordion title=\"GARANTIJA\"]<\/p>\n<p><a href=\"https:\/\/droix.net\/\" target=\"_blank\" rel=\"nofollow noopener\">DROIX Global<\/a> suteikia 1 met\u0173 garantij\u0105, kad b\u016btum\u0117te ram\u016bs[\/cg_accordion]\n[cg_accordion title=\"KAINOS, MOKES\u010cIAI IR PRISTATYMAS\"]<\/p>\n<p><strong><u>Pastaba:<\/u><\/strong><\/p>\n<ul>\n<li>Jungtini\u0173 Amerikos Valstij\u0173 klientai: \u012e rodom\u0105 kain\u0105 N\u0116RA \u012fskai\u010diuoti mokes\u010diai ir muitai. Atsakomyb\u0117 i\u0161muitinti muitin\u0119 ir sumok\u0117ti visus susijusius mokes\u010dius ir muitus tenka klientui. <\/li>\n<li>ES klientai: \u012e nurodyt\u0105 kain\u0105 \u012fskai\u010diuoti taikomi mokes\u010diai, kurie, priklausomai nuo j\u016bs\u0173 \u0161alies, gali siekti iki 25 %.<\/li>\n<li>Kanados klientai: \u012e nurodyt\u0105 kain\u0105 \u012fskai\u010diuoti taikomi mokes\u010diai, kurie, priklausomai nuo j\u016bs\u0173 provincijos, gali apimti 5 % GPM ir papildomus provincijos pardavimo mokes\u010dius (PST), suderint\u0105 pardavimo mokest\u012f (HST) arba Kvebeko pardavimo mokest\u012f (QST).<\/li>\n<\/ul>\n<p><strong>TIK ES klientams:<\/strong> Express DDP (pristatoma sumok\u0117jus muit\u0105). Tai rei\u0161kia: <\/p>\n<ul>\n<li>Visi muitai ir mokes\u010diai \u012ftraukti \u012f produkto puslapyje nurodyt\u0105 kain\u0105.<\/li>\n<li>Pristatymo metu jums nereik\u0117s mok\u0117ti joki\u0173 papildom\u0173 mokes\u010di\u0173.<\/li>\n<li>Retais atvejais, kai kyla su muitine susijusi\u0173 problem\u0173, m\u016bs\u0173 komanda pasir\u016bpins muitin\u0117s formalumais j\u016bs\u0173 vardu, kad b\u016bt\u0173 u\u017etikrintas sklandus pristatymas.<\/li>\n<p>Svarbi informacija apie gr\u0105\u017einim\u0105:<\/p>\n<li>Jei nuspr\u0119site gr\u0105\u017einti u\u017esakym\u0105 arba pra\u0161ysite gr\u0105\u017einti pinigus, tur\u0117kite omenyje, kad mokes\u010diai ir muitai, sumok\u0117ti u\u017e jus pagal DDP s\u0105lygas, negali b\u016bti gr\u0105\u017einami.<\/li>\n<p>I\u0161samesn\u0117s informacijos rasite m\u016bs\u0173 <a href=\"https:\/\/ayaneo.co\/terms-of-service-2\/\" target=\"_blank\" rel=\"nofollow noopener\">s\u0105lygose ir nuostatose<\/a>.\n<\/ul>\n<p>[\/cg_accordion]\n[cg_accordion title=\"KLIENT\u0172 APTARNAVIMAS\"]<\/p>\n<p>Turite klausim\u0105? U\u017etenka para\u0161yti trump\u0105j\u0105 \u017einut\u0119 ir j\u016bs\u0173 klausimas bus i\u0161spr\u0119stas!<br \/>\n[\/cg_accordion]\n","protected":false},"featured_media":16740,"template":"","meta":{"_acf_changed":false},"product_brand":[],"product_cat":[1186],"product_tag":[],"class_list":{"0":"post-16726","1":"product","2":"type-product","3":"status-publish","4":"has-post-thumbnail","6":"product_cat-priedai","7":"product_shipping_class-low-end","8":"pa_accessory-type-cable-lt","9":"pa_brand-droix","11":"first","12":"outofstock","13":"sale","14":"taxable","15":"shipping-taxable","16":"purchasable","17":"product-type-variable"},"acf":[],"_links":{"self":[{"href":"https:\/\/ayaneo.co\/lt\/wp-json\/wp\/v2\/product\/16726","targetHints":{"allow":["GET"]}}],"collection":[{"href":"https:\/\/ayaneo.co\/lt\/wp-json\/wp\/v2\/product"}],"about":[{"href":"https:\/\/ayaneo.co\/lt\/wp-json\/wp\/v2\/types\/product"}],"wp:featuredmedia":[{"embeddable":true,"href":"https:\/\/ayaneo.co\/lt\/wp-json\/wp\/v2\/media\/16740"}],"wp:attachment":[{"href":"https:\/\/ayaneo.co\/lt\/wp-json\/wp\/v2\/media?parent=16726"}],"wp:term":[{"taxonomy":"product_brand","embeddable":true,"href":"https:\/\/ayaneo.co\/lt\/wp-json\/wp\/v2\/product_brand?post=16726"},{"taxonomy":"product_cat","embeddable":true,"href":"https:\/\/ayaneo.co\/lt\/wp-json\/wp\/v2\/product_cat?post=16726"},{"taxonomy":"product_tag","embeddable":true,"href":"https:\/\/ayaneo.co\/lt\/wp-json\/wp\/v2\/product_tag?post=16726"}],"curies":[{"name":"wp","href":"https:\/\/api.w.org\/{rel}","templated":true}]}}