{"id":16936,"date":"2025-02-27T10:35:12","date_gmt":"2025-02-27T10:35:12","guid":{"rendered":"https:\/\/ayaneo.co\/product\/ayaneo-magijos-moduliai\/"},"modified":"2025-12-11T00:10:32","modified_gmt":"2025-12-11T00:10:32","slug":"ayaneo-magijos-moduliai","status":"publish","type":"product","link":"https:\/\/ayaneo.co\/lt\/product\/ayaneo-magijos-moduliai\/","title":{"rendered":"AYANEO Magijos moduliai"},"content":{"rendered":"\n<h2 class=\"wp-block-heading\">AYANEO \u201eMagic Modules\u201c - modulini\u0173 delnini\u0173 kompiuteri\u0173 ateitis<\/h2>\n\n<p><strong>\u201eAYANEO Magic Modules<\/strong>\u201c i\u0161 naujo apibr\u0117\u017eia ne\u0161iojam\u0173j\u0173 \u017eaidim\u0173 apibr\u0117\u017eim\u0105, pristatydami <strong>tikr\u0105 modulin\u0119 ekosistem\u0105<\/strong>, leid\u017eian\u010di\u0105 naudotojams <strong>i\u0161pl\u0117sti ir pritaikyti AYANEO 3 patirt\u012f<\/strong> kei\u010diamais, magnetu pritvirtinamais priedais. \u0160ie moduliai, suprojektuoti taip, kad b\u016bt\u0173 lankst\u016bs, <strong>i\u0161ple\u010dia funkcionalum\u0105 nesuma\u017eindami ne\u0161iojamumo<\/strong>, tod\u0117l jie kei\u010dia \u017eaidimo taisykles tiek technologij\u0173 entuziastams, tiek \u017eaid\u0117jams. <\/p>\n\n<h2 class=\"wp-block-heading\"><strong>Vientisas magnetinis moduliavimas<\/strong><\/h2>\n\n<p>D\u0117l <strong>naujovi\u0161kos magnetin\u0117s s\u0105sajosAYANEO<\/strong> modulius pakeisti galima be vargo, tod\u0117l juos galima <strong>prijungti ir naudoti<\/strong> pagal j\u016bs\u0173 poreikius. Pirmosios kartos \u201eMagic\u201c moduliai pasi\u017eymi \u012fvairiomis funkcijomis, pradedant <strong>patobulintomis \u012fvesties galimyb\u0117mis<\/strong> ir baigiant <strong>i\u0161pl\u0117stomis jungtimis<\/strong>. <\/p>\n\n<h2 class=\"wp-block-heading\"><strong>Sukurta atei\u010diai<\/strong><\/h2>\n\n<p>AYANEO pirmasis <strong>i\u0161 tikr\u0173j\u0173 modulinis \u017eaidim\u0173 ne\u0161iojamasis kompiuteris<\/strong>, u\u017etikrinantis <strong>ilgalaik\u012f universalum\u0105 ir<\/strong> besiple\u010dian\u010di\u0105 \u201eMagic\u201c moduli\u0173 ekosistem\u0105. Nesvarbu, ar esate <strong>u\u017ekiet\u0117j\u0119s \u017eaid\u0117jas<\/strong>, <strong>k\u016brybos profesionalas<\/strong>, ar <strong>technologij\u0173 entuziastas<\/strong>, \u0161ie priedai leid\u017eia <strong>pritaikyti \u012frengin\u012f \u012fvairiems scenarijams, nesuma\u017einant jo na\u0161umo<\/strong>. <\/p>\n\n<h3 class=\"wp-block-heading\"><strong>Su AYANEO Magic Modules perimkite rankini\u0173 \u017eaidim\u0173 valdym\u0105 \u012f savo rankas!<\/strong><\/h3>\n\n<p><\/p>\n","protected":false},"excerpt":{"rendered":"<ul>\n<li><strong>Modulin\u0117 konstrukcija<\/strong> - lengvai keiskite priedus.<\/li>\n<li><strong>Magnetinis tvirtinimas<\/strong> - lengva prijungti ir keisti.<\/li>\n<li><strong>Patobulintos funkcijos<\/strong> - atnaujinkite \u012fvestis ir jungtis.<\/li>\n<li><strong>Ateityje<\/strong> - galima i\u0161pl\u0117sti naujais moduliais.<\/li>\n<li><strong>Ne\u0161iojamas ir universalus<\/strong> - pritaikymas be dideli\u0173 gabarit\u0173.<\/li>\n<\/ul>\n[cg_accordion title=\"INFORMACIJA APMOK\u0116JIMUI\"]<\/p>\n<p>Naudojame naujausias mok\u0117jimo apdorojimo technologijas, kurios leid\u017eia greitai ir saugiai atsiskaityti per &#8222;Apple Pay\", &#8222;Google Pay\", debeto \/ kredito kortel\u0119, &#8222;PayPal\" arba BNPL metodus, tokius kaip &#8222;Klarna\", &#8222;Affirm\" arba &#8222;AfterPay\".[\/cg_accordion]\n[cg_accordion title=\"GARANTIJA\"]<\/p>\n<p><a href=\"https:\/\/droix.net\/\" target=\"_blank\" rel=\"nofollow noopener\">DROIX Global suteikia 1 met\u0173 garantij\u0105, kad<\/a> b\u016btum\u0117te ram\u016bs[\/cg_accordion]\n[cg_accordion title=\"KOKYB\u0116S U\u017dTIKRINIMAS IR BANDYMAI PRIE\u0160 I\u0160SIUNTIM\u0104\"]<\/p>\n<p>Auk\u0161\u010diausio lygio klient\u0173 pasitenkinimo u\u017etikrinimas: Prie\u0161 i\u0161siun\u010diant kiekvien\u0105 prietais\u0105 atliekamas grie\u017etas testavimas ir daugiapakopis kokyb\u0117s u\u017etikrinimas. M\u016bs\u0173 komanda tikrina veikim\u0105, funkcionalum\u0105 ir komponent\u0173 vientisum\u0105, kad u\u017etikrintume, jog j\u016bs\u0173 AYANEO prietaisas atvykus b\u016bt\u0173 visi\u0161kai tvarkingas, o j\u016bs b\u016btum\u0117te tikri ir ram\u016bs. [\/cg_accordion]\n[cg_accordion title=\"KAINOS, MOKES\u010cIAI IR PRISTATYMAS\"]<\/p>\n<p><strong><u>Pastaba:<\/u><\/strong><\/p>\n<ul>\n<li>Jungtini\u0173 Amerikos Valstij\u0173 klientai: \u012e rodom\u0105 kain\u0105 N\u0116RA \u012fskai\u010diuoti mokes\u010diai ir muitai. Atsakomyb\u0117 i\u0161muitinti muitin\u0119 ir sumok\u0117ti visus susijusius mokes\u010dius ir muitus tenka klientui. <\/li>\n<li>ES klientai: \u012e nurodyt\u0105 kain\u0105 \u012fskai\u010diuoti taikomi mokes\u010diai, kurie, priklausomai nuo j\u016bs\u0173 \u0161alies, gali siekti iki 25 %.<\/li>\n<li>Kanados klientai: \u012e nurodyt\u0105 kain\u0105 \u012fskai\u010diuoti taikomi mokes\u010diai, kurie, priklausomai nuo j\u016bs\u0173 provincijos, gali apimti 5 % GPM ir papildomus provincijos pardavimo mokes\u010dius (PST), suderint\u0105 pardavimo mokest\u012f (HST) arba Kvebeko pardavimo mokest\u012f (QST).<\/li>\n<\/ul>\n<p><strong>TIK ES klientams:<\/strong> Express DDP (pristatoma sumok\u0117jus muit\u0105). Tai rei\u0161kia: <\/p>\n<ul>\n<li>Visi muitai ir mokes\u010diai \u012fskai\u010diuoti \u012f produkto puslapyje nurodyt\u0105 kain\u0105.<\/li>\n<li>Pristatymo metu jums nereik\u0117s mok\u0117ti joki\u0173 papildom\u0173 mokes\u010di\u0173.<\/li>\n<li>Retais atvejais, kai kyla su muitine susijusi\u0173 problem\u0173, m\u016bs\u0173 komanda pasir\u016bpins muitin\u0117s formalumais j\u016bs\u0173 vardu, kad b\u016bt\u0173 u\u017etikrintas sklandus pristatymas.<\/li>\n<p>Svarbi informacija apie gr\u0105\u017einim\u0105:<\/p>\n<li>Jei nuspr\u0119site gr\u0105\u017einti u\u017esakym\u0105 arba pra\u0161ysite gr\u0105\u017einti pinigus, tur\u0117kite omenyje, kad mokes\u010diai ir muitai, sumok\u0117ti j\u016bs\u0173 vardu pagal DDP s\u0105lygas, negali b\u016bti gr\u0105\u017einami.<\/li>\n<p>I\u0161samesn\u0117s informacijos rasite m\u016bs\u0173 <a href=\"https:\/\/ayaneo.co\/lt\/paslaugu-teikimo-salygos\/\" target=\"_blank\" rel=\"nofollow noopener\">s\u0105lygose ir nuostatose<\/a>.\n<\/ul>\n<p>[\/cg_accordion]\n[cg_accordion title=\"KLIENT\u0172 APTARNAVIMAS\"]<\/p>\n<p>Turite klausim\u0105? U\u017etenka para\u0161yti trump\u0105j\u0105 \u017einut\u0119 ir j\u016bs\u0173 klausimas bus i\u0161spr\u0119stas! [\/cg_accordion]\n[cg_accordion title=\"PAKUOT\u0118 SUDARO\"]\n","protected":false},"featured_media":16944,"template":"","meta":{"_acf_changed":false},"product_brand":[],"product_cat":[1186],"product_tag":[],"class_list":{"0":"post-16936","1":"product","2":"type-product","3":"status-publish","4":"has-post-thumbnail","6":"product_cat-priedai","7":"product_shipping_class-low-end","8":"pa_brand-ayaneo","9":"pa_compatible-with-ayaneo-3-lt","11":"first","12":"instock","13":"sale","14":"taxable","15":"shipping-taxable","16":"purchasable","17":"product-type-variable","18":"has-default-attributes"},"acf":[],"_links":{"self":[{"href":"https:\/\/ayaneo.co\/lt\/wp-json\/wp\/v2\/product\/16936","targetHints":{"allow":["GET"]}}],"collection":[{"href":"https:\/\/ayaneo.co\/lt\/wp-json\/wp\/v2\/product"}],"about":[{"href":"https:\/\/ayaneo.co\/lt\/wp-json\/wp\/v2\/types\/product"}],"wp:featuredmedia":[{"embeddable":true,"href":"https:\/\/ayaneo.co\/lt\/wp-json\/wp\/v2\/media\/16944"}],"wp:attachment":[{"href":"https:\/\/ayaneo.co\/lt\/wp-json\/wp\/v2\/media?parent=16936"}],"wp:term":[{"taxonomy":"product_brand","embeddable":true,"href":"https:\/\/ayaneo.co\/lt\/wp-json\/wp\/v2\/product_brand?post=16936"},{"taxonomy":"product_cat","embeddable":true,"href":"https:\/\/ayaneo.co\/lt\/wp-json\/wp\/v2\/product_cat?post=16936"},{"taxonomy":"product_tag","embeddable":true,"href":"https:\/\/ayaneo.co\/lt\/wp-json\/wp\/v2\/product_tag?post=16936"}],"curies":[{"name":"wp","href":"https:\/\/api.w.org\/{rel}","templated":true}]}}