{"id":17078,"date":"2025-03-17T09:44:54","date_gmt":"2025-03-17T09:44:54","guid":{"rendered":"https:\/\/ayaneo.co\/product\/ayaneo-daugiafunkcine-stotele-grafito-juoda\/"},"modified":"2026-01-06T00:28:40","modified_gmt":"2026-01-06T00:28:40","slug":"ayaneo-daugiafunkcine-stotele-grafito-juoda","status":"publish","type":"product","link":"https:\/\/ayaneo.co\/lt\/product\/ayaneo-daugiafunkcine-stotele-grafito-juoda\/","title":{"rendered":"AYANEO Daugiafunkcin\u0117 stotel\u0117 - Grafito juoda"},"content":{"rendered":"\n<p><span data-contrast=\"none\"><strong>AYANEO Multi docking station<\/strong> atveria visas j\u016bs\u0173 AYA NEO galimybes, nes lengvai naudojama prijungimo sistema su daugybe i\u0161pl\u0117timo prievad\u0173.  <\/span><\/p>\n\n<p><span data-contrast=\"none\">\u201eAYANEO Multi <strong>Docking Station\u201c yra<\/strong> grafito juodos spalvos. Ji <strong>palaiko visus AYANEO modelius<\/strong> su patentuota pagrindo ki\u0161tukine jungtimi, kuri\u0105 galima perstumti, kad ji atitikt\u0173 \u0161iek tiek skirtingas kiekvieno modelio C tipo USB prievado vietas.   <\/span><\/p>\n\n<p><span data-contrast=\"none\">Ma\u017edaug<strong> 5,9 x 2,7 x 1,45 coli\u0173 (15,1 x 7,0 x 3,7 cm) dyd\u017eio ir apie 200 g svorio<\/strong> AYANEO Multi Docking Station u\u017eima nedaug vietos ant darbalaukio, i\u0161lieka saugi ir palaiko a\u0161tuonis i\u0161pl\u0117timo prievadus.<\/span><span data-ccp-props=\"{\"> <\/span><\/p>\n\n<p><span data-contrast=\"none\">\u201eAYANEO Multi Docking Station\u201c nugar\u0117l\u0117je i\u0161 kair\u0117s \u012f de\u0161in\u0119 yra <\/span><a href=\"https:\/\/en.wikipedia.org\/wiki\/USB-C\" target=\"_blank\" rel=\"noopener\"><span data-contrast=\"none\">C tipo USB jungtis<\/span><\/a><span data-contrast=\"none\">  prievadas, kur\u012f galima naudoti periferiniams \u012frenginiams, pvz., i\u0161oriniam kietajam diskui. Yra du   <\/span><a href=\"https:\/\/www.viewsonic.com\/library\/tech\/usb-c-usb-b-and-usb-a-whats-the-difference\/\" target=\"_blank\" rel=\"noopener\"><span data-contrast=\"none\">USB-A<\/span><\/a><span data-contrast=\"none\">  prievadai, kuriuos galima naudoti, pavyzd\u017eiui, pelei ir klaviat\u016brai. Antrasis C tipo USB prievadas naudojamas dokinei sto\u010diai maitinti ir gali \u012fkrauti prijungtus AYANEO modelius. <\/span><span data-ccp-props=\"{\"> <\/span><\/p>\n\n<p><span data-contrast=\"none\">Svetain\u0117 <\/span><a href=\"https:\/\/en.wikipedia.org\/wiki\/HDMI\" target=\"_blank\" rel=\"noopener\"><span data-contrast=\"none\">HDMI<\/span><\/a><span data-contrast=\"none\">  2.0b prievadas gali b\u016bti naudojamas vaizdo i\u0161vesties i\u0161 AYANEO \u012f televizori\u0173 arba monitori\u0173. <strong>Jis palaiko iki 4K 60 Hz da\u017en\u012f<\/strong>. Gigabitinis   <\/span><a href=\"https:\/\/en.wikipedia.org\/wiki\/Ethernet\" target=\"_blank\" rel=\"noopener\"><span data-contrast=\"none\">eternetas<\/span><\/a><span data-contrast=\"none\"> prievadas u\u017etikrina saug\u0173 ir spart\u0173 duomen\u0173 perdavim\u0105 \u012f AYANEO Multi Docking Station ir i\u0161 jos.<\/span><span data-ccp-props=\"{\"> <\/span><\/p>\n\n<p><span data-contrast=\"none\">De\u0161in\u0117je \u201eAYANEO Multi Docking Station\u201c pus\u0117je yra \u201eMicro SD\u201c ir SD korteli\u0173 lizdai.<\/span><span data-ccp-props=\"{\"> <\/span><\/p>\n\n<p><span data-contrast=\"none\">\u201eAYANEO Multi Docking Station\u201c suderinama su <strong>visais AYANEO modeliais, \u012fskaitant <\/strong><\/span><strong><a href=\"https:\/\/droix.co.uk\/product\/ayaneo-2\/\" target=\"_blank\" rel=\"noopener\">AYANEO 2<\/a>, AYANEO Geek, <a href=\"https:\/\/droix.co.uk\/product\/ayaneo-air\/\" target=\"_blank\" rel=\"noopener\">AYANEO Air PRO<\/a>, <a href=\"https:\/\/droix.co.uk\/product\/ayaneo-next\/\" target=\"_blank\" rel=\"noopener\">AYANEO NEXT<\/a>, <a href=\"https:\/\/droix.co.uk\/product\/ayaneo-next-pro\/\" target=\"_blank\" rel=\"noopener\">AYANEO Next PRO<\/a>, <a href=\"https:\/\/droix.co.uk\/product\/ayaneo-next\/\" target=\"_blank\" rel=\"noopener\">AYANEO 2021<\/a> ir <a href=\"https:\/\/droix.co.uk\/product\/ayaneo-next-pro\/\" target=\"_blank\" rel=\"noopener\">AYANEO 2021 Pro<\/a>. <\/strong> <\/p>\n\n<p><span data-contrast=\"none\"><strong>\u201eAYANEO Multi Docking Station\u201c yra puikus priedas prie j\u016bs\u0173 AYAYNEO<\/strong>, paver\u010diantis j\u012f i\u0161 \u017eaidim\u0173 ki\u0161eninio kompiuterio \u012f galing\u0105 stalin\u012f kompiuter\u012f su visomis reikalingomis jungtimis.<\/span><span data-ccp-props=\"{\"> <\/span><\/p>\n\n<p>M\u016bs\u0173 <a href=\"https:\/\/droix.co.uk\/blogs\/ayaneo-docking-station-review\/\" target=\"_blank\" rel=\"noopener\">AYANEO Multi Docking Station ap\u017evalg\u0105 galite perskaityti \u010dia.<\/a><\/p>\n\n<figure class=\"wp-block-image aligncenter\"><img decoding=\"async\" src=\"https:\/\/droix.net\/wp-content\/uploads\/2022\/12\/8fb77202211071909143194ready.jpg\" alt=\"\" class=\"wp-image-88164\"\/><\/figure>\n\n<figure class=\"wp-block-image aligncenter\"><img decoding=\"async\" src=\"https:\/\/droix.net\/wp-content\/uploads\/2022\/12\/ea565202211071908508498ready.jpg\" alt=\"\" class=\"wp-image-88174\"\/><\/figure>\n\n<p><\/p>\n","protected":false},"excerpt":{"rendered":"<ul>\n<li><b>Oficialus AYANEO produktas<\/b><\/li>\n<li><strong>Suderinamas<\/strong> su <strong>visais AYANEO delniniais kompiuteriais<\/strong><\/li>\n<li><b>I\u0161skirtinis patentuotas pagrindo ki\u0161tukas<\/b><\/li>\n<li><strong>Iki 8<\/strong> i\u0161pl\u0117timo prievad\u0173<\/li>\n<li>\u201eMicroSD\u201c kortel\u0117s lizdas<\/li>\n<\/ul>\n[cg_accordion title=\"INFORMACIJA APMOK\u0116JIMUI\"]<\/p>\n<p>Naudojame naujausias mok\u0117jimo apdorojimo technologijas, kurios leid\u017eia greitai ir saugiai atsiskaityti per &#8222;Apple Pay\", &#8222;Google Pay\", debeto \/ kredito kortel\u0119, &#8222;PayPal\" arba BNPL metodus, tokius kaip &#8222;Klarna\", &#8222;Affirm\" arba &#8222;AfterPay\".[\/cg_accordion]\n[cg_accordion title=\"GARANTIJA\"]<\/p>\n<p><a href=\"https:\/\/droix.net\/\" target=\"_blank\" rel=\"nofollow noopener\">DROIX Global suteikia 1 met\u0173 garantij\u0105, kad<\/a> b\u016btum\u0117te ram\u016bs[\/cg_accordion]\n[cg_accordion title=\"KOKYB\u0116S U\u017dTIKRINIMAS IR BANDYMAI PRIE\u0160 I\u0160SIUNTIM\u0104\"]<\/p>\n<p>Auk\u0161\u010diausio lygio klient\u0173 pasitenkinimo u\u017etikrinimas: Prie\u0161 i\u0161siun\u010diant kiekvien\u0105 prietais\u0105 atliekamas grie\u017etas testavimas ir daugiapakopis kokyb\u0117s u\u017etikrinimas. M\u016bs\u0173 komanda tikrina veikim\u0105, funkcionalum\u0105 ir komponent\u0173 vientisum\u0105, kad u\u017etikrintume, jog j\u016bs\u0173 AYANEO prietaisas atvykus b\u016bt\u0173 visi\u0161kai tvarkingas, o j\u016bs b\u016btum\u0117te tikri ir ram\u016bs. [\/cg_accordion]\n[cg_accordion title=\"KAINOS, MOKES\u010cIAI IR PRISTATYMAS\"]<\/p>\n<p><strong><u>Pastaba:<\/u><\/strong><\/p>\n<ul>\n<li>Jungtini\u0173 Amerikos Valstij\u0173 klientai: \u012e rodom\u0105 kain\u0105 N\u0116RA \u012fskai\u010diuoti mokes\u010diai ir muitai. Atsakomyb\u0117 i\u0161muitinti muitin\u0119 ir sumok\u0117ti visus susijusius mokes\u010dius ir muitus tenka klientui. <\/li>\n<li>ES klientai: \u012e nurodyt\u0105 kain\u0105 \u012fskai\u010diuoti taikomi mokes\u010diai, kurie, priklausomai nuo j\u016bs\u0173 \u0161alies, gali siekti iki 25 %.<\/li>\n<li>Kanados klientai: \u012e nurodyt\u0105 kain\u0105 \u012fskai\u010diuoti taikomi mokes\u010diai, kurie, priklausomai nuo j\u016bs\u0173 provincijos, gali apimti 5 % GPM ir papildomus provincijos pardavimo mokes\u010dius (PST), suderint\u0105 pardavimo mokest\u012f (HST) arba Kvebeko pardavimo mokest\u012f (QST).<\/li>\n<\/ul>\n<p><strong>TIK ES klientams:<\/strong> Express DDP (pristatoma sumok\u0117jus muit\u0105). Tai rei\u0161kia: <\/p>\n<ul>\n<li>Visi muitai ir mokes\u010diai \u012fskai\u010diuoti \u012f produkto puslapyje nurodyt\u0105 kain\u0105.<\/li>\n<li>Pristatymo metu jums nereik\u0117s mok\u0117ti joki\u0173 papildom\u0173 mokes\u010di\u0173.<\/li>\n<li>Retais atvejais, kai kyla su muitine susijusi\u0173 problem\u0173, m\u016bs\u0173 komanda pasir\u016bpins muitin\u0117s formalumais j\u016bs\u0173 vardu, kad b\u016bt\u0173 u\u017etikrintas sklandus pristatymas.<\/li>\n<p>Svarbi informacija apie gr\u0105\u017einim\u0105:<\/p>\n<li>Jei nuspr\u0119site gr\u0105\u017einti u\u017esakym\u0105 arba pra\u0161ysite gr\u0105\u017einti pinigus, tur\u0117kite omenyje, kad mokes\u010diai ir muitai, sumok\u0117ti j\u016bs\u0173 vardu pagal DDP s\u0105lygas, negali b\u016bti gr\u0105\u017einami.<\/li>\n<p>I\u0161samesn\u0117s informacijos rasite m\u016bs\u0173 <a href=\"https:\/\/ayaneo.co\/terms-of-service-2\/\" target=\"_blank\" rel=\"nofollow noopener\">s\u0105lygose ir nuostatose<\/a>.\n<\/ul>\n<p>[\/cg_accordion]\n[cg_accordion title=\"KLIENT\u0172 APTARNAVIMAS\"]<\/p>\n<p>Turite klausim\u0105? U\u017etenka para\u0161yti trump\u0105j\u0105 \u017einut\u0119 ir j\u016bs\u0173 klausimas bus i\u0161spr\u0119stas! [\/cg_accordion]\n[cg_accordion title=\"PAKUOT\u0118 SUDARO\"]<\/p>\n<ul>\n<li>1x AYANEO doko stotis<\/li>\n<\/ul>\n<p>[\/cg_accordion]\n","protected":false},"featured_media":17081,"template":"","meta":{"_acf_changed":false},"product_brand":[],"product_cat":[1186],"product_tag":[],"class_list":{"0":"post-17078","1":"product","2":"type-product","3":"status-publish","4":"has-post-thumbnail","6":"product_cat-priedai","7":"product_shipping_class-low-end","8":"pa_accessory-type-docking-station-lt","9":"pa_brand-ayaneo","10":"pa_compatible-with-ayaneo-2-lt","11":"pa_compatible-with-ayaneo-2021-lt","12":"pa_compatible-with-ayaneo-3-lt","13":"pa_compatible-with-ayaneo-air-lt","14":"pa_compatible-with-ayaneo-geek-lt","16":"first","17":"instock","18":"taxable","19":"shipping-taxable","20":"purchasable","21":"product-type-simple"},"acf":[],"_links":{"self":[{"href":"https:\/\/ayaneo.co\/lt\/wp-json\/wp\/v2\/product\/17078","targetHints":{"allow":["GET"]}}],"collection":[{"href":"https:\/\/ayaneo.co\/lt\/wp-json\/wp\/v2\/product"}],"about":[{"href":"https:\/\/ayaneo.co\/lt\/wp-json\/wp\/v2\/types\/product"}],"wp:featuredmedia":[{"embeddable":true,"href":"https:\/\/ayaneo.co\/lt\/wp-json\/wp\/v2\/media\/17081"}],"wp:attachment":[{"href":"https:\/\/ayaneo.co\/lt\/wp-json\/wp\/v2\/media?parent=17078"}],"wp:term":[{"taxonomy":"product_brand","embeddable":true,"href":"https:\/\/ayaneo.co\/lt\/wp-json\/wp\/v2\/product_brand?post=17078"},{"taxonomy":"product_cat","embeddable":true,"href":"https:\/\/ayaneo.co\/lt\/wp-json\/wp\/v2\/product_cat?post=17078"},{"taxonomy":"product_tag","embeddable":true,"href":"https:\/\/ayaneo.co\/lt\/wp-json\/wp\/v2\/product_tag?post=17078"}],"curies":[{"name":"wp","href":"https:\/\/api.w.org\/{rel}","templated":true}]}}