{"id":17094,"date":"2025-03-18T15:51:48","date_gmt":"2025-03-18T15:51:48","guid":{"rendered":"https:\/\/ayaneo.co\/product\/ayaneo-kiseninis-micro-odinis-deklas\/"},"modified":"2025-12-02T18:10:47","modified_gmt":"2025-12-02T18:10:47","slug":"ayaneo-kiseninis-micro-odinis-deklas","status":"publish","type":"product","link":"https:\/\/ayaneo.co\/lt\/product\/ayaneo-kiseninis-micro-odinis-deklas\/","title":{"rendered":"AYANEO Pocket mikro odinis d\u0117klas"},"content":{"rendered":"\n<p>Suteikite savo \" <strong>AYANEO Pocket Micro\" apsaug\u0105<\/strong>, kurios ji nusipelno, naudodami \u0161\u012f <strong>prabang\u0173 odin\u012f d\u0117kl\u0105!<\/strong> \u0160iame d\u0117kle <strong>,<\/strong> sukurtame taip, kad <strong>puikiai tikt\u0173,<\/strong> suderinta <strong>elegancija, patvarumas ir ne\u0161iojamumas, kad j\u016bs\u0173<\/strong> prietaisas <strong>b\u016bt\u0173<\/strong> saugus, o jo i\u0161vaizda i\u0161likt\u0173 eleganti\u0161ka ir profesionali.<\/p>\n\n<h2 class=\"wp-block-heading\" id=\"h-key-features\"><strong>Pagrindin\u0117s savyb\u0117s:<\/strong><\/h2>\n\n<p><strong>Auk\u0161\u010diausios kokyb\u0117s odin\u0117 med\u017eiaga<\/strong> - pagaminta i\u0161 auk\u0161tos kokyb\u0117s odos, kad b\u016bt\u0173 rafinuota ir patvari.<\/p>\n\n<p><strong>Puikiai tinka ir saugiai apsaugo -<\/strong> pritaikytas AYANEO Pocket Micro, tod\u0117l <strong>puikiai priglunda ir<\/strong> apsaugo j\u016bs\u0173 \u012frengin\u012f nuo \u012fbr\u0117\u017eim\u0173, dulki\u0173 ir smulki\u0173 sm\u016bgi\u0173.<\/p>\n\n<p><strong>Mink\u0161tas vidinis pamu\u0161alas<\/strong> - \u0161velnus j\u016bs\u0173 prietaiso ekranui ir korpusui, apsaugantis nuo nepageidaujam\u0173 \u017eymi\u0173.<\/p>\n\n<p><strong>Lengvas ir ne\u0161iojamas<\/strong> - d\u0117l plono dizaino j\u012f lengva ne\u0161iotis, ta\u010diau jis u\u017etikrina maksimali\u0105 apsaug\u0105.<\/p>\n\n<p><strong>Magnetinis u\u017eraktas u\u017etikrina papildom\u0105 saugum\u0105<\/strong> - u\u017etikrina, kad j\u016bs\u0173 \u012frenginys likt\u0173 saugiai pad\u0117tas, bet kartu leid\u017eia greitai pasiekti.<\/p>\n\n<p>Atnaujinkite savo <strong>AYANEO Pocket Micro \u0161iuo<\/strong> <strong>stilingu ir funkcionaliu odiniu d\u0117klu -<\/strong> <strong>apsauga su elegancijos prieskoniu!<\/strong> <\/p>\n\n<p><\/p>\n","protected":false},"excerpt":{"rendered":"<ul>\n<li><strong>Oficialus AYANEO<\/strong> Pocket Micro apsauginis odinis d\u0117klas<\/li>\n<li><strong>Auk\u0161\u010diausios kokyb\u0117s oda<\/strong> - eleganti\u0161ka, patvari ir ilgaam\u017e\u0117.<\/li>\n<li><strong>Mink\u0161tas vidinis pamu\u0161alas<\/strong> - apsaugo nuo \u012fbr\u0117\u017eim\u0173 ir dulki\u0173.<\/li>\n<li><strong>Lengvas ir ne\u0161iojamas<\/strong> - lengva ne\u0161iotis be dideli\u0173 gabarit\u0173.<\/li>\n<li><strong>Magnetinis u\u017edarymas<\/strong> - saugi ir patogi prieiga.<\/li>\n<\/ul>\n[cg_accordion title=\"INFORMACIJA APMOK\u0116JIMUI\"]<\/p>\n<p>Naudojame naujausias mok\u0117jimo apdorojimo technologijas, kurios leid\u017eia greitai ir saugiai atsiskaityti per &#8222;Apple Pay\", &#8222;Google Pay\", debeto \/ kredito kortel\u0119, &#8222;PayPal\" arba BNPL metodus, tokius kaip &#8222;Klarna\", &#8222;Affirm\" arba &#8222;AfterPay\".[\/cg_accordion]\n[cg_accordion title=\"GARANTIJA\"]<\/p>\n<p><a href=\"https:\/\/droix.net\/\" target=\"_blank\" rel=\"nofollow noopener\">DROIX Global suteikia 1 met\u0173 garantij\u0105, kad<\/a> b\u016btum\u0117te ram\u016bs[\/cg_accordion]\n[cg_accordion title=\"KOKYB\u0116S U\u017dTIKRINIMAS IR BANDYMAI PRIE\u0160 I\u0160SIUNTIM\u0104\"]<\/p>\n<p>Auk\u0161\u010diausio lygio klient\u0173 pasitenkinimo u\u017etikrinimas: Prie\u0161 i\u0161siun\u010diant kiekvien\u0105 prietais\u0105 atliekamas grie\u017etas testavimas ir daugiapakopis kokyb\u0117s u\u017etikrinimas. M\u016bs\u0173 komanda tikrina veikim\u0105, funkcionalum\u0105 ir komponent\u0173 vientisum\u0105, kad u\u017etikrintume, jog j\u016bs\u0173 AYANEO prietaisas atvykus b\u016bt\u0173 visi\u0161kai tvarkingas, o j\u016bs b\u016btum\u0117te tikri ir ram\u016bs. [\/cg_accordion]\n[cg_accordion title=\"KAINOS, MOKES\u010cIAI IR PRISTATYMAS\"]<\/p>\n<p><strong><u>Pastaba:<\/u><\/strong><\/p>\n<ul>\n<li>Jungtini\u0173 Amerikos Valstij\u0173 klientai: \u012e rodom\u0105 kain\u0105 N\u0116RA \u012fskai\u010diuoti mokes\u010diai ir muitai. Atsakomyb\u0117 i\u0161muitinti muitin\u0119 ir sumok\u0117ti visus susijusius mokes\u010dius ir muitus tenka klientui. <\/li>\n<li>ES klientai: \u012e nurodyt\u0105 kain\u0105 \u012fskai\u010diuoti taikomi mokes\u010diai, kurie, priklausomai nuo j\u016bs\u0173 \u0161alies, gali siekti iki 25 %.<\/li>\n<li>Kanados klientai: \u012e nurodyt\u0105 kain\u0105 \u012fskai\u010diuoti taikomi mokes\u010diai, kurie, priklausomai nuo j\u016bs\u0173 provincijos, gali apimti 5 % GPM ir papildomus provincijos pardavimo mokes\u010dius (PST), suderint\u0105 pardavimo mokest\u012f (HST) arba Kvebeko pardavimo mokest\u012f (QST).<\/li>\n<\/ul>\n<p><strong>TIK ES klientams:<\/strong> Express DDP (pristatoma sumok\u0117jus muit\u0105). Tai rei\u0161kia: <\/p>\n<ul>\n<li>Visi muitai ir mokes\u010diai \u012fskai\u010diuoti \u012f produkto puslapyje nurodyt\u0105 kain\u0105.<\/li>\n<li>Pristatymo metu jums nereik\u0117s mok\u0117ti joki\u0173 papildom\u0173 mokes\u010di\u0173.<\/li>\n<li>Retais atvejais, kai kyla su muitine susijusi\u0173 problem\u0173, m\u016bs\u0173 komanda pasir\u016bpins muitin\u0117s formalumais j\u016bs\u0173 vardu, kad b\u016bt\u0173 u\u017etikrintas sklandus pristatymas.<\/li>\n<p>Svarbi informacija apie gr\u0105\u017einim\u0105:<\/p>\n<li>Jei nuspr\u0119site gr\u0105\u017einti u\u017esakym\u0105 arba pra\u0161ysite gr\u0105\u017einti pinigus, tur\u0117kite omenyje, kad mokes\u010diai ir muitai, sumok\u0117ti j\u016bs\u0173 vardu pagal DDP s\u0105lygas, negali b\u016bti gr\u0105\u017einami.<\/li>\n<p>I\u0161samesn\u0117s informacijos rasite m\u016bs\u0173 <a href=\"https:\/\/ayaneo.co\/lt\/paslaugu-teikimo-salygos\/\" target=\"_blank\" rel=\"nofollow noopener\">s\u0105lygose ir nuostatose<\/a>.\n<\/ul>\n<p>[\/cg_accordion]\n[cg_accordion title=\"KLIENT\u0172 APTARNAVIMAS\"]<\/p>\n<p>Turite klausim\u0105? U\u017etenka para\u0161yti trump\u0105j\u0105 \u017einut\u0119 ir j\u016bs\u0173 klausimas bus i\u0161spr\u0119stas! [\/cg_accordion]\n[cg_accordion title=\"PAKUOT\u0118 SUDARO\"]<\/p>\n<ul>\n<li>1x AYANEO Pocket mikro odinis d\u0117klas<\/li>\n<\/ul>\n<p>[\/cg_accordion]\n","protected":false},"featured_media":17095,"template":"","meta":{"_acf_changed":false},"product_brand":[],"product_cat":[1186],"product_tag":[],"class_list":{"0":"post-17094","1":"product","2":"type-product","3":"status-publish","4":"has-post-thumbnail","6":"product_cat-priedai","7":"product_shipping_class-low-end","8":"pa_accessory-type-protective-case-lt","9":"pa_brand-ayaneo","11":"first","12":"outofstock","13":"sale","14":"taxable","15":"shipping-taxable","16":"purchasable","17":"product-type-variable"},"acf":[],"_links":{"self":[{"href":"https:\/\/ayaneo.co\/lt\/wp-json\/wp\/v2\/product\/17094","targetHints":{"allow":["GET"]}}],"collection":[{"href":"https:\/\/ayaneo.co\/lt\/wp-json\/wp\/v2\/product"}],"about":[{"href":"https:\/\/ayaneo.co\/lt\/wp-json\/wp\/v2\/types\/product"}],"wp:featuredmedia":[{"embeddable":true,"href":"https:\/\/ayaneo.co\/lt\/wp-json\/wp\/v2\/media\/17095"}],"wp:attachment":[{"href":"https:\/\/ayaneo.co\/lt\/wp-json\/wp\/v2\/media?parent=17094"}],"wp:term":[{"taxonomy":"product_brand","embeddable":true,"href":"https:\/\/ayaneo.co\/lt\/wp-json\/wp\/v2\/product_brand?post=17094"},{"taxonomy":"product_cat","embeddable":true,"href":"https:\/\/ayaneo.co\/lt\/wp-json\/wp\/v2\/product_cat?post=17094"},{"taxonomy":"product_tag","embeddable":true,"href":"https:\/\/ayaneo.co\/lt\/wp-json\/wp\/v2\/product_tag?post=17094"}],"curies":[{"name":"wp","href":"https:\/\/api.w.org\/{rel}","templated":true}]}}