{"id":17128,"date":"2025-03-20T10:53:25","date_gmt":"2025-03-20T10:53:25","guid":{"rendered":"https:\/\/ayaneo.co\/product\/ayaneo-3-kiseniniai-evo-nykscio-lazdos-rankenos-dangteliai-tikslumas-ir-patogumas-kiekvienam-judesiui\/"},"modified":"2025-12-09T00:32:38","modified_gmt":"2025-12-09T00:32:38","slug":"ayaneo-3-kiseniniai-evo-nykscio-lazdos-rankenos-dangteliai-tikslumas-ir-patogumas-kiekvienam-judesiui","status":"publish","type":"product","link":"https:\/\/ayaneo.co\/lt\/product\/ayaneo-3-kiseniniai-evo-nykscio-lazdos-rankenos-dangteliai-tikslumas-ir-patogumas-kiekvienam-judesiui\/","title":{"rendered":"AYANEO 3 \/ ki\u0161eniniai EVO nyk\u0161\u010dio lazdos rankenos dangteliai - tikslumas ir patogumas kiekvienam judesiui!"},"content":{"rendered":"\n<p>Patobulinkite savo <strong>AYANEO 3 ir Pocket EVO<\/strong> \u017eaidim\u0173 patirt\u012f su \u0161iais <strong>auk\u0161\u010diausios kokyb\u0117s ranken\u0117li\u0173 dangteliais<\/strong>! Sukurti <strong>geresniam sukibimui, geresniam valdymui ir ilgalaikiam patvarumui<\/strong>, \u0161ie dangteliai u\u017etikrina sklandesnius ir tikslesnius judesius, kad \u017eaidimas b\u016bt\u0173 tobulas.<\/p>\n\n<h2 class=\"wp-block-heading\"><strong>Pagrindin\u0117s savyb\u0117s:<\/strong><\/h2>\n\n<p><strong>Patobulintas sukibimas ir valdymas<\/strong> - u\u017etikrina <strong>didesn\u012f tikslum\u0105<\/strong> ir neslid\u0173 pavir\u0161i\u0173 tiksliems judesiams.<\/p>\n\n<p><strong>Ergonomi\u0161kas ir patogus dizainas<\/strong> - ma\u017eina nyk\u0161\u010dio nuovarg\u012f ilgesn\u0117ms \u017eaidim\u0173 sesijoms.<\/p>\n\n<p><strong>Auk\u0161\u010diausios kokyb\u0117s silikonin\u0117 med\u017eiaga<\/strong> - patvari, auk\u0161tos kokyb\u0117s med\u017eiaga u\u017etikrina ilgaam\u017ei\u0161kum\u0105 ir \u0161veln\u0173 poj\u016bt\u012f.<\/p>\n\n<p><strong>Lengvai montuojamas ir saugiai priglunda<\/strong> - specialiai sukurtas <strong>AYANEO 3 ir Pocket EVO<\/strong>, kad b\u016bt\u0173 u\u017etikrintas tvirtas ir neslystantis tvirtinimas.<\/p>\n\n<p><strong>Stilingas ir funkcionalus<\/strong> - <strong>juodos ir baltos spalv\u0173 variantai<\/strong>, tinkantys prie j\u016bs\u0173 \u017eaidim\u0173 \u012frangos, kartu apsaugantys vairalazd\u0119 nuo nusid\u0117v\u0117jimo.<\/p>\n\n<p>Atnaujinkite savo <strong>AYANEO 3 ir Pocket EVO<\/strong> \u0161iais <strong>auk\u0161tos kokyb\u0117s nyk\u0161\u010dio lazdel\u0117s dangteliais<\/strong>, kad gal\u0117tum\u0117te geriau laikyti, valdyti ir patogiau naudotis!<\/p>\n","protected":false},"excerpt":{"rendered":"<ul>\n<li><strong>Oficial\u016bs<\/strong> AYANEO 3 \/ Pocket EVO nyk\u0161\u010dio lazdos rankenos dangteliai<\/li>\n<li><strong>Patobulinta rankena ir tikslumas<\/strong> - pagerina tikslum\u0105 ir kontrol\u0119.<\/li>\n<li><strong>Patogus ir ergonomi\u0161kas<\/strong> - ma\u017eina nuovarg\u012f ilgesn\u0117ms \u017eaidim\u0173 sesijoms.<\/li>\n<li><strong>Patvari silikonin\u0117 med\u017eiaga<\/strong> - ilgaam\u017e\u0117 ir atspari nusid\u0117v\u0117jimui.<\/li>\n<li><strong>Puikiai tinka<\/strong> - sukurtas tik AYANEO 3 ir Pocket EVO.<\/li>\n<\/ul>\n[cg_accordion title=\"INFORMACIJA APMOK\u0116JIMUI\"]<\/p>\n<p>Naudojame naujausias mok\u0117jimo apdorojimo technologijas, kurios leid\u017eia greitai ir saugiai atsiskaityti per &#8222;Apple Pay\", &#8222;Google Pay\", debeto \/ kredito kortel\u0119, &#8222;PayPal\" arba BNPL metodus, tokius kaip &#8222;Klarna\", &#8222;Affirm\" arba &#8222;AfterPay\".[\/cg_accordion]\n[cg_accordion title=\"GARANTIJA\"]<\/p>\n<p><a href=\"https:\/\/droix.net\/\" target=\"_blank\" rel=\"nofollow noopener\">DROIX Global suteikia 1 met\u0173 garantij\u0105, kad<\/a> b\u016btum\u0117te ram\u016bs[\/cg_accordion]\n[cg_accordion title=\"KOKYB\u0116S U\u017dTIKRINIMAS IR BANDYMAI PRIE\u0160 I\u0160SIUNTIM\u0104\"]<\/p>\n<p>Auk\u0161\u010diausio lygio klient\u0173 pasitenkinimo u\u017etikrinimas: Prie\u0161 i\u0161siun\u010diant kiekvien\u0105 prietais\u0105 atliekamas grie\u017etas testavimas ir daugiapakopis kokyb\u0117s u\u017etikrinimas. M\u016bs\u0173 komanda tikrina veikim\u0105, funkcionalum\u0105 ir komponent\u0173 vientisum\u0105, kad u\u017etikrintume, jog j\u016bs\u0173 AYANEO prietaisas atvykus b\u016bt\u0173 visi\u0161kai tvarkingas, o j\u016bs b\u016btum\u0117te tikri ir ram\u016bs. [\/cg_accordion]\n[cg_accordion title=\"KAINOS, MOKES\u010cIAI IR PRISTATYMAS\"]<\/p>\n<p><strong><u>Pastaba:<\/u><\/strong><\/p>\n<ul>\n<li>Jungtini\u0173 Amerikos Valstij\u0173 klientai: \u012e rodom\u0105 kain\u0105 N\u0116RA \u012fskai\u010diuoti mokes\u010diai ir muitai. Atsakomyb\u0117 i\u0161muitinti muitin\u0119 ir sumok\u0117ti visus susijusius mokes\u010dius ir muitus tenka klientui. <\/li>\n<li>ES klientai: \u012e nurodyt\u0105 kain\u0105 \u012fskai\u010diuoti taikomi mokes\u010diai, kurie, priklausomai nuo j\u016bs\u0173 \u0161alies, gali siekti iki 25 %.<\/li>\n<li>Kanados klientai: \u012e nurodyt\u0105 kain\u0105 \u012fskai\u010diuoti taikomi mokes\u010diai, kurie, priklausomai nuo j\u016bs\u0173 provincijos, gali apimti 5 % GPM ir papildomus provincijos pardavimo mokes\u010dius (PST), suderint\u0105 pardavimo mokest\u012f (HST) arba Kvebeko pardavimo mokest\u012f (QST).<\/li>\n<\/ul>\n<p><strong>TIK ES klientams:<\/strong> Express DDP (pristatoma sumok\u0117jus muit\u0105). Tai rei\u0161kia: <\/p>\n<ul>\n<li>Visi muitai ir mokes\u010diai \u012fskai\u010diuoti \u012f produkto puslapyje nurodyt\u0105 kain\u0105.<\/li>\n<li>Pristatymo metu jums nereik\u0117s mok\u0117ti joki\u0173 papildom\u0173 mokes\u010di\u0173.<\/li>\n<li>Retais atvejais, kai kyla su muitine susijusi\u0173 problem\u0173, m\u016bs\u0173 komanda pasir\u016bpins muitin\u0117s formalumais j\u016bs\u0173 vardu, kad b\u016bt\u0173 u\u017etikrintas sklandus pristatymas.<\/li>\n<p>Svarbi informacija apie gr\u0105\u017einim\u0105:<\/p>\n<li>Jei nuspr\u0119site gr\u0105\u017einti u\u017esakym\u0105 arba pra\u0161ysite gr\u0105\u017einti pinigus, tur\u0117kite omenyje, kad mokes\u010diai ir muitai, sumok\u0117ti j\u016bs\u0173 vardu pagal DDP s\u0105lygas, negali b\u016bti gr\u0105\u017einami.<\/li>\n<p>I\u0161samesn\u0117s informacijos rasite m\u016bs\u0173 <a href=\"https:\/\/ayaneo.co\/lt\/paslaugu-teikimo-salygos\/\" target=\"_blank\" rel=\"nofollow noopener\">s\u0105lygose ir nuostatose<\/a>.\n<\/ul>\n<p>[\/cg_accordion]\n[cg_accordion title=\"KLIENT\u0172 APTARNAVIMAS\"]<\/p>\n<p>Turite klausim\u0105? U\u017etenka para\u0161yti trump\u0105j\u0105 \u017einut\u0119 ir j\u016bs\u0173 klausimas bus i\u0161spr\u0119stas! [\/cg_accordion]\n[cg_accordion title=\"PAKUOT\u0118 SUDARO\"]<\/p>\n<ul>\n<li>1x AYANEO 3 ir Pocket EVO nyk\u0161\u010dio lazdos rankenos dangteliai<\/li>\n<\/ul>\n<p>[\/cg_accordion]\n","protected":false},"featured_media":17131,"template":"","meta":{"_acf_changed":false},"product_brand":[],"product_cat":[1186],"product_tag":[],"class_list":{"0":"post-17128","1":"product","2":"type-product","3":"status-publish","4":"has-post-thumbnail","6":"product_cat-priedai","7":"product_shipping_class-low-end","9":"first","10":"instock","11":"sale","12":"taxable","13":"shipping-taxable","14":"purchasable","15":"product-type-simple"},"acf":[],"_links":{"self":[{"href":"https:\/\/ayaneo.co\/lt\/wp-json\/wp\/v2\/product\/17128","targetHints":{"allow":["GET"]}}],"collection":[{"href":"https:\/\/ayaneo.co\/lt\/wp-json\/wp\/v2\/product"}],"about":[{"href":"https:\/\/ayaneo.co\/lt\/wp-json\/wp\/v2\/types\/product"}],"wp:featuredmedia":[{"embeddable":true,"href":"https:\/\/ayaneo.co\/lt\/wp-json\/wp\/v2\/media\/17131"}],"wp:attachment":[{"href":"https:\/\/ayaneo.co\/lt\/wp-json\/wp\/v2\/media?parent=17128"}],"wp:term":[{"taxonomy":"product_brand","embeddable":true,"href":"https:\/\/ayaneo.co\/lt\/wp-json\/wp\/v2\/product_brand?post=17128"},{"taxonomy":"product_cat","embeddable":true,"href":"https:\/\/ayaneo.co\/lt\/wp-json\/wp\/v2\/product_cat?post=17128"},{"taxonomy":"product_tag","embeddable":true,"href":"https:\/\/ayaneo.co\/lt\/wp-json\/wp\/v2\/product_tag?post=17128"}],"curies":[{"name":"wp","href":"https:\/\/api.w.org\/{rel}","templated":true}]}}