{"id":17170,"date":"2025-03-24T16:59:03","date_gmt":"2025-03-24T16:59:03","guid":{"rendered":"https:\/\/ayaneo.co\/product\/ayaneo-3-ekrano-apsauga-kristolo-skaidrumo-ekrano-apsauga\/"},"modified":"2025-12-09T00:34:11","modified_gmt":"2025-12-09T00:34:11","slug":"ayaneo-3-ekrano-apsauga-kristolo-skaidrumo-ekrano-apsauga","status":"publish","type":"product","link":"https:\/\/ayaneo.co\/lt\/product\/ayaneo-3-ekrano-apsauga-kristolo-skaidrumo-ekrano-apsauga\/","title":{"rendered":"AYANEO 3 Ekrano apsauga - kri\u0161tolo skaidrumo ekrano apsauga!"},"content":{"rendered":"\n<p>Pasir\u016bpinkite, kad <strong>AYANEO 3<\/strong> ekranas b\u016bt\u0173 nepriekai\u0161tingas, naudodami \u0161i\u0105 <strong>auk\u0161tos kokyb\u0117s ekrano apsaug\u0105<\/strong>! Sukurta taip, kad u\u017etikrint\u0173 <strong>maksimal\u0173 skaidrum\u0105, atsparum\u0105 \u012fbr\u0117\u017eimams ir lengv\u0105 naudojim\u0105<\/strong>, \u0161i apsauga u\u017etikrina, kad j\u016bs\u0173 \u017eaidim\u0173 patirtis i\u0161likt\u0173 sklandi ir nepertraukiama.<\/p>\n\n<h2 class=\"wp-block-heading\"><strong>Pagrindin\u0117s savyb\u0117s:<\/strong><\/h2>\n\n<p><strong>Itin ry\u0161kus HD ekranas<\/strong> - i\u0161laiko <strong>tikr\u0105 spalv\u0173 tikslum\u0105<\/strong> ir ry\u0161k\u0173 vaizd\u0105, kad vaizdas b\u016bt\u0173 \u012ftraukiantis.<\/p>\n\n<p><strong>Atsparus \u012fbr\u0117\u017eimams ir sm\u016bgiams<\/strong> - apsaugo ekran\u0105 nuo \u012fbr\u0117\u017eim\u0173, kritim\u0173 ir kasdienio d\u0117v\u0117jimosi.  <\/p>\n\n<p><strong>Tikslus pritaikymas ir lengvas montavimas<\/strong> - specialiai sukurtas <strong>AYANEO 3<\/strong>, tod\u0117l montavimas yra vientisas, be joki\u0173 burbul\u0173.<\/p>\n\n<p><strong>Atsparus pir\u0161t\u0173 atspaudams ir d\u0117m\u0117ms<\/strong> - oleofobin\u0117 danga atstumia pir\u0161t\u0173 atspaudus ir d\u0117meles, kad atrodyt\u0173 \u0161variai.<\/p>\n\n<p><strong>Sukibimas be oro burbuliuk\u0173<\/strong> - lengva klijuoti be oro burbuliuk\u0173, tod\u0117l kiekvien\u0105 kart\u0105 <strong>pavir\u0161ius<\/strong> b\u016bna <strong>lygus<\/strong>.<\/p>\n\n<p>Apsaugokite savo <strong>AYANEO 3<\/strong> su \u0161ia <strong>auk\u0161\u010diausios kokyb\u0117s ekrano apsauga<\/strong> ir <strong>\u017eaiskite u\u017etikrintai!<\/strong><\/p>\n\n<p><\/p>\n","protected":false},"excerpt":{"rendered":"<ul>\n<li><strong>Oficiali<\/strong> AYANEO 3 ekrano apsauga<\/li>\n<li><strong>\u201eUltra-Clear HD\u201c<\/strong> - i\u0161saugo ekrano kokyb\u0119 ir spalv\u0173 tikslum\u0105.<\/li>\n<li><strong>Atsparus \u012fbr\u0117\u017eimams ir sm\u016bgiams<\/strong> - apsaugo nuo pa\u017eeidim\u0173.<\/li>\n<li><strong>Atsparus d\u0117m\u0117ms ir pir\u0161t\u0173 atspaudams<\/strong> - i\u0161laiko ekran\u0105 \u0161var\u0173.<\/li>\n<li><strong>Puikiai tinka<\/strong> - sukurta tik AYANEO 3.<\/li>\n<\/ul>\n[cg_accordion title=\"INFORMACIJA APMOK\u0116JIMUI\"]<\/p>\n<p>Naudojame naujausias mok\u0117jimo apdorojimo technologijas, kurios leid\u017eia greitai ir saugiai atsiskaityti per &#8222;Apple Pay\", &#8222;Google Pay\", debeto \/ kredito kortel\u0119, &#8222;PayPal\" arba BNPL metodus, tokius kaip &#8222;Klarna\", &#8222;Affirm\" arba &#8222;AfterPay\".[\/cg_accordion]\n[cg_accordion title=\"GARANTIJA\"]<\/p>\n<p><a href=\"https:\/\/droix.net\/\" target=\"_blank\" rel=\"nofollow noopener\">DROIX Global suteikia 1 met\u0173 garantij\u0105, kad<\/a> b\u016btum\u0117te ram\u016bs[\/cg_accordion]\n[cg_accordion title=\"KOKYB\u0116S U\u017dTIKRINIMAS IR BANDYMAI PRIE\u0160 I\u0160SIUNTIM\u0104\"]<\/p>\n<p>Auk\u0161\u010diausio lygio klient\u0173 pasitenkinimo u\u017etikrinimas: Prie\u0161 i\u0161siun\u010diant kiekvien\u0105 prietais\u0105 atliekamas grie\u017etas testavimas ir daugiapakopis kokyb\u0117s u\u017etikrinimas. M\u016bs\u0173 komanda tikrina veikim\u0105, funkcionalum\u0105 ir komponent\u0173 vientisum\u0105, kad u\u017etikrintume, jog j\u016bs\u0173 AYANEO prietaisas atvykus b\u016bt\u0173 visi\u0161kai tvarkingas, o j\u016bs b\u016btum\u0117te tikri ir ram\u016bs. [\/cg_accordion]\n[cg_accordion title=\"KAINOS, MOKES\u010cIAI IR PRISTATYMAS\"]<\/p>\n<p><strong><u>Pastaba:<\/u><\/strong><\/p>\n<ul>\n<li>Jungtini\u0173 Amerikos Valstij\u0173 klientai: \u012e rodom\u0105 kain\u0105 N\u0116RA \u012fskai\u010diuoti mokes\u010diai ir muitai. Atsakomyb\u0117 i\u0161muitinti muitin\u0119 ir sumok\u0117ti visus susijusius mokes\u010dius ir muitus tenka klientui. <\/li>\n<li>ES klientai: \u012e nurodyt\u0105 kain\u0105 \u012fskai\u010diuoti taikomi mokes\u010diai, kurie, priklausomai nuo j\u016bs\u0173 \u0161alies, gali siekti iki 25 %.<\/li>\n<li>Kanados klientai: \u012e nurodyt\u0105 kain\u0105 \u012fskai\u010diuoti taikomi mokes\u010diai, kurie, priklausomai nuo j\u016bs\u0173 provincijos, gali apimti 5 % GPM ir papildomus provincijos pardavimo mokes\u010dius (PST), suderint\u0105 pardavimo mokest\u012f (HST) arba Kvebeko pardavimo mokest\u012f (QST).<\/li>\n<\/ul>\n<p><strong>TIK ES klientams:<\/strong> Express DDP (pristatoma sumok\u0117jus muit\u0105). Tai rei\u0161kia: <\/p>\n<ul>\n<li>Visi muitai ir mokes\u010diai \u012fskai\u010diuoti \u012f produkto puslapyje nurodyt\u0105 kain\u0105.<\/li>\n<li>Pristatymo metu jums nereik\u0117s mok\u0117ti joki\u0173 papildom\u0173 mokes\u010di\u0173.<\/li>\n<li>Retais atvejais, kai kyla su muitine susijusi\u0173 problem\u0173, m\u016bs\u0173 komanda pasir\u016bpins muitin\u0117s formalumais j\u016bs\u0173 vardu, kad b\u016bt\u0173 u\u017etikrintas sklandus pristatymas.<\/li>\n<p>Svarbi informacija apie gr\u0105\u017einim\u0105:<\/p>\n<li>Jei nuspr\u0119site gr\u0105\u017einti u\u017esakym\u0105 arba pra\u0161ysite gr\u0105\u017einti pinigus, tur\u0117kite omenyje, kad mokes\u010diai ir muitai, sumok\u0117ti j\u016bs\u0173 vardu pagal DDP s\u0105lygas, negali b\u016bti gr\u0105\u017einami.<\/li>\n<p>I\u0161samesn\u0117s informacijos rasite m\u016bs\u0173 <a href=\"https:\/\/ayaneo.co\/lt\/paslaugu-teikimo-salygos\/\" target=\"_blank\" rel=\"nofollow noopener\">s\u0105lygose ir nuostatose<\/a>.\n<\/ul>\n<p>[\/cg_accordion]\n[cg_accordion title=\"KLIENT\u0172 APTARNAVIMAS\"]<\/p>\n<p>Turite klausim\u0105? U\u017etenka para\u0161yti trump\u0105j\u0105 \u017einut\u0119 ir j\u016bs\u0173 klausimas bus i\u0161spr\u0119stas! [\/cg_accordion]\n[cg_accordion title=\"PAKUOT\u0118 SUDARO\"]<\/p>\n<ul>\n<li>1x AYANEO 3 ekrano apsauga<\/li>\n<\/ul>\n<p>[\/cg_accordion]\n","protected":false},"featured_media":45868,"template":"","meta":{"_acf_changed":false},"product_brand":[],"product_cat":[1186],"product_tag":[],"class_list":{"0":"post-17170","1":"product","2":"type-product","3":"status-publish","4":"has-post-thumbnail","6":"product_cat-priedai","7":"product_shipping_class-low-end","8":"pa_accessory-type-screen-protector-lt","9":"pa_brand-ayaneo","11":"first","12":"instock","13":"sale","14":"taxable","15":"shipping-taxable","16":"purchasable","17":"product-type-simple"},"acf":[],"_links":{"self":[{"href":"https:\/\/ayaneo.co\/lt\/wp-json\/wp\/v2\/product\/17170","targetHints":{"allow":["GET"]}}],"collection":[{"href":"https:\/\/ayaneo.co\/lt\/wp-json\/wp\/v2\/product"}],"about":[{"href":"https:\/\/ayaneo.co\/lt\/wp-json\/wp\/v2\/types\/product"}],"wp:featuredmedia":[{"embeddable":true,"href":"https:\/\/ayaneo.co\/lt\/wp-json\/wp\/v2\/media\/45868"}],"wp:attachment":[{"href":"https:\/\/ayaneo.co\/lt\/wp-json\/wp\/v2\/media?parent=17170"}],"wp:term":[{"taxonomy":"product_brand","embeddable":true,"href":"https:\/\/ayaneo.co\/lt\/wp-json\/wp\/v2\/product_brand?post=17170"},{"taxonomy":"product_cat","embeddable":true,"href":"https:\/\/ayaneo.co\/lt\/wp-json\/wp\/v2\/product_cat?post=17170"},{"taxonomy":"product_tag","embeddable":true,"href":"https:\/\/ayaneo.co\/lt\/wp-json\/wp\/v2\/product_tag?post=17170"}],"curies":[{"name":"wp","href":"https:\/\/api.w.org\/{rel}","templated":true}]}}